

{"id":6316,"date":"2025-10-09T12:03:57","date_gmt":"2025-10-09T10:03:57","guid":{"rendered":"https:\/\/little-boards.com\/?post_type=product&#038;p=6316"},"modified":"2025-10-12T23:16:43","modified_gmt":"2025-10-12T21:16:43","slug":"bicycle-kinder-skateboard-7-25-zoll","status":"publish","type":"product","link":"https:\/\/little-boards.com\/sv\/shop\/bicycle-kinder-skateboard-7-25-zoll\/","title":{"rendered":"Bicycle \u2013 Barn-Skateboard 7.25 tum"},"content":{"rendered":"[vc_row type=&#8221;in_container&#8221; full_screen_row_position=&#8221;middle&#8221; column_margin=&#8221;default&#8221; column_direction=&#8221;default&#8221; column_direction_tablet=&#8221;default&#8221; column_direction_phone=&#8221;default&#8221; scene_position=&#8221;center&#8221; text_color=&#8221;dark&#8221; text_align=&#8221;left&#8221; row_border_radius=&#8221;none&#8221; row_border_radius_applies=&#8221;bg&#8221; overflow=&#8221;visible&#8221; overlay_strength=&#8221;0.3&#8243; gradient_direction=&#8221;left_to_right&#8221; shape_divider_position=&#8221;bottom&#8221; bg_image_animation=&#8221;none&#8221; gradient_type=&#8221;default&#8221; shape_type=&#8221;&#8221;][vc_column column_padding=&#8221;no-extra-padding&#8221; column_padding_tablet=&#8221;inherit&#8221; column_padding_phone=&#8221;inherit&#8221; column_padding_position=&#8221;all&#8221; column_element_direction_desktop=&#8221;default&#8221; column_element_spacing=&#8221;default&#8221; desktop_text_alignment=&#8221;default&#8221; tablet_text_alignment=&#8221;default&#8221; phone_text_alignment=&#8221;default&#8221; background_color_opacity=&#8221;1&#8243; background_hover_color_opacity=&#8221;1&#8243; column_backdrop_filter=&#8221;none&#8221; column_shadow=&#8221;none&#8221; column_border_radius=&#8221;none&#8221; column_link_target=&#8221;_self&#8221; column_position=&#8221;default&#8221; gradient_direction=&#8221;left_to_right&#8221; overlay_strength=&#8221;0.3&#8243; width=&#8221;1\/1&#8243; tablet_width_inherit=&#8221;default&#8221; animation_type=&#8221;default&#8221; bg_image_animation=&#8221;none&#8221; border_type=&#8221;simple&#8221; column_border_width=&#8221;none&#8221; column_border_style=&#8221;solid&#8221; column_padding_type=&#8221;default&#8221; gradient_type=&#8221;default&#8221;][nectar_responsive_text inherited_font_style=&#8221;p&#8221; text_direction=&#8221;default&#8221;]<strong>Storlek<\/strong>[\/nectar_responsive_text][divider line_type=&#8221;No Line&#8221; custom_height=&#8221;1&#8243; custom_height_tablet=&#8221;10&#8243; custom_height_phone=&#8221;10&#8243;][nectar_cta btn_style=&#8221;basic&#8221; heading_tag=&#8221;p&#8221; button_color=&#8221;default&#8221; button_border_thickness=&#8221;1px&#8221; link_type=&#8221;regular&#8221; alignment=&#8221;left&#8221; alignment_tablet=&#8221;default&#8221; alignment_phone=&#8221;default&#8221; constrain_group_2=&#8221;yes&#8221; constrain_group_3=&#8221;yes&#8221; constrain_group_4=&#8221;yes&#8221; display=&#8221;inline&#8221; display_tablet=&#8221;inherit&#8221; display_phone=&#8221;block&#8221; icon_family=&#8221;none&#8221; font_size_desktop=&#8221;16&#8243; font_size_tablet=&#8221;16&#8243; font_size_phone=&#8221;16&#8243; link_text=&#8221;8 &#8211; 11 \u00e5r&#8221; padding_top=&#8221;10&#8243; padding_bottom=&#8221;10&#8243; padding_left=&#8221;20&#8243; padding_right=&#8221;20&#8243; url=&#8221;#&#8221; margin_bottom=&#8221;15&#8243; class=&#8221;oe-cat-active&#8221;][divider line_type=&#8221;No Line&#8221; custom_height=&#8221;10&#8243; custom_height_tablet=&#8221;10&#8243; custom_height_phone=&#8221;10&#8243;][\/vc_column][\/vc_row][vc_row type=&#8221;in_container&#8221; full_screen_row_position=&#8221;middle&#8221; column_margin=&#8221;default&#8221; column_direction=&#8221;default&#8221; column_direction_tablet=&#8221;default&#8221; column_direction_phone=&#8221;default&#8221; scene_position=&#8221;center&#8221; text_color=&#8221;dark&#8221; text_align=&#8221;left&#8221; row_border_radius=&#8221;none&#8221; row_border_radius_applies=&#8221;bg&#8221; overflow=&#8221;visible&#8221; overlay_strength=&#8221;0.3&#8243; gradient_direction=&#8221;left_to_right&#8221; shape_divider_position=&#8221;bottom&#8221; bg_image_animation=&#8221;none&#8221;][vc_column column_padding=&#8221;no-extra-padding&#8221; column_padding_tablet=&#8221;inherit&#8221; column_padding_phone=&#8221;inherit&#8221; column_padding_position=&#8221;all&#8221; column_element_direction_desktop=&#8221;default&#8221; column_element_spacing=&#8221;default&#8221; desktop_text_alignment=&#8221;default&#8221; tablet_text_alignment=&#8221;default&#8221; phone_text_alignment=&#8221;default&#8221; background_color_opacity=&#8221;1&#8243; background_hover_color_opacity=&#8221;1&#8243; column_backdrop_filter=&#8221;none&#8221; column_shadow=&#8221;none&#8221; column_border_radius=&#8221;none&#8221; column_link_target=&#8221;_self&#8221; column_position=&#8221;default&#8221; gradient_direction=&#8221;left_to_right&#8221; overlay_strength=&#8221;0.3&#8243; width=&#8221;1\/1&#8243; tablet_width_inherit=&#8221;default&#8221; animation_type=&#8221;default&#8221; bg_image_animation=&#8221;none&#8221; border_type=&#8221;simple&#8221; column_border_width=&#8221;none&#8221; column_border_style=&#8221;solid&#8221;][vc_column_text css=&#8221;&#8221; el_class=&#8221;oe-prod-text&#8221; text_direction=&#8221;default&#8221;]\n<h2>Den perfekta Skateboard f\u00f6r sm\u00e5 skateboard\u00e5kare.<\/h2>\n<p>Little Boards \u201cBicycle\u201d 7.25\u2033 har utvecklats speciellt som en Skateboard f\u00f6r barn som vill l\u00e4ra sig \u00e5ka Skateboard s\u00e4kert, snabbt och med n\u00f6je. Med barnv\u00e4nliga proportioner, h\u00f6gkvalitativ bearbetning och genomt\u00e4nkt setup underl\u00e4ttar det starten f\u00f6r sm\u00e5 skejtare fr\u00e5n b\u00f6rjan. <\/p>\n<h3>Varf\u00f6r \u00e4r denna br\u00e4da perfekt f\u00f6r barn?<\/h3>\n<ul>\n<li>\u2705 \u00c5ldersanpassad storlek f\u00f6r maximal kontroll<\/li>\n<li>\u2705 L\u00e4tt att hantera tack vare mjuka axlar och hjul<\/li>\n<li>\u2705 S\u00e4kert st\u00e5ende tack vare barnanpassad d\u00e4ckbredd<\/li>\n<li>\u2705 \u00c4kta skateboardkvalitet \u2014 precis som f\u00f6r de stora<\/li>\n<li>\u2705 Minskar frustration och fr\u00e4mjar snabba framg\u00e5ngar<\/li>\n<\/ul>\n<h3>Optimal storlek f\u00f6r sm\u00e5 f\u00f6tter<\/h3>\n<p>Medan en vanlig vuxen-Skateboard snabbt blir f\u00f6r stor och tung f\u00f6r barn, erbjuder Little Boards \u201cBicycle\u201d 7.25\u2033 precis de r\u00e4tta proportionerna f\u00f6r s\u00e4ker inl\u00e4rning och f\u00f6rsta trick.<\/p>\n<h2>Tekniska detaljer<\/h2>\n<ul>\n<li style=\"list-style-type: none;\">\n<ul>\n<li><strong>D\u00e4ck<\/strong>: 7-lagers l\u00f6nn<\/li>\n<li><strong>D\u00e4ckstorlek<\/strong>: 7,25\u2033 x 29\u2033 (18,41 x 73,66 cm)<\/li>\n<li><strong>Axlar<\/strong>: Loco Trzucks 5.0&#8243;<\/li>\n<li><strong>Hjul<\/strong>: Loco Wheels \u201352mm<\/li>\n<li><strong>Kullager<\/strong>: ABEC 5<\/li>\n<li><strong>EU-standard:<\/strong> uppfyller EN71-1,2,3 | CE<\/li>\n<\/ul>\n<\/li>\n<\/ul>\n<h3>F\u00f6r vem passar denna br\u00e4da?<\/h3>\n<p>Detta br\u00e4da \u00e4r perfekt f\u00f6r barn mellan 8 och 11 \u00e5r eller med en kroppsl\u00e4ngd upp till ca 150 cm och skostorlekar fr\u00e5n ungef\u00e4r 35+<\/p>\n<h3>L\u00e4r dig s\u00e4kert och genomt\u00e4nkt<\/h3>\n<p>Med sin mjuka styrning reagerar axlarna redan p\u00e5 sm\u00e5 viktf\u00f6rskjutningar. De mjuka hjulen s\u00e4kerst\u00e4ller en lugn och s\u00e4ker \u00e5kning \u00e4ven p\u00e5 oj\u00e4mna ytor. P\u00e5 s\u00e5 s\u00e4tt beh\u00e5ller barn alltid kontrollen och utvecklar snabbt f\u00f6rtroende f\u00f6r sina f\u00f6rm\u00e5gor.  <\/p>\n<h3>Little Boards: \u00c4kta Skateboards f\u00f6r \u00e4kta barn<\/h3>\n<p>Till skillnad fr\u00e5n leksaksskateboards fr\u00e5n leksaksbutiker erbjuder Little Boards \u00e4kta skateboardkvalitet \u2014 i mindre skala, men professionellt tillverkad. Perfekt f\u00f6r de f\u00f6rsta rullf\u00f6rs\u00f6ken, f\u00f6r s\u00e4ker inl\u00e4rning och f\u00f6r l\u00e5ngvarig gl\u00e4dje i skatingen. <\/p>\n<h4>Mer information om r\u00e4tt skateboardstorlek hittar du i v\u00e5r skateboardstorleksguide f\u00f6r barn.<\/h4>\n[\/vc_column_text][nectar_cta btn_style=&#8221;arrow-animation&#8221; heading_tag=&#8221;p&#8221; button_color=&#8221;default&#8221; text_color_hover=&#8221;#4ca7ed&#8221; button_border_color=&#8221;#000000&#8243; button_border_color_hover=&#8221;#4ca7ed&#8221; button_border_thickness=&#8221;1px&#8221; link_type=&#8221;regular&#8221; alignment=&#8221;left&#8221; alignment_tablet=&#8221;default&#8221; alignment_phone=&#8221;default&#8221; constrain_group_3=&#8221;yes&#8221; constrain_group_4=&#8221;yes&#8221; display=&#8221;block&#8221; display_tablet=&#8221;inherit&#8221; display_phone=&#8221;inherit&#8221; link_text=&#8221;Till storleksguiden&#8221; url=&#8221;https:\/\/little-boards.com\/sv\/guide\/die-richtige-skateboard-groesse-fuer-kinder-finden-little-boards\/&#8221; padding_top=&#8221;10&#8243; padding_bottom=&#8221;10&#8243; padding_left=&#8221;20&#8243; padding_right=&#8221;20&#8243; font_size_desktop=&#8221;16&#8243; font_size_tablet=&#8221;16&#8243; font_size_phone=&#8221;16&#8243; aria_label_text=&#8221;Gr\u00f6\u00dfen Guide&#8221;][\/vc_column][\/vc_row][vc_row type=&#8221;in_container&#8221; full_screen_row_position=&#8221;middle&#8221; column_margin=&#8221;default&#8221; column_direction=&#8221;default&#8221; column_direction_tablet=&#8221;default&#8221; column_direction_phone=&#8221;default&#8221; scene_position=&#8221;center&#8221; text_color=&#8221;dark&#8221; text_align=&#8221;left&#8221; row_border_radius=&#8221;none&#8221; row_border_radius_applies=&#8221;bg&#8221; overflow=&#8221;visible&#8221; overlay_strength=&#8221;0.3&#8243; gradient_direction=&#8221;left_to_right&#8221; shape_divider_position=&#8221;bottom&#8221; bg_image_animation=&#8221;none&#8221;][vc_column column_padding=&#8221;no-extra-padding&#8221; column_padding_tablet=&#8221;inherit&#8221; column_padding_phone=&#8221;inherit&#8221; column_padding_position=&#8221;all&#8221; column_element_direction_desktop=&#8221;default&#8221; column_element_spacing=&#8221;default&#8221; desktop_text_alignment=&#8221;default&#8221; tablet_text_alignment=&#8221;default&#8221; phone_text_alignment=&#8221;default&#8221; background_color_opacity=&#8221;1&#8243; background_hover_color_opacity=&#8221;1&#8243; column_backdrop_filter=&#8221;none&#8221; column_shadow=&#8221;none&#8221; column_border_radius=&#8221;none&#8221; column_link_target=&#8221;_self&#8221; column_position=&#8221;default&#8221; gradient_direction=&#8221;left_to_right&#8221; overlay_strength=&#8221;0.3&#8243; width=&#8221;1\/1&#8243; tablet_width_inherit=&#8221;default&#8221; animation_type=&#8221;default&#8221; bg_image_animation=&#8221;none&#8221; border_type=&#8221;simple&#8221; column_border_width=&#8221;none&#8221; column_border_style=&#8221;solid&#8221;][divider line_type=&#8221;No Line&#8221; custom_height=&#8221;10&#8243; custom_height_tablet=&#8221;10&#8243; custom_height_phone=&#8221;10&#8243;][toggles style=&#8221;default&#8221; border_radius=&#8221;none&#8221;][toggle color=&#8221;Default&#8221; heading_tag=&#8221;default&#8221; heading_tag_functionality=&#8221;default&#8221; title=&#8221;Tillverkardetaljer&#8221;][vc_column_text css=&#8221;&#8221; text_direction=&#8221;default&#8221;]\n[\/vc_column_text][vc_column_text][\/vc_column_text][\/toggle][toggle color=&#8221;Default&#8221; heading_tag=&#8221;default&#8221; heading_tag_functionality=&#8221;default&#8221; title=&#8221;S\u00e4kerhetsbest\u00e4mmelser&#8221;][vc_column_text css=&#8221;&#8221; text_direction=&#8221;default&#8221;]\n\n\n[\/vc_column_text][\/toggle][\/toggles][\/vc_column][\/vc_row]\n","protected":false},"excerpt":{"rendered":"<p>[vc_row type=&#8221;in_container&#8221; full_screen_row_position=&#8221;middle&#8221; column_margin=&#8221;default&#8221; column_direction=&#8221;default&#8221; column_direction_tablet=&#8221;default&#8221; column_direction_phone=&#8221;default&#8221; scene_position=&#8221;center&#8221; text_color=&#8221;dark&#8221; text_align=&#8221;left&#8221; row_border_radius=&#8221;none&#8221; row_border_radius_applies=&#8221;bg&#8221; overflow=&#8221;visible&#8221; overlay_strength=&#8221;0.3&#8243; gradient_direction=&#8221;left_to_right&#8221; shape_divider_position=&#8221;bottom&#8221; bg_image_animation=&#8221;none&#8221; gradient_type=&#8221;default&#8221; shape_type=&#8221;&#8221;][vc_column column_padding=&#8221;no-extra-padding&#8221; column_padding_tablet=&#8221;inherit&#8221; column_padding_phone=&#8221;inherit&#8221; column_padding_position=&#8221;all&#8221; column_element_direction_desktop=&#8221;default&#8221; column_element_spacing=&#8221;default&#8221; desktop_text_alignment=&#8221;default&#8221; tablet_text_alignment=&#8221;default&#8221; phone_text_alignment=&#8221;default&#8221; background_color_opacity=&#8221;1&#8243; background_hover_color_opacity=&#8221;1&#8243;&#8230;<\/p>\n","protected":false},"featured_media":6488,"template":"","meta":{"inline_featured_image":false},"product_brand":[],"product_cat":[159],"product_tag":[],"class_list":{"0":"post-6316","1":"product","2":"type-product","3":"status-publish","4":"has-post-thumbnail","6":"product_cat-skateboards-8-11-aar-sv","8":"first","9":"instock","10":"taxable","11":"shipping-taxable","12":"purchasable","13":"product-type-simple"},"yoast_head":"<!-- This site is optimized with the Yoast SEO plugin v27.4 - https:\/\/yoast.com\/product\/yoast-seo-wordpress\/ -->\n<title>Skateboard f\u00f6r barn \u2013 Little Boards \u201cBicycle\u201d fr\u00e5n 8 \u00e5r<\/title>\n<meta name=\"description\" content=\"Little Boards \u201cBicycle\u201d \u2013 Barn-Skateboard i 7.25 tum, perfekt f\u00f6r barn fr\u00e5n 8 \u00e5r. S\u00e4kert, l\u00e4tt och perfekt f\u00f6r de f\u00f6rsta f\u00f6rs\u00f6ken.\" \/>\n<meta name=\"robots\" content=\"index, follow, max-snippet:-1, max-image-preview:large, max-video-preview:-1\" \/>\n<link rel=\"canonical\" href=\"https:\/\/little-boards.com\/sv\/shop\/bicycle-kinder-skateboard-7-25-zoll\/\" \/>\n<meta property=\"og:locale\" content=\"sv_SE\" \/>\n<meta property=\"og:type\" content=\"article\" \/>\n<meta property=\"og:title\" content=\"Skateboard f\u00f6r barn \u2013 Little Boards \u201cBicycle\u201d fr\u00e5n 8 \u00e5r\" \/>\n<meta property=\"og:description\" content=\"Little Boards \u201cBicycle\u201d \u2013 Barn-Skateboard i 7.25 tum, perfekt f\u00f6r barn fr\u00e5n 8 \u00e5r. S\u00e4kert, l\u00e4tt och perfekt f\u00f6r de f\u00f6rsta f\u00f6rs\u00f6ken.\" \/>\n<meta property=\"og:url\" content=\"https:\/\/little-boards.com\/sv\/shop\/bicycle-kinder-skateboard-7-25-zoll\/\" \/>\n<meta property=\"og:site_name\" content=\"Little Boards Skateboards\" \/>\n<meta property=\"article:modified_time\" content=\"2025-10-12T21:16:43+00:00\" \/>\n<meta property=\"og:image\" content=\"https:\/\/little-boards.com\/wp-content\/uploads\/2025\/10\/Little-Boards-Bycicle-Kinder-Skateboard-01-sq.jpg\" \/>\n\t<meta property=\"og:image:width\" content=\"1000\" \/>\n\t<meta property=\"og:image:height\" content=\"1300\" \/>\n\t<meta property=\"og:image:type\" content=\"image\/jpeg\" \/>\n<meta name=\"twitter:card\" content=\"summary_large_image\" \/>\n<meta name=\"twitter:label1\" content=\"Ber\u00e4knad l\u00e4stid\" \/>\n\t<meta name=\"twitter:data1\" content=\"6 minuter\" \/>\n<script type=\"application\/ld+json\" class=\"yoast-schema-graph\">{\"@context\":\"https:\\\/\\\/schema.org\",\"@graph\":[{\"@type\":\"WebPage\",\"@id\":\"https:\\\/\\\/little-boards.com\\\/sv\\\/shop\\\/bicycle-kinder-skateboard-7-25-zoll\\\/\",\"url\":\"https:\\\/\\\/little-boards.com\\\/sv\\\/shop\\\/bicycle-kinder-skateboard-7-25-zoll\\\/\",\"name\":\"Skateboard f\u00f6r barn \u2013 Little Boards \u201cBicycle\u201d fr\u00e5n 8 \u00e5r\",\"isPartOf\":{\"@id\":\"https:\\\/\\\/little-boards.com\\\/sv\\\/#website\"},\"primaryImageOfPage\":{\"@id\":\"https:\\\/\\\/little-boards.com\\\/sv\\\/shop\\\/bicycle-kinder-skateboard-7-25-zoll\\\/#primaryimage\"},\"image\":{\"@id\":\"https:\\\/\\\/little-boards.com\\\/sv\\\/shop\\\/bicycle-kinder-skateboard-7-25-zoll\\\/#primaryimage\"},\"thumbnailUrl\":\"https:\\\/\\\/little-boards.com\\\/wp-content\\\/uploads\\\/2025\\\/10\\\/Little-Boards-Bycicle-Kinder-Skateboard-01-sq.jpg\",\"datePublished\":\"2025-10-09T10:03:57+00:00\",\"dateModified\":\"2025-10-12T21:16:43+00:00\",\"description\":\"Little Boards \u201cBicycle\u201d \u2013 Barn-Skateboard i 7.25 tum, perfekt f\u00f6r barn fr\u00e5n 8 \u00e5r. S\u00e4kert, l\u00e4tt och perfekt f\u00f6r de f\u00f6rsta f\u00f6rs\u00f6ken.\",\"breadcrumb\":{\"@id\":\"https:\\\/\\\/little-boards.com\\\/sv\\\/shop\\\/bicycle-kinder-skateboard-7-25-zoll\\\/#breadcrumb\"},\"inLanguage\":\"sv-SE\",\"potentialAction\":[{\"@type\":\"ReadAction\",\"target\":[\"https:\\\/\\\/little-boards.com\\\/sv\\\/shop\\\/bicycle-kinder-skateboard-7-25-zoll\\\/\"]}]},{\"@type\":\"ImageObject\",\"inLanguage\":\"sv-SE\",\"@id\":\"https:\\\/\\\/little-boards.com\\\/sv\\\/shop\\\/bicycle-kinder-skateboard-7-25-zoll\\\/#primaryimage\",\"url\":\"https:\\\/\\\/little-boards.com\\\/wp-content\\\/uploads\\\/2025\\\/10\\\/Little-Boards-Bycicle-Kinder-Skateboard-01-sq.jpg\",\"contentUrl\":\"https:\\\/\\\/little-boards.com\\\/wp-content\\\/uploads\\\/2025\\\/10\\\/Little-Boards-Bycicle-Kinder-Skateboard-01-sq.jpg\",\"width\":1000,\"height\":1300,\"caption\":\"LB Bycicle\"},{\"@type\":\"BreadcrumbList\",\"@id\":\"https:\\\/\\\/little-boards.com\\\/sv\\\/shop\\\/bicycle-kinder-skateboard-7-25-zoll\\\/#breadcrumb\",\"itemListElement\":[{\"@type\":\"ListItem\",\"position\":1,\"name\":\"Startsida\",\"item\":\"https:\\\/\\\/little-boards.com\\\/sv\\\/skateboard-fuer-kinder-little-boards-anfaenger-3-11-jahre\\\/\"},{\"@type\":\"ListItem\",\"position\":2,\"name\":\"Butik\",\"item\":\"https:\\\/\\\/little-boards.com\\\/sv\\\/butik\\\/\"},{\"@type\":\"ListItem\",\"position\":3,\"name\":\"Bicycle \u2013 Barn-Skateboard 7.25 tum\"}]},{\"@type\":\"WebSite\",\"@id\":\"https:\\\/\\\/little-boards.com\\\/sv\\\/#website\",\"url\":\"https:\\\/\\\/little-boards.com\\\/sv\\\/\",\"name\":\"Little Boards Skateboards\",\"description\":\"real boards for real kids\",\"publisher\":{\"@id\":\"https:\\\/\\\/little-boards.com\\\/sv\\\/#organization\"},\"alternateName\":\"Kinder-Skateboards\",\"potentialAction\":[{\"@type\":\"SearchAction\",\"target\":{\"@type\":\"EntryPoint\",\"urlTemplate\":\"https:\\\/\\\/little-boards.com\\\/sv\\\/?s={search_term_string}\"},\"query-input\":{\"@type\":\"PropertyValueSpecification\",\"valueRequired\":true,\"valueName\":\"search_term_string\"}}],\"inLanguage\":\"sv-SE\"},{\"@type\":\"Organization\",\"@id\":\"https:\\\/\\\/little-boards.com\\\/sv\\\/#organization\",\"name\":\"Little Boards Skateboards\",\"url\":\"https:\\\/\\\/little-boards.com\\\/sv\\\/\",\"logo\":{\"@type\":\"ImageObject\",\"inLanguage\":\"sv-SE\",\"@id\":\"https:\\\/\\\/little-boards.com\\\/sv\\\/#\\\/schema\\\/logo\\\/image\\\/\",\"url\":\"https:\\\/\\\/little-boards.com\\\/wp-content\\\/uploads\\\/2025\\\/05\\\/LB-Bubble-Logo-003.svg\",\"contentUrl\":\"https:\\\/\\\/little-boards.com\\\/wp-content\\\/uploads\\\/2025\\\/05\\\/LB-Bubble-Logo-003.svg\",\"width\":\"1024\",\"height\":\"1024\",\"caption\":\"Little Boards Skateboards\"},\"image\":{\"@id\":\"https:\\\/\\\/little-boards.com\\\/sv\\\/#\\\/schema\\\/logo\\\/image\\\/\"}}]}<\/script>\n<!-- \/ Yoast SEO plugin. -->","yoast_head_json":{"title":"Skateboard f\u00f6r barn \u2013 Little Boards \u201cBicycle\u201d fr\u00e5n 8 \u00e5r","description":"Little Boards \u201cBicycle\u201d \u2013 Barn-Skateboard i 7.25 tum, perfekt f\u00f6r barn fr\u00e5n 8 \u00e5r. S\u00e4kert, l\u00e4tt och perfekt f\u00f6r de f\u00f6rsta f\u00f6rs\u00f6ken.","robots":{"index":"index","follow":"follow","max-snippet":"max-snippet:-1","max-image-preview":"max-image-preview:large","max-video-preview":"max-video-preview:-1"},"canonical":"https:\/\/little-boards.com\/sv\/shop\/bicycle-kinder-skateboard-7-25-zoll\/","og_locale":"sv_SE","og_type":"article","og_title":"Skateboard f\u00f6r barn \u2013 Little Boards \u201cBicycle\u201d fr\u00e5n 8 \u00e5r","og_description":"Little Boards \u201cBicycle\u201d \u2013 Barn-Skateboard i 7.25 tum, perfekt f\u00f6r barn fr\u00e5n 8 \u00e5r. S\u00e4kert, l\u00e4tt och perfekt f\u00f6r de f\u00f6rsta f\u00f6rs\u00f6ken.","og_url":"https:\/\/little-boards.com\/sv\/shop\/bicycle-kinder-skateboard-7-25-zoll\/","og_site_name":"Little Boards Skateboards","article_modified_time":"2025-10-12T21:16:43+00:00","og_image":[{"width":1000,"height":1300,"url":"https:\/\/little-boards.com\/wp-content\/uploads\/2025\/10\/Little-Boards-Bycicle-Kinder-Skateboard-01-sq.jpg","type":"image\/jpeg"}],"twitter_card":"summary_large_image","twitter_misc":{"Ber\u00e4knad l\u00e4stid":"6 minuter"},"schema":{"@context":"https:\/\/schema.org","@graph":[{"@type":"WebPage","@id":"https:\/\/little-boards.com\/sv\/shop\/bicycle-kinder-skateboard-7-25-zoll\/","url":"https:\/\/little-boards.com\/sv\/shop\/bicycle-kinder-skateboard-7-25-zoll\/","name":"Skateboard f\u00f6r barn \u2013 Little Boards \u201cBicycle\u201d fr\u00e5n 8 \u00e5r","isPartOf":{"@id":"https:\/\/little-boards.com\/sv\/#website"},"primaryImageOfPage":{"@id":"https:\/\/little-boards.com\/sv\/shop\/bicycle-kinder-skateboard-7-25-zoll\/#primaryimage"},"image":{"@id":"https:\/\/little-boards.com\/sv\/shop\/bicycle-kinder-skateboard-7-25-zoll\/#primaryimage"},"thumbnailUrl":"https:\/\/little-boards.com\/wp-content\/uploads\/2025\/10\/Little-Boards-Bycicle-Kinder-Skateboard-01-sq.jpg","datePublished":"2025-10-09T10:03:57+00:00","dateModified":"2025-10-12T21:16:43+00:00","description":"Little Boards \u201cBicycle\u201d \u2013 Barn-Skateboard i 7.25 tum, perfekt f\u00f6r barn fr\u00e5n 8 \u00e5r. S\u00e4kert, l\u00e4tt och perfekt f\u00f6r de f\u00f6rsta f\u00f6rs\u00f6ken.","breadcrumb":{"@id":"https:\/\/little-boards.com\/sv\/shop\/bicycle-kinder-skateboard-7-25-zoll\/#breadcrumb"},"inLanguage":"sv-SE","potentialAction":[{"@type":"ReadAction","target":["https:\/\/little-boards.com\/sv\/shop\/bicycle-kinder-skateboard-7-25-zoll\/"]}]},{"@type":"ImageObject","inLanguage":"sv-SE","@id":"https:\/\/little-boards.com\/sv\/shop\/bicycle-kinder-skateboard-7-25-zoll\/#primaryimage","url":"https:\/\/little-boards.com\/wp-content\/uploads\/2025\/10\/Little-Boards-Bycicle-Kinder-Skateboard-01-sq.jpg","contentUrl":"https:\/\/little-boards.com\/wp-content\/uploads\/2025\/10\/Little-Boards-Bycicle-Kinder-Skateboard-01-sq.jpg","width":1000,"height":1300,"caption":"LB Bycicle"},{"@type":"BreadcrumbList","@id":"https:\/\/little-boards.com\/sv\/shop\/bicycle-kinder-skateboard-7-25-zoll\/#breadcrumb","itemListElement":[{"@type":"ListItem","position":1,"name":"Startsida","item":"https:\/\/little-boards.com\/sv\/skateboard-fuer-kinder-little-boards-anfaenger-3-11-jahre\/"},{"@type":"ListItem","position":2,"name":"Butik","item":"https:\/\/little-boards.com\/sv\/butik\/"},{"@type":"ListItem","position":3,"name":"Bicycle \u2013 Barn-Skateboard 7.25 tum"}]},{"@type":"WebSite","@id":"https:\/\/little-boards.com\/sv\/#website","url":"https:\/\/little-boards.com\/sv\/","name":"Little Boards Skateboards","description":"real boards for real kids","publisher":{"@id":"https:\/\/little-boards.com\/sv\/#organization"},"alternateName":"Kinder-Skateboards","potentialAction":[{"@type":"SearchAction","target":{"@type":"EntryPoint","urlTemplate":"https:\/\/little-boards.com\/sv\/?s={search_term_string}"},"query-input":{"@type":"PropertyValueSpecification","valueRequired":true,"valueName":"search_term_string"}}],"inLanguage":"sv-SE"},{"@type":"Organization","@id":"https:\/\/little-boards.com\/sv\/#organization","name":"Little Boards Skateboards","url":"https:\/\/little-boards.com\/sv\/","logo":{"@type":"ImageObject","inLanguage":"sv-SE","@id":"https:\/\/little-boards.com\/sv\/#\/schema\/logo\/image\/","url":"https:\/\/little-boards.com\/wp-content\/uploads\/2025\/05\/LB-Bubble-Logo-003.svg","contentUrl":"https:\/\/little-boards.com\/wp-content\/uploads\/2025\/05\/LB-Bubble-Logo-003.svg","width":"1024","height":"1024","caption":"Little Boards Skateboards"},"image":{"@id":"https:\/\/little-boards.com\/sv\/#\/schema\/logo\/image\/"}}]}},"_links":{"self":[{"href":"https:\/\/little-boards.com\/sv\/wp-json\/wp\/v2\/product\/6316","targetHints":{"allow":["GET"]}}],"collection":[{"href":"https:\/\/little-boards.com\/sv\/wp-json\/wp\/v2\/product"}],"about":[{"href":"https:\/\/little-boards.com\/sv\/wp-json\/wp\/v2\/types\/product"}],"wp:featuredmedia":[{"embeddable":true,"href":"https:\/\/little-boards.com\/sv\/wp-json\/wp\/v2\/media\/6488"}],"wp:attachment":[{"href":"https:\/\/little-boards.com\/sv\/wp-json\/wp\/v2\/media?parent=6316"}],"wp:term":[{"taxonomy":"product_brand","embeddable":true,"href":"https:\/\/little-boards.com\/sv\/wp-json\/wp\/v2\/product_brand?post=6316"},{"taxonomy":"product_cat","embeddable":true,"href":"https:\/\/little-boards.com\/sv\/wp-json\/wp\/v2\/product_cat?post=6316"},{"taxonomy":"product_tag","embeddable":true,"href":"https:\/\/little-boards.com\/sv\/wp-json\/wp\/v2\/product_tag?post=6316"}],"curies":[{"name":"wp","href":"https:\/\/api.w.org\/{rel}","templated":true}]}}