

{"id":6133,"date":"2019-02-25T15:27:45","date_gmt":"2019-02-25T14:27:45","guid":{"rendered":"https:\/\/little-boards.com\/shop\/impact-skategear-kugellager-abec-7\/"},"modified":"2019-02-25T15:27:45","modified_gmt":"2019-02-25T14:27:45","slug":"impact-skategear-kugellager-abec-7","status":"publish","type":"product","link":"https:\/\/little-boards.com\/sv\/shop\/impact-skategear-kugellager-abec-7\/","title":{"rendered":"Impact Skategear Kullager ABEC 7"},"content":{"rendered":"<p>Impact Bearings Skateboard Kullager ABEC 7 &#8211; Imapct Bearings ABEC 7 \u00e4r de perfekta lagren n\u00e4r det g\u00e4ller hastighet! Pris- \/ prestandaf\u00f6rh\u00e5llandet \u00e4r toppen och lagren \u00e4r l\u00e4tta att vrida och robusta. Impact Bearings ABEC 7 kan anv\u00e4ndas f\u00f6r b\u00e5de Skateboards och Longboards. Inneh\u00e5ller: 8 x kullager   <\/p>\n","protected":false},"excerpt":{"rendered":"<p>Impact Bearings Skateboard Kullager ABEC 7 &#8211; Imapct Bearings ABEC 7 \u00e4r de perfekta lagren n\u00e4r det g\u00e4ller hastighet! Pris- \/ prestandaf\u00f6rh\u00e5llandet \u00e4r toppen och lagren \u00e4r l\u00e4tta att vrida&#8230;<\/p>\n","protected":false},"featured_media":7771,"template":"","meta":{"inline_featured_image":false},"product_brand":[],"product_cat":[200],"product_tag":[680,682,678,672,675,677,214],"class_list":{"0":"post-6133","1":"product","2":"type-product","3":"status-publish","4":"has-post-thumbnail","6":"product_cat-tillbehor","7":"product_tag-7-sv","8":"product_tag-8-ball-sv","9":"product_tag-abec-sv","10":"product_tag-amphetamine-sv","11":"product_tag-bearings-sv","12":"product_tag-kullager","13":"product_tag-skateboard-sv","15":"first","16":"instock","17":"taxable","18":"shipping-taxable","19":"purchasable","20":"product-type-simple"},"yoast_head":"<!-- This site is optimized with the Yoast SEO plugin v27.4 - https:\/\/yoast.com\/product\/yoast-seo-wordpress\/ -->\n<title>Impact Skategear Kullager ABEC 7 - Little Boards Skateboards<\/title>\n<meta name=\"robots\" content=\"index, follow, max-snippet:-1, max-image-preview:large, max-video-preview:-1\" \/>\n<link rel=\"canonical\" href=\"https:\/\/little-boards.com\/sv\/shop\/impact-skategear-kugellager-abec-7\/\" \/>\n<meta property=\"og:locale\" content=\"sv_SE\" \/>\n<meta property=\"og:type\" content=\"article\" \/>\n<meta property=\"og:title\" content=\"Impact Skategear Kullager ABEC 7 - Little Boards Skateboards\" \/>\n<meta property=\"og:description\" content=\"Impact Bearings Skateboard Kullager ABEC 7 &#8211; Imapct Bearings ABEC 7 \u00e4r de perfekta lagren n\u00e4r det g\u00e4ller hastighet! Pris- \/ prestandaf\u00f6rh\u00e5llandet \u00e4r toppen och lagren \u00e4r l\u00e4tta att vrida...\" \/>\n<meta property=\"og:url\" content=\"https:\/\/little-boards.com\/sv\/shop\/impact-skategear-kugellager-abec-7\/\" \/>\n<meta property=\"og:site_name\" content=\"Little Boards Skateboards\" \/>\n<meta property=\"og:image\" content=\"https:\/\/little-boards.com\/wp-content\/uploads\/2019\/02\/impact-kugellager-abec7.jpg\" \/>\n\t<meta property=\"og:image:width\" content=\"1000\" \/>\n\t<meta property=\"og:image:height\" content=\"1300\" \/>\n\t<meta property=\"og:image:type\" content=\"image\/jpeg\" \/>\n<meta name=\"twitter:card\" content=\"summary_large_image\" \/>\n<script type=\"application\/ld+json\" class=\"yoast-schema-graph\">{\"@context\":\"https:\\\/\\\/schema.org\",\"@graph\":[{\"@type\":\"WebPage\",\"@id\":\"https:\\\/\\\/little-boards.com\\\/sv\\\/shop\\\/impact-skategear-kugellager-abec-7\\\/\",\"url\":\"https:\\\/\\\/little-boards.com\\\/sv\\\/shop\\\/impact-skategear-kugellager-abec-7\\\/\",\"name\":\"Impact Skategear Kullager ABEC 7 - Little Boards Skateboards\",\"isPartOf\":{\"@id\":\"https:\\\/\\\/little-boards.com\\\/sv\\\/#website\"},\"primaryImageOfPage\":{\"@id\":\"https:\\\/\\\/little-boards.com\\\/sv\\\/shop\\\/impact-skategear-kugellager-abec-7\\\/#primaryimage\"},\"image\":{\"@id\":\"https:\\\/\\\/little-boards.com\\\/sv\\\/shop\\\/impact-skategear-kugellager-abec-7\\\/#primaryimage\"},\"thumbnailUrl\":\"https:\\\/\\\/little-boards.com\\\/wp-content\\\/uploads\\\/2026\\\/03\\\/1209805_Product.jpg\",\"datePublished\":\"2019-02-25T14:27:45+00:00\",\"breadcrumb\":{\"@id\":\"https:\\\/\\\/little-boards.com\\\/sv\\\/shop\\\/impact-skategear-kugellager-abec-7\\\/#breadcrumb\"},\"inLanguage\":\"sv-SE\",\"potentialAction\":[{\"@type\":\"ReadAction\",\"target\":[\"https:\\\/\\\/little-boards.com\\\/sv\\\/shop\\\/impact-skategear-kugellager-abec-7\\\/\"]}]},{\"@type\":\"ImageObject\",\"inLanguage\":\"sv-SE\",\"@id\":\"https:\\\/\\\/little-boards.com\\\/sv\\\/shop\\\/impact-skategear-kugellager-abec-7\\\/#primaryimage\",\"url\":\"https:\\\/\\\/little-boards.com\\\/wp-content\\\/uploads\\\/2026\\\/03\\\/1209805_Product.jpg\",\"contentUrl\":\"https:\\\/\\\/little-boards.com\\\/wp-content\\\/uploads\\\/2026\\\/03\\\/1209805_Product.jpg\",\"width\":1920,\"height\":1179,\"caption\":\"impact-skategear-bearings-abec7-11.jpg\"},{\"@type\":\"BreadcrumbList\",\"@id\":\"https:\\\/\\\/little-boards.com\\\/sv\\\/shop\\\/impact-skategear-kugellager-abec-7\\\/#breadcrumb\",\"itemListElement\":[{\"@type\":\"ListItem\",\"position\":1,\"name\":\"Startsida\",\"item\":\"https:\\\/\\\/little-boards.com\\\/sv\\\/skateboard-fuer-kinder-little-boards-anfaenger-3-11-jahre\\\/\"},{\"@type\":\"ListItem\",\"position\":2,\"name\":\"Butik\",\"item\":\"https:\\\/\\\/little-boards.com\\\/sv\\\/butik\\\/\"},{\"@type\":\"ListItem\",\"position\":3,\"name\":\"Impact Skategear Kullager ABEC 7\"}]},{\"@type\":\"WebSite\",\"@id\":\"https:\\\/\\\/little-boards.com\\\/sv\\\/#website\",\"url\":\"https:\\\/\\\/little-boards.com\\\/sv\\\/\",\"name\":\"Little Boards Skateboards\",\"description\":\"real boards for real kids\",\"publisher\":{\"@id\":\"https:\\\/\\\/little-boards.com\\\/sv\\\/#organization\"},\"alternateName\":\"Kinder-Skateboards\",\"potentialAction\":[{\"@type\":\"SearchAction\",\"target\":{\"@type\":\"EntryPoint\",\"urlTemplate\":\"https:\\\/\\\/little-boards.com\\\/sv\\\/?s={search_term_string}\"},\"query-input\":{\"@type\":\"PropertyValueSpecification\",\"valueRequired\":true,\"valueName\":\"search_term_string\"}}],\"inLanguage\":\"sv-SE\"},{\"@type\":\"Organization\",\"@id\":\"https:\\\/\\\/little-boards.com\\\/sv\\\/#organization\",\"name\":\"Little Boards Skateboards\",\"url\":\"https:\\\/\\\/little-boards.com\\\/sv\\\/\",\"logo\":{\"@type\":\"ImageObject\",\"inLanguage\":\"sv-SE\",\"@id\":\"https:\\\/\\\/little-boards.com\\\/sv\\\/#\\\/schema\\\/logo\\\/image\\\/\",\"url\":\"https:\\\/\\\/little-boards.com\\\/wp-content\\\/uploads\\\/2025\\\/05\\\/LB-Bubble-Logo-003.svg\",\"contentUrl\":\"https:\\\/\\\/little-boards.com\\\/wp-content\\\/uploads\\\/2025\\\/05\\\/LB-Bubble-Logo-003.svg\",\"width\":\"1024\",\"height\":\"1024\",\"caption\":\"Little Boards Skateboards\"},\"image\":{\"@id\":\"https:\\\/\\\/little-boards.com\\\/sv\\\/#\\\/schema\\\/logo\\\/image\\\/\"}}]}<\/script>\n<!-- \/ Yoast SEO plugin. -->","yoast_head_json":{"title":"Impact Skategear Kullager ABEC 7 - Little Boards Skateboards","robots":{"index":"index","follow":"follow","max-snippet":"max-snippet:-1","max-image-preview":"max-image-preview:large","max-video-preview":"max-video-preview:-1"},"canonical":"https:\/\/little-boards.com\/sv\/shop\/impact-skategear-kugellager-abec-7\/","og_locale":"sv_SE","og_type":"article","og_title":"Impact Skategear Kullager ABEC 7 - Little Boards Skateboards","og_description":"Impact Bearings Skateboard Kullager ABEC 7 &#8211; Imapct Bearings ABEC 7 \u00e4r de perfekta lagren n\u00e4r det g\u00e4ller hastighet! Pris- \/ prestandaf\u00f6rh\u00e5llandet \u00e4r toppen och lagren \u00e4r l\u00e4tta att vrida...","og_url":"https:\/\/little-boards.com\/sv\/shop\/impact-skategear-kugellager-abec-7\/","og_site_name":"Little Boards Skateboards","og_image":[{"width":1000,"height":1300,"url":"https:\/\/little-boards.com\/wp-content\/uploads\/2019\/02\/impact-kugellager-abec7.jpg","type":"image\/jpeg"}],"twitter_card":"summary_large_image","schema":{"@context":"https:\/\/schema.org","@graph":[{"@type":"WebPage","@id":"https:\/\/little-boards.com\/sv\/shop\/impact-skategear-kugellager-abec-7\/","url":"https:\/\/little-boards.com\/sv\/shop\/impact-skategear-kugellager-abec-7\/","name":"Impact Skategear Kullager ABEC 7 - Little Boards Skateboards","isPartOf":{"@id":"https:\/\/little-boards.com\/sv\/#website"},"primaryImageOfPage":{"@id":"https:\/\/little-boards.com\/sv\/shop\/impact-skategear-kugellager-abec-7\/#primaryimage"},"image":{"@id":"https:\/\/little-boards.com\/sv\/shop\/impact-skategear-kugellager-abec-7\/#primaryimage"},"thumbnailUrl":"https:\/\/little-boards.com\/wp-content\/uploads\/2026\/03\/1209805_Product.jpg","datePublished":"2019-02-25T14:27:45+00:00","breadcrumb":{"@id":"https:\/\/little-boards.com\/sv\/shop\/impact-skategear-kugellager-abec-7\/#breadcrumb"},"inLanguage":"sv-SE","potentialAction":[{"@type":"ReadAction","target":["https:\/\/little-boards.com\/sv\/shop\/impact-skategear-kugellager-abec-7\/"]}]},{"@type":"ImageObject","inLanguage":"sv-SE","@id":"https:\/\/little-boards.com\/sv\/shop\/impact-skategear-kugellager-abec-7\/#primaryimage","url":"https:\/\/little-boards.com\/wp-content\/uploads\/2026\/03\/1209805_Product.jpg","contentUrl":"https:\/\/little-boards.com\/wp-content\/uploads\/2026\/03\/1209805_Product.jpg","width":1920,"height":1179,"caption":"impact-skategear-bearings-abec7-11.jpg"},{"@type":"BreadcrumbList","@id":"https:\/\/little-boards.com\/sv\/shop\/impact-skategear-kugellager-abec-7\/#breadcrumb","itemListElement":[{"@type":"ListItem","position":1,"name":"Startsida","item":"https:\/\/little-boards.com\/sv\/skateboard-fuer-kinder-little-boards-anfaenger-3-11-jahre\/"},{"@type":"ListItem","position":2,"name":"Butik","item":"https:\/\/little-boards.com\/sv\/butik\/"},{"@type":"ListItem","position":3,"name":"Impact Skategear Kullager ABEC 7"}]},{"@type":"WebSite","@id":"https:\/\/little-boards.com\/sv\/#website","url":"https:\/\/little-boards.com\/sv\/","name":"Little Boards Skateboards","description":"real boards for real kids","publisher":{"@id":"https:\/\/little-boards.com\/sv\/#organization"},"alternateName":"Kinder-Skateboards","potentialAction":[{"@type":"SearchAction","target":{"@type":"EntryPoint","urlTemplate":"https:\/\/little-boards.com\/sv\/?s={search_term_string}"},"query-input":{"@type":"PropertyValueSpecification","valueRequired":true,"valueName":"search_term_string"}}],"inLanguage":"sv-SE"},{"@type":"Organization","@id":"https:\/\/little-boards.com\/sv\/#organization","name":"Little Boards Skateboards","url":"https:\/\/little-boards.com\/sv\/","logo":{"@type":"ImageObject","inLanguage":"sv-SE","@id":"https:\/\/little-boards.com\/sv\/#\/schema\/logo\/image\/","url":"https:\/\/little-boards.com\/wp-content\/uploads\/2025\/05\/LB-Bubble-Logo-003.svg","contentUrl":"https:\/\/little-boards.com\/wp-content\/uploads\/2025\/05\/LB-Bubble-Logo-003.svg","width":"1024","height":"1024","caption":"Little Boards Skateboards"},"image":{"@id":"https:\/\/little-boards.com\/sv\/#\/schema\/logo\/image\/"}}]}},"_links":{"self":[{"href":"https:\/\/little-boards.com\/sv\/wp-json\/wp\/v2\/product\/6133","targetHints":{"allow":["GET"]}}],"collection":[{"href":"https:\/\/little-boards.com\/sv\/wp-json\/wp\/v2\/product"}],"about":[{"href":"https:\/\/little-boards.com\/sv\/wp-json\/wp\/v2\/types\/product"}],"wp:featuredmedia":[{"embeddable":true,"href":"https:\/\/little-boards.com\/sv\/wp-json\/wp\/v2\/media\/7771"}],"wp:attachment":[{"href":"https:\/\/little-boards.com\/sv\/wp-json\/wp\/v2\/media?parent=6133"}],"wp:term":[{"taxonomy":"product_brand","embeddable":true,"href":"https:\/\/little-boards.com\/sv\/wp-json\/wp\/v2\/product_brand?post=6133"},{"taxonomy":"product_cat","embeddable":true,"href":"https:\/\/little-boards.com\/sv\/wp-json\/wp\/v2\/product_cat?post=6133"},{"taxonomy":"product_tag","embeddable":true,"href":"https:\/\/little-boards.com\/sv\/wp-json\/wp\/v2\/product_tag?post=6133"}],"curies":[{"name":"wp","href":"https:\/\/api.w.org\/{rel}","templated":true}]}}