

{"id":3040,"date":"2025-05-30T15:21:59","date_gmt":"2025-05-30T13:21:59","guid":{"rendered":"https:\/\/little-boards.com\/shop\/urban-barncruiser-8-0\/"},"modified":"2025-10-12T23:33:59","modified_gmt":"2025-10-12T21:33:59","slug":"skateboard-fuer-kinder-little-boards-urban-8-0-zoll-cruiser-kork-griptape-ab-3-jahren-auch-im-sitzen","status":"publish","type":"product","link":"https:\/\/little-boards.com\/sv\/shop\/skateboard-fuer-kinder-little-boards-urban-8-0-zoll-cruiser-kork-griptape-ab-3-jahren-auch-im-sitzen\/","title":{"rendered":"Urban \u2013 Barncruiser 8.0&#8243;"},"content":{"rendered":"<p>Little Boards Kids Cruiser \u00e4r en skateboard Cruiser speciellt utformad f\u00f6r barn upp till 10 \u00e5r.<br \/>\nSamtliga komponenter \u00e4r h\u00f6gkvalitativa m\u00e4rkesprodukter, s\u00e5 \u00e4ven pappa kan cruisa runt med den utan problem.<br \/>\nDen breda st\u00e5ytan p\u00e5 8 tum (20,23 cm) med mjuk kork p\u00e5 ytan m\u00f6jligg\u00f6r en s\u00e4ker och behaglig introduktion till rullsport \u2013 \u00e4ven i sittande och kn\u00e4st\u00e5ende st\u00e4llning.<br \/>\nHjulen \u00e4r mjukare \u00e4n p\u00e5 en street-skateboard (83a) och med sina 55 mm rullar de l\u00e4tt \u00e4ven p\u00e5 oj\u00e4mna underlag.<\/p>\n<ul>\n<li><strong>Board:<\/strong> Little Boards Urban Cruiser 8&#215;26 tum (20,23 x 66 cm)<br \/>\n100 % kanadensisk l\u00f6nn, 7-lagers kallpressad.<\/li>\n<li><strong>Axlar:<\/strong> Core Trucks 5.25 med SHR 88a Bushings<\/li>\n<li><strong>Hjul:<\/strong> Impact Cruiser Wheels 83a 55mm<\/li>\n<li><strong>Kullager:<\/strong> Amp Bearings ABEC 7<\/li>\n<li><strong>Grip:<\/strong> Kork<\/li>\n<\/ul>\n","protected":false},"excerpt":{"rendered":"<p>Little Boards Kids Cruiser \u00e4r en skateboard Cruiser speciellt utformad f\u00f6r barn upp till 10 \u00e5r. Samtliga komponenter \u00e4r h\u00f6gkvalitativa m\u00e4rkesprodukter, s\u00e5 \u00e4ven pappa kan cruisa runt med den utan&#8230;<\/p>\n","protected":false},"featured_media":9903,"template":"","meta":{"inline_featured_image":false},"product_brand":[],"product_cat":[150],"product_tag":[214],"class_list":{"0":"post-3040","1":"product","2":"type-product","3":"status-publish","4":"has-post-thumbnail","6":"product_cat-skateboards-3-5-aar","7":"product_tag-skateboard-sv","9":"first","10":"instock","11":"taxable","12":"shipping-taxable","13":"purchasable","14":"product-type-simple"},"yoast_head":"<!-- This site is optimized with the Yoast SEO plugin v27.4 - https:\/\/yoast.com\/product\/yoast-seo-wordpress\/ -->\n<title>Urban \u2013 Barncruiser 8.0&quot; - Little Boards Skateboards<\/title>\n<meta name=\"description\" content=\"Little Boards &quot;Urban&quot; \u2013 Barncruisern f\u00f6r f\u00f6rsta skateboardupplevelser med korkyta \u2013 \u00e4ven l\u00e4mplig f\u00f6r \u00e5kning i sittande st\u00e4llning\" \/>\n<meta name=\"robots\" content=\"index, follow, max-snippet:-1, max-image-preview:large, max-video-preview:-1\" \/>\n<link rel=\"canonical\" href=\"https:\/\/little-boards.com\/sv\/shop\/skateboard-fuer-kinder-little-boards-urban-8-0-zoll-cruiser-kork-griptape-ab-3-jahren-auch-im-sitzen\/\" \/>\n<meta property=\"og:locale\" content=\"sv_SE\" \/>\n<meta property=\"og:type\" content=\"article\" \/>\n<meta property=\"og:title\" content=\"Urban \u2013 Barncruiser 8.0&quot; - Little Boards Skateboards\" \/>\n<meta property=\"og:description\" content=\"Little Boards &quot;Urban&quot; \u2013 Barncruisern f\u00f6r f\u00f6rsta skateboardupplevelser med korkyta \u2013 \u00e4ven l\u00e4mplig f\u00f6r \u00e5kning i sittande st\u00e4llning\" \/>\n<meta property=\"og:url\" content=\"https:\/\/little-boards.com\/sv\/shop\/skateboard-fuer-kinder-little-boards-urban-8-0-zoll-cruiser-kork-griptape-ab-3-jahren-auch-im-sitzen\/\" \/>\n<meta property=\"og:site_name\" content=\"Little Boards Skateboards\" \/>\n<meta property=\"article:modified_time\" content=\"2025-10-12T21:33:59+00:00\" \/>\n<meta property=\"og:image\" content=\"https:\/\/little-boards.com\/wp-content\/uploads\/2025\/08\/1217007_Product.jpg\" \/>\n\t<meta property=\"og:image:width\" content=\"1000\" \/>\n\t<meta property=\"og:image:height\" content=\"1300\" \/>\n\t<meta property=\"og:image:type\" content=\"image\/jpeg\" \/>\n<meta name=\"twitter:card\" content=\"summary_large_image\" \/>\n<meta name=\"twitter:label1\" content=\"Ber\u00e4knad l\u00e4stid\" \/>\n\t<meta name=\"twitter:data1\" content=\"1 minut\" \/>\n<script type=\"application\/ld+json\" class=\"yoast-schema-graph\">{\"@context\":\"https:\\\/\\\/schema.org\",\"@graph\":[{\"@type\":\"WebPage\",\"@id\":\"https:\\\/\\\/little-boards.com\\\/sv\\\/shop\\\/skateboard-fuer-kinder-little-boards-urban-8-0-zoll-cruiser-kork-griptape-ab-3-jahren-auch-im-sitzen\\\/\",\"url\":\"https:\\\/\\\/little-boards.com\\\/sv\\\/shop\\\/skateboard-fuer-kinder-little-boards-urban-8-0-zoll-cruiser-kork-griptape-ab-3-jahren-auch-im-sitzen\\\/\",\"name\":\"Urban \u2013 Barncruiser 8.0\\\" - Little Boards Skateboards\",\"isPartOf\":{\"@id\":\"https:\\\/\\\/little-boards.com\\\/sv\\\/#website\"},\"primaryImageOfPage\":{\"@id\":\"https:\\\/\\\/little-boards.com\\\/sv\\\/shop\\\/skateboard-fuer-kinder-little-boards-urban-8-0-zoll-cruiser-kork-griptape-ab-3-jahren-auch-im-sitzen\\\/#primaryimage\"},\"image\":{\"@id\":\"https:\\\/\\\/little-boards.com\\\/sv\\\/shop\\\/skateboard-fuer-kinder-little-boards-urban-8-0-zoll-cruiser-kork-griptape-ab-3-jahren-auch-im-sitzen\\\/#primaryimage\"},\"thumbnailUrl\":\"https:\\\/\\\/little-boards.com\\\/wp-content\\\/uploads\\\/2026\\\/03\\\/1217007_Product.jpg\",\"datePublished\":\"2025-05-30T13:21:59+00:00\",\"dateModified\":\"2025-10-12T21:33:59+00:00\",\"description\":\"Little Boards \\\"Urban\\\" \u2013 Barncruisern f\u00f6r f\u00f6rsta skateboardupplevelser med korkyta \u2013 \u00e4ven l\u00e4mplig f\u00f6r \u00e5kning i sittande st\u00e4llning\",\"breadcrumb\":{\"@id\":\"https:\\\/\\\/little-boards.com\\\/sv\\\/shop\\\/skateboard-fuer-kinder-little-boards-urban-8-0-zoll-cruiser-kork-griptape-ab-3-jahren-auch-im-sitzen\\\/#breadcrumb\"},\"inLanguage\":\"sv-SE\",\"potentialAction\":[{\"@type\":\"ReadAction\",\"target\":[\"https:\\\/\\\/little-boards.com\\\/sv\\\/shop\\\/skateboard-fuer-kinder-little-boards-urban-8-0-zoll-cruiser-kork-griptape-ab-3-jahren-auch-im-sitzen\\\/\"]}]},{\"@type\":\"ImageObject\",\"inLanguage\":\"sv-SE\",\"@id\":\"https:\\\/\\\/little-boards.com\\\/sv\\\/shop\\\/skateboard-fuer-kinder-little-boards-urban-8-0-zoll-cruiser-kork-griptape-ab-3-jahren-auch-im-sitzen\\\/#primaryimage\",\"url\":\"https:\\\/\\\/little-boards.com\\\/wp-content\\\/uploads\\\/2026\\\/03\\\/1217007_Product.jpg\",\"contentUrl\":\"https:\\\/\\\/little-boards.com\\\/wp-content\\\/uploads\\\/2026\\\/03\\\/1217007_Product.jpg\",\"width\":1000,\"height\":1300,\"caption\":\"urban-kinder-cruiser-8-0\"},{\"@type\":\"BreadcrumbList\",\"@id\":\"https:\\\/\\\/little-boards.com\\\/sv\\\/shop\\\/skateboard-fuer-kinder-little-boards-urban-8-0-zoll-cruiser-kork-griptape-ab-3-jahren-auch-im-sitzen\\\/#breadcrumb\",\"itemListElement\":[{\"@type\":\"ListItem\",\"position\":1,\"name\":\"Startsida\",\"item\":\"https:\\\/\\\/little-boards.com\\\/sv\\\/skateboard-fuer-kinder-little-boards-anfaenger-3-11-jahre\\\/\"},{\"@type\":\"ListItem\",\"position\":2,\"name\":\"Butik\",\"item\":\"https:\\\/\\\/little-boards.com\\\/sv\\\/butik\\\/\"},{\"@type\":\"ListItem\",\"position\":3,\"name\":\"Urban \u2013 Barncruiser 8.0&#8243;\"}]},{\"@type\":\"WebSite\",\"@id\":\"https:\\\/\\\/little-boards.com\\\/sv\\\/#website\",\"url\":\"https:\\\/\\\/little-boards.com\\\/sv\\\/\",\"name\":\"Little Boards Skateboards\",\"description\":\"real boards for real kids\",\"publisher\":{\"@id\":\"https:\\\/\\\/little-boards.com\\\/sv\\\/#organization\"},\"alternateName\":\"Kinder-Skateboards\",\"potentialAction\":[{\"@type\":\"SearchAction\",\"target\":{\"@type\":\"EntryPoint\",\"urlTemplate\":\"https:\\\/\\\/little-boards.com\\\/sv\\\/?s={search_term_string}\"},\"query-input\":{\"@type\":\"PropertyValueSpecification\",\"valueRequired\":true,\"valueName\":\"search_term_string\"}}],\"inLanguage\":\"sv-SE\"},{\"@type\":\"Organization\",\"@id\":\"https:\\\/\\\/little-boards.com\\\/sv\\\/#organization\",\"name\":\"Little Boards Skateboards\",\"url\":\"https:\\\/\\\/little-boards.com\\\/sv\\\/\",\"logo\":{\"@type\":\"ImageObject\",\"inLanguage\":\"sv-SE\",\"@id\":\"https:\\\/\\\/little-boards.com\\\/sv\\\/#\\\/schema\\\/logo\\\/image\\\/\",\"url\":\"https:\\\/\\\/little-boards.com\\\/wp-content\\\/uploads\\\/2025\\\/05\\\/LB-Bubble-Logo-003.svg\",\"contentUrl\":\"https:\\\/\\\/little-boards.com\\\/wp-content\\\/uploads\\\/2025\\\/05\\\/LB-Bubble-Logo-003.svg\",\"width\":\"1024\",\"height\":\"1024\",\"caption\":\"Little Boards Skateboards\"},\"image\":{\"@id\":\"https:\\\/\\\/little-boards.com\\\/sv\\\/#\\\/schema\\\/logo\\\/image\\\/\"}}]}<\/script>\n<!-- \/ Yoast SEO plugin. -->","yoast_head_json":{"title":"Urban \u2013 Barncruiser 8.0\" - Little Boards Skateboards","description":"Little Boards \"Urban\" \u2013 Barncruisern f\u00f6r f\u00f6rsta skateboardupplevelser med korkyta \u2013 \u00e4ven l\u00e4mplig f\u00f6r \u00e5kning i sittande st\u00e4llning","robots":{"index":"index","follow":"follow","max-snippet":"max-snippet:-1","max-image-preview":"max-image-preview:large","max-video-preview":"max-video-preview:-1"},"canonical":"https:\/\/little-boards.com\/sv\/shop\/skateboard-fuer-kinder-little-boards-urban-8-0-zoll-cruiser-kork-griptape-ab-3-jahren-auch-im-sitzen\/","og_locale":"sv_SE","og_type":"article","og_title":"Urban \u2013 Barncruiser 8.0\" - Little Boards Skateboards","og_description":"Little Boards \"Urban\" \u2013 Barncruisern f\u00f6r f\u00f6rsta skateboardupplevelser med korkyta \u2013 \u00e4ven l\u00e4mplig f\u00f6r \u00e5kning i sittande st\u00e4llning","og_url":"https:\/\/little-boards.com\/sv\/shop\/skateboard-fuer-kinder-little-boards-urban-8-0-zoll-cruiser-kork-griptape-ab-3-jahren-auch-im-sitzen\/","og_site_name":"Little Boards Skateboards","article_modified_time":"2025-10-12T21:33:59+00:00","og_image":[{"width":1000,"height":1300,"url":"https:\/\/little-boards.com\/wp-content\/uploads\/2025\/08\/1217007_Product.jpg","type":"image\/jpeg"}],"twitter_card":"summary_large_image","twitter_misc":{"Ber\u00e4knad l\u00e4stid":"1 minut"},"schema":{"@context":"https:\/\/schema.org","@graph":[{"@type":"WebPage","@id":"https:\/\/little-boards.com\/sv\/shop\/skateboard-fuer-kinder-little-boards-urban-8-0-zoll-cruiser-kork-griptape-ab-3-jahren-auch-im-sitzen\/","url":"https:\/\/little-boards.com\/sv\/shop\/skateboard-fuer-kinder-little-boards-urban-8-0-zoll-cruiser-kork-griptape-ab-3-jahren-auch-im-sitzen\/","name":"Urban \u2013 Barncruiser 8.0\" - Little Boards Skateboards","isPartOf":{"@id":"https:\/\/little-boards.com\/sv\/#website"},"primaryImageOfPage":{"@id":"https:\/\/little-boards.com\/sv\/shop\/skateboard-fuer-kinder-little-boards-urban-8-0-zoll-cruiser-kork-griptape-ab-3-jahren-auch-im-sitzen\/#primaryimage"},"image":{"@id":"https:\/\/little-boards.com\/sv\/shop\/skateboard-fuer-kinder-little-boards-urban-8-0-zoll-cruiser-kork-griptape-ab-3-jahren-auch-im-sitzen\/#primaryimage"},"thumbnailUrl":"https:\/\/little-boards.com\/wp-content\/uploads\/2026\/03\/1217007_Product.jpg","datePublished":"2025-05-30T13:21:59+00:00","dateModified":"2025-10-12T21:33:59+00:00","description":"Little Boards \"Urban\" \u2013 Barncruisern f\u00f6r f\u00f6rsta skateboardupplevelser med korkyta \u2013 \u00e4ven l\u00e4mplig f\u00f6r \u00e5kning i sittande st\u00e4llning","breadcrumb":{"@id":"https:\/\/little-boards.com\/sv\/shop\/skateboard-fuer-kinder-little-boards-urban-8-0-zoll-cruiser-kork-griptape-ab-3-jahren-auch-im-sitzen\/#breadcrumb"},"inLanguage":"sv-SE","potentialAction":[{"@type":"ReadAction","target":["https:\/\/little-boards.com\/sv\/shop\/skateboard-fuer-kinder-little-boards-urban-8-0-zoll-cruiser-kork-griptape-ab-3-jahren-auch-im-sitzen\/"]}]},{"@type":"ImageObject","inLanguage":"sv-SE","@id":"https:\/\/little-boards.com\/sv\/shop\/skateboard-fuer-kinder-little-boards-urban-8-0-zoll-cruiser-kork-griptape-ab-3-jahren-auch-im-sitzen\/#primaryimage","url":"https:\/\/little-boards.com\/wp-content\/uploads\/2026\/03\/1217007_Product.jpg","contentUrl":"https:\/\/little-boards.com\/wp-content\/uploads\/2026\/03\/1217007_Product.jpg","width":1000,"height":1300,"caption":"urban-kinder-cruiser-8-0"},{"@type":"BreadcrumbList","@id":"https:\/\/little-boards.com\/sv\/shop\/skateboard-fuer-kinder-little-boards-urban-8-0-zoll-cruiser-kork-griptape-ab-3-jahren-auch-im-sitzen\/#breadcrumb","itemListElement":[{"@type":"ListItem","position":1,"name":"Startsida","item":"https:\/\/little-boards.com\/sv\/skateboard-fuer-kinder-little-boards-anfaenger-3-11-jahre\/"},{"@type":"ListItem","position":2,"name":"Butik","item":"https:\/\/little-boards.com\/sv\/butik\/"},{"@type":"ListItem","position":3,"name":"Urban \u2013 Barncruiser 8.0&#8243;"}]},{"@type":"WebSite","@id":"https:\/\/little-boards.com\/sv\/#website","url":"https:\/\/little-boards.com\/sv\/","name":"Little Boards Skateboards","description":"real boards for real kids","publisher":{"@id":"https:\/\/little-boards.com\/sv\/#organization"},"alternateName":"Kinder-Skateboards","potentialAction":[{"@type":"SearchAction","target":{"@type":"EntryPoint","urlTemplate":"https:\/\/little-boards.com\/sv\/?s={search_term_string}"},"query-input":{"@type":"PropertyValueSpecification","valueRequired":true,"valueName":"search_term_string"}}],"inLanguage":"sv-SE"},{"@type":"Organization","@id":"https:\/\/little-boards.com\/sv\/#organization","name":"Little Boards Skateboards","url":"https:\/\/little-boards.com\/sv\/","logo":{"@type":"ImageObject","inLanguage":"sv-SE","@id":"https:\/\/little-boards.com\/sv\/#\/schema\/logo\/image\/","url":"https:\/\/little-boards.com\/wp-content\/uploads\/2025\/05\/LB-Bubble-Logo-003.svg","contentUrl":"https:\/\/little-boards.com\/wp-content\/uploads\/2025\/05\/LB-Bubble-Logo-003.svg","width":"1024","height":"1024","caption":"Little Boards Skateboards"},"image":{"@id":"https:\/\/little-boards.com\/sv\/#\/schema\/logo\/image\/"}}]}},"_links":{"self":[{"href":"https:\/\/little-boards.com\/sv\/wp-json\/wp\/v2\/product\/3040","targetHints":{"allow":["GET"]}}],"collection":[{"href":"https:\/\/little-boards.com\/sv\/wp-json\/wp\/v2\/product"}],"about":[{"href":"https:\/\/little-boards.com\/sv\/wp-json\/wp\/v2\/types\/product"}],"wp:featuredmedia":[{"embeddable":true,"href":"https:\/\/little-boards.com\/sv\/wp-json\/wp\/v2\/media\/9903"}],"wp:attachment":[{"href":"https:\/\/little-boards.com\/sv\/wp-json\/wp\/v2\/media?parent=3040"}],"wp:term":[{"taxonomy":"product_brand","embeddable":true,"href":"https:\/\/little-boards.com\/sv\/wp-json\/wp\/v2\/product_brand?post=3040"},{"taxonomy":"product_cat","embeddable":true,"href":"https:\/\/little-boards.com\/sv\/wp-json\/wp\/v2\/product_cat?post=3040"},{"taxonomy":"product_tag","embeddable":true,"href":"https:\/\/little-boards.com\/sv\/wp-json\/wp\/v2\/product_tag?post=3040"}],"curies":[{"name":"wp","href":"https:\/\/api.w.org\/{rel}","templated":true}]}}