

{"id":2785,"date":"2024-03-13T17:09:48","date_gmt":"2024-03-13T16:09:48","guid":{"rendered":"https:\/\/little-boards.com\/aangerraettsinformation\/"},"modified":"2025-10-08T17:22:35","modified_gmt":"2025-10-08T15:22:35","slug":"widerrufsbelehrung","status":"publish","type":"page","link":"https:\/\/little-boards.com\/sv\/widerrufsbelehrung\/","title":{"rendered":"\u00c5ngerr\u00e4ttsinformation"},"content":{"rendered":"[vc_row type=&#8221;full_width_background&#8221; full_screen_row_position=&#8221;middle&#8221; column_margin=&#8221;default&#8221; column_direction=&#8221;default&#8221; column_direction_tablet=&#8221;default&#8221; column_direction_phone=&#8221;default&#8221; scene_position=&#8221;center&#8221; top_padding=&#8221;12%&#8221; bottom_padding=&#8221;5%&#8221; text_color=&#8221;dark&#8221; text_align=&#8221;left&#8221; row_border_radius=&#8221;none&#8221; row_border_radius_applies=&#8221;bg&#8221; overflow=&#8221;visible&#8221; class=&#8221;oe-legalpage&#8221; overlay_strength=&#8221;0.3&#8243; gradient_direction=&#8221;left_to_right&#8221; shape_divider_position=&#8221;bottom&#8221; bg_image_animation=&#8221;none&#8221; gradient_type=&#8221;default&#8221; shape_type=&#8221;&#8221;][vc_column column_padding=&#8221;no-extra-padding&#8221; column_padding_tablet=&#8221;inherit&#8221; column_padding_phone=&#8221;inherit&#8221; column_padding_position=&#8221;all&#8221; column_element_direction_desktop=&#8221;default&#8221; column_element_spacing=&#8221;default&#8221; desktop_text_alignment=&#8221;default&#8221; tablet_text_alignment=&#8221;default&#8221; phone_text_alignment=&#8221;default&#8221; background_color_opacity=&#8221;1&#8243; background_hover_color_opacity=&#8221;1&#8243; column_backdrop_filter=&#8221;none&#8221; column_shadow=&#8221;none&#8221; column_border_radius=&#8221;none&#8221; column_link_target=&#8221;_self&#8221; column_position=&#8221;default&#8221; gradient_direction=&#8221;left_to_right&#8221; overlay_strength=&#8221;0.3&#8243; width=&#8221;1\/1&#8243; tablet_width_inherit=&#8221;default&#8221; animation_type=&#8221;default&#8221; bg_image_animation=&#8221;none&#8221; border_type=&#8221;simple&#8221; column_border_width=&#8221;none&#8221; column_border_style=&#8221;solid&#8221;][nectar_responsive_text inherited_font_style=&#8221;default&#8221; text_direction=&#8221;default&#8221;]\n<h1><strong>\u00c5ngerr\u00e4tt f\u00f6r konsumenter<\/strong><\/h1>\n[\/nectar_responsive_text][vc_column_text css=&#8221;&#8221; text_direction=&#8221;default&#8221;](En konsument \u00e4r varje fysisk person som ing\u00e5r ett r\u00e4ttsligt avtal f\u00f6r \u00e4ndam\u00e5l som \u00f6verv\u00e4gande varken kan h\u00e4nf\u00f6ras till deras kommersiella eller sj\u00e4lvst\u00e4ndiga yrkesverksamhet.)<\/p>\n<h2><strong>\u00c5ngerr\u00e4ttsinformation<\/strong><\/h2>\n<p><strong>\u00c5ngerr\u00e4tt<\/strong><br \/>Du har r\u00e4tt att fr\u00e5ntr\u00e4da detta avtal inom en m\u00e5nad utan att ange n\u00e5got sk\u00e4l.<br \/>\u00c5ngerfristen \u00e4r en m\u00e5nad fr\u00e5n den dag d\u00e5<\/p>\n<p>&#8211; d\u00e5 du eller en av dig utsedd tredje part, som inte \u00e4r transport\u00f6ren, har tagit varorna i besittning, om du har best\u00e4llt en eller flera varor inom ramen f\u00f6r en enhetlig best\u00e4llning och dessa levereras enhetligt;<\/p>\n<p>&#8211; d\u00e5 du eller en av dig utsedd tredje part, som inte \u00e4r transport\u00f6ren, har tagit den sista varan i besittning, om du har best\u00e4llt flera varor inom ramen f\u00f6r en enhetlig best\u00e4llning och dessa levereras separat;<\/p>\n<p>&#8211; d\u00e5 du eller en av dig utsedd tredje part, som inte \u00e4r transport\u00f6ren, har tagit den sista delleveransen eller det sista stycket i besittning, om du har best\u00e4llt en vara som levereras i flera delleveranser eller stycken;<\/p>\n<p>F\u00f6r att ut\u00f6va din \u00e5ngerr\u00e4tt m\u00e5ste du informera oss <strong>(Little Boards, Havoc Distribution GmbH, Bl\u00fccherstra\u00dfe 36, 10961 Berlin, Tyskland, telefonnr: +49 3043201799, e-postadress: hello@little-boards.com)<\/strong> om ditt beslut att fr\u00e5ntr\u00e4da detta avtal genom ett tydligt uttalande (t.ex. ett brev som skickas med post eller ett e-postmeddelande). Du kan anv\u00e4nda det bifogade standardformul\u00e4ret f\u00f6r \u00e5ngerr\u00e4tt, men det \u00e4r inte obligatoriskt. <\/p>\n<p>F\u00f6r att \u00e5ngerfristen ska anses ha iakttagits r\u00e4cker det att du skickar meddelandet om ut\u00f6vandet av \u00e5ngerr\u00e4tten innan \u00e5ngerfristen har l\u00f6pt ut.<\/p>\n<p><strong>F\u00f6ljder av \u00e5nger<\/strong><\/p>\n<p>Om du \u00e5ngrar detta avtal ska vi \u00e5terbetala alla betalningar vi har mottagit fr\u00e5n dig, inklusive leveranskostnader (med undantag f\u00f6r de extra kostnader som uppst\u00e5r om du har valt en annan typ av leverans \u00e4n den billigaste standardleverans vi erbjuder), utan dr\u00f6jsm\u00e5l och senast inom 14 dagar fr\u00e5n den dag d\u00e5 vi mottog meddelandet om din \u00e5nger av detta avtal. F\u00f6r denna \u00e5terbetalning anv\u00e4nder vi samma betalningsmedel som du anv\u00e4nde vid den ursprungliga transaktionen, om inte n\u00e5got annat uttryckligen har avtalats med dig; under inga omst\u00e4ndigheter kommer du att debiteras n\u00e5gra avgifter f\u00f6r denna \u00e5terbetalning. <\/p>\n<p>Vi kan v\u00e4gra \u00e5terbetalning tills vi har f\u00e5tt tillbaka varorna eller tills du har l\u00e4mnat bevis p\u00e5 att du har skickat tillbaka varorna, beroende p\u00e5 vilket som intr\u00e4ffar f\u00f6rst.<\/p>\n<p>Du m\u00e5ste returnera eller \u00f6verl\u00e4mna varorna till oss utan dr\u00f6jsm\u00e5l och i alla fall senast inom 14 dagar fr\u00e5n den dag d\u00e5 du meddelade oss om \u00e5nger av detta avtal. Tidsfristen anses ha iakttagits om du skickar tillbaka varorna innan perioden p\u00e5 14 dagar har l\u00f6pt ut. <\/p>\n<p>Du st\u00e5r f\u00f6r de direkta kostnaderna f\u00f6r returnering av varor som kan skickas som paket samt de direkta kostnaderna f\u00f6r returnering av varor som inte kan skickas som paket. Kostnaderna f\u00f6r varor som inte kan skickas som paket uppskattas till h\u00f6gst cirka 25 EUR. <\/p>\n<p>Du \u00e4r endast ansvarig f\u00f6r eventuell v\u00e4rdeminskning av varorna om denna v\u00e4rdeminskning beror p\u00e5 en hantering som inte \u00e4r n\u00f6dv\u00e4ndig f\u00f6r att fastst\u00e4lla varornas art, egenskaper och funktion.<\/p>\n<p><strong>Undantags- respektive upph\u00f6randegrunder<\/strong><\/p>\n<p>\u00c5ngerr\u00e4tten g\u00e4ller inte f\u00f6r avtal<\/p>\n<p>&#8211; f\u00f6r leverans av varor som inte \u00e4r prefabricerade och f\u00f6r vars tillverkning ett individuellt val eller en best\u00e4mning av konsumenten \u00e4r avg\u00f6rande eller som \u00e4r tydligt anpassade till konsumentens personliga behov;<br \/>&#8211; f\u00f6r leverans av varor som snabbt kan f\u00f6rs\u00e4mras eller vars utg\u00e5ngsdatum snabbt skulle \u00f6verskridas;<br \/>&#8211; f\u00f6r leverans av alkoholhaltiga drycker vars pris avtalades vid avtalets ing\u00e5ende, men som tidigast kan levereras 30 dagar efter avtalets ing\u00e5ende och vars aktuella v\u00e4rde beror p\u00e5 fluktuationer p\u00e5 marknaden som n\u00e4ringsidkaren inte har n\u00e5got inflytande \u00f6ver;<br \/>&#8211; f\u00f6r leverans av tidningar, tidskrifter eller illustrerade tidningar med undantag f\u00f6r prenumerationsavtal.<\/p>\n<p>\u00c5ngerr\u00e4tten upph\u00f6r i f\u00f6rtid vid avtal<\/p>\n<p>&#8211; f\u00f6r leverans av f\u00f6rseglade varor som av h\u00e4lsoskydds- eller hygiensk\u00e4l inte \u00e4r l\u00e4mpliga f\u00f6r retur om f\u00f6rseglingen har brutits efter leveransen;<br \/>&#8211; f\u00f6r leverans av varor om dessa efter leveransen p\u00e5 grund av sin beskaffenhet har blandats oskiljaktigt med andra varor;<br \/>&#8211; f\u00f6r leverans av ljud- eller videoinspelningar eller datorprogramvara i en f\u00f6rseglad f\u00f6rpackning om f\u00f6rseglingen har brutits efter leveransen.<\/p>\n<hr>\n<h3><strong>Mall f\u00f6r \u00e5ngerblankett<\/strong><\/h3>\n<p>(Om du vill \u00e5ngra avtalet, v\u00e4nligen fyll i detta formul\u00e4r och skicka tillbaka det.)<\/p>\n<p>&#8211; Till Little Boards, Havoc Distribution GmbH, Bl\u00fccherstra\u00dfe 36, 10961 Berlin, e-postadress: mail@little-boards.com :<\/p>\n<p>&#8211; H\u00e4rmed \u00e5terkallar jag\/vi (*) det avtal som jag\/vi (*) har ing\u00e5tt om k\u00f6p av f\u00f6ljande varor (*)\/<br \/>utf\u00f6randet av f\u00f6ljande tj\u00e4nst (*)<\/p>\n<p>&#8211; Best\u00e4lld den (*)\/ mottagen den (*)<\/p>\n<p>&#8211; Namn p\u00e5 konsumenten\/konsumenterna<br \/>&#8211; Adress till konsumenten\/konsumenterna<br \/>&#8211; Underskrift av konsumenten\/konsumenterna (endast om meddelandet l\u00e4mnas p\u00e5 papper)<br \/>&#8211; Datum<\/p>\n<p>(*) Stryk det som inte \u00e4r till\u00e4mpligt.[\/vc_column_text][\/vc_column][\/vc_row]\n","protected":false},"excerpt":{"rendered":"<p>[vc_row type=&#8221;full_width_background&#8221; full_screen_row_position=&#8221;middle&#8221; column_margin=&#8221;default&#8221; column_direction=&#8221;default&#8221; column_direction_tablet=&#8221;default&#8221; column_direction_phone=&#8221;default&#8221; scene_position=&#8221;center&#8221; top_padding=&#8221;12%&#8221; bottom_padding=&#8221;5%&#8221; text_color=&#8221;dark&#8221; text_align=&#8221;left&#8221; row_border_radius=&#8221;none&#8221; row_border_radius_applies=&#8221;bg&#8221; overflow=&#8221;visible&#8221; class=&#8221;oe-legalpage&#8221; overlay_strength=&#8221;0.3&#8243; gradient_direction=&#8221;left_to_right&#8221; shape_divider_position=&#8221;bottom&#8221; bg_image_animation=&#8221;none&#8221; gradient_type=&#8221;default&#8221; shape_type=&#8221;&#8221;][vc_column column_padding=&#8221;no-extra-padding&#8221; column_padding_tablet=&#8221;inherit&#8221; column_padding_phone=&#8221;inherit&#8221; column_padding_position=&#8221;all&#8221; column_element_direction_desktop=&#8221;default&#8221; column_element_spacing=&#8221;default&#8221; desktop_text_alignment=&#8221;default&#8221; tablet_text_alignment=&#8221;default&#8221;&#8230;<\/p>\n","protected":false},"author":1,"featured_media":0,"parent":0,"menu_order":0,"comment_status":"closed","ping_status":"closed","template":"","meta":{"inline_featured_image":false,"footnotes":""},"class_list":["post-2785","page","type-page","status-publish"],"yoast_head":"<!-- This site is optimized with the Yoast SEO plugin v27.4 - https:\/\/yoast.com\/product\/yoast-seo-wordpress\/ -->\n<title>\u00c5ngerr\u00e4ttsinformation - Little Boards Skateboards<\/title>\n<meta name=\"robots\" content=\"index, follow, max-snippet:-1, max-image-preview:large, max-video-preview:-1\" \/>\n<link rel=\"canonical\" href=\"https:\/\/little-boards.com\/sv\/widerrufsbelehrung\/\" \/>\n<meta property=\"og:locale\" content=\"sv_SE\" \/>\n<meta property=\"og:type\" content=\"article\" \/>\n<meta property=\"og:title\" content=\"\u00c5ngerr\u00e4ttsinformation - Little Boards Skateboards\" \/>\n<meta property=\"og:description\" content=\"[vc_row type=&#8221;full_width_background&#8221; full_screen_row_position=&#8221;middle&#8221; column_margin=&#8221;default&#8221; column_direction=&#8221;default&#8221; column_direction_tablet=&#8221;default&#8221; column_direction_phone=&#8221;default&#8221; scene_position=&#8221;center&#8221; top_padding=&#8221;12%&#8221; bottom_padding=&#8221;5%&#8221; text_color=&#8221;dark&#8221; text_align=&#8221;left&#8221; row_border_radius=&#8221;none&#8221; row_border_radius_applies=&#8221;bg&#8221; overflow=&#8221;visible&#8221; class=&#8221;oe-legalpage&#8221; overlay_strength=&#8221;0.3&#8243; gradient_direction=&#8221;left_to_right&#8221; shape_divider_position=&#8221;bottom&#8221; bg_image_animation=&#8221;none&#8221; gradient_type=&#8221;default&#8221; shape_type=&#8221;&#8221;][vc_column column_padding=&#8221;no-extra-padding&#8221; column_padding_tablet=&#8221;inherit&#8221; column_padding_phone=&#8221;inherit&#8221; column_padding_position=&#8221;all&#8221; column_element_direction_desktop=&#8221;default&#8221; column_element_spacing=&#8221;default&#8221; desktop_text_alignment=&#8221;default&#8221; tablet_text_alignment=&#8221;default&#8221;...\" \/>\n<meta property=\"og:url\" content=\"https:\/\/little-boards.com\/sv\/widerrufsbelehrung\/\" \/>\n<meta property=\"og:site_name\" content=\"Little Boards Skateboards\" \/>\n<meta property=\"article:modified_time\" content=\"2025-10-08T15:22:35+00:00\" \/>\n<meta name=\"twitter:card\" content=\"summary_large_image\" \/>\n<meta name=\"twitter:label1\" content=\"Ber\u00e4knad l\u00e4stid\" \/>\n\t<meta name=\"twitter:data1\" content=\"5 minuter\" \/>\n<script type=\"application\/ld+json\" class=\"yoast-schema-graph\">{\"@context\":\"https:\\\/\\\/schema.org\",\"@graph\":[{\"@type\":\"WebPage\",\"@id\":\"https:\\\/\\\/little-boards.com\\\/sv\\\/widerrufsbelehrung\\\/\",\"url\":\"https:\\\/\\\/little-boards.com\\\/sv\\\/widerrufsbelehrung\\\/\",\"name\":\"\u00c5ngerr\u00e4ttsinformation - Little Boards Skateboards\",\"isPartOf\":{\"@id\":\"https:\\\/\\\/little-boards.com\\\/sv\\\/#website\"},\"datePublished\":\"2024-03-13T16:09:48+00:00\",\"dateModified\":\"2025-10-08T15:22:35+00:00\",\"breadcrumb\":{\"@id\":\"https:\\\/\\\/little-boards.com\\\/sv\\\/widerrufsbelehrung\\\/#breadcrumb\"},\"inLanguage\":\"sv-SE\",\"potentialAction\":[{\"@type\":\"ReadAction\",\"target\":[\"https:\\\/\\\/little-boards.com\\\/sv\\\/widerrufsbelehrung\\\/\"]}]},{\"@type\":\"BreadcrumbList\",\"@id\":\"https:\\\/\\\/little-boards.com\\\/sv\\\/widerrufsbelehrung\\\/#breadcrumb\",\"itemListElement\":[{\"@type\":\"ListItem\",\"position\":1,\"name\":\"Startsida\",\"item\":\"https:\\\/\\\/little-boards.com\\\/sv\\\/skateboard-fuer-kinder-little-boards-anfaenger-3-11-jahre\\\/\"},{\"@type\":\"ListItem\",\"position\":2,\"name\":\"\u00c5ngerr\u00e4ttsinformation\"}]},{\"@type\":\"WebSite\",\"@id\":\"https:\\\/\\\/little-boards.com\\\/sv\\\/#website\",\"url\":\"https:\\\/\\\/little-boards.com\\\/sv\\\/\",\"name\":\"Little Boards Skateboards\",\"description\":\"real boards for real kids\",\"publisher\":{\"@id\":\"https:\\\/\\\/little-boards.com\\\/sv\\\/#organization\"},\"alternateName\":\"Kinder-Skateboards\",\"potentialAction\":[{\"@type\":\"SearchAction\",\"target\":{\"@type\":\"EntryPoint\",\"urlTemplate\":\"https:\\\/\\\/little-boards.com\\\/sv\\\/?s={search_term_string}\"},\"query-input\":{\"@type\":\"PropertyValueSpecification\",\"valueRequired\":true,\"valueName\":\"search_term_string\"}}],\"inLanguage\":\"sv-SE\"},{\"@type\":\"Organization\",\"@id\":\"https:\\\/\\\/little-boards.com\\\/sv\\\/#organization\",\"name\":\"Little Boards Skateboards\",\"url\":\"https:\\\/\\\/little-boards.com\\\/sv\\\/\",\"logo\":{\"@type\":\"ImageObject\",\"inLanguage\":\"sv-SE\",\"@id\":\"https:\\\/\\\/little-boards.com\\\/sv\\\/#\\\/schema\\\/logo\\\/image\\\/\",\"url\":\"https:\\\/\\\/little-boards.com\\\/wp-content\\\/uploads\\\/2025\\\/05\\\/LB-Bubble-Logo-003.svg\",\"contentUrl\":\"https:\\\/\\\/little-boards.com\\\/wp-content\\\/uploads\\\/2025\\\/05\\\/LB-Bubble-Logo-003.svg\",\"width\":\"1024\",\"height\":\"1024\",\"caption\":\"Little Boards Skateboards\"},\"image\":{\"@id\":\"https:\\\/\\\/little-boards.com\\\/sv\\\/#\\\/schema\\\/logo\\\/image\\\/\"}}]}<\/script>\n<!-- \/ Yoast SEO plugin. -->","yoast_head_json":{"title":"\u00c5ngerr\u00e4ttsinformation - Little Boards Skateboards","robots":{"index":"index","follow":"follow","max-snippet":"max-snippet:-1","max-image-preview":"max-image-preview:large","max-video-preview":"max-video-preview:-1"},"canonical":"https:\/\/little-boards.com\/sv\/widerrufsbelehrung\/","og_locale":"sv_SE","og_type":"article","og_title":"\u00c5ngerr\u00e4ttsinformation - Little Boards Skateboards","og_description":"[vc_row type=&#8221;full_width_background&#8221; full_screen_row_position=&#8221;middle&#8221; column_margin=&#8221;default&#8221; column_direction=&#8221;default&#8221; column_direction_tablet=&#8221;default&#8221; column_direction_phone=&#8221;default&#8221; scene_position=&#8221;center&#8221; top_padding=&#8221;12%&#8221; bottom_padding=&#8221;5%&#8221; text_color=&#8221;dark&#8221; text_align=&#8221;left&#8221; row_border_radius=&#8221;none&#8221; row_border_radius_applies=&#8221;bg&#8221; overflow=&#8221;visible&#8221; class=&#8221;oe-legalpage&#8221; overlay_strength=&#8221;0.3&#8243; gradient_direction=&#8221;left_to_right&#8221; shape_divider_position=&#8221;bottom&#8221; bg_image_animation=&#8221;none&#8221; gradient_type=&#8221;default&#8221; shape_type=&#8221;&#8221;][vc_column column_padding=&#8221;no-extra-padding&#8221; column_padding_tablet=&#8221;inherit&#8221; column_padding_phone=&#8221;inherit&#8221; column_padding_position=&#8221;all&#8221; column_element_direction_desktop=&#8221;default&#8221; column_element_spacing=&#8221;default&#8221; desktop_text_alignment=&#8221;default&#8221; tablet_text_alignment=&#8221;default&#8221;...","og_url":"https:\/\/little-boards.com\/sv\/widerrufsbelehrung\/","og_site_name":"Little Boards Skateboards","article_modified_time":"2025-10-08T15:22:35+00:00","twitter_card":"summary_large_image","twitter_misc":{"Ber\u00e4knad l\u00e4stid":"5 minuter"},"schema":{"@context":"https:\/\/schema.org","@graph":[{"@type":"WebPage","@id":"https:\/\/little-boards.com\/sv\/widerrufsbelehrung\/","url":"https:\/\/little-boards.com\/sv\/widerrufsbelehrung\/","name":"\u00c5ngerr\u00e4ttsinformation - Little Boards Skateboards","isPartOf":{"@id":"https:\/\/little-boards.com\/sv\/#website"},"datePublished":"2024-03-13T16:09:48+00:00","dateModified":"2025-10-08T15:22:35+00:00","breadcrumb":{"@id":"https:\/\/little-boards.com\/sv\/widerrufsbelehrung\/#breadcrumb"},"inLanguage":"sv-SE","potentialAction":[{"@type":"ReadAction","target":["https:\/\/little-boards.com\/sv\/widerrufsbelehrung\/"]}]},{"@type":"BreadcrumbList","@id":"https:\/\/little-boards.com\/sv\/widerrufsbelehrung\/#breadcrumb","itemListElement":[{"@type":"ListItem","position":1,"name":"Startsida","item":"https:\/\/little-boards.com\/sv\/skateboard-fuer-kinder-little-boards-anfaenger-3-11-jahre\/"},{"@type":"ListItem","position":2,"name":"\u00c5ngerr\u00e4ttsinformation"}]},{"@type":"WebSite","@id":"https:\/\/little-boards.com\/sv\/#website","url":"https:\/\/little-boards.com\/sv\/","name":"Little Boards Skateboards","description":"real boards for real kids","publisher":{"@id":"https:\/\/little-boards.com\/sv\/#organization"},"alternateName":"Kinder-Skateboards","potentialAction":[{"@type":"SearchAction","target":{"@type":"EntryPoint","urlTemplate":"https:\/\/little-boards.com\/sv\/?s={search_term_string}"},"query-input":{"@type":"PropertyValueSpecification","valueRequired":true,"valueName":"search_term_string"}}],"inLanguage":"sv-SE"},{"@type":"Organization","@id":"https:\/\/little-boards.com\/sv\/#organization","name":"Little Boards Skateboards","url":"https:\/\/little-boards.com\/sv\/","logo":{"@type":"ImageObject","inLanguage":"sv-SE","@id":"https:\/\/little-boards.com\/sv\/#\/schema\/logo\/image\/","url":"https:\/\/little-boards.com\/wp-content\/uploads\/2025\/05\/LB-Bubble-Logo-003.svg","contentUrl":"https:\/\/little-boards.com\/wp-content\/uploads\/2025\/05\/LB-Bubble-Logo-003.svg","width":"1024","height":"1024","caption":"Little Boards Skateboards"},"image":{"@id":"https:\/\/little-boards.com\/sv\/#\/schema\/logo\/image\/"}}]}},"_links":{"self":[{"href":"https:\/\/little-boards.com\/sv\/wp-json\/wp\/v2\/pages\/2785","targetHints":{"allow":["GET"]}}],"collection":[{"href":"https:\/\/little-boards.com\/sv\/wp-json\/wp\/v2\/pages"}],"about":[{"href":"https:\/\/little-boards.com\/sv\/wp-json\/wp\/v2\/types\/page"}],"author":[{"embeddable":true,"href":"https:\/\/little-boards.com\/sv\/wp-json\/wp\/v2\/users\/1"}],"replies":[{"embeddable":true,"href":"https:\/\/little-boards.com\/sv\/wp-json\/wp\/v2\/comments?post=2785"}],"version-history":[{"count":23,"href":"https:\/\/little-boards.com\/sv\/wp-json\/wp\/v2\/pages\/2785\/revisions"}],"predecessor-version":[{"id":6222,"href":"https:\/\/little-boards.com\/sv\/wp-json\/wp\/v2\/pages\/2785\/revisions\/6222"}],"wp:attachment":[{"href":"https:\/\/little-boards.com\/sv\/wp-json\/wp\/v2\/media?parent=2785"}],"curies":[{"name":"wp","href":"https:\/\/api.w.org\/{rel}","templated":true}]}}