

{"id":6314,"date":"2025-10-09T12:03:56","date_gmt":"2025-10-09T10:03:56","guid":{"rendered":"https:\/\/little-boards.com\/?post_type=product&#038;p=6314"},"modified":"2025-10-12T23:16:54","modified_gmt":"2025-10-12T21:16:54","slug":"bicycle-kinder-skateboard-7-25-zoll","status":"publish","type":"product","link":"https:\/\/little-boards.com\/pt-pt\/shop\/bicycle-kinder-skateboard-7-25-zoll\/","title":{"rendered":"Bicycle \u2013 Skateboard infantil de 7,25 polegadas"},"content":{"rendered":"[vc_row type=&#8221;in_container&#8221; full_screen_row_position=&#8221;middle&#8221; column_margin=&#8221;default&#8221; column_direction=&#8221;default&#8221; column_direction_tablet=&#8221;default&#8221; column_direction_phone=&#8221;default&#8221; scene_position=&#8221;center&#8221; text_color=&#8221;dark&#8221; text_align=&#8221;left&#8221; row_border_radius=&#8221;none&#8221; row_border_radius_applies=&#8221;bg&#8221; overflow=&#8221;visible&#8221; overlay_strength=&#8221;0.3&#8243; gradient_direction=&#8221;left_to_right&#8221; shape_divider_position=&#8221;bottom&#8221; bg_image_animation=&#8221;none&#8221; gradient_type=&#8221;default&#8221; shape_type=&#8221;&#8221;][vc_column column_padding=&#8221;no-extra-padding&#8221; column_padding_tablet=&#8221;inherit&#8221; column_padding_phone=&#8221;inherit&#8221; column_padding_position=&#8221;all&#8221; column_element_direction_desktop=&#8221;default&#8221; column_element_spacing=&#8221;default&#8221; desktop_text_alignment=&#8221;default&#8221; tablet_text_alignment=&#8221;default&#8221; phone_text_alignment=&#8221;default&#8221; background_color_opacity=&#8221;1&#8243; background_hover_color_opacity=&#8221;1&#8243; column_backdrop_filter=&#8221;none&#8221; column_shadow=&#8221;none&#8221; column_border_radius=&#8221;none&#8221; column_link_target=&#8221;_self&#8221; column_position=&#8221;default&#8221; gradient_direction=&#8221;left_to_right&#8221; overlay_strength=&#8221;0.3&#8243; width=&#8221;1\/1&#8243; tablet_width_inherit=&#8221;default&#8221; animation_type=&#8221;default&#8221; bg_image_animation=&#8221;none&#8221; border_type=&#8221;simple&#8221; column_border_width=&#8221;none&#8221; column_border_style=&#8221;solid&#8221; column_padding_type=&#8221;default&#8221; gradient_type=&#8221;default&#8221;][nectar_responsive_text inherited_font_style=&#8221;p&#8221; text_direction=&#8221;default&#8221;]<strong>Tamanho<\/strong>[\/nectar_responsive_text][divider line_type=&#8221;No Line&#8221; custom_height=&#8221;1&#8243; custom_height_tablet=&#8221;10&#8243; custom_height_phone=&#8221;10&#8243;][nectar_cta btn_style=&#8221;basic&#8221; heading_tag=&#8221;p&#8221; button_color=&#8221;default&#8221; button_border_thickness=&#8221;1px&#8221; link_type=&#8221;regular&#8221; alignment=&#8221;left&#8221; alignment_tablet=&#8221;default&#8221; alignment_phone=&#8221;default&#8221; constrain_group_2=&#8221;yes&#8221; constrain_group_3=&#8221;yes&#8221; constrain_group_4=&#8221;yes&#8221; display=&#8221;inline&#8221; display_tablet=&#8221;inherit&#8221; display_phone=&#8221;block&#8221; icon_family=&#8221;none&#8221; font_size_desktop=&#8221;16&#8243; font_size_tablet=&#8221;16&#8243; font_size_phone=&#8221;16&#8243; link_text=&#8221;8 &#8211; 11 anos&#8221; padding_top=&#8221;10&#8243; padding_bottom=&#8221;10&#8243; padding_left=&#8221;20&#8243; padding_right=&#8221;20&#8243; url=&#8221;#&#8221; margin_bottom=&#8221;15&#8243; class=&#8221;oe-cat-active&#8221;][divider line_type=&#8221;No Line&#8221; custom_height=&#8221;10&#8243; custom_height_tablet=&#8221;10&#8243; custom_height_phone=&#8221;10&#8243;][\/vc_column][\/vc_row][vc_row type=&#8221;in_container&#8221; full_screen_row_position=&#8221;middle&#8221; column_margin=&#8221;default&#8221; column_direction=&#8221;default&#8221; column_direction_tablet=&#8221;default&#8221; column_direction_phone=&#8221;default&#8221; scene_position=&#8221;center&#8221; text_color=&#8221;dark&#8221; text_align=&#8221;left&#8221; row_border_radius=&#8221;none&#8221; row_border_radius_applies=&#8221;bg&#8221; overflow=&#8221;visible&#8221; overlay_strength=&#8221;0.3&#8243; gradient_direction=&#8221;left_to_right&#8221; shape_divider_position=&#8221;bottom&#8221; bg_image_animation=&#8221;none&#8221;][vc_column column_padding=&#8221;no-extra-padding&#8221; column_padding_tablet=&#8221;inherit&#8221; column_padding_phone=&#8221;inherit&#8221; column_padding_position=&#8221;all&#8221; column_element_direction_desktop=&#8221;default&#8221; column_element_spacing=&#8221;default&#8221; desktop_text_alignment=&#8221;default&#8221; tablet_text_alignment=&#8221;default&#8221; phone_text_alignment=&#8221;default&#8221; background_color_opacity=&#8221;1&#8243; background_hover_color_opacity=&#8221;1&#8243; column_backdrop_filter=&#8221;none&#8221; column_shadow=&#8221;none&#8221; column_border_radius=&#8221;none&#8221; column_link_target=&#8221;_self&#8221; column_position=&#8221;default&#8221; gradient_direction=&#8221;left_to_right&#8221; overlay_strength=&#8221;0.3&#8243; width=&#8221;1\/1&#8243; tablet_width_inherit=&#8221;default&#8221; animation_type=&#8221;default&#8221; bg_image_animation=&#8221;none&#8221; border_type=&#8221;simple&#8221; column_border_width=&#8221;none&#8221; column_border_style=&#8221;solid&#8221;][vc_column_text css=&#8221;&#8221; el_class=&#8221;oe-prod-text&#8221; text_direction=&#8221;default&#8221;]\n<h2>O Skateboard perfeito para pequenos skaters.<\/h2>\n<p>O Little Boards \u201cBicycle\u201d 7,25\u2033 foi especialmente desenvolvido como um Skateboard para crian\u00e7as que querem aprender a andar de Skateboard com seguran\u00e7a, rapidez e divers\u00e3o. Com propor\u00e7\u00f5es adequadas para crian\u00e7as, fabrico de alta qualidade e configura\u00e7\u00e3o bem pensada, facilita a entrada para pequenos skaters desde o in\u00edcio. <\/p>\n<h3>Por que \u00e9 que este skate \u00e9 ideal para crian\u00e7as?<\/h3>\n<ul>\n<li>\u2705 Tamanho adequado \u00e0 idade para m\u00e1ximo controlo<\/li>\n<li>\u2705 Manuseamento f\u00e1cil devido aos eixos e rodas macios<\/li>\n<li>\u2705 Posi\u00e7\u00e3o segura gra\u00e7as \u00e0 largura do deck adequada para crian\u00e7as<\/li>\n<li>\u2705 Qualidade de skate real \u2014 como os dos adultos<\/li>\n<li>\u2705 Reduz a frustra\u00e7\u00e3o e promove experi\u00eancias de sucesso r\u00e1pidas<\/li>\n<\/ul>\n<h3>Tamanho ideal para p\u00e9s pequenos<\/h3>\n<p>Enquanto um Skateboard normal para adultos se torna rapidamente demasiado grande e pesado para crian\u00e7as, o Little Boards \u201cBicycle\u201d 7,25\u2033 oferece exatamente as propor\u00e7\u00f5es certas para uma aprendizagem segura e os primeiros truques.<\/p>\n<h2>Detalhes t\u00e9cnicos<\/h2>\n<ul>\n<li style=\"list-style-type: none;\">\n<ul>\n<li><strong>Deck<\/strong>: 7 camadas de maple<\/li>\n<li><strong>Tamanho do deck<\/strong>: 7.25&#8243; x 29&#8243; (18,41 x 73,66 cm)<\/li>\n<li><strong>Eixos<\/strong>: Loco Trzucks 5.0&#8243;<\/li>\n<li><strong>Rodas<\/strong>: Loco Wheels \u201352mm<\/li>\n<li><strong>Rolamentos<\/strong>: ABEC 5<\/li>\n<li><strong>Norma UE:<\/strong> em conformidade com EN71-1,2,3 | CE<\/li>\n<\/ul>\n<\/li>\n<\/ul>\n<h3>Para quem \u00e9 adequado este skate?<\/h3>\n<p>Este skate \u00e9 ideal para crian\u00e7as dos 8 aos 11 anos ou com altura at\u00e9 cerca de 150 cm e tamanhos de sapato a partir do 35<\/p>\n<h3>Aprender de forma segura e bem pensada<\/h3>\n<p>Com a sua dire\u00e7\u00e3o suave, os eixos reagem mesmo a pequenas mudan\u00e7as de peso. As rodas macias garantem um rolamento suave e seguro, mesmo em superf\u00edcies irregulares. Assim, as crian\u00e7as mant\u00eam sempre o controlo e desenvolvem rapidamente confian\u00e7a nas suas capacidades.  <\/p>\n<h3>Little Boards: Skateboards aut\u00eanticos para crian\u00e7as aut\u00eanticas<\/h3>\n<p>Ao contr\u00e1rio dos skates de brinquedo das lojas de brinquedos, a Little Boards oferece qualidade de skate real \u2014 em escala menor, mas fabricado profissionalmente. Perfeito para as primeiras tentativas de andar, para aprender com seguran\u00e7a e para divers\u00e3o a longo prazo no skate. <\/p>\n<h4>Podes encontrar mais informa\u00e7\u00f5es sobre o tamanho correto de skate no nosso guia de tamanhos de skate para crian\u00e7as.<\/h4>\n[\/vc_column_text][nectar_cta btn_style=&#8221;arrow-animation&#8221; heading_tag=&#8221;p&#8221; button_color=&#8221;default&#8221; text_color_hover=&#8221;#4ca7ed&#8221; button_border_color=&#8221;#000000&#8243; button_border_color_hover=&#8221;#4ca7ed&#8221; button_border_thickness=&#8221;1px&#8221; link_type=&#8221;regular&#8221; alignment=&#8221;left&#8221; alignment_tablet=&#8221;default&#8221; alignment_phone=&#8221;default&#8221; constrain_group_3=&#8221;yes&#8221; constrain_group_4=&#8221;yes&#8221; display=&#8221;block&#8221; display_tablet=&#8221;inherit&#8221; display_phone=&#8221;inherit&#8221; link_text=&#8221;Ir para o guia de tamanhos&#8221; url=&#8221;https:\/\/little-boards.com\/pt-pt\/guia\/die-richtige-skateboard-groesse-fuer-kinder-finden-little-boards\/&#8221; padding_top=&#8221;10&#8243; padding_bottom=&#8221;10&#8243; padding_left=&#8221;20&#8243; padding_right=&#8221;20&#8243; font_size_desktop=&#8221;16&#8243; font_size_tablet=&#8221;16&#8243; font_size_phone=&#8221;16&#8243; aria_label_text=&#8221;Gr\u00f6\u00dfen Guide&#8221;][\/vc_column][\/vc_row][vc_row type=&#8221;in_container&#8221; full_screen_row_position=&#8221;middle&#8221; column_margin=&#8221;default&#8221; column_direction=&#8221;default&#8221; column_direction_tablet=&#8221;default&#8221; column_direction_phone=&#8221;default&#8221; scene_position=&#8221;center&#8221; text_color=&#8221;dark&#8221; text_align=&#8221;left&#8221; row_border_radius=&#8221;none&#8221; row_border_radius_applies=&#8221;bg&#8221; overflow=&#8221;visible&#8221; overlay_strength=&#8221;0.3&#8243; gradient_direction=&#8221;left_to_right&#8221; shape_divider_position=&#8221;bottom&#8221; bg_image_animation=&#8221;none&#8221;][vc_column column_padding=&#8221;no-extra-padding&#8221; column_padding_tablet=&#8221;inherit&#8221; column_padding_phone=&#8221;inherit&#8221; column_padding_position=&#8221;all&#8221; column_element_direction_desktop=&#8221;default&#8221; column_element_spacing=&#8221;default&#8221; desktop_text_alignment=&#8221;default&#8221; tablet_text_alignment=&#8221;default&#8221; phone_text_alignment=&#8221;default&#8221; background_color_opacity=&#8221;1&#8243; background_hover_color_opacity=&#8221;1&#8243; column_backdrop_filter=&#8221;none&#8221; column_shadow=&#8221;none&#8221; column_border_radius=&#8221;none&#8221; column_link_target=&#8221;_self&#8221; column_position=&#8221;default&#8221; gradient_direction=&#8221;left_to_right&#8221; overlay_strength=&#8221;0.3&#8243; width=&#8221;1\/1&#8243; tablet_width_inherit=&#8221;default&#8221; animation_type=&#8221;default&#8221; bg_image_animation=&#8221;none&#8221; border_type=&#8221;simple&#8221; column_border_width=&#8221;none&#8221; column_border_style=&#8221;solid&#8221;][divider line_type=&#8221;No Line&#8221; custom_height=&#8221;10&#8243; custom_height_tablet=&#8221;10&#8243; custom_height_phone=&#8221;10&#8243;][toggles style=&#8221;default&#8221; border_radius=&#8221;none&#8221;][toggle color=&#8221;Default&#8221; heading_tag=&#8221;default&#8221; heading_tag_functionality=&#8221;default&#8221; title=&#8221;Detalhes do fabricante&#8221;][vc_column_text css=&#8221;&#8221; text_direction=&#8221;default&#8221;]\n[\/vc_column_text][vc_column_text][\/vc_column_text][\/toggle][toggle color=&#8221;Default&#8221; heading_tag=&#8221;default&#8221; heading_tag_functionality=&#8221;default&#8221; title=&#8221;Regulamentos de seguran\u00e7a&#8221;][vc_column_text css=&#8221;&#8221; text_direction=&#8221;default&#8221;]\n\n\n[\/vc_column_text][\/toggle][\/toggles][\/vc_column][\/vc_row]\n","protected":false},"excerpt":{"rendered":"<p>[vc_row type=&#8221;in_container&#8221; full_screen_row_position=&#8221;middle&#8221; column_margin=&#8221;default&#8221; column_direction=&#8221;default&#8221; column_direction_tablet=&#8221;default&#8221; column_direction_phone=&#8221;default&#8221; scene_position=&#8221;center&#8221; text_color=&#8221;dark&#8221; text_align=&#8221;left&#8221; row_border_radius=&#8221;none&#8221; row_border_radius_applies=&#8221;bg&#8221; overflow=&#8221;visible&#8221; overlay_strength=&#8221;0.3&#8243; gradient_direction=&#8221;left_to_right&#8221; shape_divider_position=&#8221;bottom&#8221; bg_image_animation=&#8221;none&#8221; gradient_type=&#8221;default&#8221; shape_type=&#8221;&#8221;][vc_column column_padding=&#8221;no-extra-padding&#8221; column_padding_tablet=&#8221;inherit&#8221; column_padding_phone=&#8221;inherit&#8221; column_padding_position=&#8221;all&#8221; column_element_direction_desktop=&#8221;default&#8221; column_element_spacing=&#8221;default&#8221; desktop_text_alignment=&#8221;default&#8221; tablet_text_alignment=&#8221;default&#8221; phone_text_alignment=&#8221;default&#8221; background_color_opacity=&#8221;1&#8243; background_hover_color_opacity=&#8221;1&#8243;&#8230;<\/p>\n","protected":false},"featured_media":6486,"template":"","meta":{"inline_featured_image":false},"product_brand":[],"product_cat":[160],"product_tag":[],"class_list":{"0":"post-6314","1":"product","2":"type-product","3":"status-publish","4":"has-post-thumbnail","6":"product_cat-skateboards-8-11-anos","8":"first","9":"instock","10":"taxable","11":"shipping-taxable","12":"purchasable","13":"product-type-simple"},"yoast_head":"<!-- This site is optimized with the Yoast SEO plugin v27.4 - https:\/\/yoast.com\/product\/yoast-seo-wordpress\/ -->\n<title>Skateboard para crian\u00e7as \u2013 Little Boards \u201cBicycle\u201d a partir dos 8 anos<\/title>\n<meta name=\"description\" content=\"Little Boards \u201cBicycle\u201d \u2013 Skateboard infantil de 7,25 polegadas, ideal para crian\u00e7as a partir dos 8 anos. Seguro, leve e perfeito para as primeiras tentativas.\" \/>\n<meta name=\"robots\" content=\"index, follow, max-snippet:-1, max-image-preview:large, max-video-preview:-1\" \/>\n<link rel=\"canonical\" href=\"https:\/\/little-boards.com\/pt-pt\/shop\/bicycle-kinder-skateboard-7-25-zoll\/\" \/>\n<meta property=\"og:locale\" content=\"pt_PT\" \/>\n<meta property=\"og:type\" content=\"article\" \/>\n<meta property=\"og:title\" content=\"Skateboard para crian\u00e7as \u2013 Little Boards \u201cBicycle\u201d a partir dos 8 anos\" \/>\n<meta property=\"og:description\" content=\"Little Boards \u201cBicycle\u201d \u2013 Skateboard infantil de 7,25 polegadas, ideal para crian\u00e7as a partir dos 8 anos. Seguro, leve e perfeito para as primeiras tentativas.\" \/>\n<meta property=\"og:url\" content=\"https:\/\/little-boards.com\/pt-pt\/shop\/bicycle-kinder-skateboard-7-25-zoll\/\" \/>\n<meta property=\"og:site_name\" content=\"Little Boards Skateboards\" \/>\n<meta property=\"article:modified_time\" content=\"2025-10-12T21:16:54+00:00\" \/>\n<meta property=\"og:image\" content=\"https:\/\/little-boards.com\/wp-content\/uploads\/2025\/10\/Little-Boards-Bycicle-Kinder-Skateboard-01-sq.jpg\" \/>\n\t<meta property=\"og:image:width\" content=\"1000\" \/>\n\t<meta property=\"og:image:height\" content=\"1300\" \/>\n\t<meta property=\"og:image:type\" content=\"image\/jpeg\" \/>\n<meta name=\"twitter:card\" content=\"summary_large_image\" \/>\n<meta name=\"twitter:label1\" content=\"Tempo estimado de leitura\" \/>\n\t<meta name=\"twitter:data1\" content=\"6 minutos\" \/>\n<script type=\"application\/ld+json\" class=\"yoast-schema-graph\">{\"@context\":\"https:\\\/\\\/schema.org\",\"@graph\":[{\"@type\":\"WebPage\",\"@id\":\"https:\\\/\\\/little-boards.com\\\/pt-pt\\\/shop\\\/bicycle-kinder-skateboard-7-25-zoll\\\/\",\"url\":\"https:\\\/\\\/little-boards.com\\\/pt-pt\\\/shop\\\/bicycle-kinder-skateboard-7-25-zoll\\\/\",\"name\":\"Skateboard para crian\u00e7as \u2013 Little Boards \u201cBicycle\u201d a partir dos 8 anos\",\"isPartOf\":{\"@id\":\"https:\\\/\\\/little-boards.com\\\/pt-pt\\\/#website\"},\"primaryImageOfPage\":{\"@id\":\"https:\\\/\\\/little-boards.com\\\/pt-pt\\\/shop\\\/bicycle-kinder-skateboard-7-25-zoll\\\/#primaryimage\"},\"image\":{\"@id\":\"https:\\\/\\\/little-boards.com\\\/pt-pt\\\/shop\\\/bicycle-kinder-skateboard-7-25-zoll\\\/#primaryimage\"},\"thumbnailUrl\":\"https:\\\/\\\/little-boards.com\\\/wp-content\\\/uploads\\\/2025\\\/10\\\/Little-Boards-Bycicle-Kinder-Skateboard-01-sq.jpg\",\"datePublished\":\"2025-10-09T10:03:56+00:00\",\"dateModified\":\"2025-10-12T21:16:54+00:00\",\"description\":\"Little Boards \u201cBicycle\u201d \u2013 Skateboard infantil de 7,25 polegadas, ideal para crian\u00e7as a partir dos 8 anos. Seguro, leve e perfeito para as primeiras tentativas.\",\"breadcrumb\":{\"@id\":\"https:\\\/\\\/little-boards.com\\\/pt-pt\\\/shop\\\/bicycle-kinder-skateboard-7-25-zoll\\\/#breadcrumb\"},\"inLanguage\":\"pt-PT\",\"potentialAction\":[{\"@type\":\"ReadAction\",\"target\":[\"https:\\\/\\\/little-boards.com\\\/pt-pt\\\/shop\\\/bicycle-kinder-skateboard-7-25-zoll\\\/\"]}]},{\"@type\":\"ImageObject\",\"inLanguage\":\"pt-PT\",\"@id\":\"https:\\\/\\\/little-boards.com\\\/pt-pt\\\/shop\\\/bicycle-kinder-skateboard-7-25-zoll\\\/#primaryimage\",\"url\":\"https:\\\/\\\/little-boards.com\\\/wp-content\\\/uploads\\\/2025\\\/10\\\/Little-Boards-Bycicle-Kinder-Skateboard-01-sq.jpg\",\"contentUrl\":\"https:\\\/\\\/little-boards.com\\\/wp-content\\\/uploads\\\/2025\\\/10\\\/Little-Boards-Bycicle-Kinder-Skateboard-01-sq.jpg\",\"width\":1000,\"height\":1300,\"caption\":\"LB Bycicle\"},{\"@type\":\"BreadcrumbList\",\"@id\":\"https:\\\/\\\/little-boards.com\\\/pt-pt\\\/shop\\\/bicycle-kinder-skateboard-7-25-zoll\\\/#breadcrumb\",\"itemListElement\":[{\"@type\":\"ListItem\",\"position\":1,\"name\":\"P\u00e1gina inicial\",\"item\":\"https:\\\/\\\/little-boards.com\\\/pt-pt\\\/skateboard-fuer-kinder-little-boards-anfaenger-3-11-jahre\\\/\"},{\"@type\":\"ListItem\",\"position\":2,\"name\":\"Loja\",\"item\":\"https:\\\/\\\/little-boards.com\\\/pt-pt\\\/loja\\\/\"},{\"@type\":\"ListItem\",\"position\":3,\"name\":\"Bicycle \u2013 Skateboard infantil de 7,25 polegadas\"}]},{\"@type\":\"WebSite\",\"@id\":\"https:\\\/\\\/little-boards.com\\\/pt-pt\\\/#website\",\"url\":\"https:\\\/\\\/little-boards.com\\\/pt-pt\\\/\",\"name\":\"Little Boards Skateboards\",\"description\":\"real boards for real kids\",\"publisher\":{\"@id\":\"https:\\\/\\\/little-boards.com\\\/pt-pt\\\/#organization\"},\"alternateName\":\"Kinder-Skateboards\",\"potentialAction\":[{\"@type\":\"SearchAction\",\"target\":{\"@type\":\"EntryPoint\",\"urlTemplate\":\"https:\\\/\\\/little-boards.com\\\/pt-pt\\\/?s={search_term_string}\"},\"query-input\":{\"@type\":\"PropertyValueSpecification\",\"valueRequired\":true,\"valueName\":\"search_term_string\"}}],\"inLanguage\":\"pt-PT\"},{\"@type\":\"Organization\",\"@id\":\"https:\\\/\\\/little-boards.com\\\/pt-pt\\\/#organization\",\"name\":\"Little Boards Skateboards\",\"url\":\"https:\\\/\\\/little-boards.com\\\/pt-pt\\\/\",\"logo\":{\"@type\":\"ImageObject\",\"inLanguage\":\"pt-PT\",\"@id\":\"https:\\\/\\\/little-boards.com\\\/pt-pt\\\/#\\\/schema\\\/logo\\\/image\\\/\",\"url\":\"https:\\\/\\\/little-boards.com\\\/wp-content\\\/uploads\\\/2025\\\/05\\\/LB-Bubble-Logo-003.svg\",\"contentUrl\":\"https:\\\/\\\/little-boards.com\\\/wp-content\\\/uploads\\\/2025\\\/05\\\/LB-Bubble-Logo-003.svg\",\"width\":\"1024\",\"height\":\"1024\",\"caption\":\"Little Boards Skateboards\"},\"image\":{\"@id\":\"https:\\\/\\\/little-boards.com\\\/pt-pt\\\/#\\\/schema\\\/logo\\\/image\\\/\"}}]}<\/script>\n<!-- \/ Yoast SEO plugin. -->","yoast_head_json":{"title":"Skateboard para crian\u00e7as \u2013 Little Boards \u201cBicycle\u201d a partir dos 8 anos","description":"Little Boards \u201cBicycle\u201d \u2013 Skateboard infantil de 7,25 polegadas, ideal para crian\u00e7as a partir dos 8 anos. Seguro, leve e perfeito para as primeiras tentativas.","robots":{"index":"index","follow":"follow","max-snippet":"max-snippet:-1","max-image-preview":"max-image-preview:large","max-video-preview":"max-video-preview:-1"},"canonical":"https:\/\/little-boards.com\/pt-pt\/shop\/bicycle-kinder-skateboard-7-25-zoll\/","og_locale":"pt_PT","og_type":"article","og_title":"Skateboard para crian\u00e7as \u2013 Little Boards \u201cBicycle\u201d a partir dos 8 anos","og_description":"Little Boards \u201cBicycle\u201d \u2013 Skateboard infantil de 7,25 polegadas, ideal para crian\u00e7as a partir dos 8 anos. Seguro, leve e perfeito para as primeiras tentativas.","og_url":"https:\/\/little-boards.com\/pt-pt\/shop\/bicycle-kinder-skateboard-7-25-zoll\/","og_site_name":"Little Boards Skateboards","article_modified_time":"2025-10-12T21:16:54+00:00","og_image":[{"width":1000,"height":1300,"url":"https:\/\/little-boards.com\/wp-content\/uploads\/2025\/10\/Little-Boards-Bycicle-Kinder-Skateboard-01-sq.jpg","type":"image\/jpeg"}],"twitter_card":"summary_large_image","twitter_misc":{"Tempo estimado de leitura":"6 minutos"},"schema":{"@context":"https:\/\/schema.org","@graph":[{"@type":"WebPage","@id":"https:\/\/little-boards.com\/pt-pt\/shop\/bicycle-kinder-skateboard-7-25-zoll\/","url":"https:\/\/little-boards.com\/pt-pt\/shop\/bicycle-kinder-skateboard-7-25-zoll\/","name":"Skateboard para crian\u00e7as \u2013 Little Boards \u201cBicycle\u201d a partir dos 8 anos","isPartOf":{"@id":"https:\/\/little-boards.com\/pt-pt\/#website"},"primaryImageOfPage":{"@id":"https:\/\/little-boards.com\/pt-pt\/shop\/bicycle-kinder-skateboard-7-25-zoll\/#primaryimage"},"image":{"@id":"https:\/\/little-boards.com\/pt-pt\/shop\/bicycle-kinder-skateboard-7-25-zoll\/#primaryimage"},"thumbnailUrl":"https:\/\/little-boards.com\/wp-content\/uploads\/2025\/10\/Little-Boards-Bycicle-Kinder-Skateboard-01-sq.jpg","datePublished":"2025-10-09T10:03:56+00:00","dateModified":"2025-10-12T21:16:54+00:00","description":"Little Boards \u201cBicycle\u201d \u2013 Skateboard infantil de 7,25 polegadas, ideal para crian\u00e7as a partir dos 8 anos. Seguro, leve e perfeito para as primeiras tentativas.","breadcrumb":{"@id":"https:\/\/little-boards.com\/pt-pt\/shop\/bicycle-kinder-skateboard-7-25-zoll\/#breadcrumb"},"inLanguage":"pt-PT","potentialAction":[{"@type":"ReadAction","target":["https:\/\/little-boards.com\/pt-pt\/shop\/bicycle-kinder-skateboard-7-25-zoll\/"]}]},{"@type":"ImageObject","inLanguage":"pt-PT","@id":"https:\/\/little-boards.com\/pt-pt\/shop\/bicycle-kinder-skateboard-7-25-zoll\/#primaryimage","url":"https:\/\/little-boards.com\/wp-content\/uploads\/2025\/10\/Little-Boards-Bycicle-Kinder-Skateboard-01-sq.jpg","contentUrl":"https:\/\/little-boards.com\/wp-content\/uploads\/2025\/10\/Little-Boards-Bycicle-Kinder-Skateboard-01-sq.jpg","width":1000,"height":1300,"caption":"LB Bycicle"},{"@type":"BreadcrumbList","@id":"https:\/\/little-boards.com\/pt-pt\/shop\/bicycle-kinder-skateboard-7-25-zoll\/#breadcrumb","itemListElement":[{"@type":"ListItem","position":1,"name":"P\u00e1gina inicial","item":"https:\/\/little-boards.com\/pt-pt\/skateboard-fuer-kinder-little-boards-anfaenger-3-11-jahre\/"},{"@type":"ListItem","position":2,"name":"Loja","item":"https:\/\/little-boards.com\/pt-pt\/loja\/"},{"@type":"ListItem","position":3,"name":"Bicycle \u2013 Skateboard infantil de 7,25 polegadas"}]},{"@type":"WebSite","@id":"https:\/\/little-boards.com\/pt-pt\/#website","url":"https:\/\/little-boards.com\/pt-pt\/","name":"Little Boards Skateboards","description":"real boards for real kids","publisher":{"@id":"https:\/\/little-boards.com\/pt-pt\/#organization"},"alternateName":"Kinder-Skateboards","potentialAction":[{"@type":"SearchAction","target":{"@type":"EntryPoint","urlTemplate":"https:\/\/little-boards.com\/pt-pt\/?s={search_term_string}"},"query-input":{"@type":"PropertyValueSpecification","valueRequired":true,"valueName":"search_term_string"}}],"inLanguage":"pt-PT"},{"@type":"Organization","@id":"https:\/\/little-boards.com\/pt-pt\/#organization","name":"Little Boards Skateboards","url":"https:\/\/little-boards.com\/pt-pt\/","logo":{"@type":"ImageObject","inLanguage":"pt-PT","@id":"https:\/\/little-boards.com\/pt-pt\/#\/schema\/logo\/image\/","url":"https:\/\/little-boards.com\/wp-content\/uploads\/2025\/05\/LB-Bubble-Logo-003.svg","contentUrl":"https:\/\/little-boards.com\/wp-content\/uploads\/2025\/05\/LB-Bubble-Logo-003.svg","width":"1024","height":"1024","caption":"Little Boards Skateboards"},"image":{"@id":"https:\/\/little-boards.com\/pt-pt\/#\/schema\/logo\/image\/"}}]}},"_links":{"self":[{"href":"https:\/\/little-boards.com\/pt-pt\/wp-json\/wp\/v2\/product\/6314","targetHints":{"allow":["GET"]}}],"collection":[{"href":"https:\/\/little-boards.com\/pt-pt\/wp-json\/wp\/v2\/product"}],"about":[{"href":"https:\/\/little-boards.com\/pt-pt\/wp-json\/wp\/v2\/types\/product"}],"wp:featuredmedia":[{"embeddable":true,"href":"https:\/\/little-boards.com\/pt-pt\/wp-json\/wp\/v2\/media\/6486"}],"wp:attachment":[{"href":"https:\/\/little-boards.com\/pt-pt\/wp-json\/wp\/v2\/media?parent=6314"}],"wp:term":[{"taxonomy":"product_brand","embeddable":true,"href":"https:\/\/little-boards.com\/pt-pt\/wp-json\/wp\/v2\/product_brand?post=6314"},{"taxonomy":"product_cat","embeddable":true,"href":"https:\/\/little-boards.com\/pt-pt\/wp-json\/wp\/v2\/product_cat?post=6314"},{"taxonomy":"product_tag","embeddable":true,"href":"https:\/\/little-boards.com\/pt-pt\/wp-json\/wp\/v2\/product_tag?post=6314"}],"curies":[{"name":"wp","href":"https:\/\/api.w.org\/{rel}","templated":true}]}}