

{"id":6095,"date":"2020-06-24T14:55:36","date_gmt":"2020-06-24T12:55:36","guid":{"rendered":"https:\/\/little-boards.com\/shop\/tsg-protection-set-junior\/"},"modified":"2025-10-23T14:20:25","modified_gmt":"2025-10-23T12:20:25","slug":"tsg-protection-set-junior","status":"publish","type":"product","link":"https:\/\/little-boards.com\/pt-pt\/shop\/tsg-protection-set-junior\/","title":{"rendered":"Conjunto de Prote\u00e7\u00e3o TSG Junior"},"content":{"rendered":"<p>O conjunto de prote\u00e7\u00e3o b\u00e1sico TSG Junior para principiantes consiste num par de prote\u00e7\u00f5es de pulso, cotoveleiras e joelheiras. As cotoveleiras e joelheiras s\u00e3o acolchoadas com espuma EVA e possuem tampas de pl\u00e1stico PE resistentes. As prote\u00e7\u00f5es de pulso protegem as palmas das m\u00e3os e o pulso atrav\u00e9s de uma tala de pl\u00e1stico com design pull-over envolvente.  <\/p>\n<p>&#8211; design elegante e pr\u00e9-moldado anatomicamente<br \/>\n&#8211; Acolchoamento em EVA que absorve o choque<br \/>\n&#8211; Tampa fixa para joelhos e cotovelos<br \/>\n&#8211; Fechos de velcro para ajuste de tamanho individual<br \/>\n&#8211; Prote\u00e7\u00f5es de pulso com talas de pl\u00e1stico substitu\u00edveis<br \/>\n&#8211; Palmas das m\u00e3os em pele sint\u00e9tica<br \/>\n&#8211; 3 fechos de velcro ajust\u00e1veis individualmente<\/p>\n","protected":false},"excerpt":{"rendered":"<p>O conjunto de prote\u00e7\u00e3o b\u00e1sico TSG Junior para principiantes consiste num par de prote\u00e7\u00f5es de pulso, cotoveleiras e joelheiras. As cotoveleiras e joelheiras s\u00e3o acolchoadas com espuma EVA e possuem&#8230;<\/p>\n","protected":false},"featured_media":9019,"template":"","meta":{"inline_featured_image":false},"product_brand":[],"product_cat":[199],"product_tag":[],"class_list":{"0":"post-6095","1":"product","2":"type-product","3":"status-publish","4":"has-post-thumbnail","6":"product_cat-acessorios","8":"first","9":"outofstock","10":"taxable","11":"shipping-taxable","12":"purchasable","13":"product-type-simple"},"yoast_head":"<!-- This site is optimized with the Yoast SEO plugin v27.4 - https:\/\/yoast.com\/product\/yoast-seo-wordpress\/ -->\n<title>Conjunto de Prote\u00e7\u00e3o TSG Junior - Little Boards Skateboards<\/title>\n<meta name=\"robots\" content=\"index, follow, max-snippet:-1, max-image-preview:large, max-video-preview:-1\" \/>\n<link rel=\"canonical\" href=\"https:\/\/little-boards.com\/pt-pt\/shop\/tsg-protection-set-junior\/\" \/>\n<meta property=\"og:locale\" content=\"pt_PT\" \/>\n<meta property=\"og:type\" content=\"article\" \/>\n<meta property=\"og:title\" content=\"Conjunto de Prote\u00e7\u00e3o TSG Junior - Little Boards Skateboards\" \/>\n<meta property=\"og:description\" content=\"O conjunto de prote\u00e7\u00e3o b\u00e1sico TSG Junior para principiantes consiste num par de prote\u00e7\u00f5es de pulso, cotoveleiras e joelheiras. As cotoveleiras e joelheiras s\u00e3o acolchoadas com espuma EVA e possuem...\" \/>\n<meta property=\"og:url\" content=\"https:\/\/little-boards.com\/pt-pt\/shop\/tsg-protection-set-junior\/\" \/>\n<meta property=\"og:site_name\" content=\"Little Boards Skateboards\" \/>\n<meta property=\"article:modified_time\" content=\"2025-10-23T12:20:25+00:00\" \/>\n<meta property=\"og:image\" content=\"https:\/\/little-boards.com\/wp-content\/uploads\/2020\/06\/tsg-protection-set-junior-black.jpg\" \/>\n\t<meta property=\"og:image:width\" content=\"1000\" \/>\n\t<meta property=\"og:image:height\" content=\"1300\" \/>\n\t<meta property=\"og:image:type\" content=\"image\/jpeg\" \/>\n<meta name=\"twitter:card\" content=\"summary_large_image\" \/>\n<meta name=\"twitter:label1\" content=\"Tempo estimado de leitura\" \/>\n\t<meta name=\"twitter:data1\" content=\"1 minuto\" \/>\n<script type=\"application\/ld+json\" class=\"yoast-schema-graph\">{\"@context\":\"https:\\\/\\\/schema.org\",\"@graph\":[{\"@type\":\"WebPage\",\"@id\":\"https:\\\/\\\/little-boards.com\\\/pt-pt\\\/shop\\\/tsg-protection-set-junior\\\/\",\"url\":\"https:\\\/\\\/little-boards.com\\\/pt-pt\\\/shop\\\/tsg-protection-set-junior\\\/\",\"name\":\"Conjunto de Prote\u00e7\u00e3o TSG Junior - Little Boards Skateboards\",\"isPartOf\":{\"@id\":\"https:\\\/\\\/little-boards.com\\\/pt-pt\\\/#website\"},\"primaryImageOfPage\":{\"@id\":\"https:\\\/\\\/little-boards.com\\\/pt-pt\\\/shop\\\/tsg-protection-set-junior\\\/#primaryimage\"},\"image\":{\"@id\":\"https:\\\/\\\/little-boards.com\\\/pt-pt\\\/shop\\\/tsg-protection-set-junior\\\/#primaryimage\"},\"thumbnailUrl\":\"https:\\\/\\\/little-boards.com\\\/wp-content\\\/uploads\\\/2026\\\/03\\\/1209808_Product.jpg\",\"datePublished\":\"2020-06-24T12:55:36+00:00\",\"dateModified\":\"2025-10-23T12:20:25+00:00\",\"breadcrumb\":{\"@id\":\"https:\\\/\\\/little-boards.com\\\/pt-pt\\\/shop\\\/tsg-protection-set-junior\\\/#breadcrumb\"},\"inLanguage\":\"pt-PT\",\"potentialAction\":[{\"@type\":\"ReadAction\",\"target\":[\"https:\\\/\\\/little-boards.com\\\/pt-pt\\\/shop\\\/tsg-protection-set-junior\\\/\"]}]},{\"@type\":\"ImageObject\",\"inLanguage\":\"pt-PT\",\"@id\":\"https:\\\/\\\/little-boards.com\\\/pt-pt\\\/shop\\\/tsg-protection-set-junior\\\/#primaryimage\",\"url\":\"https:\\\/\\\/little-boards.com\\\/wp-content\\\/uploads\\\/2026\\\/03\\\/1209808_Product.jpg\",\"contentUrl\":\"https:\\\/\\\/little-boards.com\\\/wp-content\\\/uploads\\\/2026\\\/03\\\/1209808_Product.jpg\",\"width\":418,\"height\":600,\"caption\":\"TSG-Schoner-Sets-Basic-Protection-Set-black-Vorderansicht_600x600.jpg\"},{\"@type\":\"BreadcrumbList\",\"@id\":\"https:\\\/\\\/little-boards.com\\\/pt-pt\\\/shop\\\/tsg-protection-set-junior\\\/#breadcrumb\",\"itemListElement\":[{\"@type\":\"ListItem\",\"position\":1,\"name\":\"P\u00e1gina inicial\",\"item\":\"https:\\\/\\\/little-boards.com\\\/pt-pt\\\/skateboard-fuer-kinder-little-boards-anfaenger-3-11-jahre\\\/\"},{\"@type\":\"ListItem\",\"position\":2,\"name\":\"Loja\",\"item\":\"https:\\\/\\\/little-boards.com\\\/pt-pt\\\/loja\\\/\"},{\"@type\":\"ListItem\",\"position\":3,\"name\":\"Conjunto de Prote\u00e7\u00e3o TSG Junior\"}]},{\"@type\":\"WebSite\",\"@id\":\"https:\\\/\\\/little-boards.com\\\/pt-pt\\\/#website\",\"url\":\"https:\\\/\\\/little-boards.com\\\/pt-pt\\\/\",\"name\":\"Little Boards Skateboards\",\"description\":\"real boards for real kids\",\"publisher\":{\"@id\":\"https:\\\/\\\/little-boards.com\\\/pt-pt\\\/#organization\"},\"alternateName\":\"Kinder-Skateboards\",\"potentialAction\":[{\"@type\":\"SearchAction\",\"target\":{\"@type\":\"EntryPoint\",\"urlTemplate\":\"https:\\\/\\\/little-boards.com\\\/pt-pt\\\/?s={search_term_string}\"},\"query-input\":{\"@type\":\"PropertyValueSpecification\",\"valueRequired\":true,\"valueName\":\"search_term_string\"}}],\"inLanguage\":\"pt-PT\"},{\"@type\":\"Organization\",\"@id\":\"https:\\\/\\\/little-boards.com\\\/pt-pt\\\/#organization\",\"name\":\"Little Boards Skateboards\",\"url\":\"https:\\\/\\\/little-boards.com\\\/pt-pt\\\/\",\"logo\":{\"@type\":\"ImageObject\",\"inLanguage\":\"pt-PT\",\"@id\":\"https:\\\/\\\/little-boards.com\\\/pt-pt\\\/#\\\/schema\\\/logo\\\/image\\\/\",\"url\":\"https:\\\/\\\/little-boards.com\\\/wp-content\\\/uploads\\\/2025\\\/05\\\/LB-Bubble-Logo-003.svg\",\"contentUrl\":\"https:\\\/\\\/little-boards.com\\\/wp-content\\\/uploads\\\/2025\\\/05\\\/LB-Bubble-Logo-003.svg\",\"width\":\"1024\",\"height\":\"1024\",\"caption\":\"Little Boards Skateboards\"},\"image\":{\"@id\":\"https:\\\/\\\/little-boards.com\\\/pt-pt\\\/#\\\/schema\\\/logo\\\/image\\\/\"}}]}<\/script>\n<!-- \/ Yoast SEO plugin. -->","yoast_head_json":{"title":"Conjunto de Prote\u00e7\u00e3o TSG Junior - Little Boards Skateboards","robots":{"index":"index","follow":"follow","max-snippet":"max-snippet:-1","max-image-preview":"max-image-preview:large","max-video-preview":"max-video-preview:-1"},"canonical":"https:\/\/little-boards.com\/pt-pt\/shop\/tsg-protection-set-junior\/","og_locale":"pt_PT","og_type":"article","og_title":"Conjunto de Prote\u00e7\u00e3o TSG Junior - Little Boards Skateboards","og_description":"O conjunto de prote\u00e7\u00e3o b\u00e1sico TSG Junior para principiantes consiste num par de prote\u00e7\u00f5es de pulso, cotoveleiras e joelheiras. As cotoveleiras e joelheiras s\u00e3o acolchoadas com espuma EVA e possuem...","og_url":"https:\/\/little-boards.com\/pt-pt\/shop\/tsg-protection-set-junior\/","og_site_name":"Little Boards Skateboards","article_modified_time":"2025-10-23T12:20:25+00:00","og_image":[{"width":1000,"height":1300,"url":"https:\/\/little-boards.com\/wp-content\/uploads\/2020\/06\/tsg-protection-set-junior-black.jpg","type":"image\/jpeg"}],"twitter_card":"summary_large_image","twitter_misc":{"Tempo estimado de leitura":"1 minuto"},"schema":{"@context":"https:\/\/schema.org","@graph":[{"@type":"WebPage","@id":"https:\/\/little-boards.com\/pt-pt\/shop\/tsg-protection-set-junior\/","url":"https:\/\/little-boards.com\/pt-pt\/shop\/tsg-protection-set-junior\/","name":"Conjunto de Prote\u00e7\u00e3o TSG Junior - Little Boards Skateboards","isPartOf":{"@id":"https:\/\/little-boards.com\/pt-pt\/#website"},"primaryImageOfPage":{"@id":"https:\/\/little-boards.com\/pt-pt\/shop\/tsg-protection-set-junior\/#primaryimage"},"image":{"@id":"https:\/\/little-boards.com\/pt-pt\/shop\/tsg-protection-set-junior\/#primaryimage"},"thumbnailUrl":"https:\/\/little-boards.com\/wp-content\/uploads\/2026\/03\/1209808_Product.jpg","datePublished":"2020-06-24T12:55:36+00:00","dateModified":"2025-10-23T12:20:25+00:00","breadcrumb":{"@id":"https:\/\/little-boards.com\/pt-pt\/shop\/tsg-protection-set-junior\/#breadcrumb"},"inLanguage":"pt-PT","potentialAction":[{"@type":"ReadAction","target":["https:\/\/little-boards.com\/pt-pt\/shop\/tsg-protection-set-junior\/"]}]},{"@type":"ImageObject","inLanguage":"pt-PT","@id":"https:\/\/little-boards.com\/pt-pt\/shop\/tsg-protection-set-junior\/#primaryimage","url":"https:\/\/little-boards.com\/wp-content\/uploads\/2026\/03\/1209808_Product.jpg","contentUrl":"https:\/\/little-boards.com\/wp-content\/uploads\/2026\/03\/1209808_Product.jpg","width":418,"height":600,"caption":"TSG-Schoner-Sets-Basic-Protection-Set-black-Vorderansicht_600x600.jpg"},{"@type":"BreadcrumbList","@id":"https:\/\/little-boards.com\/pt-pt\/shop\/tsg-protection-set-junior\/#breadcrumb","itemListElement":[{"@type":"ListItem","position":1,"name":"P\u00e1gina inicial","item":"https:\/\/little-boards.com\/pt-pt\/skateboard-fuer-kinder-little-boards-anfaenger-3-11-jahre\/"},{"@type":"ListItem","position":2,"name":"Loja","item":"https:\/\/little-boards.com\/pt-pt\/loja\/"},{"@type":"ListItem","position":3,"name":"Conjunto de Prote\u00e7\u00e3o TSG Junior"}]},{"@type":"WebSite","@id":"https:\/\/little-boards.com\/pt-pt\/#website","url":"https:\/\/little-boards.com\/pt-pt\/","name":"Little Boards Skateboards","description":"real boards for real kids","publisher":{"@id":"https:\/\/little-boards.com\/pt-pt\/#organization"},"alternateName":"Kinder-Skateboards","potentialAction":[{"@type":"SearchAction","target":{"@type":"EntryPoint","urlTemplate":"https:\/\/little-boards.com\/pt-pt\/?s={search_term_string}"},"query-input":{"@type":"PropertyValueSpecification","valueRequired":true,"valueName":"search_term_string"}}],"inLanguage":"pt-PT"},{"@type":"Organization","@id":"https:\/\/little-boards.com\/pt-pt\/#organization","name":"Little Boards Skateboards","url":"https:\/\/little-boards.com\/pt-pt\/","logo":{"@type":"ImageObject","inLanguage":"pt-PT","@id":"https:\/\/little-boards.com\/pt-pt\/#\/schema\/logo\/image\/","url":"https:\/\/little-boards.com\/wp-content\/uploads\/2025\/05\/LB-Bubble-Logo-003.svg","contentUrl":"https:\/\/little-boards.com\/wp-content\/uploads\/2025\/05\/LB-Bubble-Logo-003.svg","width":"1024","height":"1024","caption":"Little Boards Skateboards"},"image":{"@id":"https:\/\/little-boards.com\/pt-pt\/#\/schema\/logo\/image\/"}}]}},"_links":{"self":[{"href":"https:\/\/little-boards.com\/pt-pt\/wp-json\/wp\/v2\/product\/6095","targetHints":{"allow":["GET"]}}],"collection":[{"href":"https:\/\/little-boards.com\/pt-pt\/wp-json\/wp\/v2\/product"}],"about":[{"href":"https:\/\/little-boards.com\/pt-pt\/wp-json\/wp\/v2\/types\/product"}],"wp:featuredmedia":[{"embeddable":true,"href":"https:\/\/little-boards.com\/pt-pt\/wp-json\/wp\/v2\/media\/9019"}],"wp:attachment":[{"href":"https:\/\/little-boards.com\/pt-pt\/wp-json\/wp\/v2\/media?parent=6095"}],"wp:term":[{"taxonomy":"product_brand","embeddable":true,"href":"https:\/\/little-boards.com\/pt-pt\/wp-json\/wp\/v2\/product_brand?post=6095"},{"taxonomy":"product_cat","embeddable":true,"href":"https:\/\/little-boards.com\/pt-pt\/wp-json\/wp\/v2\/product_cat?post=6095"},{"taxonomy":"product_tag","embeddable":true,"href":"https:\/\/little-boards.com\/pt-pt\/wp-json\/wp\/v2\/product_tag?post=6095"}],"curies":[{"name":"wp","href":"https:\/\/api.w.org\/{rel}","templated":true}]}}