

{"id":3041,"date":"2025-05-30T15:21:59","date_gmt":"2025-05-30T13:21:59","guid":{"rendered":"https:\/\/little-boards.com\/shop\/urban-cruiser-infantil-8-0\/"},"modified":"2025-10-12T23:33:59","modified_gmt":"2025-10-12T21:33:59","slug":"skateboard-fuer-kinder-little-boards-urban-8-0-zoll-cruiser-kork-griptape-ab-3-jahren-auch-im-sitzen","status":"publish","type":"product","link":"https:\/\/little-boards.com\/pt-pt\/shop\/skateboard-fuer-kinder-little-boards-urban-8-0-zoll-cruiser-kork-griptape-ab-3-jahren-auch-im-sitzen\/","title":{"rendered":"Urban &#8211; Cruiser infantil 8.0&#8243;"},"content":{"rendered":"<p>O Little Boards Kids Cruiser \u00e9 um Skateboard Cruiser especialmente concebido para crian\u00e7as at\u00e9 aos 10 anos.<br \/>\nTodos os componentes s\u00e3o produtos de marca de alta qualidade, para que o pai tamb\u00e9m possa andar despreocupadamente com ele.<br \/>\nA \u00e1rea de apoio larga de 8 polegadas (20,23 cm) com corti\u00e7a macia na superf\u00edcie permite uma aproxima\u00e7\u00e3o segura e agrad\u00e1vel ao desporto sobre rodas &#8211; Mesmo sentado e de joelhos.<br \/>\nAs rodas s\u00e3o mais macias do que num Skateboard de rua (83a) e, com os seus 55 mm, tamb\u00e9m passam facilmente por terrenos mais irregulares.<\/p>\n<ul>\n<li><strong>Prancha:<\/strong> Little Boards Urban Cruiser 8&#215;26 Polegadas (20,23 x 66cm)<br \/>\n100% \u00e1cer canadiano, 7ply prensado a frio.<\/li>\n<li><strong>Eixos:<\/strong> Core Trucks 5.25 com Bushings SHR 88a<\/li>\n<li><strong>Rodas:<\/strong> Impact Cruiser Wheels 83a 55mm<\/li>\n<li><strong>Rolamentos:<\/strong> Amp Bearings ABEC 7<\/li>\n<li><strong>Grip:<\/strong> Corti\u00e7a<\/li>\n<\/ul>\n","protected":false},"excerpt":{"rendered":"<p>O Little Boards Kids Cruiser \u00e9 um Skateboard Cruiser especialmente concebido para crian\u00e7as at\u00e9 aos 10 anos. Todos os componentes s\u00e3o produtos de marca de alta qualidade, para que o&#8230;<\/p>\n","protected":false},"featured_media":9903,"template":"","meta":{"inline_featured_image":false},"product_brand":[],"product_cat":[152],"product_tag":[215],"class_list":{"0":"post-3041","1":"product","2":"type-product","3":"status-publish","4":"has-post-thumbnail","6":"product_cat-skateboards-3-5-anos","7":"product_tag-skateboard-pt-pt","9":"first","10":"instock","11":"taxable","12":"shipping-taxable","13":"purchasable","14":"product-type-simple"},"yoast_head":"<!-- This site is optimized with the Yoast SEO plugin v27.4 - https:\/\/yoast.com\/product\/yoast-seo-wordpress\/ -->\n<title>Urban - Cruiser infantil 8.0&quot; - Little Boards Skateboards<\/title>\n<meta name=\"description\" content=\"Little Boards \u201cUrban\u201d \u2013 O Cruiser infantil para as primeiras experi\u00eancias de Skateboard com superf\u00edcie de corti\u00e7a - tamb\u00e9m adequado para andar de Skateboard sentado\" \/>\n<meta name=\"robots\" content=\"index, follow, max-snippet:-1, max-image-preview:large, max-video-preview:-1\" \/>\n<link rel=\"canonical\" href=\"https:\/\/little-boards.com\/pt-pt\/shop\/skateboard-fuer-kinder-little-boards-urban-8-0-zoll-cruiser-kork-griptape-ab-3-jahren-auch-im-sitzen\/\" \/>\n<meta property=\"og:locale\" content=\"pt_PT\" \/>\n<meta property=\"og:type\" content=\"article\" \/>\n<meta property=\"og:title\" content=\"Urban - Cruiser infantil 8.0&quot; - Little Boards Skateboards\" \/>\n<meta property=\"og:description\" content=\"Little Boards \u201cUrban\u201d \u2013 O Cruiser infantil para as primeiras experi\u00eancias de Skateboard com superf\u00edcie de corti\u00e7a - tamb\u00e9m adequado para andar de Skateboard sentado\" \/>\n<meta property=\"og:url\" content=\"https:\/\/little-boards.com\/pt-pt\/shop\/skateboard-fuer-kinder-little-boards-urban-8-0-zoll-cruiser-kork-griptape-ab-3-jahren-auch-im-sitzen\/\" \/>\n<meta property=\"og:site_name\" content=\"Little Boards Skateboards\" \/>\n<meta property=\"article:modified_time\" content=\"2025-10-12T21:33:59+00:00\" \/>\n<meta property=\"og:image\" content=\"https:\/\/little-boards.com\/wp-content\/uploads\/2025\/08\/1217007_Product.jpg\" \/>\n\t<meta property=\"og:image:width\" content=\"1000\" \/>\n\t<meta property=\"og:image:height\" content=\"1300\" \/>\n\t<meta property=\"og:image:type\" content=\"image\/jpeg\" \/>\n<meta name=\"twitter:card\" content=\"summary_large_image\" \/>\n<meta name=\"twitter:label1\" content=\"Tempo estimado de leitura\" \/>\n\t<meta name=\"twitter:data1\" content=\"1 minuto\" \/>\n<script type=\"application\/ld+json\" class=\"yoast-schema-graph\">{\"@context\":\"https:\\\/\\\/schema.org\",\"@graph\":[{\"@type\":\"WebPage\",\"@id\":\"https:\\\/\\\/little-boards.com\\\/pt-pt\\\/shop\\\/skateboard-fuer-kinder-little-boards-urban-8-0-zoll-cruiser-kork-griptape-ab-3-jahren-auch-im-sitzen\\\/\",\"url\":\"https:\\\/\\\/little-boards.com\\\/pt-pt\\\/shop\\\/skateboard-fuer-kinder-little-boards-urban-8-0-zoll-cruiser-kork-griptape-ab-3-jahren-auch-im-sitzen\\\/\",\"name\":\"Urban - Cruiser infantil 8.0\\\" - Little Boards Skateboards\",\"isPartOf\":{\"@id\":\"https:\\\/\\\/little-boards.com\\\/pt-pt\\\/#website\"},\"primaryImageOfPage\":{\"@id\":\"https:\\\/\\\/little-boards.com\\\/pt-pt\\\/shop\\\/skateboard-fuer-kinder-little-boards-urban-8-0-zoll-cruiser-kork-griptape-ab-3-jahren-auch-im-sitzen\\\/#primaryimage\"},\"image\":{\"@id\":\"https:\\\/\\\/little-boards.com\\\/pt-pt\\\/shop\\\/skateboard-fuer-kinder-little-boards-urban-8-0-zoll-cruiser-kork-griptape-ab-3-jahren-auch-im-sitzen\\\/#primaryimage\"},\"thumbnailUrl\":\"https:\\\/\\\/little-boards.com\\\/wp-content\\\/uploads\\\/2026\\\/03\\\/1217007_Product.jpg\",\"datePublished\":\"2025-05-30T13:21:59+00:00\",\"dateModified\":\"2025-10-12T21:33:59+00:00\",\"description\":\"Little Boards \u201cUrban\u201d \u2013 O Cruiser infantil para as primeiras experi\u00eancias de Skateboard com superf\u00edcie de corti\u00e7a - tamb\u00e9m adequado para andar de Skateboard sentado\",\"breadcrumb\":{\"@id\":\"https:\\\/\\\/little-boards.com\\\/pt-pt\\\/shop\\\/skateboard-fuer-kinder-little-boards-urban-8-0-zoll-cruiser-kork-griptape-ab-3-jahren-auch-im-sitzen\\\/#breadcrumb\"},\"inLanguage\":\"pt-PT\",\"potentialAction\":[{\"@type\":\"ReadAction\",\"target\":[\"https:\\\/\\\/little-boards.com\\\/pt-pt\\\/shop\\\/skateboard-fuer-kinder-little-boards-urban-8-0-zoll-cruiser-kork-griptape-ab-3-jahren-auch-im-sitzen\\\/\"]}]},{\"@type\":\"ImageObject\",\"inLanguage\":\"pt-PT\",\"@id\":\"https:\\\/\\\/little-boards.com\\\/pt-pt\\\/shop\\\/skateboard-fuer-kinder-little-boards-urban-8-0-zoll-cruiser-kork-griptape-ab-3-jahren-auch-im-sitzen\\\/#primaryimage\",\"url\":\"https:\\\/\\\/little-boards.com\\\/wp-content\\\/uploads\\\/2026\\\/03\\\/1217007_Product.jpg\",\"contentUrl\":\"https:\\\/\\\/little-boards.com\\\/wp-content\\\/uploads\\\/2026\\\/03\\\/1217007_Product.jpg\",\"width\":1000,\"height\":1300,\"caption\":\"urban-kinder-cruiser-8-0\"},{\"@type\":\"BreadcrumbList\",\"@id\":\"https:\\\/\\\/little-boards.com\\\/pt-pt\\\/shop\\\/skateboard-fuer-kinder-little-boards-urban-8-0-zoll-cruiser-kork-griptape-ab-3-jahren-auch-im-sitzen\\\/#breadcrumb\",\"itemListElement\":[{\"@type\":\"ListItem\",\"position\":1,\"name\":\"P\u00e1gina inicial\",\"item\":\"https:\\\/\\\/little-boards.com\\\/pt-pt\\\/skateboard-fuer-kinder-little-boards-anfaenger-3-11-jahre\\\/\"},{\"@type\":\"ListItem\",\"position\":2,\"name\":\"Loja\",\"item\":\"https:\\\/\\\/little-boards.com\\\/pt-pt\\\/loja\\\/\"},{\"@type\":\"ListItem\",\"position\":3,\"name\":\"Urban &#8211; Cruiser infantil 8.0&#8243;\"}]},{\"@type\":\"WebSite\",\"@id\":\"https:\\\/\\\/little-boards.com\\\/pt-pt\\\/#website\",\"url\":\"https:\\\/\\\/little-boards.com\\\/pt-pt\\\/\",\"name\":\"Little Boards Skateboards\",\"description\":\"real boards for real kids\",\"publisher\":{\"@id\":\"https:\\\/\\\/little-boards.com\\\/pt-pt\\\/#organization\"},\"alternateName\":\"Kinder-Skateboards\",\"potentialAction\":[{\"@type\":\"SearchAction\",\"target\":{\"@type\":\"EntryPoint\",\"urlTemplate\":\"https:\\\/\\\/little-boards.com\\\/pt-pt\\\/?s={search_term_string}\"},\"query-input\":{\"@type\":\"PropertyValueSpecification\",\"valueRequired\":true,\"valueName\":\"search_term_string\"}}],\"inLanguage\":\"pt-PT\"},{\"@type\":\"Organization\",\"@id\":\"https:\\\/\\\/little-boards.com\\\/pt-pt\\\/#organization\",\"name\":\"Little Boards Skateboards\",\"url\":\"https:\\\/\\\/little-boards.com\\\/pt-pt\\\/\",\"logo\":{\"@type\":\"ImageObject\",\"inLanguage\":\"pt-PT\",\"@id\":\"https:\\\/\\\/little-boards.com\\\/pt-pt\\\/#\\\/schema\\\/logo\\\/image\\\/\",\"url\":\"https:\\\/\\\/little-boards.com\\\/wp-content\\\/uploads\\\/2025\\\/05\\\/LB-Bubble-Logo-003.svg\",\"contentUrl\":\"https:\\\/\\\/little-boards.com\\\/wp-content\\\/uploads\\\/2025\\\/05\\\/LB-Bubble-Logo-003.svg\",\"width\":\"1024\",\"height\":\"1024\",\"caption\":\"Little Boards Skateboards\"},\"image\":{\"@id\":\"https:\\\/\\\/little-boards.com\\\/pt-pt\\\/#\\\/schema\\\/logo\\\/image\\\/\"}}]}<\/script>\n<!-- \/ Yoast SEO plugin. -->","yoast_head_json":{"title":"Urban - Cruiser infantil 8.0\" - Little Boards Skateboards","description":"Little Boards \u201cUrban\u201d \u2013 O Cruiser infantil para as primeiras experi\u00eancias de Skateboard com superf\u00edcie de corti\u00e7a - tamb\u00e9m adequado para andar de Skateboard sentado","robots":{"index":"index","follow":"follow","max-snippet":"max-snippet:-1","max-image-preview":"max-image-preview:large","max-video-preview":"max-video-preview:-1"},"canonical":"https:\/\/little-boards.com\/pt-pt\/shop\/skateboard-fuer-kinder-little-boards-urban-8-0-zoll-cruiser-kork-griptape-ab-3-jahren-auch-im-sitzen\/","og_locale":"pt_PT","og_type":"article","og_title":"Urban - Cruiser infantil 8.0\" - Little Boards Skateboards","og_description":"Little Boards \u201cUrban\u201d \u2013 O Cruiser infantil para as primeiras experi\u00eancias de Skateboard com superf\u00edcie de corti\u00e7a - tamb\u00e9m adequado para andar de Skateboard sentado","og_url":"https:\/\/little-boards.com\/pt-pt\/shop\/skateboard-fuer-kinder-little-boards-urban-8-0-zoll-cruiser-kork-griptape-ab-3-jahren-auch-im-sitzen\/","og_site_name":"Little Boards Skateboards","article_modified_time":"2025-10-12T21:33:59+00:00","og_image":[{"width":1000,"height":1300,"url":"https:\/\/little-boards.com\/wp-content\/uploads\/2025\/08\/1217007_Product.jpg","type":"image\/jpeg"}],"twitter_card":"summary_large_image","twitter_misc":{"Tempo estimado de leitura":"1 minuto"},"schema":{"@context":"https:\/\/schema.org","@graph":[{"@type":"WebPage","@id":"https:\/\/little-boards.com\/pt-pt\/shop\/skateboard-fuer-kinder-little-boards-urban-8-0-zoll-cruiser-kork-griptape-ab-3-jahren-auch-im-sitzen\/","url":"https:\/\/little-boards.com\/pt-pt\/shop\/skateboard-fuer-kinder-little-boards-urban-8-0-zoll-cruiser-kork-griptape-ab-3-jahren-auch-im-sitzen\/","name":"Urban - Cruiser infantil 8.0\" - Little Boards Skateboards","isPartOf":{"@id":"https:\/\/little-boards.com\/pt-pt\/#website"},"primaryImageOfPage":{"@id":"https:\/\/little-boards.com\/pt-pt\/shop\/skateboard-fuer-kinder-little-boards-urban-8-0-zoll-cruiser-kork-griptape-ab-3-jahren-auch-im-sitzen\/#primaryimage"},"image":{"@id":"https:\/\/little-boards.com\/pt-pt\/shop\/skateboard-fuer-kinder-little-boards-urban-8-0-zoll-cruiser-kork-griptape-ab-3-jahren-auch-im-sitzen\/#primaryimage"},"thumbnailUrl":"https:\/\/little-boards.com\/wp-content\/uploads\/2026\/03\/1217007_Product.jpg","datePublished":"2025-05-30T13:21:59+00:00","dateModified":"2025-10-12T21:33:59+00:00","description":"Little Boards \u201cUrban\u201d \u2013 O Cruiser infantil para as primeiras experi\u00eancias de Skateboard com superf\u00edcie de corti\u00e7a - tamb\u00e9m adequado para andar de Skateboard sentado","breadcrumb":{"@id":"https:\/\/little-boards.com\/pt-pt\/shop\/skateboard-fuer-kinder-little-boards-urban-8-0-zoll-cruiser-kork-griptape-ab-3-jahren-auch-im-sitzen\/#breadcrumb"},"inLanguage":"pt-PT","potentialAction":[{"@type":"ReadAction","target":["https:\/\/little-boards.com\/pt-pt\/shop\/skateboard-fuer-kinder-little-boards-urban-8-0-zoll-cruiser-kork-griptape-ab-3-jahren-auch-im-sitzen\/"]}]},{"@type":"ImageObject","inLanguage":"pt-PT","@id":"https:\/\/little-boards.com\/pt-pt\/shop\/skateboard-fuer-kinder-little-boards-urban-8-0-zoll-cruiser-kork-griptape-ab-3-jahren-auch-im-sitzen\/#primaryimage","url":"https:\/\/little-boards.com\/wp-content\/uploads\/2026\/03\/1217007_Product.jpg","contentUrl":"https:\/\/little-boards.com\/wp-content\/uploads\/2026\/03\/1217007_Product.jpg","width":1000,"height":1300,"caption":"urban-kinder-cruiser-8-0"},{"@type":"BreadcrumbList","@id":"https:\/\/little-boards.com\/pt-pt\/shop\/skateboard-fuer-kinder-little-boards-urban-8-0-zoll-cruiser-kork-griptape-ab-3-jahren-auch-im-sitzen\/#breadcrumb","itemListElement":[{"@type":"ListItem","position":1,"name":"P\u00e1gina inicial","item":"https:\/\/little-boards.com\/pt-pt\/skateboard-fuer-kinder-little-boards-anfaenger-3-11-jahre\/"},{"@type":"ListItem","position":2,"name":"Loja","item":"https:\/\/little-boards.com\/pt-pt\/loja\/"},{"@type":"ListItem","position":3,"name":"Urban &#8211; Cruiser infantil 8.0&#8243;"}]},{"@type":"WebSite","@id":"https:\/\/little-boards.com\/pt-pt\/#website","url":"https:\/\/little-boards.com\/pt-pt\/","name":"Little Boards Skateboards","description":"real boards for real kids","publisher":{"@id":"https:\/\/little-boards.com\/pt-pt\/#organization"},"alternateName":"Kinder-Skateboards","potentialAction":[{"@type":"SearchAction","target":{"@type":"EntryPoint","urlTemplate":"https:\/\/little-boards.com\/pt-pt\/?s={search_term_string}"},"query-input":{"@type":"PropertyValueSpecification","valueRequired":true,"valueName":"search_term_string"}}],"inLanguage":"pt-PT"},{"@type":"Organization","@id":"https:\/\/little-boards.com\/pt-pt\/#organization","name":"Little Boards Skateboards","url":"https:\/\/little-boards.com\/pt-pt\/","logo":{"@type":"ImageObject","inLanguage":"pt-PT","@id":"https:\/\/little-boards.com\/pt-pt\/#\/schema\/logo\/image\/","url":"https:\/\/little-boards.com\/wp-content\/uploads\/2025\/05\/LB-Bubble-Logo-003.svg","contentUrl":"https:\/\/little-boards.com\/wp-content\/uploads\/2025\/05\/LB-Bubble-Logo-003.svg","width":"1024","height":"1024","caption":"Little Boards Skateboards"},"image":{"@id":"https:\/\/little-boards.com\/pt-pt\/#\/schema\/logo\/image\/"}}]}},"_links":{"self":[{"href":"https:\/\/little-boards.com\/pt-pt\/wp-json\/wp\/v2\/product\/3041","targetHints":{"allow":["GET"]}}],"collection":[{"href":"https:\/\/little-boards.com\/pt-pt\/wp-json\/wp\/v2\/product"}],"about":[{"href":"https:\/\/little-boards.com\/pt-pt\/wp-json\/wp\/v2\/types\/product"}],"wp:featuredmedia":[{"embeddable":true,"href":"https:\/\/little-boards.com\/pt-pt\/wp-json\/wp\/v2\/media\/9903"}],"wp:attachment":[{"href":"https:\/\/little-boards.com\/pt-pt\/wp-json\/wp\/v2\/media?parent=3041"}],"wp:term":[{"taxonomy":"product_brand","embeddable":true,"href":"https:\/\/little-boards.com\/pt-pt\/wp-json\/wp\/v2\/product_brand?post=3041"},{"taxonomy":"product_cat","embeddable":true,"href":"https:\/\/little-boards.com\/pt-pt\/wp-json\/wp\/v2\/product_cat?post=3041"},{"taxonomy":"product_tag","embeddable":true,"href":"https:\/\/little-boards.com\/pt-pt\/wp-json\/wp\/v2\/product_tag?post=3041"}],"curies":[{"name":"wp","href":"https:\/\/api.w.org\/{rel}","templated":true}]}}