

{"id":2437,"date":"2024-03-13T17:09:48","date_gmt":"2024-03-13T16:09:48","guid":{"rendered":"https:\/\/little-boards.com\/informacao-sobre-o-direito-de-revogacao\/"},"modified":"2025-10-08T20:47:33","modified_gmt":"2025-10-08T18:47:33","slug":"widerrufsbelehrung","status":"publish","type":"page","link":"https:\/\/little-boards.com\/pt-pt\/widerrufsbelehrung\/","title":{"rendered":"Informa\u00e7\u00e3o sobre o direito de revoga\u00e7\u00e3o"},"content":{"rendered":"[vc_row type=&#8221;full_width_background&#8221; full_screen_row_position=&#8221;middle&#8221; column_margin=&#8221;default&#8221; column_direction=&#8221;default&#8221; column_direction_tablet=&#8221;default&#8221; column_direction_phone=&#8221;default&#8221; scene_position=&#8221;center&#8221; top_padding=&#8221;12%&#8221; bottom_padding=&#8221;5%&#8221; text_color=&#8221;dark&#8221; text_align=&#8221;left&#8221; row_border_radius=&#8221;none&#8221; row_border_radius_applies=&#8221;bg&#8221; overflow=&#8221;visible&#8221; class=&#8221;oe-legalpage&#8221; overlay_strength=&#8221;0.3&#8243; gradient_direction=&#8221;left_to_right&#8221; shape_divider_position=&#8221;bottom&#8221; bg_image_animation=&#8221;none&#8221; gradient_type=&#8221;default&#8221; shape_type=&#8221;&#8221;][vc_column column_padding=&#8221;no-extra-padding&#8221; column_padding_tablet=&#8221;inherit&#8221; column_padding_phone=&#8221;inherit&#8221; column_padding_position=&#8221;all&#8221; column_element_direction_desktop=&#8221;default&#8221; column_element_spacing=&#8221;default&#8221; desktop_text_alignment=&#8221;default&#8221; tablet_text_alignment=&#8221;default&#8221; phone_text_alignment=&#8221;default&#8221; background_color_opacity=&#8221;1&#8243; background_hover_color_opacity=&#8221;1&#8243; column_backdrop_filter=&#8221;none&#8221; column_shadow=&#8221;none&#8221; column_border_radius=&#8221;none&#8221; column_link_target=&#8221;_self&#8221; column_position=&#8221;default&#8221; gradient_direction=&#8221;left_to_right&#8221; overlay_strength=&#8221;0.3&#8243; width=&#8221;1\/1&#8243; tablet_width_inherit=&#8221;default&#8221; animation_type=&#8221;default&#8221; bg_image_animation=&#8221;none&#8221; border_type=&#8221;simple&#8221; column_border_width=&#8221;none&#8221; column_border_style=&#8221;solid&#8221;][nectar_responsive_text inherited_font_style=&#8221;default&#8221; text_direction=&#8221;default&#8221;]\n<h1><strong>Direito de rescis\u00e3o para consumidores<\/strong><\/h1>\n[\/nectar_responsive_text][vc_column_text css=&#8221;&#8221; text_direction=&#8221;default&#8221;](Consumidor \u00e9 qualquer pessoa singular que celebre um neg\u00f3cio jur\u00eddico para fins que n\u00e3o possam ser predominantemente atribu\u00eddos \u00e0 sua atividade comercial ou profissional independente.)<\/p>\n<h2><strong>Informa\u00e7\u00e3o sobre o direito de revoga\u00e7\u00e3o<\/strong><\/h2>\n<p><strong>Direito de rescis\u00e3o<\/strong><br \/>Tem o direito de rescindir este contrato no prazo de um m\u00eas, sem indicar o motivo.<br \/>O prazo de rescis\u00e3o \u00e9 de um m\u00eas a partir do dia<\/p>\n<p>&#8211; em que voc\u00ea ou um terceiro por si designado, que n\u00e3o seja o transportador, tomou posse dos bens, caso tenha encomendado um ou mais produtos no \u00e2mbito de uma encomenda uniforme e estes sejam entregues de forma uniforme;<\/p>\n<p>&#8211; em que voc\u00ea ou um terceiro por si designado, que n\u00e3o seja o transportador, tomou posse do \u00faltimo bem, caso tenha encomendado v\u00e1rios produtos no \u00e2mbito de uma encomenda uniforme e estes sejam entregues separadamente;<\/p>\n<p>&#8211; em que voc\u00ea ou um terceiro por si designado, que n\u00e3o seja o transportador, tomou posse da \u00faltima remessa parcial ou da \u00faltima pe\u00e7a, caso tenha encomendado um bem que seja entregue em v\u00e1rias remessas parciais ou pe\u00e7as;<\/p>\n<p>Para exercer o seu direito de rescis\u00e3o, tem de nos informar <strong>(Little Boards, Havoc Distribution GmbH, Bl\u00fccherstra\u00dfe 36, 10961 Berlim, n\u00famero de telefone: +49 3043201799, endere\u00e7o de e-mail: hello@little-boards.com)<\/strong> da sua decis\u00e3o de rescindir este contrato atrav\u00e9s de uma declara\u00e7\u00e3o inequ\u00edvoca (por exemplo, uma carta enviada por correio ou um e-mail). Para tal, pode utilizar o modelo de formul\u00e1rio de rescis\u00e3o anexo, que, no entanto, n\u00e3o \u00e9 obrigat\u00f3rio. <\/p>\n<p>Para cumprir o prazo de revoga\u00e7\u00e3o, basta que envie a comunica\u00e7\u00e3o relativa ao exerc\u00edcio do direito de revoga\u00e7\u00e3o antes do termo do prazo de revoga\u00e7\u00e3o.<\/p>\n<p><strong>Consequ\u00eancias da revoga\u00e7\u00e3o<\/strong><\/p>\n<p>Se revogar este contrato, reembolsaremos todos os pagamentos que recebemos de si, incluindo os custos de entrega (com exce\u00e7\u00e3o dos custos adicionais resultantes da sua escolha de um tipo de entrega diferente da entrega padr\u00e3o mais econ\u00f3mica por n\u00f3s oferecida), imediatamente e o mais tardar no prazo de 14 dias a contar da data em que recebemos a notifica\u00e7\u00e3o da sua revoga\u00e7\u00e3o deste contrato. Para este reembolso, utilizaremos o mesmo meio de pagamento que utilizou na transa\u00e7\u00e3o original, salvo acordo expresso em contr\u00e1rio consigo; em caso algum lhe ser\u00e3o cobradas taxas devido a este reembolso. <\/p>\n<p>Podemos recusar o reembolso at\u00e9 termos recebido os bens de volta ou at\u00e9 que tenha fornecido prova de que devolveu os bens, consoante o que ocorrer primeiro.<\/p>\n<p>Deve devolver ou entregar-nos os bens imediatamente e, em qualquer caso, o mais tardar no prazo de 14 dias a contar do dia em que nos informa da revoga\u00e7\u00e3o deste contrato. O prazo \u00e9 cumprido se enviar os bens antes do termo do prazo de 14 dias. <\/p>\n<p>Suportar\u00e1 os custos diretos da devolu\u00e7\u00e3o dos bens que possam ser enviados por correio, bem como os custos diretos da devolu\u00e7\u00e3o dos bens que n\u00e3o possam ser enviados por correio. Os custos dos bens que n\u00e3o possam ser enviados por correio s\u00e3o estimados em, no m\u00e1ximo, cerca de 25 EUR. <\/p>\n<p>S\u00f3 \u00e9 respons\u00e1vel pela diminui\u00e7\u00e3o do valor dos bens se esta diminui\u00e7\u00e3o de valor resultar de um manuseamento dos bens que n\u00e3o seja necess\u00e1rio para verificar a natureza, as caracter\u00edsticas e o funcionamento dos mesmos.<\/p>\n<p><strong>Motivos de exclus\u00e3o ou cessa\u00e7\u00e3o<\/strong><\/p>\n<p>O direito de revoga\u00e7\u00e3o n\u00e3o se aplica aos contratos<\/p>\n<p>&#8211; para o fornecimento de bens que n\u00e3o sejam pr\u00e9-fabricados e para cuja produ\u00e7\u00e3o seja determinante uma sele\u00e7\u00e3o ou determina\u00e7\u00e3o individual por parte do consumidor ou que sejam claramente adaptados \u00e0s necessidades pessoais do consumidor;<br \/>&#8211; para o fornecimento de bens que se possam deteriorar rapidamente ou cujo prazo de validade seja rapidamente excedido;<br \/>&#8211; para o fornecimento de bebidas alco\u00f3licas cujo pre\u00e7o tenha sido acordado no momento da celebra\u00e7\u00e3o do contrato, mas que s\u00f3 possam ser entregues 30 dias ap\u00f3s a celebra\u00e7\u00e3o do contrato e cujo valor atual dependa de flutua\u00e7\u00f5es no mercado sobre as quais o empres\u00e1rio n\u00e3o tem qualquer influ\u00eancia;<br \/>&#8211; para o fornecimento de jornais, revistas ou publica\u00e7\u00f5es ilustradas, com exce\u00e7\u00e3o dos contratos de assinatura.<\/p>\n<p>O direito de revoga\u00e7\u00e3o cessa antecipadamente no caso de contratos<\/p>\n<p>&#8211; para o fornecimento de bens selados que n\u00e3o sejam adequados para devolu\u00e7\u00e3o por motivos de prote\u00e7\u00e3o da sa\u00fade ou higiene, se a sua selagem tiver sido removida ap\u00f3s a entrega;<br \/>&#8211; para o fornecimento de bens que, ap\u00f3s a entrega, tenham sido misturados inseparavelmente com outros bens devido \u00e0 sua natureza;<br \/>&#8211; para o fornecimento de grava\u00e7\u00f5es de \u00e1udio ou v\u00eddeo ou software inform\u00e1tico numa embalagem selada, se a selagem tiver sido removida ap\u00f3s a entrega.<\/p>\n<hr>\n<h3><strong>Modelo de formul\u00e1rio de revoga\u00e7\u00e3o<\/strong><\/h3>\n<p>(Se pretender revogar o contrato, preencha este formul\u00e1rio e envie-o de volta.)<\/p>\n<p>&#8211; Para Little Boards, Havoc Distribution GmbH, Bl\u00fccherstra\u00dfe 36, 10961 Berlin, Endere\u00e7o de e-mail: mail@little-boards.com :<\/p>\n<p>&#8211; Pelo presente, revogo\/revogamos (*) o contrato por mim\/n\u00f3s (*) celebrado para a compra dos seguintes bens (*)\/<br \/>a presta\u00e7\u00e3o do seguinte servi\u00e7o (*)<\/p>\n<p>&#8211; Encomendado em (*)\/ recebido em (*)<\/p>\n<p>&#8211; Nome do(s) consumidor(es)<br \/>&#8211; Endere\u00e7o do(s) consumidor(es)<br \/>&#8211; Assinatura do(s) consumidor(es) (apenas em caso de notifica\u00e7\u00e3o em papel)<br \/>&#8211; Data<\/p>\n<p>(*) Riscar o que n\u00e3o interessa.[\/vc_column_text][\/vc_column][\/vc_row]\n","protected":false},"excerpt":{"rendered":"<p>[vc_row type=&#8221;full_width_background&#8221; full_screen_row_position=&#8221;middle&#8221; column_margin=&#8221;default&#8221; column_direction=&#8221;default&#8221; column_direction_tablet=&#8221;default&#8221; column_direction_phone=&#8221;default&#8221; scene_position=&#8221;center&#8221; top_padding=&#8221;12%&#8221; bottom_padding=&#8221;5%&#8221; text_color=&#8221;dark&#8221; text_align=&#8221;left&#8221; row_border_radius=&#8221;none&#8221; row_border_radius_applies=&#8221;bg&#8221; overflow=&#8221;visible&#8221; class=&#8221;oe-legalpage&#8221; overlay_strength=&#8221;0.3&#8243; gradient_direction=&#8221;left_to_right&#8221; shape_divider_position=&#8221;bottom&#8221; bg_image_animation=&#8221;none&#8221; gradient_type=&#8221;default&#8221; shape_type=&#8221;&#8221;][vc_column column_padding=&#8221;no-extra-padding&#8221; column_padding_tablet=&#8221;inherit&#8221; column_padding_phone=&#8221;inherit&#8221; column_padding_position=&#8221;all&#8221; column_element_direction_desktop=&#8221;default&#8221; column_element_spacing=&#8221;default&#8221; desktop_text_alignment=&#8221;default&#8221; tablet_text_alignment=&#8221;default&#8221;&#8230;<\/p>\n","protected":false},"author":1,"featured_media":0,"parent":0,"menu_order":0,"comment_status":"closed","ping_status":"closed","template":"","meta":{"inline_featured_image":false,"footnotes":""},"class_list":["post-2437","page","type-page","status-publish"],"yoast_head":"<!-- This site is optimized with the Yoast SEO plugin v27.4 - https:\/\/yoast.com\/product\/yoast-seo-wordpress\/ -->\n<title>Informa\u00e7\u00e3o sobre o direito de revoga\u00e7\u00e3o - Little Boards Skateboards<\/title>\n<meta name=\"robots\" content=\"index, follow, max-snippet:-1, max-image-preview:large, max-video-preview:-1\" \/>\n<link rel=\"canonical\" href=\"https:\/\/little-boards.com\/pt-pt\/widerrufsbelehrung\/\" \/>\n<meta property=\"og:locale\" content=\"pt_PT\" \/>\n<meta property=\"og:type\" content=\"article\" \/>\n<meta property=\"og:title\" content=\"Informa\u00e7\u00e3o sobre o direito de revoga\u00e7\u00e3o - Little Boards Skateboards\" \/>\n<meta property=\"og:description\" content=\"[vc_row type=&#8221;full_width_background&#8221; full_screen_row_position=&#8221;middle&#8221; column_margin=&#8221;default&#8221; column_direction=&#8221;default&#8221; column_direction_tablet=&#8221;default&#8221; column_direction_phone=&#8221;default&#8221; scene_position=&#8221;center&#8221; top_padding=&#8221;12%&#8221; bottom_padding=&#8221;5%&#8221; text_color=&#8221;dark&#8221; text_align=&#8221;left&#8221; row_border_radius=&#8221;none&#8221; row_border_radius_applies=&#8221;bg&#8221; overflow=&#8221;visible&#8221; class=&#8221;oe-legalpage&#8221; overlay_strength=&#8221;0.3&#8243; gradient_direction=&#8221;left_to_right&#8221; shape_divider_position=&#8221;bottom&#8221; bg_image_animation=&#8221;none&#8221; gradient_type=&#8221;default&#8221; shape_type=&#8221;&#8221;][vc_column column_padding=&#8221;no-extra-padding&#8221; column_padding_tablet=&#8221;inherit&#8221; column_padding_phone=&#8221;inherit&#8221; column_padding_position=&#8221;all&#8221; column_element_direction_desktop=&#8221;default&#8221; column_element_spacing=&#8221;default&#8221; desktop_text_alignment=&#8221;default&#8221; tablet_text_alignment=&#8221;default&#8221;...\" \/>\n<meta property=\"og:url\" content=\"https:\/\/little-boards.com\/pt-pt\/widerrufsbelehrung\/\" \/>\n<meta property=\"og:site_name\" content=\"Little Boards Skateboards\" \/>\n<meta property=\"article:modified_time\" content=\"2025-10-08T18:47:33+00:00\" \/>\n<meta name=\"twitter:card\" content=\"summary_large_image\" \/>\n<meta name=\"twitter:label1\" content=\"Tempo estimado de leitura\" \/>\n\t<meta name=\"twitter:data1\" content=\"6 minutos\" \/>\n<script type=\"application\/ld+json\" class=\"yoast-schema-graph\">{\"@context\":\"https:\\\/\\\/schema.org\",\"@graph\":[{\"@type\":\"WebPage\",\"@id\":\"https:\\\/\\\/little-boards.com\\\/pt-pt\\\/widerrufsbelehrung\\\/\",\"url\":\"https:\\\/\\\/little-boards.com\\\/pt-pt\\\/widerrufsbelehrung\\\/\",\"name\":\"Informa\u00e7\u00e3o sobre o direito de revoga\u00e7\u00e3o - Little Boards Skateboards\",\"isPartOf\":{\"@id\":\"https:\\\/\\\/little-boards.com\\\/pt-pt\\\/#website\"},\"datePublished\":\"2024-03-13T16:09:48+00:00\",\"dateModified\":\"2025-10-08T18:47:33+00:00\",\"breadcrumb\":{\"@id\":\"https:\\\/\\\/little-boards.com\\\/pt-pt\\\/widerrufsbelehrung\\\/#breadcrumb\"},\"inLanguage\":\"pt-PT\",\"potentialAction\":[{\"@type\":\"ReadAction\",\"target\":[\"https:\\\/\\\/little-boards.com\\\/pt-pt\\\/widerrufsbelehrung\\\/\"]}]},{\"@type\":\"BreadcrumbList\",\"@id\":\"https:\\\/\\\/little-boards.com\\\/pt-pt\\\/widerrufsbelehrung\\\/#breadcrumb\",\"itemListElement\":[{\"@type\":\"ListItem\",\"position\":1,\"name\":\"P\u00e1gina inicial\",\"item\":\"https:\\\/\\\/little-boards.com\\\/pt-pt\\\/skateboard-fuer-kinder-little-boards-anfaenger-3-11-jahre\\\/\"},{\"@type\":\"ListItem\",\"position\":2,\"name\":\"Informa\u00e7\u00e3o sobre o direito de revoga\u00e7\u00e3o\"}]},{\"@type\":\"WebSite\",\"@id\":\"https:\\\/\\\/little-boards.com\\\/pt-pt\\\/#website\",\"url\":\"https:\\\/\\\/little-boards.com\\\/pt-pt\\\/\",\"name\":\"Little Boards Skateboards\",\"description\":\"real boards for real kids\",\"publisher\":{\"@id\":\"https:\\\/\\\/little-boards.com\\\/pt-pt\\\/#organization\"},\"alternateName\":\"Kinder-Skateboards\",\"potentialAction\":[{\"@type\":\"SearchAction\",\"target\":{\"@type\":\"EntryPoint\",\"urlTemplate\":\"https:\\\/\\\/little-boards.com\\\/pt-pt\\\/?s={search_term_string}\"},\"query-input\":{\"@type\":\"PropertyValueSpecification\",\"valueRequired\":true,\"valueName\":\"search_term_string\"}}],\"inLanguage\":\"pt-PT\"},{\"@type\":\"Organization\",\"@id\":\"https:\\\/\\\/little-boards.com\\\/pt-pt\\\/#organization\",\"name\":\"Little Boards Skateboards\",\"url\":\"https:\\\/\\\/little-boards.com\\\/pt-pt\\\/\",\"logo\":{\"@type\":\"ImageObject\",\"inLanguage\":\"pt-PT\",\"@id\":\"https:\\\/\\\/little-boards.com\\\/pt-pt\\\/#\\\/schema\\\/logo\\\/image\\\/\",\"url\":\"https:\\\/\\\/little-boards.com\\\/wp-content\\\/uploads\\\/2025\\\/05\\\/LB-Bubble-Logo-003.svg\",\"contentUrl\":\"https:\\\/\\\/little-boards.com\\\/wp-content\\\/uploads\\\/2025\\\/05\\\/LB-Bubble-Logo-003.svg\",\"width\":\"1024\",\"height\":\"1024\",\"caption\":\"Little Boards Skateboards\"},\"image\":{\"@id\":\"https:\\\/\\\/little-boards.com\\\/pt-pt\\\/#\\\/schema\\\/logo\\\/image\\\/\"}}]}<\/script>\n<!-- \/ Yoast SEO plugin. -->","yoast_head_json":{"title":"Informa\u00e7\u00e3o sobre o direito de revoga\u00e7\u00e3o - Little Boards Skateboards","robots":{"index":"index","follow":"follow","max-snippet":"max-snippet:-1","max-image-preview":"max-image-preview:large","max-video-preview":"max-video-preview:-1"},"canonical":"https:\/\/little-boards.com\/pt-pt\/widerrufsbelehrung\/","og_locale":"pt_PT","og_type":"article","og_title":"Informa\u00e7\u00e3o sobre o direito de revoga\u00e7\u00e3o - Little Boards Skateboards","og_description":"[vc_row type=&#8221;full_width_background&#8221; full_screen_row_position=&#8221;middle&#8221; column_margin=&#8221;default&#8221; column_direction=&#8221;default&#8221; column_direction_tablet=&#8221;default&#8221; column_direction_phone=&#8221;default&#8221; scene_position=&#8221;center&#8221; top_padding=&#8221;12%&#8221; bottom_padding=&#8221;5%&#8221; text_color=&#8221;dark&#8221; text_align=&#8221;left&#8221; row_border_radius=&#8221;none&#8221; row_border_radius_applies=&#8221;bg&#8221; overflow=&#8221;visible&#8221; class=&#8221;oe-legalpage&#8221; overlay_strength=&#8221;0.3&#8243; gradient_direction=&#8221;left_to_right&#8221; shape_divider_position=&#8221;bottom&#8221; bg_image_animation=&#8221;none&#8221; gradient_type=&#8221;default&#8221; shape_type=&#8221;&#8221;][vc_column column_padding=&#8221;no-extra-padding&#8221; column_padding_tablet=&#8221;inherit&#8221; column_padding_phone=&#8221;inherit&#8221; column_padding_position=&#8221;all&#8221; column_element_direction_desktop=&#8221;default&#8221; column_element_spacing=&#8221;default&#8221; desktop_text_alignment=&#8221;default&#8221; tablet_text_alignment=&#8221;default&#8221;...","og_url":"https:\/\/little-boards.com\/pt-pt\/widerrufsbelehrung\/","og_site_name":"Little Boards Skateboards","article_modified_time":"2025-10-08T18:47:33+00:00","twitter_card":"summary_large_image","twitter_misc":{"Tempo estimado de leitura":"6 minutos"},"schema":{"@context":"https:\/\/schema.org","@graph":[{"@type":"WebPage","@id":"https:\/\/little-boards.com\/pt-pt\/widerrufsbelehrung\/","url":"https:\/\/little-boards.com\/pt-pt\/widerrufsbelehrung\/","name":"Informa\u00e7\u00e3o sobre o direito de revoga\u00e7\u00e3o - Little Boards Skateboards","isPartOf":{"@id":"https:\/\/little-boards.com\/pt-pt\/#website"},"datePublished":"2024-03-13T16:09:48+00:00","dateModified":"2025-10-08T18:47:33+00:00","breadcrumb":{"@id":"https:\/\/little-boards.com\/pt-pt\/widerrufsbelehrung\/#breadcrumb"},"inLanguage":"pt-PT","potentialAction":[{"@type":"ReadAction","target":["https:\/\/little-boards.com\/pt-pt\/widerrufsbelehrung\/"]}]},{"@type":"BreadcrumbList","@id":"https:\/\/little-boards.com\/pt-pt\/widerrufsbelehrung\/#breadcrumb","itemListElement":[{"@type":"ListItem","position":1,"name":"P\u00e1gina inicial","item":"https:\/\/little-boards.com\/pt-pt\/skateboard-fuer-kinder-little-boards-anfaenger-3-11-jahre\/"},{"@type":"ListItem","position":2,"name":"Informa\u00e7\u00e3o sobre o direito de revoga\u00e7\u00e3o"}]},{"@type":"WebSite","@id":"https:\/\/little-boards.com\/pt-pt\/#website","url":"https:\/\/little-boards.com\/pt-pt\/","name":"Little Boards Skateboards","description":"real boards for real kids","publisher":{"@id":"https:\/\/little-boards.com\/pt-pt\/#organization"},"alternateName":"Kinder-Skateboards","potentialAction":[{"@type":"SearchAction","target":{"@type":"EntryPoint","urlTemplate":"https:\/\/little-boards.com\/pt-pt\/?s={search_term_string}"},"query-input":{"@type":"PropertyValueSpecification","valueRequired":true,"valueName":"search_term_string"}}],"inLanguage":"pt-PT"},{"@type":"Organization","@id":"https:\/\/little-boards.com\/pt-pt\/#organization","name":"Little Boards Skateboards","url":"https:\/\/little-boards.com\/pt-pt\/","logo":{"@type":"ImageObject","inLanguage":"pt-PT","@id":"https:\/\/little-boards.com\/pt-pt\/#\/schema\/logo\/image\/","url":"https:\/\/little-boards.com\/wp-content\/uploads\/2025\/05\/LB-Bubble-Logo-003.svg","contentUrl":"https:\/\/little-boards.com\/wp-content\/uploads\/2025\/05\/LB-Bubble-Logo-003.svg","width":"1024","height":"1024","caption":"Little Boards Skateboards"},"image":{"@id":"https:\/\/little-boards.com\/pt-pt\/#\/schema\/logo\/image\/"}}]}},"_links":{"self":[{"href":"https:\/\/little-boards.com\/pt-pt\/wp-json\/wp\/v2\/pages\/2437","targetHints":{"allow":["GET"]}}],"collection":[{"href":"https:\/\/little-boards.com\/pt-pt\/wp-json\/wp\/v2\/pages"}],"about":[{"href":"https:\/\/little-boards.com\/pt-pt\/wp-json\/wp\/v2\/types\/page"}],"author":[{"embeddable":true,"href":"https:\/\/little-boards.com\/pt-pt\/wp-json\/wp\/v2\/users\/1"}],"replies":[{"embeddable":true,"href":"https:\/\/little-boards.com\/pt-pt\/wp-json\/wp\/v2\/comments?post=2437"}],"version-history":[{"count":22,"href":"https:\/\/little-boards.com\/pt-pt\/wp-json\/wp\/v2\/pages\/2437\/revisions"}],"predecessor-version":[{"id":6276,"href":"https:\/\/little-boards.com\/pt-pt\/wp-json\/wp\/v2\/pages\/2437\/revisions\/6276"}],"wp:attachment":[{"href":"https:\/\/little-boards.com\/pt-pt\/wp-json\/wp\/v2\/media?parent=2437"}],"curies":[{"name":"wp","href":"https:\/\/api.w.org\/{rel}","templated":true}]}}