

{"id":5916,"date":"2025-05-30T15:03:10","date_gmt":"2025-05-30T13:03:10","guid":{"rendered":"https:\/\/little-boards.com\/shop\/skateboard-fuer-kinder-little-boards-flowers-6-5-zoll-mini-anfaenger-3-5-jahre\/"},"modified":"2025-05-30T15:03:10","modified_gmt":"2025-05-30T13:03:10","slug":"skateboard-fuer-kinder-little-boards-flowers-6-5-zoll-mini-anfaenger-3-5-jahre","status":"publish","type":"product","link":"https:\/\/little-boards.com\/no\/shop\/skateboard-fuer-kinder-little-boards-flowers-6-5-zoll-mini-anfaenger-3-5-jahre\/","title":{"rendered":"Flowers \u2013 Barne-Skateboard 6.5&#8243;"},"content":{"rendered":"<p>Lorem ipsum dolor sit amet, consectetuer adipiscing elit. Aenean commodo ligula eget dolor. Aenean massa. Cum sociis natoque penatibus et magnis dis parturient montes, nascetur ridiculus mus. Donec quam felis, ultricies nec, pellentesque eu, pretium quis, sem. Nulla consequat massa quis quis enim. Donec pede justo, fringilla vel, aliquet nec, vulputate eget, arcu. In enim justo, rhoncus ut, imperdiet a, venenatis vitae, justo.       <\/p>\n","protected":false},"excerpt":{"rendered":"<p>Lorem ipsum dolor sit amet, consectetuer adipiscing elit. Aenean commodo ligula eget dolor. Aenean massa. Cum sociis natoque penatibus et magnis dis parturient montes, nascetur ridiculus mus. Donec quam felis,&#8230;<\/p>\n","protected":false},"featured_media":9864,"template":"","meta":{"inline_featured_image":false},"product_brand":[],"product_cat":[113],"product_tag":[219],"class_list":{"0":"post-5916","1":"product","2":"type-product","3":"status-publish","4":"has-post-thumbnail","6":"product_cat-skateboard-3-5-aar","7":"product_tag-skateboard-no","9":"first","10":"instock","11":"taxable","12":"shipping-taxable","13":"purchasable","14":"product-type-simple"},"yoast_head":"<!-- This site is optimized with the Yoast SEO plugin v27.4 - https:\/\/yoast.com\/product\/yoast-seo-wordpress\/ -->\n<title>Flowers \u2013 Barne-Skateboard 6.5&quot; - Little Boards Skateboards<\/title>\n<meta name=\"description\" content=\"Sm\u00e5 brett \u00abFlowers\u00bb \u2013 Barne-Skateboard p\u00e5 6.5 tommer, ideell for barn fra 3 til 5 \u00e5r. Sikker, lett og perfekt for de f\u00f8rste kj\u00f8refors\u00f8kene.\" \/>\n<meta name=\"robots\" content=\"index, follow, max-snippet:-1, max-image-preview:large, max-video-preview:-1\" \/>\n<link rel=\"canonical\" href=\"https:\/\/little-boards.com\/no\/shop\/skateboard-fuer-kinder-little-boards-flowers-6-5-zoll-mini-anfaenger-3-5-jahre\/\" \/>\n<meta property=\"og:locale\" content=\"nb_NO\" \/>\n<meta property=\"og:type\" content=\"article\" \/>\n<meta property=\"og:title\" content=\"Flowers \u2013 Barne-Skateboard 6.5&quot; - Little Boards Skateboards\" \/>\n<meta property=\"og:description\" content=\"Sm\u00e5 brett \u00abFlowers\u00bb \u2013 Barne-Skateboard p\u00e5 6.5 tommer, ideell for barn fra 3 til 5 \u00e5r. Sikker, lett og perfekt for de f\u00f8rste kj\u00f8refors\u00f8kene.\" \/>\n<meta property=\"og:url\" content=\"https:\/\/little-boards.com\/no\/shop\/skateboard-fuer-kinder-little-boards-flowers-6-5-zoll-mini-anfaenger-3-5-jahre\/\" \/>\n<meta property=\"og:site_name\" content=\"Little Boards Skateboards\" \/>\n<meta property=\"og:image\" content=\"https:\/\/little-boards.com\/wp-content\/uploads\/2025\/07\/1209780_Product.jpg\" \/>\n\t<meta property=\"og:image:width\" content=\"1000\" \/>\n\t<meta property=\"og:image:height\" content=\"1300\" \/>\n\t<meta property=\"og:image:type\" content=\"image\/jpeg\" \/>\n<meta name=\"twitter:card\" content=\"summary_large_image\" \/>\n<script type=\"application\/ld+json\" class=\"yoast-schema-graph\">{\"@context\":\"https:\\\/\\\/schema.org\",\"@graph\":[{\"@type\":\"WebPage\",\"@id\":\"https:\\\/\\\/little-boards.com\\\/no\\\/shop\\\/skateboard-fuer-kinder-little-boards-flowers-6-5-zoll-mini-anfaenger-3-5-jahre\\\/\",\"url\":\"https:\\\/\\\/little-boards.com\\\/no\\\/shop\\\/skateboard-fuer-kinder-little-boards-flowers-6-5-zoll-mini-anfaenger-3-5-jahre\\\/\",\"name\":\"Flowers \u2013 Barne-Skateboard 6.5\\\" - Little Boards Skateboards\",\"isPartOf\":{\"@id\":\"https:\\\/\\\/little-boards.com\\\/no\\\/#website\"},\"primaryImageOfPage\":{\"@id\":\"https:\\\/\\\/little-boards.com\\\/no\\\/shop\\\/skateboard-fuer-kinder-little-boards-flowers-6-5-zoll-mini-anfaenger-3-5-jahre\\\/#primaryimage\"},\"image\":{\"@id\":\"https:\\\/\\\/little-boards.com\\\/no\\\/shop\\\/skateboard-fuer-kinder-little-boards-flowers-6-5-zoll-mini-anfaenger-3-5-jahre\\\/#primaryimage\"},\"thumbnailUrl\":\"https:\\\/\\\/little-boards.com\\\/wp-content\\\/uploads\\\/2026\\\/03\\\/1209780_Product.jpg\",\"datePublished\":\"2025-05-30T13:03:10+00:00\",\"description\":\"Sm\u00e5 brett \u00abFlowers\u00bb \u2013 Barne-Skateboard p\u00e5 6.5 tommer, ideell for barn fra 3 til 5 \u00e5r. Sikker, lett og perfekt for de f\u00f8rste kj\u00f8refors\u00f8kene.\",\"breadcrumb\":{\"@id\":\"https:\\\/\\\/little-boards.com\\\/no\\\/shop\\\/skateboard-fuer-kinder-little-boards-flowers-6-5-zoll-mini-anfaenger-3-5-jahre\\\/#breadcrumb\"},\"inLanguage\":\"nb-NO\",\"potentialAction\":[{\"@type\":\"ReadAction\",\"target\":[\"https:\\\/\\\/little-boards.com\\\/no\\\/shop\\\/skateboard-fuer-kinder-little-boards-flowers-6-5-zoll-mini-anfaenger-3-5-jahre\\\/\"]}]},{\"@type\":\"ImageObject\",\"inLanguage\":\"nb-NO\",\"@id\":\"https:\\\/\\\/little-boards.com\\\/no\\\/shop\\\/skateboard-fuer-kinder-little-boards-flowers-6-5-zoll-mini-anfaenger-3-5-jahre\\\/#primaryimage\",\"url\":\"https:\\\/\\\/little-boards.com\\\/wp-content\\\/uploads\\\/2026\\\/03\\\/1209780_Product.jpg\",\"contentUrl\":\"https:\\\/\\\/little-boards.com\\\/wp-content\\\/uploads\\\/2026\\\/03\\\/1209780_Product.jpg\",\"width\":1000,\"height\":1300,\"caption\":\"flowers-kinder-skateboard-6-5-zoll\"},{\"@type\":\"BreadcrumbList\",\"@id\":\"https:\\\/\\\/little-boards.com\\\/no\\\/shop\\\/skateboard-fuer-kinder-little-boards-flowers-6-5-zoll-mini-anfaenger-3-5-jahre\\\/#breadcrumb\",\"itemListElement\":[{\"@type\":\"ListItem\",\"position\":1,\"name\":\"Hjem\",\"item\":\"https:\\\/\\\/little-boards.com\\\/no\\\/skateboard-fuer-kinder-little-boards-anfaenger-3-11-jahre\\\/\"},{\"@type\":\"ListItem\",\"position\":2,\"name\":\"Butikk\",\"item\":\"https:\\\/\\\/little-boards.com\\\/no\\\/butikk\\\/\"},{\"@type\":\"ListItem\",\"position\":3,\"name\":\"Flowers \u2013 Barne-Skateboard 6.5&#8243;\"}]},{\"@type\":\"WebSite\",\"@id\":\"https:\\\/\\\/little-boards.com\\\/no\\\/#website\",\"url\":\"https:\\\/\\\/little-boards.com\\\/no\\\/\",\"name\":\"Little Boards Skateboards\",\"description\":\"real boards for real kids\",\"publisher\":{\"@id\":\"https:\\\/\\\/little-boards.com\\\/no\\\/#organization\"},\"alternateName\":\"Kinder-Skateboards\",\"potentialAction\":[{\"@type\":\"SearchAction\",\"target\":{\"@type\":\"EntryPoint\",\"urlTemplate\":\"https:\\\/\\\/little-boards.com\\\/no\\\/?s={search_term_string}\"},\"query-input\":{\"@type\":\"PropertyValueSpecification\",\"valueRequired\":true,\"valueName\":\"search_term_string\"}}],\"inLanguage\":\"nb-NO\"},{\"@type\":\"Organization\",\"@id\":\"https:\\\/\\\/little-boards.com\\\/no\\\/#organization\",\"name\":\"Little Boards Skateboards\",\"url\":\"https:\\\/\\\/little-boards.com\\\/no\\\/\",\"logo\":{\"@type\":\"ImageObject\",\"inLanguage\":\"nb-NO\",\"@id\":\"https:\\\/\\\/little-boards.com\\\/no\\\/#\\\/schema\\\/logo\\\/image\\\/\",\"url\":\"https:\\\/\\\/little-boards.com\\\/wp-content\\\/uploads\\\/2025\\\/05\\\/LB-Bubble-Logo-003.svg\",\"contentUrl\":\"https:\\\/\\\/little-boards.com\\\/wp-content\\\/uploads\\\/2025\\\/05\\\/LB-Bubble-Logo-003.svg\",\"width\":\"1024\",\"height\":\"1024\",\"caption\":\"Little Boards Skateboards\"},\"image\":{\"@id\":\"https:\\\/\\\/little-boards.com\\\/no\\\/#\\\/schema\\\/logo\\\/image\\\/\"}}]}<\/script>\n<!-- \/ Yoast SEO plugin. -->","yoast_head_json":{"title":"Flowers \u2013 Barne-Skateboard 6.5\" - Little Boards Skateboards","description":"Sm\u00e5 brett \u00abFlowers\u00bb \u2013 Barne-Skateboard p\u00e5 6.5 tommer, ideell for barn fra 3 til 5 \u00e5r. Sikker, lett og perfekt for de f\u00f8rste kj\u00f8refors\u00f8kene.","robots":{"index":"index","follow":"follow","max-snippet":"max-snippet:-1","max-image-preview":"max-image-preview:large","max-video-preview":"max-video-preview:-1"},"canonical":"https:\/\/little-boards.com\/no\/shop\/skateboard-fuer-kinder-little-boards-flowers-6-5-zoll-mini-anfaenger-3-5-jahre\/","og_locale":"nb_NO","og_type":"article","og_title":"Flowers \u2013 Barne-Skateboard 6.5\" - Little Boards Skateboards","og_description":"Sm\u00e5 brett \u00abFlowers\u00bb \u2013 Barne-Skateboard p\u00e5 6.5 tommer, ideell for barn fra 3 til 5 \u00e5r. Sikker, lett og perfekt for de f\u00f8rste kj\u00f8refors\u00f8kene.","og_url":"https:\/\/little-boards.com\/no\/shop\/skateboard-fuer-kinder-little-boards-flowers-6-5-zoll-mini-anfaenger-3-5-jahre\/","og_site_name":"Little Boards Skateboards","og_image":[{"width":1000,"height":1300,"url":"https:\/\/little-boards.com\/wp-content\/uploads\/2025\/07\/1209780_Product.jpg","type":"image\/jpeg"}],"twitter_card":"summary_large_image","schema":{"@context":"https:\/\/schema.org","@graph":[{"@type":"WebPage","@id":"https:\/\/little-boards.com\/no\/shop\/skateboard-fuer-kinder-little-boards-flowers-6-5-zoll-mini-anfaenger-3-5-jahre\/","url":"https:\/\/little-boards.com\/no\/shop\/skateboard-fuer-kinder-little-boards-flowers-6-5-zoll-mini-anfaenger-3-5-jahre\/","name":"Flowers \u2013 Barne-Skateboard 6.5\" - Little Boards Skateboards","isPartOf":{"@id":"https:\/\/little-boards.com\/no\/#website"},"primaryImageOfPage":{"@id":"https:\/\/little-boards.com\/no\/shop\/skateboard-fuer-kinder-little-boards-flowers-6-5-zoll-mini-anfaenger-3-5-jahre\/#primaryimage"},"image":{"@id":"https:\/\/little-boards.com\/no\/shop\/skateboard-fuer-kinder-little-boards-flowers-6-5-zoll-mini-anfaenger-3-5-jahre\/#primaryimage"},"thumbnailUrl":"https:\/\/little-boards.com\/wp-content\/uploads\/2026\/03\/1209780_Product.jpg","datePublished":"2025-05-30T13:03:10+00:00","description":"Sm\u00e5 brett \u00abFlowers\u00bb \u2013 Barne-Skateboard p\u00e5 6.5 tommer, ideell for barn fra 3 til 5 \u00e5r. Sikker, lett og perfekt for de f\u00f8rste kj\u00f8refors\u00f8kene.","breadcrumb":{"@id":"https:\/\/little-boards.com\/no\/shop\/skateboard-fuer-kinder-little-boards-flowers-6-5-zoll-mini-anfaenger-3-5-jahre\/#breadcrumb"},"inLanguage":"nb-NO","potentialAction":[{"@type":"ReadAction","target":["https:\/\/little-boards.com\/no\/shop\/skateboard-fuer-kinder-little-boards-flowers-6-5-zoll-mini-anfaenger-3-5-jahre\/"]}]},{"@type":"ImageObject","inLanguage":"nb-NO","@id":"https:\/\/little-boards.com\/no\/shop\/skateboard-fuer-kinder-little-boards-flowers-6-5-zoll-mini-anfaenger-3-5-jahre\/#primaryimage","url":"https:\/\/little-boards.com\/wp-content\/uploads\/2026\/03\/1209780_Product.jpg","contentUrl":"https:\/\/little-boards.com\/wp-content\/uploads\/2026\/03\/1209780_Product.jpg","width":1000,"height":1300,"caption":"flowers-kinder-skateboard-6-5-zoll"},{"@type":"BreadcrumbList","@id":"https:\/\/little-boards.com\/no\/shop\/skateboard-fuer-kinder-little-boards-flowers-6-5-zoll-mini-anfaenger-3-5-jahre\/#breadcrumb","itemListElement":[{"@type":"ListItem","position":1,"name":"Hjem","item":"https:\/\/little-boards.com\/no\/skateboard-fuer-kinder-little-boards-anfaenger-3-11-jahre\/"},{"@type":"ListItem","position":2,"name":"Butikk","item":"https:\/\/little-boards.com\/no\/butikk\/"},{"@type":"ListItem","position":3,"name":"Flowers \u2013 Barne-Skateboard 6.5&#8243;"}]},{"@type":"WebSite","@id":"https:\/\/little-boards.com\/no\/#website","url":"https:\/\/little-boards.com\/no\/","name":"Little Boards Skateboards","description":"real boards for real kids","publisher":{"@id":"https:\/\/little-boards.com\/no\/#organization"},"alternateName":"Kinder-Skateboards","potentialAction":[{"@type":"SearchAction","target":{"@type":"EntryPoint","urlTemplate":"https:\/\/little-boards.com\/no\/?s={search_term_string}"},"query-input":{"@type":"PropertyValueSpecification","valueRequired":true,"valueName":"search_term_string"}}],"inLanguage":"nb-NO"},{"@type":"Organization","@id":"https:\/\/little-boards.com\/no\/#organization","name":"Little Boards Skateboards","url":"https:\/\/little-boards.com\/no\/","logo":{"@type":"ImageObject","inLanguage":"nb-NO","@id":"https:\/\/little-boards.com\/no\/#\/schema\/logo\/image\/","url":"https:\/\/little-boards.com\/wp-content\/uploads\/2025\/05\/LB-Bubble-Logo-003.svg","contentUrl":"https:\/\/little-boards.com\/wp-content\/uploads\/2025\/05\/LB-Bubble-Logo-003.svg","width":"1024","height":"1024","caption":"Little Boards Skateboards"},"image":{"@id":"https:\/\/little-boards.com\/no\/#\/schema\/logo\/image\/"}}]}},"_links":{"self":[{"href":"https:\/\/little-boards.com\/no\/wp-json\/wp\/v2\/product\/5916","targetHints":{"allow":["GET"]}}],"collection":[{"href":"https:\/\/little-boards.com\/no\/wp-json\/wp\/v2\/product"}],"about":[{"href":"https:\/\/little-boards.com\/no\/wp-json\/wp\/v2\/types\/product"}],"wp:featuredmedia":[{"embeddable":true,"href":"https:\/\/little-boards.com\/no\/wp-json\/wp\/v2\/media\/9864"}],"wp:attachment":[{"href":"https:\/\/little-boards.com\/no\/wp-json\/wp\/v2\/media?parent=5916"}],"wp:term":[{"taxonomy":"product_brand","embeddable":true,"href":"https:\/\/little-boards.com\/no\/wp-json\/wp\/v2\/product_brand?post=5916"},{"taxonomy":"product_cat","embeddable":true,"href":"https:\/\/little-boards.com\/no\/wp-json\/wp\/v2\/product_cat?post=5916"},{"taxonomy":"product_tag","embeddable":true,"href":"https:\/\/little-boards.com\/no\/wp-json\/wp\/v2\/product_tag?post=5916"}],"curies":[{"name":"wp","href":"https:\/\/api.w.org\/{rel}","templated":true}]}}