

{"id":2616,"date":"2025-05-30T14:39:37","date_gmt":"2025-05-30T12:39:37","guid":{"rendered":"https:\/\/little-boards.com\/shop\/airplane-skateboard-for-barn-70\/"},"modified":"2025-09-18T22:05:33","modified_gmt":"2025-09-18T20:05:33","slug":"skateboard-fuer-kinder-little-boards-airplane-7-0-zoll-anfaenger-5-8-jahre","status":"publish","type":"product","link":"https:\/\/little-boards.com\/no\/shop\/skateboard-fuer-kinder-little-boards-airplane-7-0-zoll-anfaenger-5-8-jahre\/","title":{"rendered":"Airplane &#8211; Skateboard for barn 7,0&#8243;"},"content":{"rendered":"[vc_row type=&raquo;in_container&raquo; full_screen_row_position=&raquo;middle&raquo; column_margin=&raquo;default&raquo; column_direction=&raquo;default&raquo; column_direction_tablet=&raquo;default&raquo; column_direction_phone=&raquo;default&raquo; scene_position=&raquo;center&raquo; text_color=&raquo;dark&raquo; text_align=&raquo;left&raquo; row_border_radius=&raquo;none&raquo; row_border_radius_applies=&raquo;bg&raquo; overflow=&raquo;visible&raquo; overlay_strength=&raquo;0.3&#8243; gradient_direction=&raquo;left_to_right&raquo; shape_divider_position=&raquo;bottom&raquo; bg_image_animation=&raquo;none&raquo; gradient_type=&raquo;default&raquo; shape_type=&raquo;&raquo;][vc_column column_padding=&raquo;no-extra-padding&raquo; column_padding_tablet=&raquo;inherit&raquo; column_padding_phone=&raquo;inherit&raquo; column_padding_position=&raquo;all&raquo; column_element_direction_desktop=&raquo;default&raquo; column_element_spacing=&raquo;default&raquo; desktop_text_alignment=&raquo;default&raquo; tablet_text_alignment=&raquo;default&raquo; phone_text_alignment=&raquo;default&raquo; background_color_opacity=&raquo;1&#8243; background_hover_color_opacity=&raquo;1&#8243; column_backdrop_filter=&raquo;none&raquo; column_shadow=&raquo;none&raquo; column_border_radius=&raquo;none&raquo; column_link_target=&raquo;_self&raquo; column_position=&raquo;default&raquo; gradient_direction=&raquo;left_to_right&raquo; overlay_strength=&raquo;0.3&#8243; width=&raquo;1\/1&#8243; tablet_width_inherit=&raquo;default&raquo; animation_type=&raquo;default&raquo; bg_image_animation=&raquo;none&raquo; border_type=&raquo;simple&raquo; column_border_width=&raquo;none&raquo; column_border_style=&raquo;solid&raquo; column_padding_type=&raquo;default&raquo; gradient_type=&raquo;default&raquo;][nectar_responsive_text inherited_font_style=&raquo;p&raquo; text_direction=&raquo;default&raquo;]<strong>St\u00f8rrelse<\/strong>[\/nectar_responsive_text][divider line_type=&raquo;No Line&raquo; custom_height=&raquo;1&#8243; custom_height_tablet=&raquo;10&#8243; custom_height_phone=&raquo;10&#8243;][nectar_cta btn_style=&raquo;basic&raquo; heading_tag=&raquo;p&raquo; button_color=&raquo;default&raquo; button_border_thickness=&raquo;1px&raquo; link_type=&raquo;regular&raquo; alignment=&raquo;left&raquo; alignment_tablet=&raquo;default&raquo; alignment_phone=&raquo;default&raquo; constrain_group_3=&raquo;yes&raquo; constrain_group_4=&raquo;yes&raquo; display=&raquo;inline&raquo; display_tablet=&raquo;inherit&raquo; display_phone=&raquo;block&raquo; icon_family=&raquo;none&raquo; font_size_desktop=&raquo;16&#8243; font_size_tablet=&raquo;16&#8243; font_size_phone=&raquo;16&#8243; link_text=&raquo;3 &#8211; 5 \u00e5r&raquo; padding_top=&raquo;10&#8243; padding_bottom=&raquo;10&#8243; padding_left=&raquo;20&#8243; padding_right=&raquo;20&#8243; url=&raquo;https:\/\/little-boards.com\/no\/shop\/skateboard-fuer-kinder-little-boards-airplane-6-5-zoll-mini-anfaenger-3-5-jahre\/&raquo; margin_right=&raquo;10&#8243; margin_bottom=&raquo;30&#8243; class=&raquo;oe-cat-inactive&raquo;][nectar_cta btn_style=&raquo;basic&raquo; heading_tag=&raquo;p&raquo; button_color=&raquo;default&raquo; button_border_thickness=&raquo;1px&raquo; link_type=&raquo;regular&raquo; alignment=&raquo;left&raquo; alignment_tablet=&raquo;default&raquo; alignment_phone=&raquo;default&raquo; constrain_group_3=&raquo;yes&raquo; constrain_group_4=&raquo;yes&raquo; display=&raquo;inline&raquo; display_tablet=&raquo;inherit&raquo; display_phone=&raquo;block&raquo; icon_family=&raquo;none&raquo; font_size_desktop=&raquo;16&#8243; font_size_tablet=&raquo;16&#8243; font_size_phone=&raquo;16&#8243; link_text=&raquo;5 &#8211; 8 \u00e5r&raquo; padding_top=&raquo;10&#8243; padding_bottom=&raquo;10&#8243; padding_left=&raquo;20&#8243; padding_right=&raquo;20&#8243; url=&raquo;#&raquo; margin_right=&raquo;10&#8243; margin_bottom=&raquo;30&#8243; class=&raquo;oe-cat-active&raquo;][divider line_type=&raquo;No Line&raquo; custom_height=&raquo;10&#8243; custom_height_tablet=&raquo;10&#8243; custom_height_phone=&raquo;10&#8243;][\/vc_column][\/vc_row][vc_row type=&raquo;in_container&raquo; full_screen_row_position=&raquo;middle&raquo; column_margin=&raquo;default&raquo; column_direction=&raquo;default&raquo; column_direction_tablet=&raquo;default&raquo; column_direction_phone=&raquo;default&raquo; scene_position=&raquo;center&raquo; text_color=&raquo;dark&raquo; text_align=&raquo;left&raquo; row_border_radius=&raquo;none&raquo; row_border_radius_applies=&raquo;bg&raquo; overflow=&raquo;visible&raquo; overlay_strength=&raquo;0.3&#8243; gradient_direction=&raquo;left_to_right&raquo; shape_divider_position=&raquo;bottom&raquo; bg_image_animation=&raquo;none&raquo;][vc_column column_padding=&raquo;no-extra-padding&raquo; column_padding_tablet=&raquo;inherit&raquo; column_padding_phone=&raquo;inherit&raquo; column_padding_position=&raquo;all&raquo; column_element_direction_desktop=&raquo;default&raquo; column_element_spacing=&raquo;default&raquo; desktop_text_alignment=&raquo;default&raquo; tablet_text_alignment=&raquo;default&raquo; phone_text_alignment=&raquo;default&raquo; background_color_opacity=&raquo;1&#8243; background_hover_color_opacity=&raquo;1&#8243; column_backdrop_filter=&raquo;none&raquo; column_shadow=&raquo;none&raquo; column_border_radius=&raquo;none&raquo; column_link_target=&raquo;_self&raquo; column_position=&raquo;default&raquo; gradient_direction=&raquo;left_to_right&raquo; overlay_strength=&raquo;0.3&#8243; width=&raquo;1\/1&#8243; tablet_width_inherit=&raquo;default&raquo; animation_type=&raquo;default&raquo; bg_image_animation=&raquo;none&raquo; border_type=&raquo;simple&raquo; column_border_width=&raquo;none&raquo; column_border_style=&raquo;solid&raquo;][vc_column_text css=&raquo;&raquo; el_class=&raquo;oe-prod-text&raquo; text_direction=&raquo;default&raquo;]\n<h2>Den perfekte Skateboard for sm\u00e5 skatere.<\/h2>\n<p>Little Boards <strong>&laquo;Airplane<\/strong> &raquo; 7.0\u2033 er spesielt utviklet som en Skateboard for barn som vil l\u00e6re seg \u00e5 kj\u00f8re Skateboard trygt, raskt og morsomt. Med barnevennlige proporsjoner, h\u00f8y kvalitet p\u00e5 utf\u00f8relsen og et gjennomtenkt oppsett gj\u00f8r det det enklere for sm\u00e5 skatere \u00e5 komme i gang helt fra starten. <\/p>\n<h3>Hvorfor er dette brettet ideelt for barn?<\/h3>\n<ul>\n<li>\u2705 Alderstilpasset st\u00f8rrelse for maksimal kontroll<\/li>\n<li>\u2705 Enkel h\u00e5ndtering takket v\u00e6re myke aksler og hjul<\/li>\n<li>\u2705 Sikkert fotfeste takket v\u00e6re barnevennlig dekkbredde<\/li>\n<li>\u2705 Ekte skateboardkvalitet &#8211; akkurat som de store gutta<\/li>\n<li>\u2705 Reduserer frustrasjon og fremmer en rask f\u00f8lelse av mestring<\/li>\n<\/ul>\n<h3>Optimal st\u00f8rrelse for sm\u00e5 f\u00f8tter<\/h3>\n<p>Mens et vanlig skateboard for voksne fort blir for stort og tungt for barn, har Little Boards <strong>&laquo;Airplane<\/strong> &raquo; 7.0&#8243; akkurat de riktige proporsjonene for trygg l\u00e6ring og de f\u00f8rste triksene.<\/p>\n<h2>Tekniske detaljer<\/h2>\n<ul>\n<li style=\"list-style-type: none;\">\n<ul>\n<li><strong>Dekk<\/strong>: 7-lags l\u00f8nn<\/li>\n<li><strong>Dekkst\u00f8rrelse<\/strong>: 7\u2033 x 28,25\u2033 (17,8 x 71,75 cm)<\/li>\n<li><strong>Aksler<\/strong>: Slagvogner med myke styrebelegg (85a)<\/li>\n<li><strong>Hjul:<\/strong> Myke Little Boards-hjul 85a -50mm<\/li>\n<li><strong>Kulelager<\/strong>: Impact Skategear ABEC 7<\/li>\n<li><strong>EU-standard:<\/strong> oppfyller EN71-1,2,3 | CE<\/li>\n<\/ul>\n<\/li>\n<\/ul>\n<h3>Hvem passer dette brettet for?<\/h3>\n<p>Dette brettet er ideelt for barn fra 5 &#8211; 8 \u00e5r eller en h\u00f8yde p\u00e5 opptil ca. 130 cm og skost\u00f8rrelser opp til ca. 34.<\/p>\n<h3>Trygg og gjennomtenkt l\u00e6ring<\/h3>\n<p>Med sine myke styreegenskaper reagerer akslene p\u00e5 selv sm\u00e5 vektforskyvninger. De myke hjulene s\u00f8rger for jevn og trygg rulling, selv p\u00e5 ujevnt underlag. Det betyr at barna alltid har kontroll og raskt utvikler tillit til egne evner.  <\/p>\n<h3>Little Boards: Ekte Skateboards for ekte barn<\/h3>\n<p>I motsetning til leket\u00f8ysskateboard fra lekebutikker, tilbyr Little Boards ekte skateboardkvalitet &#8211; i mindre skala, men profesjonelt produsert. Perfekt for de f\u00f8rste rullefors\u00f8kene, for trygg l\u00e6ring og for langvarig skatingmoro. <\/p>\n<h4>Du kan finne mer informasjon om riktig skateboardst\u00f8rrelse i v\u00e5r skateboardst\u00f8rrelsesguide for barn.<\/h4>\n[\/vc_column_text][nectar_cta btn_style=&raquo;arrow-animation&raquo; heading_tag=&raquo;p&raquo; button_color=&raquo;default&raquo; text_color_hover=&raquo;#4ca7ed&raquo; button_border_color=&raquo;#000000&#8243; button_border_color_hover=&raquo;#4ca7ed&raquo; button_border_thickness=&raquo;1px&raquo; link_type=&raquo;regular&raquo; alignment=&raquo;left&raquo; alignment_tablet=&raquo;default&raquo; alignment_phone=&raquo;default&raquo; constrain_group_3=&raquo;yes&raquo; constrain_group_4=&raquo;yes&raquo; display=&raquo;block&raquo; display_tablet=&raquo;inherit&raquo; display_phone=&raquo;inherit&raquo; link_text=&raquo;Til st\u00f8rrelsesguiden&raquo; url=&raquo;https:\/\/little-boards.com\/no\/raadgiver\/die-richtige-skateboard-groesse-fuer-kinder-finden-little-boards\/&raquo; padding_top=&raquo;10&#8243; padding_bottom=&raquo;10&#8243; padding_left=&raquo;20&#8243; padding_right=&raquo;20&#8243; font_size_desktop=&raquo;16&#8243; font_size_tablet=&raquo;16&#8243; font_size_phone=&raquo;16&#8243; aria_label_text=&raquo;Gr\u00f6\u00dfen Guide&raquo;][\/vc_column][\/vc_row][vc_row type=&raquo;in_container&raquo; full_screen_row_position=&raquo;middle&raquo; column_margin=&raquo;default&raquo; column_direction=&raquo;default&raquo; column_direction_tablet=&raquo;default&raquo; column_direction_phone=&raquo;default&raquo; scene_position=&raquo;center&raquo; text_color=&raquo;dark&raquo; text_align=&raquo;left&raquo; row_border_radius=&raquo;none&raquo; row_border_radius_applies=&raquo;bg&raquo; overflow=&raquo;visible&raquo; overlay_strength=&raquo;0.3&#8243; gradient_direction=&raquo;left_to_right&raquo; shape_divider_position=&raquo;bottom&raquo; bg_image_animation=&raquo;none&raquo;][vc_column column_padding=&raquo;no-extra-padding&raquo; column_padding_tablet=&raquo;inherit&raquo; column_padding_phone=&raquo;inherit&raquo; column_padding_position=&raquo;all&raquo; column_element_direction_desktop=&raquo;default&raquo; column_element_spacing=&raquo;default&raquo; desktop_text_alignment=&raquo;default&raquo; tablet_text_alignment=&raquo;default&raquo; phone_text_alignment=&raquo;default&raquo; background_color_opacity=&raquo;1&#8243; background_hover_color_opacity=&raquo;1&#8243; column_backdrop_filter=&raquo;none&raquo; column_shadow=&raquo;none&raquo; column_border_radius=&raquo;none&raquo; column_link_target=&raquo;_self&raquo; column_position=&raquo;default&raquo; gradient_direction=&raquo;left_to_right&raquo; overlay_strength=&raquo;0.3&#8243; width=&raquo;1\/1&#8243; tablet_width_inherit=&raquo;default&raquo; animation_type=&raquo;default&raquo; bg_image_animation=&raquo;none&raquo; border_type=&raquo;simple&raquo; column_border_width=&raquo;none&raquo; column_border_style=&raquo;solid&raquo;][divider line_type=&raquo;No Line&raquo; custom_height=&raquo;10&#8243; custom_height_tablet=&raquo;10&#8243; custom_height_phone=&raquo;10&#8243;][toggles style=&raquo;default&raquo; border_radius=&raquo;none&raquo;][toggle color=&raquo;Default&raquo; heading_tag=&raquo;default&raquo; heading_tag_functionality=&raquo;default&raquo; title=&raquo;Produsentens detaljer&raquo;][vc_column_text css=&raquo;&raquo; text_direction=&raquo;default&raquo;]\n\t\n\t<div class=\"manufacturer wc-gzd-additional-info\">\n\t\t<p class=\"wc-gzd-manufacturer-address\">Little Boards<\/p>\t<\/div>\n[\/vc_column_text][vc_column_text][\/vc_column_text][\/toggle][toggle color=&raquo;Default&raquo; heading_tag=&raquo;default&raquo; heading_tag_functionality=&raquo;default&raquo; title=&raquo;Sikkerhetsforskrifter&raquo;][vc_column_text css=&raquo;&raquo; text_direction=&raquo;default&raquo;]\n\t\n\t<div class=\"safety-instructions wc-gzd-additional-info\">\n\t\t<div class=\"safety-instructions wc-gzd-additional-info\">\n<p><strong>Advarsel:<\/strong> ikke egnet for barn under 3 \u00e5r<\/p>\n<\/div>\n\t<\/div>\n\n\n[\/vc_column_text][\/toggle][\/toggles][\/vc_column][\/vc_row]\n","protected":false},"excerpt":{"rendered":"<p>[vc_row type=&raquo;in_container&raquo; full_screen_row_position=&raquo;middle&raquo; column_margin=&raquo;default&raquo; column_direction=&raquo;default&raquo; column_direction_tablet=&raquo;default&raquo; column_direction_phone=&raquo;default&raquo; scene_position=&raquo;center&raquo; text_color=&raquo;dark&raquo; text_align=&raquo;left&raquo; row_border_radius=&raquo;none&raquo; row_border_radius_applies=&raquo;bg&raquo; overflow=&raquo;visible&raquo; overlay_strength=&raquo;0.3&#8243; gradient_direction=&raquo;left_to_right&raquo; shape_divider_position=&raquo;bottom&raquo; bg_image_animation=&raquo;none&raquo; gradient_type=&raquo;default&raquo; shape_type=&raquo;&raquo;][vc_column column_padding=&raquo;no-extra-padding&raquo; column_padding_tablet=&raquo;inherit&raquo; column_padding_phone=&raquo;inherit&raquo; column_padding_position=&raquo;all&raquo; column_element_direction_desktop=&raquo;default&raquo; column_element_spacing=&raquo;default&raquo; desktop_text_alignment=&raquo;default&raquo; tablet_text_alignment=&raquo;default&raquo; phone_text_alignment=&raquo;default&raquo; background_color_opacity=&raquo;1&#8243; background_hover_color_opacity=&raquo;1&#8243;&#8230;<\/p>\n","protected":false},"featured_media":16443,"template":"","meta":{"inline_featured_image":false},"product_brand":[],"product_cat":[117],"product_tag":[219],"class_list":{"0":"post-2616","1":"product","2":"type-product","3":"status-publish","4":"has-post-thumbnail","6":"product_cat-skateboard-5-8-aar","7":"product_tag-skateboard-no","9":"first","10":"instock","11":"taxable","12":"shipping-taxable","13":"purchasable","14":"product-type-simple"},"yoast_head":"<!-- This site is optimized with the Yoast SEO plugin v27.4 - https:\/\/yoast.com\/product\/yoast-seo-wordpress\/ -->\n<title>Skateboard for barn - Little Boards &quot;Airplane&quot;, 7,0 tommer, 5-8 \u00e5r<\/title>\n<meta name=\"description\" content=\"Little Boards &quot;Airplane&quot; - skateboard for barn i 7,0 tommer, ideelt for barn i alderen 5 til 8 \u00e5r. Trygt, lett og perfekt for de f\u00f8rste fors\u00f8kene p\u00e5 ridning.\" \/>\n<meta name=\"robots\" content=\"index, follow, max-snippet:-1, max-image-preview:large, max-video-preview:-1\" \/>\n<link rel=\"canonical\" href=\"https:\/\/little-boards.com\/no\/shop\/skateboard-fuer-kinder-little-boards-airplane-7-0-zoll-anfaenger-5-8-jahre\/\" \/>\n<meta property=\"og:locale\" content=\"nb_NO\" \/>\n<meta property=\"og:type\" content=\"article\" \/>\n<meta property=\"og:title\" content=\"Skateboard for barn - Little Boards &quot;Airplane&quot;, 7,0 tommer, 5-8 \u00e5r\" \/>\n<meta property=\"og:description\" content=\"Little Boards &quot;Airplane&quot; - skateboard for barn i 7,0 tommer, ideelt for barn i alderen 5 til 8 \u00e5r. Trygt, lett og perfekt for de f\u00f8rste fors\u00f8kene p\u00e5 ridning.\" \/>\n<meta property=\"og:url\" content=\"https:\/\/little-boards.com\/no\/shop\/skateboard-fuer-kinder-little-boards-airplane-7-0-zoll-anfaenger-5-8-jahre\/\" \/>\n<meta property=\"og:site_name\" content=\"Little Boards Skateboards\" \/>\n<meta property=\"article:modified_time\" content=\"2025-09-18T20:05:33+00:00\" \/>\n<meta property=\"og:image\" content=\"https:\/\/little-boards.com\/wp-content\/uploads\/2025\/07\/1209758_Product.jpg\" \/>\n\t<meta property=\"og:image:width\" content=\"1000\" \/>\n\t<meta property=\"og:image:height\" content=\"1300\" \/>\n\t<meta property=\"og:image:type\" content=\"image\/jpeg\" \/>\n<meta name=\"twitter:card\" content=\"summary_large_image\" \/>\n<meta name=\"twitter:label1\" content=\"Ansl. lesetid\" \/>\n\t<meta name=\"twitter:data1\" content=\"6 minutter\" \/>\n<script type=\"application\/ld+json\" class=\"yoast-schema-graph\">{\"@context\":\"https:\\\/\\\/schema.org\",\"@graph\":[{\"@type\":\"WebPage\",\"@id\":\"https:\\\/\\\/little-boards.com\\\/no\\\/shop\\\/skateboard-fuer-kinder-little-boards-airplane-7-0-zoll-anfaenger-5-8-jahre\\\/\",\"url\":\"https:\\\/\\\/little-boards.com\\\/no\\\/shop\\\/skateboard-fuer-kinder-little-boards-airplane-7-0-zoll-anfaenger-5-8-jahre\\\/\",\"name\":\"Skateboard for barn - Little Boards \\\"Airplane\\\", 7,0 tommer, 5-8 \u00e5r\",\"isPartOf\":{\"@id\":\"https:\\\/\\\/little-boards.com\\\/no\\\/#website\"},\"primaryImageOfPage\":{\"@id\":\"https:\\\/\\\/little-boards.com\\\/no\\\/shop\\\/skateboard-fuer-kinder-little-boards-airplane-7-0-zoll-anfaenger-5-8-jahre\\\/#primaryimage\"},\"image\":{\"@id\":\"https:\\\/\\\/little-boards.com\\\/no\\\/shop\\\/skateboard-fuer-kinder-little-boards-airplane-7-0-zoll-anfaenger-5-8-jahre\\\/#primaryimage\"},\"thumbnailUrl\":\"https:\\\/\\\/little-boards.com\\\/wp-content\\\/uploads\\\/2026\\\/03\\\/6413352_Product.png\",\"datePublished\":\"2025-05-30T12:39:37+00:00\",\"dateModified\":\"2025-09-18T20:05:33+00:00\",\"description\":\"Little Boards \\\"Airplane\\\" - skateboard for barn i 7,0 tommer, ideelt for barn i alderen 5 til 8 \u00e5r. Trygt, lett og perfekt for de f\u00f8rste fors\u00f8kene p\u00e5 ridning.\",\"breadcrumb\":{\"@id\":\"https:\\\/\\\/little-boards.com\\\/no\\\/shop\\\/skateboard-fuer-kinder-little-boards-airplane-7-0-zoll-anfaenger-5-8-jahre\\\/#breadcrumb\"},\"inLanguage\":\"nb-NO\",\"potentialAction\":[{\"@type\":\"ReadAction\",\"target\":[\"https:\\\/\\\/little-boards.com\\\/no\\\/shop\\\/skateboard-fuer-kinder-little-boards-airplane-7-0-zoll-anfaenger-5-8-jahre\\\/\"]}]},{\"@type\":\"ImageObject\",\"inLanguage\":\"nb-NO\",\"@id\":\"https:\\\/\\\/little-boards.com\\\/no\\\/shop\\\/skateboard-fuer-kinder-little-boards-airplane-7-0-zoll-anfaenger-5-8-jahre\\\/#primaryimage\",\"url\":\"https:\\\/\\\/little-boards.com\\\/wp-content\\\/uploads\\\/2026\\\/03\\\/6413352_Product.png\",\"contentUrl\":\"https:\\\/\\\/little-boards.com\\\/wp-content\\\/uploads\\\/2026\\\/03\\\/6413352_Product.png\",\"width\":1500,\"height\":2000,\"caption\":\"Kinder-Skateboard-Little-Boards-Plane-65-01.png\"},{\"@type\":\"BreadcrumbList\",\"@id\":\"https:\\\/\\\/little-boards.com\\\/no\\\/shop\\\/skateboard-fuer-kinder-little-boards-airplane-7-0-zoll-anfaenger-5-8-jahre\\\/#breadcrumb\",\"itemListElement\":[{\"@type\":\"ListItem\",\"position\":1,\"name\":\"Hjem\",\"item\":\"https:\\\/\\\/little-boards.com\\\/no\\\/skateboard-fuer-kinder-little-boards-anfaenger-3-11-jahre\\\/\"},{\"@type\":\"ListItem\",\"position\":2,\"name\":\"Butikk\",\"item\":\"https:\\\/\\\/little-boards.com\\\/no\\\/butikk\\\/\"},{\"@type\":\"ListItem\",\"position\":3,\"name\":\"Airplane &#8211; Skateboard for barn 7,0&#8243;\"}]},{\"@type\":\"WebSite\",\"@id\":\"https:\\\/\\\/little-boards.com\\\/no\\\/#website\",\"url\":\"https:\\\/\\\/little-boards.com\\\/no\\\/\",\"name\":\"Little Boards Skateboards\",\"description\":\"real boards for real kids\",\"publisher\":{\"@id\":\"https:\\\/\\\/little-boards.com\\\/no\\\/#organization\"},\"alternateName\":\"Kinder-Skateboards\",\"potentialAction\":[{\"@type\":\"SearchAction\",\"target\":{\"@type\":\"EntryPoint\",\"urlTemplate\":\"https:\\\/\\\/little-boards.com\\\/no\\\/?s={search_term_string}\"},\"query-input\":{\"@type\":\"PropertyValueSpecification\",\"valueRequired\":true,\"valueName\":\"search_term_string\"}}],\"inLanguage\":\"nb-NO\"},{\"@type\":\"Organization\",\"@id\":\"https:\\\/\\\/little-boards.com\\\/no\\\/#organization\",\"name\":\"Little Boards Skateboards\",\"url\":\"https:\\\/\\\/little-boards.com\\\/no\\\/\",\"logo\":{\"@type\":\"ImageObject\",\"inLanguage\":\"nb-NO\",\"@id\":\"https:\\\/\\\/little-boards.com\\\/no\\\/#\\\/schema\\\/logo\\\/image\\\/\",\"url\":\"https:\\\/\\\/little-boards.com\\\/wp-content\\\/uploads\\\/2025\\\/05\\\/LB-Bubble-Logo-003.svg\",\"contentUrl\":\"https:\\\/\\\/little-boards.com\\\/wp-content\\\/uploads\\\/2025\\\/05\\\/LB-Bubble-Logo-003.svg\",\"width\":\"1024\",\"height\":\"1024\",\"caption\":\"Little Boards Skateboards\"},\"image\":{\"@id\":\"https:\\\/\\\/little-boards.com\\\/no\\\/#\\\/schema\\\/logo\\\/image\\\/\"}}]}<\/script>\n<!-- \/ Yoast SEO plugin. -->","yoast_head_json":{"title":"Skateboard for barn - Little Boards \"Airplane\", 7,0 tommer, 5-8 \u00e5r","description":"Little Boards \"Airplane\" - skateboard for barn i 7,0 tommer, ideelt for barn i alderen 5 til 8 \u00e5r. Trygt, lett og perfekt for de f\u00f8rste fors\u00f8kene p\u00e5 ridning.","robots":{"index":"index","follow":"follow","max-snippet":"max-snippet:-1","max-image-preview":"max-image-preview:large","max-video-preview":"max-video-preview:-1"},"canonical":"https:\/\/little-boards.com\/no\/shop\/skateboard-fuer-kinder-little-boards-airplane-7-0-zoll-anfaenger-5-8-jahre\/","og_locale":"nb_NO","og_type":"article","og_title":"Skateboard for barn - Little Boards \"Airplane\", 7,0 tommer, 5-8 \u00e5r","og_description":"Little Boards \"Airplane\" - skateboard for barn i 7,0 tommer, ideelt for barn i alderen 5 til 8 \u00e5r. Trygt, lett og perfekt for de f\u00f8rste fors\u00f8kene p\u00e5 ridning.","og_url":"https:\/\/little-boards.com\/no\/shop\/skateboard-fuer-kinder-little-boards-airplane-7-0-zoll-anfaenger-5-8-jahre\/","og_site_name":"Little Boards Skateboards","article_modified_time":"2025-09-18T20:05:33+00:00","og_image":[{"width":1000,"height":1300,"url":"https:\/\/little-boards.com\/wp-content\/uploads\/2025\/07\/1209758_Product.jpg","type":"image\/jpeg"}],"twitter_card":"summary_large_image","twitter_misc":{"Ansl. lesetid":"6 minutter"},"schema":{"@context":"https:\/\/schema.org","@graph":[{"@type":"WebPage","@id":"https:\/\/little-boards.com\/no\/shop\/skateboard-fuer-kinder-little-boards-airplane-7-0-zoll-anfaenger-5-8-jahre\/","url":"https:\/\/little-boards.com\/no\/shop\/skateboard-fuer-kinder-little-boards-airplane-7-0-zoll-anfaenger-5-8-jahre\/","name":"Skateboard for barn - Little Boards \"Airplane\", 7,0 tommer, 5-8 \u00e5r","isPartOf":{"@id":"https:\/\/little-boards.com\/no\/#website"},"primaryImageOfPage":{"@id":"https:\/\/little-boards.com\/no\/shop\/skateboard-fuer-kinder-little-boards-airplane-7-0-zoll-anfaenger-5-8-jahre\/#primaryimage"},"image":{"@id":"https:\/\/little-boards.com\/no\/shop\/skateboard-fuer-kinder-little-boards-airplane-7-0-zoll-anfaenger-5-8-jahre\/#primaryimage"},"thumbnailUrl":"https:\/\/little-boards.com\/wp-content\/uploads\/2026\/03\/6413352_Product.png","datePublished":"2025-05-30T12:39:37+00:00","dateModified":"2025-09-18T20:05:33+00:00","description":"Little Boards \"Airplane\" - skateboard for barn i 7,0 tommer, ideelt for barn i alderen 5 til 8 \u00e5r. Trygt, lett og perfekt for de f\u00f8rste fors\u00f8kene p\u00e5 ridning.","breadcrumb":{"@id":"https:\/\/little-boards.com\/no\/shop\/skateboard-fuer-kinder-little-boards-airplane-7-0-zoll-anfaenger-5-8-jahre\/#breadcrumb"},"inLanguage":"nb-NO","potentialAction":[{"@type":"ReadAction","target":["https:\/\/little-boards.com\/no\/shop\/skateboard-fuer-kinder-little-boards-airplane-7-0-zoll-anfaenger-5-8-jahre\/"]}]},{"@type":"ImageObject","inLanguage":"nb-NO","@id":"https:\/\/little-boards.com\/no\/shop\/skateboard-fuer-kinder-little-boards-airplane-7-0-zoll-anfaenger-5-8-jahre\/#primaryimage","url":"https:\/\/little-boards.com\/wp-content\/uploads\/2026\/03\/6413352_Product.png","contentUrl":"https:\/\/little-boards.com\/wp-content\/uploads\/2026\/03\/6413352_Product.png","width":1500,"height":2000,"caption":"Kinder-Skateboard-Little-Boards-Plane-65-01.png"},{"@type":"BreadcrumbList","@id":"https:\/\/little-boards.com\/no\/shop\/skateboard-fuer-kinder-little-boards-airplane-7-0-zoll-anfaenger-5-8-jahre\/#breadcrumb","itemListElement":[{"@type":"ListItem","position":1,"name":"Hjem","item":"https:\/\/little-boards.com\/no\/skateboard-fuer-kinder-little-boards-anfaenger-3-11-jahre\/"},{"@type":"ListItem","position":2,"name":"Butikk","item":"https:\/\/little-boards.com\/no\/butikk\/"},{"@type":"ListItem","position":3,"name":"Airplane &#8211; Skateboard for barn 7,0&#8243;"}]},{"@type":"WebSite","@id":"https:\/\/little-boards.com\/no\/#website","url":"https:\/\/little-boards.com\/no\/","name":"Little Boards Skateboards","description":"real boards for real kids","publisher":{"@id":"https:\/\/little-boards.com\/no\/#organization"},"alternateName":"Kinder-Skateboards","potentialAction":[{"@type":"SearchAction","target":{"@type":"EntryPoint","urlTemplate":"https:\/\/little-boards.com\/no\/?s={search_term_string}"},"query-input":{"@type":"PropertyValueSpecification","valueRequired":true,"valueName":"search_term_string"}}],"inLanguage":"nb-NO"},{"@type":"Organization","@id":"https:\/\/little-boards.com\/no\/#organization","name":"Little Boards Skateboards","url":"https:\/\/little-boards.com\/no\/","logo":{"@type":"ImageObject","inLanguage":"nb-NO","@id":"https:\/\/little-boards.com\/no\/#\/schema\/logo\/image\/","url":"https:\/\/little-boards.com\/wp-content\/uploads\/2025\/05\/LB-Bubble-Logo-003.svg","contentUrl":"https:\/\/little-boards.com\/wp-content\/uploads\/2025\/05\/LB-Bubble-Logo-003.svg","width":"1024","height":"1024","caption":"Little Boards Skateboards"},"image":{"@id":"https:\/\/little-boards.com\/no\/#\/schema\/logo\/image\/"}}]}},"_links":{"self":[{"href":"https:\/\/little-boards.com\/no\/wp-json\/wp\/v2\/product\/2616","targetHints":{"allow":["GET"]}}],"collection":[{"href":"https:\/\/little-boards.com\/no\/wp-json\/wp\/v2\/product"}],"about":[{"href":"https:\/\/little-boards.com\/no\/wp-json\/wp\/v2\/types\/product"}],"wp:featuredmedia":[{"embeddable":true,"href":"https:\/\/little-boards.com\/no\/wp-json\/wp\/v2\/media\/16443"}],"wp:attachment":[{"href":"https:\/\/little-boards.com\/no\/wp-json\/wp\/v2\/media?parent=2616"}],"wp:term":[{"taxonomy":"product_brand","embeddable":true,"href":"https:\/\/little-boards.com\/no\/wp-json\/wp\/v2\/product_brand?post=2616"},{"taxonomy":"product_cat","embeddable":true,"href":"https:\/\/little-boards.com\/no\/wp-json\/wp\/v2\/product_cat?post=2616"},{"taxonomy":"product_tag","embeddable":true,"href":"https:\/\/little-boards.com\/no\/wp-json\/wp\/v2\/product_tag?post=2616"}],"curies":[{"name":"wp","href":"https:\/\/api.w.org\/{rel}","templated":true}]}}