

{"id":5880,"date":"2019-02-25T15:48:38","date_gmt":"2019-02-25T14:48:38","guid":{"rendered":"https:\/\/little-boards.com\/shop\/krown-protection-set-xs\/"},"modified":"2026-04-14T12:54:27","modified_gmt":"2026-04-14T10:54:27","slug":"krown-protection-set-xs","status":"publish","type":"product","link":"https:\/\/little-boards.com\/nl\/shop\/krown-protection-set-xs\/","title":{"rendered":"KROWN Protection Set XS"},"content":{"rendered":"<p>&nbsp;<\/p>\n<p>Das KROWN XS Junior Schoner-Set bietet optimalen Schutz f\u00fcr Kids. Es beinhaltet jeweils ein Paar Knie-, Ellenbogen- und Handgelenkschoner, die f\u00fcr maximale Sicherheit und Komfort sorgen. Die Handgelenkschoner verhindern das Umknicken und sch\u00fctzen die Handinnenfl\u00e4chen mit stabilen Kunststoffschienen. Die Knie- und Ellenbogenschoner sind so gestaltet, dass sie ein kontrolliertes Fallen erm\u00f6glichen und St\u00f6\u00dfe zuverl\u00e4ssig abfedern. Die KROWN XS Junior Schoner passen Kindern im Alter von etwa 4 bis 8 Jahren. Falls du unsicher bist, kannst du dich gerne an den unten aufgef\u00fchrten Gr\u00f6\u00dfenangaben orientieren.<\/p>\n<p>&nbsp;<\/p>\n<h2>Gr\u00f6\u00dfenangaben:<\/h2>\n<p>&nbsp;<\/p>\n<ul>\n<li>Ellenbogenschoner: Umfang Oberarm ca. 22-30 cm<\/li>\n<li>Knieschoner: Umfang Oberschenkel ca. 24-33 cm<\/li>\n<li>Handgelenkschoner: Umfang Handgelenk ca. 15-21 cm<\/li>\n<\/ul>\n<p>&nbsp;<\/p>\n<h2>Features:<\/h2>\n<p>&nbsp;<\/p>\n<ul>\n<li>All-in-one Schoner-Set f\u00fcr Kinder<\/li>\n<li>F\u00fcr Knie, Ellenbogen und Handgelenke<\/li>\n<li>Bequeme, hochwertige Polsterung<\/li>\n<li>Klettverschl\u00fcsse zur Gr\u00f6\u00dfenanpassung<\/li>\n<li>Robuste Hartplastik-Schalen<\/li>\n<\/ul>\n<p>F\u00fcr Kinder mit einem Alter von ca. 4-8 Jahren<\/p>\n<p>&nbsp;<\/p>\n","protected":false},"excerpt":{"rendered":"<p>&nbsp; Das KROWN XS Junior Schoner-Set bietet optimalen Schutz f\u00fcr Kids. Es beinhaltet jeweils ein Paar Knie-, Ellenbogen- und Handgelenkschoner, die f\u00fcr maximale Sicherheit und Komfort sorgen. Die Handgelenkschoner verhindern&#8230;<\/p>\n","protected":false},"featured_media":7849,"template":"","meta":{"inline_featured_image":false},"product_brand":[],"product_cat":[206],"product_tag":[194,195,196,197],"class_list":{"0":"post-5880","1":"product","2":"type-product","3":"status-publish","4":"has-post-thumbnail","6":"product_cat-accessoires-nl","7":"product_tag-krown","8":"product_tag-protection","9":"product_tag-set","10":"product_tag-xs","12":"first","13":"instock","14":"taxable","15":"shipping-taxable","16":"purchasable","17":"product-type-simple"},"yoast_head":"<!-- This site is optimized with the Yoast SEO plugin v27.4 - https:\/\/yoast.com\/product\/yoast-seo-wordpress\/ -->\n<title>KROWN Protection Set XS - Little Boards Skateboards<\/title>\n<meta name=\"robots\" content=\"index, follow, max-snippet:-1, max-image-preview:large, max-video-preview:-1\" \/>\n<link rel=\"canonical\" href=\"https:\/\/little-boards.com\/nl\/shop\/krown-protection-set-xs\/\" \/>\n<meta property=\"og:locale\" content=\"nl_NL\" \/>\n<meta property=\"og:type\" content=\"article\" \/>\n<meta property=\"og:title\" content=\"KROWN Protection Set XS - Little Boards Skateboards\" \/>\n<meta property=\"og:description\" content=\"&nbsp; Das KROWN XS Junior Schoner-Set bietet optimalen Schutz f\u00fcr Kids. Es beinhaltet jeweils ein Paar Knie-, Ellenbogen- und Handgelenkschoner, die f\u00fcr maximale Sicherheit und Komfort sorgen. Die Handgelenkschoner verhindern...\" \/>\n<meta property=\"og:url\" content=\"https:\/\/little-boards.com\/nl\/shop\/krown-protection-set-xs\/\" \/>\n<meta property=\"og:site_name\" content=\"Little Boards Skateboards\" \/>\n<meta property=\"article:modified_time\" content=\"2026-04-14T10:54:27+00:00\" \/>\n<meta property=\"og:image\" content=\"https:\/\/little-boards.com\/wp-content\/uploads\/2019\/02\/KROWN-protection-set-junior-black.jpg\" \/>\n\t<meta property=\"og:image:width\" content=\"1000\" \/>\n\t<meta property=\"og:image:height\" content=\"1300\" \/>\n\t<meta property=\"og:image:type\" content=\"image\/jpeg\" \/>\n<meta name=\"twitter:card\" content=\"summary_large_image\" \/>\n<meta name=\"twitter:label1\" content=\"Geschatte leestijd\" \/>\n\t<meta name=\"twitter:data1\" content=\"1 minuut\" \/>\n<script type=\"application\/ld+json\" class=\"yoast-schema-graph\">{\"@context\":\"https:\\\/\\\/schema.org\",\"@graph\":[{\"@type\":\"WebPage\",\"@id\":\"https:\\\/\\\/little-boards.com\\\/nl\\\/shop\\\/krown-protection-set-xs\\\/\",\"url\":\"https:\\\/\\\/little-boards.com\\\/nl\\\/shop\\\/krown-protection-set-xs\\\/\",\"name\":\"KROWN Protection Set XS - Little Boards Skateboards\",\"isPartOf\":{\"@id\":\"https:\\\/\\\/little-boards.com\\\/nl\\\/#website\"},\"primaryImageOfPage\":{\"@id\":\"https:\\\/\\\/little-boards.com\\\/nl\\\/shop\\\/krown-protection-set-xs\\\/#primaryimage\"},\"image\":{\"@id\":\"https:\\\/\\\/little-boards.com\\\/nl\\\/shop\\\/krown-protection-set-xs\\\/#primaryimage\"},\"thumbnailUrl\":\"https:\\\/\\\/little-boards.com\\\/wp-content\\\/uploads\\\/2026\\\/03\\\/1209807_Product.jpg\",\"datePublished\":\"2019-02-25T14:48:38+00:00\",\"dateModified\":\"2026-04-14T10:54:27+00:00\",\"breadcrumb\":{\"@id\":\"https:\\\/\\\/little-boards.com\\\/nl\\\/shop\\\/krown-protection-set-xs\\\/#breadcrumb\"},\"inLanguage\":\"nl-NL\",\"potentialAction\":[{\"@type\":\"ReadAction\",\"target\":[\"https:\\\/\\\/little-boards.com\\\/nl\\\/shop\\\/krown-protection-set-xs\\\/\"]}]},{\"@type\":\"ImageObject\",\"inLanguage\":\"nl-NL\",\"@id\":\"https:\\\/\\\/little-boards.com\\\/nl\\\/shop\\\/krown-protection-set-xs\\\/#primaryimage\",\"url\":\"https:\\\/\\\/little-boards.com\\\/wp-content\\\/uploads\\\/2026\\\/03\\\/1209807_Product.jpg\",\"contentUrl\":\"https:\\\/\\\/little-boards.com\\\/wp-content\\\/uploads\\\/2026\\\/03\\\/1209807_Product.jpg\",\"width\":400,\"height\":300,\"caption\":\"4250668941917_0.jpg\"},{\"@type\":\"BreadcrumbList\",\"@id\":\"https:\\\/\\\/little-boards.com\\\/nl\\\/shop\\\/krown-protection-set-xs\\\/#breadcrumb\",\"itemListElement\":[{\"@type\":\"ListItem\",\"position\":1,\"name\":\"Startpagina\",\"item\":\"https:\\\/\\\/little-boards.com\\\/nl\\\/skateboard-fuer-kinder-little-boards-anfaenger-3-11-jahre\\\/\"},{\"@type\":\"ListItem\",\"position\":2,\"name\":\"Winkel\",\"item\":\"https:\\\/\\\/little-boards.com\\\/nl\\\/winkel\\\/\"},{\"@type\":\"ListItem\",\"position\":3,\"name\":\"KROWN Protection Set XS\"}]},{\"@type\":\"WebSite\",\"@id\":\"https:\\\/\\\/little-boards.com\\\/nl\\\/#website\",\"url\":\"https:\\\/\\\/little-boards.com\\\/nl\\\/\",\"name\":\"Little Boards Skateboards\",\"description\":\"real boards for real kids\",\"publisher\":{\"@id\":\"https:\\\/\\\/little-boards.com\\\/nl\\\/#organization\"},\"alternateName\":\"Kinder-Skateboards\",\"potentialAction\":[{\"@type\":\"SearchAction\",\"target\":{\"@type\":\"EntryPoint\",\"urlTemplate\":\"https:\\\/\\\/little-boards.com\\\/nl\\\/?s={search_term_string}\"},\"query-input\":{\"@type\":\"PropertyValueSpecification\",\"valueRequired\":true,\"valueName\":\"search_term_string\"}}],\"inLanguage\":\"nl-NL\"},{\"@type\":\"Organization\",\"@id\":\"https:\\\/\\\/little-boards.com\\\/nl\\\/#organization\",\"name\":\"Little Boards Skateboards\",\"url\":\"https:\\\/\\\/little-boards.com\\\/nl\\\/\",\"logo\":{\"@type\":\"ImageObject\",\"inLanguage\":\"nl-NL\",\"@id\":\"https:\\\/\\\/little-boards.com\\\/nl\\\/#\\\/schema\\\/logo\\\/image\\\/\",\"url\":\"https:\\\/\\\/little-boards.com\\\/wp-content\\\/uploads\\\/2025\\\/05\\\/LB-Bubble-Logo-003.svg\",\"contentUrl\":\"https:\\\/\\\/little-boards.com\\\/wp-content\\\/uploads\\\/2025\\\/05\\\/LB-Bubble-Logo-003.svg\",\"width\":\"1024\",\"height\":\"1024\",\"caption\":\"Little Boards Skateboards\"},\"image\":{\"@id\":\"https:\\\/\\\/little-boards.com\\\/nl\\\/#\\\/schema\\\/logo\\\/image\\\/\"}}]}<\/script>\n<!-- \/ Yoast SEO plugin. -->","yoast_head_json":{"title":"KROWN Protection Set XS - Little Boards Skateboards","robots":{"index":"index","follow":"follow","max-snippet":"max-snippet:-1","max-image-preview":"max-image-preview:large","max-video-preview":"max-video-preview:-1"},"canonical":"https:\/\/little-boards.com\/nl\/shop\/krown-protection-set-xs\/","og_locale":"nl_NL","og_type":"article","og_title":"KROWN Protection Set XS - Little Boards Skateboards","og_description":"&nbsp; Das KROWN XS Junior Schoner-Set bietet optimalen Schutz f\u00fcr Kids. Es beinhaltet jeweils ein Paar Knie-, Ellenbogen- und Handgelenkschoner, die f\u00fcr maximale Sicherheit und Komfort sorgen. Die Handgelenkschoner verhindern...","og_url":"https:\/\/little-boards.com\/nl\/shop\/krown-protection-set-xs\/","og_site_name":"Little Boards Skateboards","article_modified_time":"2026-04-14T10:54:27+00:00","og_image":[{"width":1000,"height":1300,"url":"https:\/\/little-boards.com\/wp-content\/uploads\/2019\/02\/KROWN-protection-set-junior-black.jpg","type":"image\/jpeg"}],"twitter_card":"summary_large_image","twitter_misc":{"Geschatte leestijd":"1 minuut"},"schema":{"@context":"https:\/\/schema.org","@graph":[{"@type":"WebPage","@id":"https:\/\/little-boards.com\/nl\/shop\/krown-protection-set-xs\/","url":"https:\/\/little-boards.com\/nl\/shop\/krown-protection-set-xs\/","name":"KROWN Protection Set XS - Little Boards Skateboards","isPartOf":{"@id":"https:\/\/little-boards.com\/nl\/#website"},"primaryImageOfPage":{"@id":"https:\/\/little-boards.com\/nl\/shop\/krown-protection-set-xs\/#primaryimage"},"image":{"@id":"https:\/\/little-boards.com\/nl\/shop\/krown-protection-set-xs\/#primaryimage"},"thumbnailUrl":"https:\/\/little-boards.com\/wp-content\/uploads\/2026\/03\/1209807_Product.jpg","datePublished":"2019-02-25T14:48:38+00:00","dateModified":"2026-04-14T10:54:27+00:00","breadcrumb":{"@id":"https:\/\/little-boards.com\/nl\/shop\/krown-protection-set-xs\/#breadcrumb"},"inLanguage":"nl-NL","potentialAction":[{"@type":"ReadAction","target":["https:\/\/little-boards.com\/nl\/shop\/krown-protection-set-xs\/"]}]},{"@type":"ImageObject","inLanguage":"nl-NL","@id":"https:\/\/little-boards.com\/nl\/shop\/krown-protection-set-xs\/#primaryimage","url":"https:\/\/little-boards.com\/wp-content\/uploads\/2026\/03\/1209807_Product.jpg","contentUrl":"https:\/\/little-boards.com\/wp-content\/uploads\/2026\/03\/1209807_Product.jpg","width":400,"height":300,"caption":"4250668941917_0.jpg"},{"@type":"BreadcrumbList","@id":"https:\/\/little-boards.com\/nl\/shop\/krown-protection-set-xs\/#breadcrumb","itemListElement":[{"@type":"ListItem","position":1,"name":"Startpagina","item":"https:\/\/little-boards.com\/nl\/skateboard-fuer-kinder-little-boards-anfaenger-3-11-jahre\/"},{"@type":"ListItem","position":2,"name":"Winkel","item":"https:\/\/little-boards.com\/nl\/winkel\/"},{"@type":"ListItem","position":3,"name":"KROWN Protection Set XS"}]},{"@type":"WebSite","@id":"https:\/\/little-boards.com\/nl\/#website","url":"https:\/\/little-boards.com\/nl\/","name":"Little Boards Skateboards","description":"real boards for real kids","publisher":{"@id":"https:\/\/little-boards.com\/nl\/#organization"},"alternateName":"Kinder-Skateboards","potentialAction":[{"@type":"SearchAction","target":{"@type":"EntryPoint","urlTemplate":"https:\/\/little-boards.com\/nl\/?s={search_term_string}"},"query-input":{"@type":"PropertyValueSpecification","valueRequired":true,"valueName":"search_term_string"}}],"inLanguage":"nl-NL"},{"@type":"Organization","@id":"https:\/\/little-boards.com\/nl\/#organization","name":"Little Boards Skateboards","url":"https:\/\/little-boards.com\/nl\/","logo":{"@type":"ImageObject","inLanguage":"nl-NL","@id":"https:\/\/little-boards.com\/nl\/#\/schema\/logo\/image\/","url":"https:\/\/little-boards.com\/wp-content\/uploads\/2025\/05\/LB-Bubble-Logo-003.svg","contentUrl":"https:\/\/little-boards.com\/wp-content\/uploads\/2025\/05\/LB-Bubble-Logo-003.svg","width":"1024","height":"1024","caption":"Little Boards Skateboards"},"image":{"@id":"https:\/\/little-boards.com\/nl\/#\/schema\/logo\/image\/"}}]}},"_links":{"self":[{"href":"https:\/\/little-boards.com\/nl\/wp-json\/wp\/v2\/product\/5880","targetHints":{"allow":["GET"]}}],"collection":[{"href":"https:\/\/little-boards.com\/nl\/wp-json\/wp\/v2\/product"}],"about":[{"href":"https:\/\/little-boards.com\/nl\/wp-json\/wp\/v2\/types\/product"}],"wp:featuredmedia":[{"embeddable":true,"href":"https:\/\/little-boards.com\/nl\/wp-json\/wp\/v2\/media\/7849"}],"wp:attachment":[{"href":"https:\/\/little-boards.com\/nl\/wp-json\/wp\/v2\/media?parent=5880"}],"wp:term":[{"taxonomy":"product_brand","embeddable":true,"href":"https:\/\/little-boards.com\/nl\/wp-json\/wp\/v2\/product_brand?post=5880"},{"taxonomy":"product_cat","embeddable":true,"href":"https:\/\/little-boards.com\/nl\/wp-json\/wp\/v2\/product_cat?post=5880"},{"taxonomy":"product_tag","embeddable":true,"href":"https:\/\/little-boards.com\/nl\/wp-json\/wp\/v2\/product_tag?post=5880"}],"curies":[{"name":"wp","href":"https:\/\/api.w.org\/{rel}","templated":true}]}}