

{"id":3053,"date":"2025-05-30T15:14:39","date_gmt":"2025-05-30T13:14:39","guid":{"rendered":"https:\/\/little-boards.com\/shop\/birdy-cruiser-per-bambini-8-0\/"},"modified":"2025-10-12T23:36:42","modified_gmt":"2025-10-12T21:36:42","slug":"skateboard-fuer-kinder-little-boards-birdy-8-0-zoll-cruiser-kork-griptape-ab-3-jahren-auch-im-sitzen","status":"publish","type":"product","link":"https:\/\/little-boards.com\/it\/shop\/skateboard-fuer-kinder-little-boards-birdy-8-0-zoll-cruiser-kork-griptape-ab-3-jahren-auch-im-sitzen\/","title":{"rendered":"Birdy &#8211; Cruiser per bambini 8.0&#8243;"},"content":{"rendered":"<p>Il Little Boards Kids Cruiser \u00e8 uno Skateboard cruiser progettato specificamente per bambini fino a 10 anni.<br \/>\nTutti i componenti sono prodotti di marca di alta qualit\u00e0, cos\u00ec anche pap\u00e0 pu\u00f2 tranquillamente andarci a fare un giro.<br \/>\nL&#8217;ampia superficie di appoggio di 8 pollici (20,23 cm) con morbido sughero sulla superficie consente un approccio sicuro e piacevole allo sport su ruote, anche da seduti e in ginocchio.<br \/>\nLe ruote sono pi\u00f9 morbide rispetto a uno Skateboard da strada (83a) e con i loro 55 mm superano facilmente anche superfici irregolari.<\/p>\n<ul>\n<li><strong>Tavola:<\/strong> Little Boards Birdy Cruiser 8&#215;26 pollici (20,23 x 66 cm)<br \/>\n100% acero canadese, 7 strati pressati a freddo.<\/li>\n<li><strong>Assi:<\/strong> Core Trucks 5.25 con boccole SHR 88a<\/li>\n<li><strong>Ruote:<\/strong> Impact Cruiser Wheels 83a 55mm<\/li>\n<li><strong>Cuscinetti a sfera:<\/strong> Amp Bearings ABEC 7<\/li>\n<li><strong>Grip:<\/strong> Sughero<\/li>\n<\/ul>\n","protected":false},"excerpt":{"rendered":"<p>Il Little Boards Kids Cruiser \u00e8 uno Skateboard cruiser progettato specificamente per bambini fino a 10 anni. Tutti i componenti sono prodotti di marca di alta qualit\u00e0, cos\u00ec anche pap\u00e0&#8230;<\/p>\n","protected":false},"featured_media":9890,"template":"","meta":{"inline_featured_image":false},"product_brand":[],"product_cat":[147],"product_tag":[220],"class_list":{"0":"post-3053","1":"product","2":"type-product","3":"status-publish","4":"has-post-thumbnail","6":"product_cat-skateboard-3-5-anni","7":"product_tag-skateboard-it","9":"first","10":"outofstock","11":"taxable","12":"shipping-taxable","13":"purchasable","14":"product-type-simple"},"yoast_head":"<!-- This site is optimized with the Yoast SEO plugin v27.4 - https:\/\/yoast.com\/product\/yoast-seo-wordpress\/ -->\n<title>Birdy - Cruiser per bambini 8.0&quot; - Little Boards Skateboards<\/title>\n<meta name=\"description\" content=\"Little Boards \u201cBirdy\u201d - Skateboard per bambini da 8.0 pollici, ideale per i pi\u00f9 piccoli - adatto anche per sedersi. Sicuro, leggero e perfetto per i primi tentativi di guida.\" \/>\n<meta name=\"robots\" content=\"index, follow, max-snippet:-1, max-image-preview:large, max-video-preview:-1\" \/>\n<link rel=\"canonical\" href=\"https:\/\/little-boards.com\/it\/shop\/skateboard-fuer-kinder-little-boards-birdy-8-0-zoll-cruiser-kork-griptape-ab-3-jahren-auch-im-sitzen\/\" \/>\n<meta property=\"og:locale\" content=\"it_IT\" \/>\n<meta property=\"og:type\" content=\"article\" \/>\n<meta property=\"og:title\" content=\"Birdy - Cruiser per bambini 8.0&quot; - Little Boards Skateboards\" \/>\n<meta property=\"og:description\" content=\"Little Boards \u201cBirdy\u201d - Skateboard per bambini da 8.0 pollici, ideale per i pi\u00f9 piccoli - adatto anche per sedersi. Sicuro, leggero e perfetto per i primi tentativi di guida.\" \/>\n<meta property=\"og:url\" content=\"https:\/\/little-boards.com\/it\/shop\/skateboard-fuer-kinder-little-boards-birdy-8-0-zoll-cruiser-kork-griptape-ab-3-jahren-auch-im-sitzen\/\" \/>\n<meta property=\"og:site_name\" content=\"Little Boards Skateboards\" \/>\n<meta property=\"article:modified_time\" content=\"2025-10-12T21:36:42+00:00\" \/>\n<meta property=\"og:image\" content=\"https:\/\/little-boards.com\/wp-content\/uploads\/2025\/08\/1217005_Product.jpg\" \/>\n\t<meta property=\"og:image:width\" content=\"1000\" \/>\n\t<meta property=\"og:image:height\" content=\"1300\" \/>\n\t<meta property=\"og:image:type\" content=\"image\/jpeg\" \/>\n<meta name=\"twitter:card\" content=\"summary_large_image\" \/>\n<meta name=\"twitter:label1\" content=\"Tempo di lettura stimato\" \/>\n\t<meta name=\"twitter:data1\" content=\"1 minuto\" \/>\n<script type=\"application\/ld+json\" class=\"yoast-schema-graph\">{\"@context\":\"https:\\\/\\\/schema.org\",\"@graph\":[{\"@type\":\"WebPage\",\"@id\":\"https:\\\/\\\/little-boards.com\\\/it\\\/shop\\\/skateboard-fuer-kinder-little-boards-birdy-8-0-zoll-cruiser-kork-griptape-ab-3-jahren-auch-im-sitzen\\\/\",\"url\":\"https:\\\/\\\/little-boards.com\\\/it\\\/shop\\\/skateboard-fuer-kinder-little-boards-birdy-8-0-zoll-cruiser-kork-griptape-ab-3-jahren-auch-im-sitzen\\\/\",\"name\":\"Birdy - Cruiser per bambini 8.0\\\" - Little Boards Skateboards\",\"isPartOf\":{\"@id\":\"https:\\\/\\\/little-boards.com\\\/it\\\/#website\"},\"primaryImageOfPage\":{\"@id\":\"https:\\\/\\\/little-boards.com\\\/it\\\/shop\\\/skateboard-fuer-kinder-little-boards-birdy-8-0-zoll-cruiser-kork-griptape-ab-3-jahren-auch-im-sitzen\\\/#primaryimage\"},\"image\":{\"@id\":\"https:\\\/\\\/little-boards.com\\\/it\\\/shop\\\/skateboard-fuer-kinder-little-boards-birdy-8-0-zoll-cruiser-kork-griptape-ab-3-jahren-auch-im-sitzen\\\/#primaryimage\"},\"thumbnailUrl\":\"https:\\\/\\\/little-boards.com\\\/wp-content\\\/uploads\\\/2026\\\/03\\\/1217005_Product.jpg\",\"datePublished\":\"2025-05-30T13:14:39+00:00\",\"dateModified\":\"2025-10-12T21:36:42+00:00\",\"description\":\"Little Boards \u201cBirdy\u201d - Skateboard per bambini da 8.0 pollici, ideale per i pi\u00f9 piccoli - adatto anche per sedersi. Sicuro, leggero e perfetto per i primi tentativi di guida.\",\"breadcrumb\":{\"@id\":\"https:\\\/\\\/little-boards.com\\\/it\\\/shop\\\/skateboard-fuer-kinder-little-boards-birdy-8-0-zoll-cruiser-kork-griptape-ab-3-jahren-auch-im-sitzen\\\/#breadcrumb\"},\"inLanguage\":\"it-IT\",\"potentialAction\":[{\"@type\":\"ReadAction\",\"target\":[\"https:\\\/\\\/little-boards.com\\\/it\\\/shop\\\/skateboard-fuer-kinder-little-boards-birdy-8-0-zoll-cruiser-kork-griptape-ab-3-jahren-auch-im-sitzen\\\/\"]}]},{\"@type\":\"ImageObject\",\"inLanguage\":\"it-IT\",\"@id\":\"https:\\\/\\\/little-boards.com\\\/it\\\/shop\\\/skateboard-fuer-kinder-little-boards-birdy-8-0-zoll-cruiser-kork-griptape-ab-3-jahren-auch-im-sitzen\\\/#primaryimage\",\"url\":\"https:\\\/\\\/little-boards.com\\\/wp-content\\\/uploads\\\/2026\\\/03\\\/1217005_Product.jpg\",\"contentUrl\":\"https:\\\/\\\/little-boards.com\\\/wp-content\\\/uploads\\\/2026\\\/03\\\/1217005_Product.jpg\",\"width\":1000,\"height\":1300,\"caption\":\"birdy-kinder-cruiser-8-0_\"},{\"@type\":\"BreadcrumbList\",\"@id\":\"https:\\\/\\\/little-boards.com\\\/it\\\/shop\\\/skateboard-fuer-kinder-little-boards-birdy-8-0-zoll-cruiser-kork-griptape-ab-3-jahren-auch-im-sitzen\\\/#breadcrumb\",\"itemListElement\":[{\"@type\":\"ListItem\",\"position\":1,\"name\":\"Home\",\"item\":\"https:\\\/\\\/little-boards.com\\\/it\\\/skateboard-fuer-kinder-little-boards-anfaenger-3-11-jahre\\\/\"},{\"@type\":\"ListItem\",\"position\":2,\"name\":\"Shop\",\"item\":\"https:\\\/\\\/little-boards.com\\\/it\\\/shop\\\/\"},{\"@type\":\"ListItem\",\"position\":3,\"name\":\"Birdy &#8211; Cruiser per bambini 8.0&#8243;\"}]},{\"@type\":\"WebSite\",\"@id\":\"https:\\\/\\\/little-boards.com\\\/it\\\/#website\",\"url\":\"https:\\\/\\\/little-boards.com\\\/it\\\/\",\"name\":\"Little Boards Skateboards\",\"description\":\"real boards for real kids\",\"publisher\":{\"@id\":\"https:\\\/\\\/little-boards.com\\\/it\\\/#organization\"},\"alternateName\":\"Kinder-Skateboards\",\"potentialAction\":[{\"@type\":\"SearchAction\",\"target\":{\"@type\":\"EntryPoint\",\"urlTemplate\":\"https:\\\/\\\/little-boards.com\\\/it\\\/?s={search_term_string}\"},\"query-input\":{\"@type\":\"PropertyValueSpecification\",\"valueRequired\":true,\"valueName\":\"search_term_string\"}}],\"inLanguage\":\"it-IT\"},{\"@type\":\"Organization\",\"@id\":\"https:\\\/\\\/little-boards.com\\\/it\\\/#organization\",\"name\":\"Little Boards Skateboards\",\"url\":\"https:\\\/\\\/little-boards.com\\\/it\\\/\",\"logo\":{\"@type\":\"ImageObject\",\"inLanguage\":\"it-IT\",\"@id\":\"https:\\\/\\\/little-boards.com\\\/it\\\/#\\\/schema\\\/logo\\\/image\\\/\",\"url\":\"https:\\\/\\\/little-boards.com\\\/wp-content\\\/uploads\\\/2025\\\/05\\\/LB-Bubble-Logo-003.svg\",\"contentUrl\":\"https:\\\/\\\/little-boards.com\\\/wp-content\\\/uploads\\\/2025\\\/05\\\/LB-Bubble-Logo-003.svg\",\"width\":\"1024\",\"height\":\"1024\",\"caption\":\"Little Boards Skateboards\"},\"image\":{\"@id\":\"https:\\\/\\\/little-boards.com\\\/it\\\/#\\\/schema\\\/logo\\\/image\\\/\"}}]}<\/script>\n<!-- \/ Yoast SEO plugin. -->","yoast_head_json":{"title":"Birdy - Cruiser per bambini 8.0\" - Little Boards Skateboards","description":"Little Boards \u201cBirdy\u201d - Skateboard per bambini da 8.0 pollici, ideale per i pi\u00f9 piccoli - adatto anche per sedersi. Sicuro, leggero e perfetto per i primi tentativi di guida.","robots":{"index":"index","follow":"follow","max-snippet":"max-snippet:-1","max-image-preview":"max-image-preview:large","max-video-preview":"max-video-preview:-1"},"canonical":"https:\/\/little-boards.com\/it\/shop\/skateboard-fuer-kinder-little-boards-birdy-8-0-zoll-cruiser-kork-griptape-ab-3-jahren-auch-im-sitzen\/","og_locale":"it_IT","og_type":"article","og_title":"Birdy - Cruiser per bambini 8.0\" - Little Boards Skateboards","og_description":"Little Boards \u201cBirdy\u201d - Skateboard per bambini da 8.0 pollici, ideale per i pi\u00f9 piccoli - adatto anche per sedersi. Sicuro, leggero e perfetto per i primi tentativi di guida.","og_url":"https:\/\/little-boards.com\/it\/shop\/skateboard-fuer-kinder-little-boards-birdy-8-0-zoll-cruiser-kork-griptape-ab-3-jahren-auch-im-sitzen\/","og_site_name":"Little Boards Skateboards","article_modified_time":"2025-10-12T21:36:42+00:00","og_image":[{"width":1000,"height":1300,"url":"https:\/\/little-boards.com\/wp-content\/uploads\/2025\/08\/1217005_Product.jpg","type":"image\/jpeg"}],"twitter_card":"summary_large_image","twitter_misc":{"Tempo di lettura stimato":"1 minuto"},"schema":{"@context":"https:\/\/schema.org","@graph":[{"@type":"WebPage","@id":"https:\/\/little-boards.com\/it\/shop\/skateboard-fuer-kinder-little-boards-birdy-8-0-zoll-cruiser-kork-griptape-ab-3-jahren-auch-im-sitzen\/","url":"https:\/\/little-boards.com\/it\/shop\/skateboard-fuer-kinder-little-boards-birdy-8-0-zoll-cruiser-kork-griptape-ab-3-jahren-auch-im-sitzen\/","name":"Birdy - Cruiser per bambini 8.0\" - Little Boards Skateboards","isPartOf":{"@id":"https:\/\/little-boards.com\/it\/#website"},"primaryImageOfPage":{"@id":"https:\/\/little-boards.com\/it\/shop\/skateboard-fuer-kinder-little-boards-birdy-8-0-zoll-cruiser-kork-griptape-ab-3-jahren-auch-im-sitzen\/#primaryimage"},"image":{"@id":"https:\/\/little-boards.com\/it\/shop\/skateboard-fuer-kinder-little-boards-birdy-8-0-zoll-cruiser-kork-griptape-ab-3-jahren-auch-im-sitzen\/#primaryimage"},"thumbnailUrl":"https:\/\/little-boards.com\/wp-content\/uploads\/2026\/03\/1217005_Product.jpg","datePublished":"2025-05-30T13:14:39+00:00","dateModified":"2025-10-12T21:36:42+00:00","description":"Little Boards \u201cBirdy\u201d - Skateboard per bambini da 8.0 pollici, ideale per i pi\u00f9 piccoli - adatto anche per sedersi. Sicuro, leggero e perfetto per i primi tentativi di guida.","breadcrumb":{"@id":"https:\/\/little-boards.com\/it\/shop\/skateboard-fuer-kinder-little-boards-birdy-8-0-zoll-cruiser-kork-griptape-ab-3-jahren-auch-im-sitzen\/#breadcrumb"},"inLanguage":"it-IT","potentialAction":[{"@type":"ReadAction","target":["https:\/\/little-boards.com\/it\/shop\/skateboard-fuer-kinder-little-boards-birdy-8-0-zoll-cruiser-kork-griptape-ab-3-jahren-auch-im-sitzen\/"]}]},{"@type":"ImageObject","inLanguage":"it-IT","@id":"https:\/\/little-boards.com\/it\/shop\/skateboard-fuer-kinder-little-boards-birdy-8-0-zoll-cruiser-kork-griptape-ab-3-jahren-auch-im-sitzen\/#primaryimage","url":"https:\/\/little-boards.com\/wp-content\/uploads\/2026\/03\/1217005_Product.jpg","contentUrl":"https:\/\/little-boards.com\/wp-content\/uploads\/2026\/03\/1217005_Product.jpg","width":1000,"height":1300,"caption":"birdy-kinder-cruiser-8-0_"},{"@type":"BreadcrumbList","@id":"https:\/\/little-boards.com\/it\/shop\/skateboard-fuer-kinder-little-boards-birdy-8-0-zoll-cruiser-kork-griptape-ab-3-jahren-auch-im-sitzen\/#breadcrumb","itemListElement":[{"@type":"ListItem","position":1,"name":"Home","item":"https:\/\/little-boards.com\/it\/skateboard-fuer-kinder-little-boards-anfaenger-3-11-jahre\/"},{"@type":"ListItem","position":2,"name":"Shop","item":"https:\/\/little-boards.com\/it\/shop\/"},{"@type":"ListItem","position":3,"name":"Birdy &#8211; Cruiser per bambini 8.0&#8243;"}]},{"@type":"WebSite","@id":"https:\/\/little-boards.com\/it\/#website","url":"https:\/\/little-boards.com\/it\/","name":"Little Boards Skateboards","description":"real boards for real kids","publisher":{"@id":"https:\/\/little-boards.com\/it\/#organization"},"alternateName":"Kinder-Skateboards","potentialAction":[{"@type":"SearchAction","target":{"@type":"EntryPoint","urlTemplate":"https:\/\/little-boards.com\/it\/?s={search_term_string}"},"query-input":{"@type":"PropertyValueSpecification","valueRequired":true,"valueName":"search_term_string"}}],"inLanguage":"it-IT"},{"@type":"Organization","@id":"https:\/\/little-boards.com\/it\/#organization","name":"Little Boards Skateboards","url":"https:\/\/little-boards.com\/it\/","logo":{"@type":"ImageObject","inLanguage":"it-IT","@id":"https:\/\/little-boards.com\/it\/#\/schema\/logo\/image\/","url":"https:\/\/little-boards.com\/wp-content\/uploads\/2025\/05\/LB-Bubble-Logo-003.svg","contentUrl":"https:\/\/little-boards.com\/wp-content\/uploads\/2025\/05\/LB-Bubble-Logo-003.svg","width":"1024","height":"1024","caption":"Little Boards Skateboards"},"image":{"@id":"https:\/\/little-boards.com\/it\/#\/schema\/logo\/image\/"}}]}},"_links":{"self":[{"href":"https:\/\/little-boards.com\/it\/wp-json\/wp\/v2\/product\/3053","targetHints":{"allow":["GET"]}}],"collection":[{"href":"https:\/\/little-boards.com\/it\/wp-json\/wp\/v2\/product"}],"about":[{"href":"https:\/\/little-boards.com\/it\/wp-json\/wp\/v2\/types\/product"}],"wp:featuredmedia":[{"embeddable":true,"href":"https:\/\/little-boards.com\/it\/wp-json\/wp\/v2\/media\/9890"}],"wp:attachment":[{"href":"https:\/\/little-boards.com\/it\/wp-json\/wp\/v2\/media?parent=3053"}],"wp:term":[{"taxonomy":"product_brand","embeddable":true,"href":"https:\/\/little-boards.com\/it\/wp-json\/wp\/v2\/product_brand?post=3053"},{"taxonomy":"product_cat","embeddable":true,"href":"https:\/\/little-boards.com\/it\/wp-json\/wp\/v2\/product_cat?post=3053"},{"taxonomy":"product_tag","embeddable":true,"href":"https:\/\/little-boards.com\/it\/wp-json\/wp\/v2\/product_tag?post=3053"}],"curies":[{"name":"wp","href":"https:\/\/api.w.org\/{rel}","templated":true}]}}