

{"id":5923,"date":"2020-06-24T14:55:36","date_gmt":"2020-06-24T12:55:36","guid":{"rendered":"https:\/\/little-boards.com\/shop\/set-de-protection-tsg-junior\/"},"modified":"2025-10-23T14:20:12","modified_gmt":"2025-10-23T12:20:12","slug":"tsg-protection-set-junior","status":"publish","type":"product","link":"https:\/\/little-boards.com\/fr\/shop\/tsg-protection-set-junior\/","title":{"rendered":"Kit de protection TSG Junior"},"content":{"rendered":"<p>Le kit de protection de base TSG Junior pour d\u00e9butants comprend une paire de prot\u00e8ge-poignets, une paire de coudi\u00e8res et une paire de genouill\u00e8res. Les coudi\u00e8res et les genouill\u00e8res sont rembourr\u00e9es avec de la mousse EVA et dot\u00e9es de coques en plastique PE r\u00e9sistantes. Les prot\u00e8ge-poignets prot\u00e8gent les paumes et les poignets gr\u00e2ce \u00e0 une attelle en plastique avec une conception enveloppante.  <\/p>\n<p>&#8211; Design fin et pr\u00e9form\u00e9 anatomiquement<br \/>\n&#8211; Rembourrage en EVA absorbant les chocs<br \/>\n&#8211; Genouill\u00e8re et coudi\u00e8re fixes<br \/>\n&#8211; Fermetures velcro pour un ajustement personnalis\u00e9 de la taille<br \/>\n&#8211; Prot\u00e8ge-poignets avec attelles en plastique interchangeables<br \/>\n&#8211; Paumes en cuir synth\u00e9tique<br \/>\n&#8211; 3 fermetures velcro r\u00e9glables individuellement<\/p>\n","protected":false},"excerpt":{"rendered":"<p>Le kit de protection de base TSG Junior pour d\u00e9butants comprend une paire de prot\u00e8ge-poignets, une paire de coudi\u00e8res et une paire de genouill\u00e8res. Les coudi\u00e8res et les genouill\u00e8res sont&#8230;<\/p>\n","protected":false},"featured_media":9019,"template":"","meta":{"inline_featured_image":false},"product_brand":[],"product_cat":[210],"product_tag":[],"class_list":{"0":"post-5923","1":"product","2":"type-product","3":"status-publish","4":"has-post-thumbnail","6":"product_cat-accessoires-fr","8":"first","9":"outofstock","10":"taxable","11":"shipping-taxable","12":"purchasable","13":"product-type-simple"},"yoast_head":"<!-- This site is optimized with the Yoast SEO plugin v27.4 - https:\/\/yoast.com\/product\/yoast-seo-wordpress\/ -->\n<title>Kit de protection TSG Junior - Little Boards Skateboards<\/title>\n<meta name=\"robots\" content=\"index, follow, max-snippet:-1, max-image-preview:large, max-video-preview:-1\" \/>\n<link rel=\"canonical\" href=\"https:\/\/little-boards.com\/fr\/shop\/tsg-protection-set-junior\/\" \/>\n<meta property=\"og:locale\" content=\"fr_FR\" \/>\n<meta property=\"og:type\" content=\"article\" \/>\n<meta property=\"og:title\" content=\"Kit de protection TSG Junior - Little Boards Skateboards\" \/>\n<meta property=\"og:description\" content=\"Le kit de protection de base TSG Junior pour d\u00e9butants comprend une paire de prot\u00e8ge-poignets, une paire de coudi\u00e8res et une paire de genouill\u00e8res. Les coudi\u00e8res et les genouill\u00e8res sont...\" \/>\n<meta property=\"og:url\" content=\"https:\/\/little-boards.com\/fr\/shop\/tsg-protection-set-junior\/\" \/>\n<meta property=\"og:site_name\" content=\"Little Boards Skateboards\" \/>\n<meta property=\"article:modified_time\" content=\"2025-10-23T12:20:12+00:00\" \/>\n<meta property=\"og:image\" content=\"https:\/\/little-boards.com\/wp-content\/uploads\/2020\/06\/tsg-protection-set-junior-black.jpg\" \/>\n\t<meta property=\"og:image:width\" content=\"1000\" \/>\n\t<meta property=\"og:image:height\" content=\"1300\" \/>\n\t<meta property=\"og:image:type\" content=\"image\/jpeg\" \/>\n<meta name=\"twitter:card\" content=\"summary_large_image\" \/>\n<meta name=\"twitter:label1\" content=\"Dur\u00e9e de lecture estim\u00e9e\" \/>\n\t<meta name=\"twitter:data1\" content=\"1 minute\" \/>\n<script type=\"application\/ld+json\" class=\"yoast-schema-graph\">{\"@context\":\"https:\\\/\\\/schema.org\",\"@graph\":[{\"@type\":\"WebPage\",\"@id\":\"https:\\\/\\\/little-boards.com\\\/fr\\\/shop\\\/tsg-protection-set-junior\\\/\",\"url\":\"https:\\\/\\\/little-boards.com\\\/fr\\\/shop\\\/tsg-protection-set-junior\\\/\",\"name\":\"Kit de protection TSG Junior - Little Boards Skateboards\",\"isPartOf\":{\"@id\":\"https:\\\/\\\/little-boards.com\\\/fr\\\/#website\"},\"primaryImageOfPage\":{\"@id\":\"https:\\\/\\\/little-boards.com\\\/fr\\\/shop\\\/tsg-protection-set-junior\\\/#primaryimage\"},\"image\":{\"@id\":\"https:\\\/\\\/little-boards.com\\\/fr\\\/shop\\\/tsg-protection-set-junior\\\/#primaryimage\"},\"thumbnailUrl\":\"https:\\\/\\\/little-boards.com\\\/wp-content\\\/uploads\\\/2026\\\/03\\\/1209808_Product.jpg\",\"datePublished\":\"2020-06-24T12:55:36+00:00\",\"dateModified\":\"2025-10-23T12:20:12+00:00\",\"breadcrumb\":{\"@id\":\"https:\\\/\\\/little-boards.com\\\/fr\\\/shop\\\/tsg-protection-set-junior\\\/#breadcrumb\"},\"inLanguage\":\"fr-FR\",\"potentialAction\":[{\"@type\":\"ReadAction\",\"target\":[\"https:\\\/\\\/little-boards.com\\\/fr\\\/shop\\\/tsg-protection-set-junior\\\/\"]}]},{\"@type\":\"ImageObject\",\"inLanguage\":\"fr-FR\",\"@id\":\"https:\\\/\\\/little-boards.com\\\/fr\\\/shop\\\/tsg-protection-set-junior\\\/#primaryimage\",\"url\":\"https:\\\/\\\/little-boards.com\\\/wp-content\\\/uploads\\\/2026\\\/03\\\/1209808_Product.jpg\",\"contentUrl\":\"https:\\\/\\\/little-boards.com\\\/wp-content\\\/uploads\\\/2026\\\/03\\\/1209808_Product.jpg\",\"width\":418,\"height\":600,\"caption\":\"TSG-Schoner-Sets-Basic-Protection-Set-black-Vorderansicht_600x600.jpg\"},{\"@type\":\"BreadcrumbList\",\"@id\":\"https:\\\/\\\/little-boards.com\\\/fr\\\/shop\\\/tsg-protection-set-junior\\\/#breadcrumb\",\"itemListElement\":[{\"@type\":\"ListItem\",\"position\":1,\"name\":\"Page d'accueil\",\"item\":\"https:\\\/\\\/little-boards.com\\\/fr\\\/skateboard-fuer-kinder-little-boards-anfaenger-3-11-jahre\\\/\"},{\"@type\":\"ListItem\",\"position\":2,\"name\":\"Boutique\",\"item\":\"https:\\\/\\\/little-boards.com\\\/fr\\\/boutique\\\/\"},{\"@type\":\"ListItem\",\"position\":3,\"name\":\"Kit de protection TSG Junior\"}]},{\"@type\":\"WebSite\",\"@id\":\"https:\\\/\\\/little-boards.com\\\/fr\\\/#website\",\"url\":\"https:\\\/\\\/little-boards.com\\\/fr\\\/\",\"name\":\"Little Boards Skateboards\",\"description\":\"real boards for real kids\",\"publisher\":{\"@id\":\"https:\\\/\\\/little-boards.com\\\/fr\\\/#organization\"},\"alternateName\":\"Kinder-Skateboards\",\"potentialAction\":[{\"@type\":\"SearchAction\",\"target\":{\"@type\":\"EntryPoint\",\"urlTemplate\":\"https:\\\/\\\/little-boards.com\\\/fr\\\/?s={search_term_string}\"},\"query-input\":{\"@type\":\"PropertyValueSpecification\",\"valueRequired\":true,\"valueName\":\"search_term_string\"}}],\"inLanguage\":\"fr-FR\"},{\"@type\":\"Organization\",\"@id\":\"https:\\\/\\\/little-boards.com\\\/fr\\\/#organization\",\"name\":\"Little Boards Skateboards\",\"url\":\"https:\\\/\\\/little-boards.com\\\/fr\\\/\",\"logo\":{\"@type\":\"ImageObject\",\"inLanguage\":\"fr-FR\",\"@id\":\"https:\\\/\\\/little-boards.com\\\/fr\\\/#\\\/schema\\\/logo\\\/image\\\/\",\"url\":\"https:\\\/\\\/little-boards.com\\\/wp-content\\\/uploads\\\/2025\\\/05\\\/LB-Bubble-Logo-003.svg\",\"contentUrl\":\"https:\\\/\\\/little-boards.com\\\/wp-content\\\/uploads\\\/2025\\\/05\\\/LB-Bubble-Logo-003.svg\",\"width\":\"1024\",\"height\":\"1024\",\"caption\":\"Little Boards Skateboards\"},\"image\":{\"@id\":\"https:\\\/\\\/little-boards.com\\\/fr\\\/#\\\/schema\\\/logo\\\/image\\\/\"}}]}<\/script>\n<!-- \/ Yoast SEO plugin. -->","yoast_head_json":{"title":"Kit de protection TSG Junior - Little Boards Skateboards","robots":{"index":"index","follow":"follow","max-snippet":"max-snippet:-1","max-image-preview":"max-image-preview:large","max-video-preview":"max-video-preview:-1"},"canonical":"https:\/\/little-boards.com\/fr\/shop\/tsg-protection-set-junior\/","og_locale":"fr_FR","og_type":"article","og_title":"Kit de protection TSG Junior - Little Boards Skateboards","og_description":"Le kit de protection de base TSG Junior pour d\u00e9butants comprend une paire de prot\u00e8ge-poignets, une paire de coudi\u00e8res et une paire de genouill\u00e8res. Les coudi\u00e8res et les genouill\u00e8res sont...","og_url":"https:\/\/little-boards.com\/fr\/shop\/tsg-protection-set-junior\/","og_site_name":"Little Boards Skateboards","article_modified_time":"2025-10-23T12:20:12+00:00","og_image":[{"width":1000,"height":1300,"url":"https:\/\/little-boards.com\/wp-content\/uploads\/2020\/06\/tsg-protection-set-junior-black.jpg","type":"image\/jpeg"}],"twitter_card":"summary_large_image","twitter_misc":{"Dur\u00e9e de lecture estim\u00e9e":"1 minute"},"schema":{"@context":"https:\/\/schema.org","@graph":[{"@type":"WebPage","@id":"https:\/\/little-boards.com\/fr\/shop\/tsg-protection-set-junior\/","url":"https:\/\/little-boards.com\/fr\/shop\/tsg-protection-set-junior\/","name":"Kit de protection TSG Junior - Little Boards Skateboards","isPartOf":{"@id":"https:\/\/little-boards.com\/fr\/#website"},"primaryImageOfPage":{"@id":"https:\/\/little-boards.com\/fr\/shop\/tsg-protection-set-junior\/#primaryimage"},"image":{"@id":"https:\/\/little-boards.com\/fr\/shop\/tsg-protection-set-junior\/#primaryimage"},"thumbnailUrl":"https:\/\/little-boards.com\/wp-content\/uploads\/2026\/03\/1209808_Product.jpg","datePublished":"2020-06-24T12:55:36+00:00","dateModified":"2025-10-23T12:20:12+00:00","breadcrumb":{"@id":"https:\/\/little-boards.com\/fr\/shop\/tsg-protection-set-junior\/#breadcrumb"},"inLanguage":"fr-FR","potentialAction":[{"@type":"ReadAction","target":["https:\/\/little-boards.com\/fr\/shop\/tsg-protection-set-junior\/"]}]},{"@type":"ImageObject","inLanguage":"fr-FR","@id":"https:\/\/little-boards.com\/fr\/shop\/tsg-protection-set-junior\/#primaryimage","url":"https:\/\/little-boards.com\/wp-content\/uploads\/2026\/03\/1209808_Product.jpg","contentUrl":"https:\/\/little-boards.com\/wp-content\/uploads\/2026\/03\/1209808_Product.jpg","width":418,"height":600,"caption":"TSG-Schoner-Sets-Basic-Protection-Set-black-Vorderansicht_600x600.jpg"},{"@type":"BreadcrumbList","@id":"https:\/\/little-boards.com\/fr\/shop\/tsg-protection-set-junior\/#breadcrumb","itemListElement":[{"@type":"ListItem","position":1,"name":"Page d'accueil","item":"https:\/\/little-boards.com\/fr\/skateboard-fuer-kinder-little-boards-anfaenger-3-11-jahre\/"},{"@type":"ListItem","position":2,"name":"Boutique","item":"https:\/\/little-boards.com\/fr\/boutique\/"},{"@type":"ListItem","position":3,"name":"Kit de protection TSG Junior"}]},{"@type":"WebSite","@id":"https:\/\/little-boards.com\/fr\/#website","url":"https:\/\/little-boards.com\/fr\/","name":"Little Boards Skateboards","description":"real boards for real kids","publisher":{"@id":"https:\/\/little-boards.com\/fr\/#organization"},"alternateName":"Kinder-Skateboards","potentialAction":[{"@type":"SearchAction","target":{"@type":"EntryPoint","urlTemplate":"https:\/\/little-boards.com\/fr\/?s={search_term_string}"},"query-input":{"@type":"PropertyValueSpecification","valueRequired":true,"valueName":"search_term_string"}}],"inLanguage":"fr-FR"},{"@type":"Organization","@id":"https:\/\/little-boards.com\/fr\/#organization","name":"Little Boards Skateboards","url":"https:\/\/little-boards.com\/fr\/","logo":{"@type":"ImageObject","inLanguage":"fr-FR","@id":"https:\/\/little-boards.com\/fr\/#\/schema\/logo\/image\/","url":"https:\/\/little-boards.com\/wp-content\/uploads\/2025\/05\/LB-Bubble-Logo-003.svg","contentUrl":"https:\/\/little-boards.com\/wp-content\/uploads\/2025\/05\/LB-Bubble-Logo-003.svg","width":"1024","height":"1024","caption":"Little Boards Skateboards"},"image":{"@id":"https:\/\/little-boards.com\/fr\/#\/schema\/logo\/image\/"}}]}},"_links":{"self":[{"href":"https:\/\/little-boards.com\/fr\/wp-json\/wp\/v2\/product\/5923","targetHints":{"allow":["GET"]}}],"collection":[{"href":"https:\/\/little-boards.com\/fr\/wp-json\/wp\/v2\/product"}],"about":[{"href":"https:\/\/little-boards.com\/fr\/wp-json\/wp\/v2\/types\/product"}],"wp:featuredmedia":[{"embeddable":true,"href":"https:\/\/little-boards.com\/fr\/wp-json\/wp\/v2\/media\/9019"}],"wp:attachment":[{"href":"https:\/\/little-boards.com\/fr\/wp-json\/wp\/v2\/media?parent=5923"}],"wp:term":[{"taxonomy":"product_brand","embeddable":true,"href":"https:\/\/little-boards.com\/fr\/wp-json\/wp\/v2\/product_brand?post=5923"},{"taxonomy":"product_cat","embeddable":true,"href":"https:\/\/little-boards.com\/fr\/wp-json\/wp\/v2\/product_cat?post=5923"},{"taxonomy":"product_tag","embeddable":true,"href":"https:\/\/little-boards.com\/fr\/wp-json\/wp\/v2\/product_tag?post=5923"}],"curies":[{"name":"wp","href":"https:\/\/api.w.org\/{rel}","templated":true}]}}