

{"id":3055,"date":"2025-05-30T15:14:39","date_gmt":"2025-05-30T13:14:39","guid":{"rendered":"https:\/\/little-boards.com\/shop\/birdy-cruiser-pour-enfants-80\/"},"modified":"2025-10-12T23:36:31","modified_gmt":"2025-10-12T21:36:31","slug":"skateboard-fuer-kinder-little-boards-birdy-8-0-zoll-cruiser-kork-griptape-ab-3-jahren-auch-im-sitzen","status":"publish","type":"product","link":"https:\/\/little-boards.com\/fr\/shop\/skateboard-fuer-kinder-little-boards-birdy-8-0-zoll-cruiser-kork-griptape-ab-3-jahren-auch-im-sitzen\/","title":{"rendered":"Birdy \u2013 Cruiser pour enfants 8,0&Prime;"},"content":{"rendered":"<p>Le Little Boards Kids Cruiser est un Skateboard sp\u00e9cialement con\u00e7u pour les enfants jusqu&rsquo;\u00e0 10 ans.<br \/>\nTous les composants sont des produits de marque de haute qualit\u00e9, de sorte que m\u00eame papa peut l&rsquo;utiliser sans h\u00e9sitation pour se balader.<br \/>\nLa largeur de la surface de 8 pouces (20,23 cm) avec du li\u00e8ge souple sur la surface permet une approche s\u00fbre et agr\u00e9able du sport \u00e0 roulettes, m\u00eame en position assise ou \u00e0 genoux.<br \/>\nLes roues sont plus souples que sur un Skateboard de street (83a) et, avec leurs 55 mm, elles passent facilement sur des surfaces irr\u00e9guli\u00e8res.<\/p>\n<ul>\n<li><strong>Planche :<\/strong> Little Boards Birdy Cruiser 8&#215;26 pouces (20,23 x 66 cm)<br \/>\n100 % \u00e9rable canadien, 7 plis press\u00e9s \u00e0 froid.<\/li>\n<li><strong>Axes :<\/strong> Core Trucks 5.25 avec SHR 88a Bushings<\/li>\n<li><strong>Roues :<\/strong> Impact Cruiser Wheels 83a 55 mm<\/li>\n<li><strong>Roulements \u00e0 billes :<\/strong> Amp Bearings ABEC 7<\/li>\n<li><strong>Grip :<\/strong> Li\u00e8ge<\/li>\n<\/ul>\n","protected":false},"excerpt":{"rendered":"<p>Le Little Boards Kids Cruiser est un Skateboard sp\u00e9cialement con\u00e7u pour les enfants jusqu&rsquo;\u00e0 10 ans. Tous les composants sont des produits de marque de haute qualit\u00e9, de sorte que&#8230;<\/p>\n","protected":false},"featured_media":9890,"template":"","meta":{"inline_featured_image":false},"product_brand":[],"product_cat":[149],"product_tag":[222],"class_list":{"0":"post-3055","1":"product","2":"type-product","3":"status-publish","4":"has-post-thumbnail","6":"product_cat-skateboards-3-5-ans","7":"product_tag-skateboard-fr","9":"first","10":"outofstock","11":"taxable","12":"shipping-taxable","13":"purchasable","14":"product-type-simple"},"yoast_head":"<!-- This site is optimized with the Yoast SEO plugin v27.4 - https:\/\/yoast.com\/product\/yoast-seo-wordpress\/ -->\n<title>Birdy \u2013 Cruiser pour enfants 8,0&quot; - Little Boards Skateboards<\/title>\n<meta name=\"description\" content=\"Little Boards \u00ab Birdy \u00bb \u2013 Skateboard pour enfants de 8,0 pouces, id\u00e9al pour les petits \u2013 convient aussi pour s&#039;asseoir. S\u00fbr, l\u00e9ger et parfait pour les premi\u00e8res tentatives de conduite.\" \/>\n<meta name=\"robots\" content=\"index, follow, max-snippet:-1, max-image-preview:large, max-video-preview:-1\" \/>\n<link rel=\"canonical\" href=\"https:\/\/little-boards.com\/fr\/shop\/skateboard-fuer-kinder-little-boards-birdy-8-0-zoll-cruiser-kork-griptape-ab-3-jahren-auch-im-sitzen\/\" \/>\n<meta property=\"og:locale\" content=\"fr_FR\" \/>\n<meta property=\"og:type\" content=\"article\" \/>\n<meta property=\"og:title\" content=\"Birdy \u2013 Cruiser pour enfants 8,0&quot; - Little Boards Skateboards\" \/>\n<meta property=\"og:description\" content=\"Little Boards \u00ab Birdy \u00bb \u2013 Skateboard pour enfants de 8,0 pouces, id\u00e9al pour les petits \u2013 convient aussi pour s&#039;asseoir. S\u00fbr, l\u00e9ger et parfait pour les premi\u00e8res tentatives de conduite.\" \/>\n<meta property=\"og:url\" content=\"https:\/\/little-boards.com\/fr\/shop\/skateboard-fuer-kinder-little-boards-birdy-8-0-zoll-cruiser-kork-griptape-ab-3-jahren-auch-im-sitzen\/\" \/>\n<meta property=\"og:site_name\" content=\"Little Boards Skateboards\" \/>\n<meta property=\"article:modified_time\" content=\"2025-10-12T21:36:31+00:00\" \/>\n<meta property=\"og:image\" content=\"https:\/\/little-boards.com\/wp-content\/uploads\/2025\/08\/1217005_Product.jpg\" \/>\n\t<meta property=\"og:image:width\" content=\"1000\" \/>\n\t<meta property=\"og:image:height\" content=\"1300\" \/>\n\t<meta property=\"og:image:type\" content=\"image\/jpeg\" \/>\n<meta name=\"twitter:card\" content=\"summary_large_image\" \/>\n<meta name=\"twitter:label1\" content=\"Dur\u00e9e de lecture estim\u00e9e\" \/>\n\t<meta name=\"twitter:data1\" content=\"1 minute\" \/>\n<script type=\"application\/ld+json\" class=\"yoast-schema-graph\">{\"@context\":\"https:\\\/\\\/schema.org\",\"@graph\":[{\"@type\":\"WebPage\",\"@id\":\"https:\\\/\\\/little-boards.com\\\/fr\\\/shop\\\/skateboard-fuer-kinder-little-boards-birdy-8-0-zoll-cruiser-kork-griptape-ab-3-jahren-auch-im-sitzen\\\/\",\"url\":\"https:\\\/\\\/little-boards.com\\\/fr\\\/shop\\\/skateboard-fuer-kinder-little-boards-birdy-8-0-zoll-cruiser-kork-griptape-ab-3-jahren-auch-im-sitzen\\\/\",\"name\":\"Birdy \u2013 Cruiser pour enfants 8,0\\\" - Little Boards Skateboards\",\"isPartOf\":{\"@id\":\"https:\\\/\\\/little-boards.com\\\/fr\\\/#website\"},\"primaryImageOfPage\":{\"@id\":\"https:\\\/\\\/little-boards.com\\\/fr\\\/shop\\\/skateboard-fuer-kinder-little-boards-birdy-8-0-zoll-cruiser-kork-griptape-ab-3-jahren-auch-im-sitzen\\\/#primaryimage\"},\"image\":{\"@id\":\"https:\\\/\\\/little-boards.com\\\/fr\\\/shop\\\/skateboard-fuer-kinder-little-boards-birdy-8-0-zoll-cruiser-kork-griptape-ab-3-jahren-auch-im-sitzen\\\/#primaryimage\"},\"thumbnailUrl\":\"https:\\\/\\\/little-boards.com\\\/wp-content\\\/uploads\\\/2026\\\/03\\\/1217005_Product.jpg\",\"datePublished\":\"2025-05-30T13:14:39+00:00\",\"dateModified\":\"2025-10-12T21:36:31+00:00\",\"description\":\"Little Boards \u00ab Birdy \u00bb \u2013 Skateboard pour enfants de 8,0 pouces, id\u00e9al pour les petits \u2013 convient aussi pour s'asseoir. S\u00fbr, l\u00e9ger et parfait pour les premi\u00e8res tentatives de conduite.\",\"breadcrumb\":{\"@id\":\"https:\\\/\\\/little-boards.com\\\/fr\\\/shop\\\/skateboard-fuer-kinder-little-boards-birdy-8-0-zoll-cruiser-kork-griptape-ab-3-jahren-auch-im-sitzen\\\/#breadcrumb\"},\"inLanguage\":\"fr-FR\",\"potentialAction\":[{\"@type\":\"ReadAction\",\"target\":[\"https:\\\/\\\/little-boards.com\\\/fr\\\/shop\\\/skateboard-fuer-kinder-little-boards-birdy-8-0-zoll-cruiser-kork-griptape-ab-3-jahren-auch-im-sitzen\\\/\"]}]},{\"@type\":\"ImageObject\",\"inLanguage\":\"fr-FR\",\"@id\":\"https:\\\/\\\/little-boards.com\\\/fr\\\/shop\\\/skateboard-fuer-kinder-little-boards-birdy-8-0-zoll-cruiser-kork-griptape-ab-3-jahren-auch-im-sitzen\\\/#primaryimage\",\"url\":\"https:\\\/\\\/little-boards.com\\\/wp-content\\\/uploads\\\/2026\\\/03\\\/1217005_Product.jpg\",\"contentUrl\":\"https:\\\/\\\/little-boards.com\\\/wp-content\\\/uploads\\\/2026\\\/03\\\/1217005_Product.jpg\",\"width\":1000,\"height\":1300,\"caption\":\"birdy-kinder-cruiser-8-0_\"},{\"@type\":\"BreadcrumbList\",\"@id\":\"https:\\\/\\\/little-boards.com\\\/fr\\\/shop\\\/skateboard-fuer-kinder-little-boards-birdy-8-0-zoll-cruiser-kork-griptape-ab-3-jahren-auch-im-sitzen\\\/#breadcrumb\",\"itemListElement\":[{\"@type\":\"ListItem\",\"position\":1,\"name\":\"Page d'accueil\",\"item\":\"https:\\\/\\\/little-boards.com\\\/fr\\\/skateboard-fuer-kinder-little-boards-anfaenger-3-11-jahre\\\/\"},{\"@type\":\"ListItem\",\"position\":2,\"name\":\"Boutique\",\"item\":\"https:\\\/\\\/little-boards.com\\\/fr\\\/boutique\\\/\"},{\"@type\":\"ListItem\",\"position\":3,\"name\":\"Birdy \u2013 Cruiser pour enfants 8,0&#8243;\"}]},{\"@type\":\"WebSite\",\"@id\":\"https:\\\/\\\/little-boards.com\\\/fr\\\/#website\",\"url\":\"https:\\\/\\\/little-boards.com\\\/fr\\\/\",\"name\":\"Little Boards Skateboards\",\"description\":\"real boards for real kids\",\"publisher\":{\"@id\":\"https:\\\/\\\/little-boards.com\\\/fr\\\/#organization\"},\"alternateName\":\"Kinder-Skateboards\",\"potentialAction\":[{\"@type\":\"SearchAction\",\"target\":{\"@type\":\"EntryPoint\",\"urlTemplate\":\"https:\\\/\\\/little-boards.com\\\/fr\\\/?s={search_term_string}\"},\"query-input\":{\"@type\":\"PropertyValueSpecification\",\"valueRequired\":true,\"valueName\":\"search_term_string\"}}],\"inLanguage\":\"fr-FR\"},{\"@type\":\"Organization\",\"@id\":\"https:\\\/\\\/little-boards.com\\\/fr\\\/#organization\",\"name\":\"Little Boards Skateboards\",\"url\":\"https:\\\/\\\/little-boards.com\\\/fr\\\/\",\"logo\":{\"@type\":\"ImageObject\",\"inLanguage\":\"fr-FR\",\"@id\":\"https:\\\/\\\/little-boards.com\\\/fr\\\/#\\\/schema\\\/logo\\\/image\\\/\",\"url\":\"https:\\\/\\\/little-boards.com\\\/wp-content\\\/uploads\\\/2025\\\/05\\\/LB-Bubble-Logo-003.svg\",\"contentUrl\":\"https:\\\/\\\/little-boards.com\\\/wp-content\\\/uploads\\\/2025\\\/05\\\/LB-Bubble-Logo-003.svg\",\"width\":\"1024\",\"height\":\"1024\",\"caption\":\"Little Boards Skateboards\"},\"image\":{\"@id\":\"https:\\\/\\\/little-boards.com\\\/fr\\\/#\\\/schema\\\/logo\\\/image\\\/\"}}]}<\/script>\n<!-- \/ Yoast SEO plugin. -->","yoast_head_json":{"title":"Birdy \u2013 Cruiser pour enfants 8,0\" - Little Boards Skateboards","description":"Little Boards \u00ab Birdy \u00bb \u2013 Skateboard pour enfants de 8,0 pouces, id\u00e9al pour les petits \u2013 convient aussi pour s'asseoir. S\u00fbr, l\u00e9ger et parfait pour les premi\u00e8res tentatives de conduite.","robots":{"index":"index","follow":"follow","max-snippet":"max-snippet:-1","max-image-preview":"max-image-preview:large","max-video-preview":"max-video-preview:-1"},"canonical":"https:\/\/little-boards.com\/fr\/shop\/skateboard-fuer-kinder-little-boards-birdy-8-0-zoll-cruiser-kork-griptape-ab-3-jahren-auch-im-sitzen\/","og_locale":"fr_FR","og_type":"article","og_title":"Birdy \u2013 Cruiser pour enfants 8,0\" - Little Boards Skateboards","og_description":"Little Boards \u00ab Birdy \u00bb \u2013 Skateboard pour enfants de 8,0 pouces, id\u00e9al pour les petits \u2013 convient aussi pour s'asseoir. S\u00fbr, l\u00e9ger et parfait pour les premi\u00e8res tentatives de conduite.","og_url":"https:\/\/little-boards.com\/fr\/shop\/skateboard-fuer-kinder-little-boards-birdy-8-0-zoll-cruiser-kork-griptape-ab-3-jahren-auch-im-sitzen\/","og_site_name":"Little Boards Skateboards","article_modified_time":"2025-10-12T21:36:31+00:00","og_image":[{"width":1000,"height":1300,"url":"https:\/\/little-boards.com\/wp-content\/uploads\/2025\/08\/1217005_Product.jpg","type":"image\/jpeg"}],"twitter_card":"summary_large_image","twitter_misc":{"Dur\u00e9e de lecture estim\u00e9e":"1 minute"},"schema":{"@context":"https:\/\/schema.org","@graph":[{"@type":"WebPage","@id":"https:\/\/little-boards.com\/fr\/shop\/skateboard-fuer-kinder-little-boards-birdy-8-0-zoll-cruiser-kork-griptape-ab-3-jahren-auch-im-sitzen\/","url":"https:\/\/little-boards.com\/fr\/shop\/skateboard-fuer-kinder-little-boards-birdy-8-0-zoll-cruiser-kork-griptape-ab-3-jahren-auch-im-sitzen\/","name":"Birdy \u2013 Cruiser pour enfants 8,0\" - Little Boards Skateboards","isPartOf":{"@id":"https:\/\/little-boards.com\/fr\/#website"},"primaryImageOfPage":{"@id":"https:\/\/little-boards.com\/fr\/shop\/skateboard-fuer-kinder-little-boards-birdy-8-0-zoll-cruiser-kork-griptape-ab-3-jahren-auch-im-sitzen\/#primaryimage"},"image":{"@id":"https:\/\/little-boards.com\/fr\/shop\/skateboard-fuer-kinder-little-boards-birdy-8-0-zoll-cruiser-kork-griptape-ab-3-jahren-auch-im-sitzen\/#primaryimage"},"thumbnailUrl":"https:\/\/little-boards.com\/wp-content\/uploads\/2026\/03\/1217005_Product.jpg","datePublished":"2025-05-30T13:14:39+00:00","dateModified":"2025-10-12T21:36:31+00:00","description":"Little Boards \u00ab Birdy \u00bb \u2013 Skateboard pour enfants de 8,0 pouces, id\u00e9al pour les petits \u2013 convient aussi pour s'asseoir. S\u00fbr, l\u00e9ger et parfait pour les premi\u00e8res tentatives de conduite.","breadcrumb":{"@id":"https:\/\/little-boards.com\/fr\/shop\/skateboard-fuer-kinder-little-boards-birdy-8-0-zoll-cruiser-kork-griptape-ab-3-jahren-auch-im-sitzen\/#breadcrumb"},"inLanguage":"fr-FR","potentialAction":[{"@type":"ReadAction","target":["https:\/\/little-boards.com\/fr\/shop\/skateboard-fuer-kinder-little-boards-birdy-8-0-zoll-cruiser-kork-griptape-ab-3-jahren-auch-im-sitzen\/"]}]},{"@type":"ImageObject","inLanguage":"fr-FR","@id":"https:\/\/little-boards.com\/fr\/shop\/skateboard-fuer-kinder-little-boards-birdy-8-0-zoll-cruiser-kork-griptape-ab-3-jahren-auch-im-sitzen\/#primaryimage","url":"https:\/\/little-boards.com\/wp-content\/uploads\/2026\/03\/1217005_Product.jpg","contentUrl":"https:\/\/little-boards.com\/wp-content\/uploads\/2026\/03\/1217005_Product.jpg","width":1000,"height":1300,"caption":"birdy-kinder-cruiser-8-0_"},{"@type":"BreadcrumbList","@id":"https:\/\/little-boards.com\/fr\/shop\/skateboard-fuer-kinder-little-boards-birdy-8-0-zoll-cruiser-kork-griptape-ab-3-jahren-auch-im-sitzen\/#breadcrumb","itemListElement":[{"@type":"ListItem","position":1,"name":"Page d'accueil","item":"https:\/\/little-boards.com\/fr\/skateboard-fuer-kinder-little-boards-anfaenger-3-11-jahre\/"},{"@type":"ListItem","position":2,"name":"Boutique","item":"https:\/\/little-boards.com\/fr\/boutique\/"},{"@type":"ListItem","position":3,"name":"Birdy \u2013 Cruiser pour enfants 8,0&#8243;"}]},{"@type":"WebSite","@id":"https:\/\/little-boards.com\/fr\/#website","url":"https:\/\/little-boards.com\/fr\/","name":"Little Boards Skateboards","description":"real boards for real kids","publisher":{"@id":"https:\/\/little-boards.com\/fr\/#organization"},"alternateName":"Kinder-Skateboards","potentialAction":[{"@type":"SearchAction","target":{"@type":"EntryPoint","urlTemplate":"https:\/\/little-boards.com\/fr\/?s={search_term_string}"},"query-input":{"@type":"PropertyValueSpecification","valueRequired":true,"valueName":"search_term_string"}}],"inLanguage":"fr-FR"},{"@type":"Organization","@id":"https:\/\/little-boards.com\/fr\/#organization","name":"Little Boards Skateboards","url":"https:\/\/little-boards.com\/fr\/","logo":{"@type":"ImageObject","inLanguage":"fr-FR","@id":"https:\/\/little-boards.com\/fr\/#\/schema\/logo\/image\/","url":"https:\/\/little-boards.com\/wp-content\/uploads\/2025\/05\/LB-Bubble-Logo-003.svg","contentUrl":"https:\/\/little-boards.com\/wp-content\/uploads\/2025\/05\/LB-Bubble-Logo-003.svg","width":"1024","height":"1024","caption":"Little Boards Skateboards"},"image":{"@id":"https:\/\/little-boards.com\/fr\/#\/schema\/logo\/image\/"}}]}},"_links":{"self":[{"href":"https:\/\/little-boards.com\/fr\/wp-json\/wp\/v2\/product\/3055","targetHints":{"allow":["GET"]}}],"collection":[{"href":"https:\/\/little-boards.com\/fr\/wp-json\/wp\/v2\/product"}],"about":[{"href":"https:\/\/little-boards.com\/fr\/wp-json\/wp\/v2\/types\/product"}],"wp:featuredmedia":[{"embeddable":true,"href":"https:\/\/little-boards.com\/fr\/wp-json\/wp\/v2\/media\/9890"}],"wp:attachment":[{"href":"https:\/\/little-boards.com\/fr\/wp-json\/wp\/v2\/media?parent=3055"}],"wp:term":[{"taxonomy":"product_brand","embeddable":true,"href":"https:\/\/little-boards.com\/fr\/wp-json\/wp\/v2\/product_brand?post=3055"},{"taxonomy":"product_cat","embeddable":true,"href":"https:\/\/little-boards.com\/fr\/wp-json\/wp\/v2\/product_cat?post=3055"},{"taxonomy":"product_tag","embeddable":true,"href":"https:\/\/little-boards.com\/fr\/wp-json\/wp\/v2\/product_tag?post=3055"}],"curies":[{"name":"wp","href":"https:\/\/api.w.org\/{rel}","templated":true}]}}