

{"id":2978,"date":"2022-06-13T09:31:04","date_gmt":"2022-06-13T07:31:04","guid":{"rendered":"https:\/\/little-boards.com\/shop\/flowers-skateboard-pour-enfants-70-pouces\/"},"modified":"2025-09-10T12:09:19","modified_gmt":"2025-09-10T10:09:19","slug":"little-boards-flowers-kinder-skateboard-7-0","status":"publish","type":"product","link":"https:\/\/little-boards.com\/fr\/shop\/little-boards-flowers-kinder-skateboard-7-0\/","title":{"rendered":"Little Boards \u00ab\u00a0Flowers\u00a0\u00bb Kinder-Skateboard 7.0"},"content":{"rendered":"<p>Le skateboard complet Little Boards<strong> \u00ab\u00a0Flowers\u00a0\u00bb<\/strong> est sp\u00e9cialement con\u00e7u pour les enfants. <br \/>Les mat\u00e9riaux et la qualit\u00e9 sont les m\u00eames que pour les grandes planches, mais en plus petit. Fid\u00e8le \u00e0 la devise \u00ab\u00a0real skateboards for real kids\u00a0\u00bb<br \/>C&rsquo;est donc une vraie planche 7ply avec un beau concave et des axes\u00a0souples.<br \/>La configuration est adapt\u00e9e pour faciliter l&rsquo;acc\u00e8s des enfants au\u00a0roulage et leur donner une v\u00e9ritable exp\u00e9rience du skateboard.<br \/>Des roues de skateboard souples en 85a assurent une adh\u00e9rence suffisante et\u00a0une conduite silencieuse et confortable.<\/p>\n<p>Si un enfant se tient sur un grand skateboard pour adultes, la position de ses pieds est beaucoup trop large. Avec des jambes aussi \u00e9cart\u00e9es, non seulement la position et donc l&rsquo;\u00e9quilibre deviennent incertains, mais il est presque impossible de tourner en d\u00e9pla\u00e7ant le poids &#8211; d&rsquo;autant plus que les axes sont beaucoup trop durs. En essayant de faire un premier \u00ab\u00a0olli\u00a0\u00bb, le tout se termine rapidement par une frustration. <\/p>\n<p>C&rsquo;est pourquoi les skateboards pour enfants de \u00ab\u00a0Little Boards\u00a0\u00bb sont plus petits et adapt\u00e9s aux besoins des enfants.<br \/>Les planches sont propos\u00e9es en\u00a0<br \/><strong>6,5&Prime;<\/strong> x 26&Prime; &#8211; \u00a0pour les tout petits\u00a0skateurs\u00a0jusqu&rsquo;\u00e0 environ 5 ans\u00a0et <br \/><strong>7&Prime;<\/strong> x 28,25&Prime; &#8211; \u00a0pour\u00a0les enfants jusqu&rsquo;\u00e0 environ 8 ans. \u00a0<\/p>\n<p>Caract\u00e9ristiques:<br \/>.<\/p>\n<ul>\n<li><strong>Pont:<\/strong> 7ply canadian maple board 7.0&Prime; x 28.25&Prime; (17,78cm x 71,75cm)\u00a0&#038;nbsp ;\n<\/li>\n<li><strong>Axes:<\/strong>\u00a0Impact Truck 4.5&Prime; \u00a0avec 85a Bushings (soft)\n<\/li>\n<li><strong>Roulements \u00e0 billes:<\/strong>&#038;nbsp ; ABEC5\n<\/li>\n<li><strong>Roulettes:<\/strong> Roulettes LittleBoards souples (85a) en 52mm\n<\/li>\n<li><strong>Convient aux<\/strong> enfants de 6 \u00e0 8 ans<\/li>\n<\/ul>\n","protected":false},"excerpt":{"rendered":"<p>Le skateboard complet Little Boards \u00ab\u00a0Flowers\u00a0\u00bb est sp\u00e9cialement con\u00e7u pour les enfants. Les mat\u00e9riaux et la qualit\u00e9 sont les m\u00eames que pour les grandes planches, mais en plus petit. Fid\u00e8le&#8230;<\/p>\n","protected":false},"featured_media":9032,"template":"","meta":{"inline_featured_image":false},"product_brand":[],"product_cat":[37],"product_tag":[229,227,228,224,184,225],"class_list":{"0":"post-2978","1":"product","2":"type-product","3":"status-publish","4":"has-post-thumbnail","6":"product_cat-skateboards-5-8-jahre","7":"product_tag-7-0","8":"product_tag-complete","9":"product_tag-kinder","10":"product_tag-little","11":"product_tag-skateboard","12":"product_tag-boards","14":"first","15":"instock","16":"featured","17":"taxable","18":"shipping-taxable","19":"purchasable","20":"product-type-simple"},"yoast_head":"<!-- This site is optimized with the Yoast SEO plugin v27.4 - https:\/\/yoast.com\/product\/yoast-seo-wordpress\/ -->\n<title>Little Boards &quot;Flowers&quot; Kinder-Skateboard 7.0 - Little Boards Skateboards<\/title>\n<meta name=\"robots\" content=\"index, follow, max-snippet:-1, max-image-preview:large, max-video-preview:-1\" \/>\n<link rel=\"canonical\" href=\"https:\/\/little-boards.com\/fr\/shop\/little-boards-flowers-kinder-skateboard-7-0\/\" \/>\n<meta property=\"og:locale\" content=\"fr_FR\" \/>\n<meta property=\"og:type\" content=\"article\" \/>\n<meta property=\"og:title\" content=\"Little Boards &quot;Flowers&quot; Kinder-Skateboard 7.0 - Little Boards Skateboards\" \/>\n<meta property=\"og:description\" content=\"Le skateboard complet Little Boards \u00ab\u00a0Flowers\u00a0\u00bb est sp\u00e9cialement con\u00e7u pour les enfants. Les mat\u00e9riaux et la qualit\u00e9 sont les m\u00eames que pour les grandes planches, mais en plus petit. Fid\u00e8le...\" \/>\n<meta property=\"og:url\" content=\"https:\/\/little-boards.com\/fr\/shop\/little-boards-flowers-kinder-skateboard-7-0\/\" \/>\n<meta property=\"og:site_name\" content=\"Little Boards Skateboards\" \/>\n<meta property=\"article:modified_time\" content=\"2025-09-10T10:09:19+00:00\" \/>\n<meta property=\"og:image\" content=\"https:\/\/little-boards.com\/wp-content\/uploads\/2025\/07\/1209782_Product.jpg\" \/>\n\t<meta property=\"og:image:width\" content=\"1000\" \/>\n\t<meta property=\"og:image:height\" content=\"1300\" \/>\n\t<meta property=\"og:image:type\" content=\"image\/jpeg\" \/>\n<meta name=\"twitter:card\" content=\"summary_large_image\" \/>\n<meta name=\"twitter:label1\" content=\"Dur\u00e9e de lecture estim\u00e9e\" \/>\n\t<meta name=\"twitter:data1\" content=\"1 minute\" \/>\n<script type=\"application\/ld+json\" class=\"yoast-schema-graph\">{\"@context\":\"https:\\\/\\\/schema.org\",\"@graph\":[{\"@type\":\"WebPage\",\"@id\":\"https:\\\/\\\/little-boards.com\\\/fr\\\/shop\\\/little-boards-flowers-kinder-skateboard-7-0\\\/\",\"url\":\"https:\\\/\\\/little-boards.com\\\/fr\\\/shop\\\/little-boards-flowers-kinder-skateboard-7-0\\\/\",\"name\":\"Little Boards \\\"Flowers\\\" Kinder-Skateboard 7.0 - Little Boards Skateboards\",\"isPartOf\":{\"@id\":\"https:\\\/\\\/little-boards.com\\\/fr\\\/#website\"},\"primaryImageOfPage\":{\"@id\":\"https:\\\/\\\/little-boards.com\\\/fr\\\/shop\\\/little-boards-flowers-kinder-skateboard-7-0\\\/#primaryimage\"},\"image\":{\"@id\":\"https:\\\/\\\/little-boards.com\\\/fr\\\/shop\\\/little-boards-flowers-kinder-skateboard-7-0\\\/#primaryimage\"},\"thumbnailUrl\":\"https:\\\/\\\/little-boards.com\\\/wp-content\\\/uploads\\\/2026\\\/03\\\/6083351_Product.png\",\"datePublished\":\"2022-06-13T07:31:04+00:00\",\"dateModified\":\"2025-09-10T10:09:19+00:00\",\"breadcrumb\":{\"@id\":\"https:\\\/\\\/little-boards.com\\\/fr\\\/shop\\\/little-boards-flowers-kinder-skateboard-7-0\\\/#breadcrumb\"},\"inLanguage\":\"fr-FR\",\"potentialAction\":[{\"@type\":\"ReadAction\",\"target\":[\"https:\\\/\\\/little-boards.com\\\/fr\\\/shop\\\/little-boards-flowers-kinder-skateboard-7-0\\\/\"]}]},{\"@type\":\"ImageObject\",\"inLanguage\":\"fr-FR\",\"@id\":\"https:\\\/\\\/little-boards.com\\\/fr\\\/shop\\\/little-boards-flowers-kinder-skateboard-7-0\\\/#primaryimage\",\"url\":\"https:\\\/\\\/little-boards.com\\\/wp-content\\\/uploads\\\/2026\\\/03\\\/6083351_Product.png\",\"contentUrl\":\"https:\\\/\\\/little-boards.com\\\/wp-content\\\/uploads\\\/2026\\\/03\\\/6083351_Product.png\",\"width\":1500,\"height\":2000,\"caption\":\"Kinder-Skateboard-Little-Boards-Flower-70-01.png\"},{\"@type\":\"BreadcrumbList\",\"@id\":\"https:\\\/\\\/little-boards.com\\\/fr\\\/shop\\\/little-boards-flowers-kinder-skateboard-7-0\\\/#breadcrumb\",\"itemListElement\":[{\"@type\":\"ListItem\",\"position\":1,\"name\":\"Page d'accueil\",\"item\":\"https:\\\/\\\/little-boards.com\\\/fr\\\/skateboard-fuer-kinder-little-boards-anfaenger-3-11-jahre\\\/\"},{\"@type\":\"ListItem\",\"position\":2,\"name\":\"Boutique\",\"item\":\"https:\\\/\\\/little-boards.com\\\/fr\\\/boutique\\\/\"},{\"@type\":\"ListItem\",\"position\":3,\"name\":\"Little Boards &#8222;Flowers&#8220; Kinder-Skateboard 7.0\"}]},{\"@type\":\"WebSite\",\"@id\":\"https:\\\/\\\/little-boards.com\\\/fr\\\/#website\",\"url\":\"https:\\\/\\\/little-boards.com\\\/fr\\\/\",\"name\":\"Little Boards Skateboards\",\"description\":\"real boards for real kids\",\"publisher\":{\"@id\":\"https:\\\/\\\/little-boards.com\\\/fr\\\/#organization\"},\"alternateName\":\"Kinder-Skateboards\",\"potentialAction\":[{\"@type\":\"SearchAction\",\"target\":{\"@type\":\"EntryPoint\",\"urlTemplate\":\"https:\\\/\\\/little-boards.com\\\/fr\\\/?s={search_term_string}\"},\"query-input\":{\"@type\":\"PropertyValueSpecification\",\"valueRequired\":true,\"valueName\":\"search_term_string\"}}],\"inLanguage\":\"fr-FR\"},{\"@type\":\"Organization\",\"@id\":\"https:\\\/\\\/little-boards.com\\\/fr\\\/#organization\",\"name\":\"Little Boards Skateboards\",\"url\":\"https:\\\/\\\/little-boards.com\\\/fr\\\/\",\"logo\":{\"@type\":\"ImageObject\",\"inLanguage\":\"fr-FR\",\"@id\":\"https:\\\/\\\/little-boards.com\\\/fr\\\/#\\\/schema\\\/logo\\\/image\\\/\",\"url\":\"https:\\\/\\\/little-boards.com\\\/wp-content\\\/uploads\\\/2025\\\/05\\\/LB-Bubble-Logo-003.svg\",\"contentUrl\":\"https:\\\/\\\/little-boards.com\\\/wp-content\\\/uploads\\\/2025\\\/05\\\/LB-Bubble-Logo-003.svg\",\"width\":\"1024\",\"height\":\"1024\",\"caption\":\"Little Boards Skateboards\"},\"image\":{\"@id\":\"https:\\\/\\\/little-boards.com\\\/fr\\\/#\\\/schema\\\/logo\\\/image\\\/\"}}]}<\/script>\n<!-- \/ Yoast SEO plugin. -->","yoast_head_json":{"title":"Little Boards \"Flowers\" Kinder-Skateboard 7.0 - Little Boards Skateboards","robots":{"index":"index","follow":"follow","max-snippet":"max-snippet:-1","max-image-preview":"max-image-preview:large","max-video-preview":"max-video-preview:-1"},"canonical":"https:\/\/little-boards.com\/fr\/shop\/little-boards-flowers-kinder-skateboard-7-0\/","og_locale":"fr_FR","og_type":"article","og_title":"Little Boards \"Flowers\" Kinder-Skateboard 7.0 - Little Boards Skateboards","og_description":"Le skateboard complet Little Boards \u00ab\u00a0Flowers\u00a0\u00bb est sp\u00e9cialement con\u00e7u pour les enfants. Les mat\u00e9riaux et la qualit\u00e9 sont les m\u00eames que pour les grandes planches, mais en plus petit. Fid\u00e8le...","og_url":"https:\/\/little-boards.com\/fr\/shop\/little-boards-flowers-kinder-skateboard-7-0\/","og_site_name":"Little Boards Skateboards","article_modified_time":"2025-09-10T10:09:19+00:00","og_image":[{"width":1000,"height":1300,"url":"https:\/\/little-boards.com\/wp-content\/uploads\/2025\/07\/1209782_Product.jpg","type":"image\/jpeg"}],"twitter_card":"summary_large_image","twitter_misc":{"Dur\u00e9e de lecture estim\u00e9e":"1 minute"},"schema":{"@context":"https:\/\/schema.org","@graph":[{"@type":"WebPage","@id":"https:\/\/little-boards.com\/fr\/shop\/little-boards-flowers-kinder-skateboard-7-0\/","url":"https:\/\/little-boards.com\/fr\/shop\/little-boards-flowers-kinder-skateboard-7-0\/","name":"Little Boards \"Flowers\" Kinder-Skateboard 7.0 - Little Boards Skateboards","isPartOf":{"@id":"https:\/\/little-boards.com\/fr\/#website"},"primaryImageOfPage":{"@id":"https:\/\/little-boards.com\/fr\/shop\/little-boards-flowers-kinder-skateboard-7-0\/#primaryimage"},"image":{"@id":"https:\/\/little-boards.com\/fr\/shop\/little-boards-flowers-kinder-skateboard-7-0\/#primaryimage"},"thumbnailUrl":"https:\/\/little-boards.com\/wp-content\/uploads\/2026\/03\/6083351_Product.png","datePublished":"2022-06-13T07:31:04+00:00","dateModified":"2025-09-10T10:09:19+00:00","breadcrumb":{"@id":"https:\/\/little-boards.com\/fr\/shop\/little-boards-flowers-kinder-skateboard-7-0\/#breadcrumb"},"inLanguage":"fr-FR","potentialAction":[{"@type":"ReadAction","target":["https:\/\/little-boards.com\/fr\/shop\/little-boards-flowers-kinder-skateboard-7-0\/"]}]},{"@type":"ImageObject","inLanguage":"fr-FR","@id":"https:\/\/little-boards.com\/fr\/shop\/little-boards-flowers-kinder-skateboard-7-0\/#primaryimage","url":"https:\/\/little-boards.com\/wp-content\/uploads\/2026\/03\/6083351_Product.png","contentUrl":"https:\/\/little-boards.com\/wp-content\/uploads\/2026\/03\/6083351_Product.png","width":1500,"height":2000,"caption":"Kinder-Skateboard-Little-Boards-Flower-70-01.png"},{"@type":"BreadcrumbList","@id":"https:\/\/little-boards.com\/fr\/shop\/little-boards-flowers-kinder-skateboard-7-0\/#breadcrumb","itemListElement":[{"@type":"ListItem","position":1,"name":"Page d'accueil","item":"https:\/\/little-boards.com\/fr\/skateboard-fuer-kinder-little-boards-anfaenger-3-11-jahre\/"},{"@type":"ListItem","position":2,"name":"Boutique","item":"https:\/\/little-boards.com\/fr\/boutique\/"},{"@type":"ListItem","position":3,"name":"Little Boards &#8222;Flowers&#8220; Kinder-Skateboard 7.0"}]},{"@type":"WebSite","@id":"https:\/\/little-boards.com\/fr\/#website","url":"https:\/\/little-boards.com\/fr\/","name":"Little Boards Skateboards","description":"real boards for real kids","publisher":{"@id":"https:\/\/little-boards.com\/fr\/#organization"},"alternateName":"Kinder-Skateboards","potentialAction":[{"@type":"SearchAction","target":{"@type":"EntryPoint","urlTemplate":"https:\/\/little-boards.com\/fr\/?s={search_term_string}"},"query-input":{"@type":"PropertyValueSpecification","valueRequired":true,"valueName":"search_term_string"}}],"inLanguage":"fr-FR"},{"@type":"Organization","@id":"https:\/\/little-boards.com\/fr\/#organization","name":"Little Boards Skateboards","url":"https:\/\/little-boards.com\/fr\/","logo":{"@type":"ImageObject","inLanguage":"fr-FR","@id":"https:\/\/little-boards.com\/fr\/#\/schema\/logo\/image\/","url":"https:\/\/little-boards.com\/wp-content\/uploads\/2025\/05\/LB-Bubble-Logo-003.svg","contentUrl":"https:\/\/little-boards.com\/wp-content\/uploads\/2025\/05\/LB-Bubble-Logo-003.svg","width":"1024","height":"1024","caption":"Little Boards Skateboards"},"image":{"@id":"https:\/\/little-boards.com\/fr\/#\/schema\/logo\/image\/"}}]}},"_links":{"self":[{"href":"https:\/\/little-boards.com\/fr\/wp-json\/wp\/v2\/product\/2978","targetHints":{"allow":["GET"]}}],"collection":[{"href":"https:\/\/little-boards.com\/fr\/wp-json\/wp\/v2\/product"}],"about":[{"href":"https:\/\/little-boards.com\/fr\/wp-json\/wp\/v2\/types\/product"}],"wp:featuredmedia":[{"embeddable":true,"href":"https:\/\/little-boards.com\/fr\/wp-json\/wp\/v2\/media\/9032"}],"wp:attachment":[{"href":"https:\/\/little-boards.com\/fr\/wp-json\/wp\/v2\/media?parent=2978"}],"wp:term":[{"taxonomy":"product_brand","embeddable":true,"href":"https:\/\/little-boards.com\/fr\/wp-json\/wp\/v2\/product_brand?post=2978"},{"taxonomy":"product_cat","embeddable":true,"href":"https:\/\/little-boards.com\/fr\/wp-json\/wp\/v2\/product_cat?post=2978"},{"taxonomy":"product_tag","embeddable":true,"href":"https:\/\/little-boards.com\/fr\/wp-json\/wp\/v2\/product_tag?post=2978"}],"curies":[{"name":"wp","href":"https:\/\/api.w.org\/{rel}","templated":true}]}}