

{"id":6096,"date":"2020-06-24T14:55:36","date_gmt":"2020-06-24T12:55:36","guid":{"rendered":"https:\/\/little-boards.com\/shop\/tsg-protection-set-junior\/"},"modified":"2025-10-23T14:20:11","modified_gmt":"2025-10-23T12:20:11","slug":"tsg-protection-set-junior","status":"publish","type":"product","link":"https:\/\/little-boards.com\/fi\/shop\/tsg-protection-set-junior\/","title":{"rendered":"TSG Junior-suojasarja"},"content":{"rendered":"<p>TSG Basic Protection Set Junior aloittelijoille sis\u00e4lt\u00e4\u00e4 yhden parin rannesuojia, kyyn\u00e4rsuojia ja polvisuojia. Kyyn\u00e4r- ja polvisuojat on pehmustettu EVA-vaahdolla ja niiss\u00e4 on kest\u00e4v\u00e4t PE-muovikuvut. Rannesuojat suojaavat k\u00e4mmeni\u00e4 ja ranteita muovikiskolla, jossa on ymp\u00e4r\u00f6iv\u00e4 pull-over-muotoilu.  <\/p>\n<p>&#8211; Ohut, anatomisesti esimuotoiltu muotoilu<br \/>\n&#8211; Iskuja vaimentava EVA-pehmuste<br \/>\n&#8211; Tiukasti istuva polvi- ja kyyn\u00e4rsuoja<br \/>\n&#8211; Tarranauhat yksil\u00f6lliseen koon s\u00e4\u00e4t\u00f6\u00f6n<br \/>\n&#8211; Rannesuojat vaihdettavilla muovikiskoilla<br \/>\n&#8211; K\u00e4mmenet tekonahkaa<br \/>\n&#8211; 3 yksil\u00f6llisesti s\u00e4\u00e4dett\u00e4v\u00e4\u00e4 tarranauhaa<\/p>\n","protected":false},"excerpt":{"rendered":"<p>TSG Basic Protection Set Junior aloittelijoille sis\u00e4lt\u00e4\u00e4 yhden parin rannesuojia, kyyn\u00e4rsuojia ja polvisuojia. Kyyn\u00e4r- ja polvisuojat on pehmustettu EVA-vaahdolla ja niiss\u00e4 on kest\u00e4v\u00e4t PE-muovikuvut. Rannesuojat suojaavat k\u00e4mmeni\u00e4 ja ranteita muovikiskolla,&#8230;<\/p>\n","protected":false},"featured_media":9019,"template":"","meta":{"inline_featured_image":false},"product_brand":[],"product_cat":[207],"product_tag":[],"class_list":{"0":"post-6096","1":"product","2":"type-product","3":"status-publish","4":"has-post-thumbnail","6":"product_cat-lisavarusteet","8":"first","9":"outofstock","10":"taxable","11":"shipping-taxable","12":"purchasable","13":"product-type-simple"},"yoast_head":"<!-- This site is optimized with the Yoast SEO plugin v27.4 - https:\/\/yoast.com\/product\/yoast-seo-wordpress\/ -->\n<title>TSG Junior-suojasarja - Little Boards Skateboards<\/title>\n<meta name=\"robots\" content=\"index, follow, max-snippet:-1, max-image-preview:large, max-video-preview:-1\" \/>\n<link rel=\"canonical\" href=\"https:\/\/little-boards.com\/fi\/shop\/tsg-protection-set-junior\/\" \/>\n<meta property=\"og:locale\" content=\"fi_FI\" \/>\n<meta property=\"og:type\" content=\"article\" \/>\n<meta property=\"og:title\" content=\"TSG Junior-suojasarja - Little Boards Skateboards\" \/>\n<meta property=\"og:description\" content=\"TSG Basic Protection Set Junior aloittelijoille sis\u00e4lt\u00e4\u00e4 yhden parin rannesuojia, kyyn\u00e4rsuojia ja polvisuojia. Kyyn\u00e4r- ja polvisuojat on pehmustettu EVA-vaahdolla ja niiss\u00e4 on kest\u00e4v\u00e4t PE-muovikuvut. Rannesuojat suojaavat k\u00e4mmeni\u00e4 ja ranteita muovikiskolla,...\" \/>\n<meta property=\"og:url\" content=\"https:\/\/little-boards.com\/fi\/shop\/tsg-protection-set-junior\/\" \/>\n<meta property=\"og:site_name\" content=\"Little Boards Skateboards\" \/>\n<meta property=\"article:modified_time\" content=\"2025-10-23T12:20:11+00:00\" \/>\n<meta property=\"og:image\" content=\"https:\/\/little-boards.com\/wp-content\/uploads\/2020\/06\/tsg-protection-set-junior-black.jpg\" \/>\n\t<meta property=\"og:image:width\" content=\"1000\" \/>\n\t<meta property=\"og:image:height\" content=\"1300\" \/>\n\t<meta property=\"og:image:type\" content=\"image\/jpeg\" \/>\n<meta name=\"twitter:card\" content=\"summary_large_image\" \/>\n<script type=\"application\/ld+json\" class=\"yoast-schema-graph\">{\"@context\":\"https:\\\/\\\/schema.org\",\"@graph\":[{\"@type\":\"WebPage\",\"@id\":\"https:\\\/\\\/little-boards.com\\\/fi\\\/shop\\\/tsg-protection-set-junior\\\/\",\"url\":\"https:\\\/\\\/little-boards.com\\\/fi\\\/shop\\\/tsg-protection-set-junior\\\/\",\"name\":\"TSG Junior-suojasarja - Little Boards Skateboards\",\"isPartOf\":{\"@id\":\"https:\\\/\\\/little-boards.com\\\/fi\\\/#website\"},\"primaryImageOfPage\":{\"@id\":\"https:\\\/\\\/little-boards.com\\\/fi\\\/shop\\\/tsg-protection-set-junior\\\/#primaryimage\"},\"image\":{\"@id\":\"https:\\\/\\\/little-boards.com\\\/fi\\\/shop\\\/tsg-protection-set-junior\\\/#primaryimage\"},\"thumbnailUrl\":\"https:\\\/\\\/little-boards.com\\\/wp-content\\\/uploads\\\/2026\\\/03\\\/1209808_Product.jpg\",\"datePublished\":\"2020-06-24T12:55:36+00:00\",\"dateModified\":\"2025-10-23T12:20:11+00:00\",\"breadcrumb\":{\"@id\":\"https:\\\/\\\/little-boards.com\\\/fi\\\/shop\\\/tsg-protection-set-junior\\\/#breadcrumb\"},\"inLanguage\":\"fi\",\"potentialAction\":[{\"@type\":\"ReadAction\",\"target\":[\"https:\\\/\\\/little-boards.com\\\/fi\\\/shop\\\/tsg-protection-set-junior\\\/\"]}]},{\"@type\":\"ImageObject\",\"inLanguage\":\"fi\",\"@id\":\"https:\\\/\\\/little-boards.com\\\/fi\\\/shop\\\/tsg-protection-set-junior\\\/#primaryimage\",\"url\":\"https:\\\/\\\/little-boards.com\\\/wp-content\\\/uploads\\\/2026\\\/03\\\/1209808_Product.jpg\",\"contentUrl\":\"https:\\\/\\\/little-boards.com\\\/wp-content\\\/uploads\\\/2026\\\/03\\\/1209808_Product.jpg\",\"width\":418,\"height\":600,\"caption\":\"TSG-Schoner-Sets-Basic-Protection-Set-black-Vorderansicht_600x600.jpg\"},{\"@type\":\"BreadcrumbList\",\"@id\":\"https:\\\/\\\/little-boards.com\\\/fi\\\/shop\\\/tsg-protection-set-junior\\\/#breadcrumb\",\"itemListElement\":[{\"@type\":\"ListItem\",\"position\":1,\"name\":\"Etusivu\",\"item\":\"https:\\\/\\\/little-boards.com\\\/fi\\\/skateboard-fuer-kinder-little-boards-anfaenger-3-11-jahre\\\/\"},{\"@type\":\"ListItem\",\"position\":2,\"name\":\"Kauppa\",\"item\":\"https:\\\/\\\/little-boards.com\\\/fi\\\/kauppa\\\/\"},{\"@type\":\"ListItem\",\"position\":3,\"name\":\"TSG Junior-suojasarja\"}]},{\"@type\":\"WebSite\",\"@id\":\"https:\\\/\\\/little-boards.com\\\/fi\\\/#website\",\"url\":\"https:\\\/\\\/little-boards.com\\\/fi\\\/\",\"name\":\"Little Boards Skateboards\",\"description\":\"real boards for real kids\",\"publisher\":{\"@id\":\"https:\\\/\\\/little-boards.com\\\/fi\\\/#organization\"},\"alternateName\":\"Kinder-Skateboards\",\"potentialAction\":[{\"@type\":\"SearchAction\",\"target\":{\"@type\":\"EntryPoint\",\"urlTemplate\":\"https:\\\/\\\/little-boards.com\\\/fi\\\/?s={search_term_string}\"},\"query-input\":{\"@type\":\"PropertyValueSpecification\",\"valueRequired\":true,\"valueName\":\"search_term_string\"}}],\"inLanguage\":\"fi\"},{\"@type\":\"Organization\",\"@id\":\"https:\\\/\\\/little-boards.com\\\/fi\\\/#organization\",\"name\":\"Little Boards Skateboards\",\"url\":\"https:\\\/\\\/little-boards.com\\\/fi\\\/\",\"logo\":{\"@type\":\"ImageObject\",\"inLanguage\":\"fi\",\"@id\":\"https:\\\/\\\/little-boards.com\\\/fi\\\/#\\\/schema\\\/logo\\\/image\\\/\",\"url\":\"https:\\\/\\\/little-boards.com\\\/wp-content\\\/uploads\\\/2025\\\/05\\\/LB-Bubble-Logo-003.svg\",\"contentUrl\":\"https:\\\/\\\/little-boards.com\\\/wp-content\\\/uploads\\\/2025\\\/05\\\/LB-Bubble-Logo-003.svg\",\"width\":\"1024\",\"height\":\"1024\",\"caption\":\"Little Boards Skateboards\"},\"image\":{\"@id\":\"https:\\\/\\\/little-boards.com\\\/fi\\\/#\\\/schema\\\/logo\\\/image\\\/\"}}]}<\/script>\n<!-- \/ Yoast SEO plugin. -->","yoast_head_json":{"title":"TSG Junior-suojasarja - Little Boards Skateboards","robots":{"index":"index","follow":"follow","max-snippet":"max-snippet:-1","max-image-preview":"max-image-preview:large","max-video-preview":"max-video-preview:-1"},"canonical":"https:\/\/little-boards.com\/fi\/shop\/tsg-protection-set-junior\/","og_locale":"fi_FI","og_type":"article","og_title":"TSG Junior-suojasarja - Little Boards Skateboards","og_description":"TSG Basic Protection Set Junior aloittelijoille sis\u00e4lt\u00e4\u00e4 yhden parin rannesuojia, kyyn\u00e4rsuojia ja polvisuojia. Kyyn\u00e4r- ja polvisuojat on pehmustettu EVA-vaahdolla ja niiss\u00e4 on kest\u00e4v\u00e4t PE-muovikuvut. Rannesuojat suojaavat k\u00e4mmeni\u00e4 ja ranteita muovikiskolla,...","og_url":"https:\/\/little-boards.com\/fi\/shop\/tsg-protection-set-junior\/","og_site_name":"Little Boards Skateboards","article_modified_time":"2025-10-23T12:20:11+00:00","og_image":[{"width":1000,"height":1300,"url":"https:\/\/little-boards.com\/wp-content\/uploads\/2020\/06\/tsg-protection-set-junior-black.jpg","type":"image\/jpeg"}],"twitter_card":"summary_large_image","schema":{"@context":"https:\/\/schema.org","@graph":[{"@type":"WebPage","@id":"https:\/\/little-boards.com\/fi\/shop\/tsg-protection-set-junior\/","url":"https:\/\/little-boards.com\/fi\/shop\/tsg-protection-set-junior\/","name":"TSG Junior-suojasarja - Little Boards Skateboards","isPartOf":{"@id":"https:\/\/little-boards.com\/fi\/#website"},"primaryImageOfPage":{"@id":"https:\/\/little-boards.com\/fi\/shop\/tsg-protection-set-junior\/#primaryimage"},"image":{"@id":"https:\/\/little-boards.com\/fi\/shop\/tsg-protection-set-junior\/#primaryimage"},"thumbnailUrl":"https:\/\/little-boards.com\/wp-content\/uploads\/2026\/03\/1209808_Product.jpg","datePublished":"2020-06-24T12:55:36+00:00","dateModified":"2025-10-23T12:20:11+00:00","breadcrumb":{"@id":"https:\/\/little-boards.com\/fi\/shop\/tsg-protection-set-junior\/#breadcrumb"},"inLanguage":"fi","potentialAction":[{"@type":"ReadAction","target":["https:\/\/little-boards.com\/fi\/shop\/tsg-protection-set-junior\/"]}]},{"@type":"ImageObject","inLanguage":"fi","@id":"https:\/\/little-boards.com\/fi\/shop\/tsg-protection-set-junior\/#primaryimage","url":"https:\/\/little-boards.com\/wp-content\/uploads\/2026\/03\/1209808_Product.jpg","contentUrl":"https:\/\/little-boards.com\/wp-content\/uploads\/2026\/03\/1209808_Product.jpg","width":418,"height":600,"caption":"TSG-Schoner-Sets-Basic-Protection-Set-black-Vorderansicht_600x600.jpg"},{"@type":"BreadcrumbList","@id":"https:\/\/little-boards.com\/fi\/shop\/tsg-protection-set-junior\/#breadcrumb","itemListElement":[{"@type":"ListItem","position":1,"name":"Etusivu","item":"https:\/\/little-boards.com\/fi\/skateboard-fuer-kinder-little-boards-anfaenger-3-11-jahre\/"},{"@type":"ListItem","position":2,"name":"Kauppa","item":"https:\/\/little-boards.com\/fi\/kauppa\/"},{"@type":"ListItem","position":3,"name":"TSG Junior-suojasarja"}]},{"@type":"WebSite","@id":"https:\/\/little-boards.com\/fi\/#website","url":"https:\/\/little-boards.com\/fi\/","name":"Little Boards Skateboards","description":"real boards for real kids","publisher":{"@id":"https:\/\/little-boards.com\/fi\/#organization"},"alternateName":"Kinder-Skateboards","potentialAction":[{"@type":"SearchAction","target":{"@type":"EntryPoint","urlTemplate":"https:\/\/little-boards.com\/fi\/?s={search_term_string}"},"query-input":{"@type":"PropertyValueSpecification","valueRequired":true,"valueName":"search_term_string"}}],"inLanguage":"fi"},{"@type":"Organization","@id":"https:\/\/little-boards.com\/fi\/#organization","name":"Little Boards Skateboards","url":"https:\/\/little-boards.com\/fi\/","logo":{"@type":"ImageObject","inLanguage":"fi","@id":"https:\/\/little-boards.com\/fi\/#\/schema\/logo\/image\/","url":"https:\/\/little-boards.com\/wp-content\/uploads\/2025\/05\/LB-Bubble-Logo-003.svg","contentUrl":"https:\/\/little-boards.com\/wp-content\/uploads\/2025\/05\/LB-Bubble-Logo-003.svg","width":"1024","height":"1024","caption":"Little Boards Skateboards"},"image":{"@id":"https:\/\/little-boards.com\/fi\/#\/schema\/logo\/image\/"}}]}},"_links":{"self":[{"href":"https:\/\/little-boards.com\/fi\/wp-json\/wp\/v2\/product\/6096","targetHints":{"allow":["GET"]}}],"collection":[{"href":"https:\/\/little-boards.com\/fi\/wp-json\/wp\/v2\/product"}],"about":[{"href":"https:\/\/little-boards.com\/fi\/wp-json\/wp\/v2\/types\/product"}],"wp:featuredmedia":[{"embeddable":true,"href":"https:\/\/little-boards.com\/fi\/wp-json\/wp\/v2\/media\/9019"}],"wp:attachment":[{"href":"https:\/\/little-boards.com\/fi\/wp-json\/wp\/v2\/media?parent=6096"}],"wp:term":[{"taxonomy":"product_brand","embeddable":true,"href":"https:\/\/little-boards.com\/fi\/wp-json\/wp\/v2\/product_brand?post=6096"},{"taxonomy":"product_cat","embeddable":true,"href":"https:\/\/little-boards.com\/fi\/wp-json\/wp\/v2\/product_cat?post=6096"},{"taxonomy":"product_tag","embeddable":true,"href":"https:\/\/little-boards.com\/fi\/wp-json\/wp\/v2\/product_tag?post=6096"}],"curies":[{"name":"wp","href":"https:\/\/api.w.org\/{rel}","templated":true}]}}