

{"id":2655,"date":"2025-05-30T14:42:51","date_gmt":"2025-05-30T12:42:51","guid":{"rendered":"https:\/\/little-boards.com\/shop\/ilmapallot-lasten-rullalauta-6-5\/"},"modified":"2025-09-18T22:05:54","modified_gmt":"2025-09-18T20:05:54","slug":"skateboard-fuer-kinder-little-boards-balloons-6-5-zoll-mini-anfaenger-3-5-jahre","status":"publish","type":"product","link":"https:\/\/little-boards.com\/fi\/shop\/skateboard-fuer-kinder-little-boards-balloons-6-5-zoll-mini-anfaenger-3-5-jahre\/","title":{"rendered":"Ilmapallot &#8211; Lasten rullalauta 6.5&#8243;"},"content":{"rendered":"[vc_row type=&#8221;in_container&#8221; full_screen_row_position=&#8221;middle&#8221; column_margin=&#8221;default&#8221; column_direction=&#8221;default&#8221; column_direction_tablet=&#8221;default&#8221; column_direction_phone=&#8221;default&#8221; scene_position=&#8221;center&#8221; text_color=&#8221;dark&#8221; text_align=&#8221;left&#8221; row_border_radius=&#8221;none&#8221; row_border_radius_applies=&#8221;bg&#8221; overflow=&#8221;visible&#8221; overlay_strength=&#8221;0.3&#8243; gradient_direction=&#8221;left_to_right&#8221; shape_divider_position=&#8221;bottom&#8221; bg_image_animation=&#8221;none&#8221; gradient_type=&#8221;default&#8221; shape_type=&#8221;&#8221;][vc_column column_padding=&#8221;no-extra-padding&#8221; column_padding_tablet=&#8221;inherit&#8221; column_padding_phone=&#8221;inherit&#8221; column_padding_position=&#8221;all&#8221; column_element_direction_desktop=&#8221;default&#8221; column_element_spacing=&#8221;default&#8221; desktop_text_alignment=&#8221;default&#8221; tablet_text_alignment=&#8221;default&#8221; phone_text_alignment=&#8221;default&#8221; background_color_opacity=&#8221;1&#8243; background_hover_color_opacity=&#8221;1&#8243; column_backdrop_filter=&#8221;none&#8221; column_shadow=&#8221;none&#8221; column_border_radius=&#8221;none&#8221; column_link_target=&#8221;_self&#8221; column_position=&#8221;default&#8221; gradient_direction=&#8221;left_to_right&#8221; overlay_strength=&#8221;0.3&#8243; width=&#8221;1\/1&#8243; tablet_width_inherit=&#8221;default&#8221; animation_type=&#8221;default&#8221; bg_image_animation=&#8221;none&#8221; border_type=&#8221;simple&#8221; column_border_width=&#8221;none&#8221; column_border_style=&#8221;solid&#8221; column_padding_type=&#8221;default&#8221; gradient_type=&#8221;default&#8221;][nectar_responsive_text inherited_font_style=&#8221;p&#8221; text_direction=&#8221;default&#8221;]<strong>Koko<\/strong>[\/nectar_responsive_text][divider line_type=&#8221;No Line&#8221; custom_height=&#8221;1&#8243; custom_height_tablet=&#8221;10&#8243; custom_height_phone=&#8221;10&#8243;][nectar_cta btn_style=&#8221;basic&#8221; heading_tag=&#8221;p&#8221; button_color=&#8221;default&#8221; button_border_thickness=&#8221;1px&#8221; link_type=&#8221;regular&#8221; alignment=&#8221;left&#8221; alignment_tablet=&#8221;default&#8221; alignment_phone=&#8221;default&#8221; constrain_group_3=&#8221;yes&#8221; constrain_group_4=&#8221;yes&#8221; display=&#8221;inline&#8221; display_tablet=&#8221;inherit&#8221; display_phone=&#8221;block&#8221; icon_family=&#8221;none&#8221; font_size_desktop=&#8221;16&#8243; font_size_tablet=&#8221;16&#8243; font_size_phone=&#8221;16&#8243; link_text=&#8221;3 &#8211; 5 vuotta&#8221; padding_top=&#8221;10&#8243; padding_bottom=&#8221;10&#8243; padding_left=&#8221;20&#8243; padding_right=&#8221;20&#8243; url=&#8221;#&#8221; margin_right=&#8221;10&#8243; margin_bottom=&#8221;30&#8243; class=&#8221;oe-cat-active&#8221;][nectar_cta btn_style=&#8221;basic&#8221; heading_tag=&#8221;p&#8221; button_color=&#8221;default&#8221; button_border_thickness=&#8221;1px&#8221; link_type=&#8221;regular&#8221; alignment=&#8221;left&#8221; alignment_tablet=&#8221;default&#8221; alignment_phone=&#8221;default&#8221; constrain_group_3=&#8221;yes&#8221; constrain_group_4=&#8221;yes&#8221; display=&#8221;inline&#8221; display_tablet=&#8221;inherit&#8221; display_phone=&#8221;block&#8221; icon_family=&#8221;none&#8221; font_size_desktop=&#8221;16&#8243; font_size_tablet=&#8221;16&#8243; font_size_phone=&#8221;16&#8243; link_text=&#8221;5 &#8211; 8 vuotta&#8221; padding_top=&#8221;10&#8243; padding_bottom=&#8221;10&#8243; padding_left=&#8221;20&#8243; padding_right=&#8221;20&#8243; url=&#8221;https:\/\/little-boards.com\/fi\/shop\/skateboard-fuer-kinder-little-boards-balloons-7-0-zoll-anfaenger-5-8-jahre\/&#8221; margin_right=&#8221;10&#8243; margin_bottom=&#8221;30&#8243; class=&#8221;oe-cat-inactive&#8221;][divider line_type=&#8221;No Line&#8221; custom_height=&#8221;10&#8243; custom_height_tablet=&#8221;10&#8243; custom_height_phone=&#8221;10&#8243;][\/vc_column][\/vc_row][vc_row type=&#8221;in_container&#8221; full_screen_row_position=&#8221;middle&#8221; column_margin=&#8221;default&#8221; column_direction=&#8221;default&#8221; column_direction_tablet=&#8221;default&#8221; column_direction_phone=&#8221;default&#8221; scene_position=&#8221;center&#8221; text_color=&#8221;dark&#8221; text_align=&#8221;left&#8221; row_border_radius=&#8221;none&#8221; row_border_radius_applies=&#8221;bg&#8221; overflow=&#8221;visible&#8221; overlay_strength=&#8221;0.3&#8243; gradient_direction=&#8221;left_to_right&#8221; shape_divider_position=&#8221;bottom&#8221; bg_image_animation=&#8221;none&#8221;][vc_column column_padding=&#8221;no-extra-padding&#8221; column_padding_tablet=&#8221;inherit&#8221; column_padding_phone=&#8221;inherit&#8221; column_padding_position=&#8221;all&#8221; column_element_direction_desktop=&#8221;default&#8221; column_element_spacing=&#8221;default&#8221; desktop_text_alignment=&#8221;default&#8221; tablet_text_alignment=&#8221;default&#8221; phone_text_alignment=&#8221;default&#8221; background_color_opacity=&#8221;1&#8243; background_hover_color_opacity=&#8221;1&#8243; column_backdrop_filter=&#8221;none&#8221; column_shadow=&#8221;none&#8221; column_border_radius=&#8221;none&#8221; column_link_target=&#8221;_self&#8221; column_position=&#8221;default&#8221; gradient_direction=&#8221;left_to_right&#8221; overlay_strength=&#8221;0.3&#8243; width=&#8221;1\/1&#8243; tablet_width_inherit=&#8221;default&#8221; animation_type=&#8221;default&#8221; bg_image_animation=&#8221;none&#8221; border_type=&#8221;simple&#8221; column_border_width=&#8221;none&#8221; column_border_style=&#8221;solid&#8221;][vc_column_text css=&#8221;&#8221; el_class=&#8221;oe-prod-text&#8221; text_direction=&#8221;default&#8221;]\n<h2>T\u00e4ydellinen Skateboard pienille luistelijoille.<\/h2>\n<p>Little Boards <strong>&#8221;Balloon&#8221;<\/strong> 6.5\u2033 on kehitetty erityisesti Skateboard lapsille, jotka haluavat oppia ajamaan Skateboard turvallisesti, nopeasti ja hauskasti. Lapsiyst\u00e4v\u00e4llisten mittasuhteiden, laadukkaan valmistuksen ja harkitun kokoonpanon ansiosta se helpottaa pienten rullaluistelijoiden aloittamista heti alusta alkaen. <\/p>\n<h3>Miksi t\u00e4m\u00e4 lauta on ihanteellinen lapsille?<\/h3>\n<ul>\n<li>\u2705 Ik\u00e4kaudelle sopiva koko maksimaalista hallintaa varten<\/li>\n<li>\u2705 Helppo k\u00e4sitell\u00e4 pehmeiden akselien ja py\u00f6rien ansiosta<\/li>\n<li>\u2705 Turvallinen jalansija lapsiyst\u00e4v\u00e4llisen kannen leveyden ansiosta<\/li>\n<li>\u2705 Aitoa skeittilaudan laatua &#8211; aivan kuten isot pojat.<\/li>\n<li>\u2705 V\u00e4hent\u00e4\u00e4 turhautumista ja edist\u00e4\u00e4 nopeaa onnistumisen tunnetta.<\/li>\n<\/ul>\n<h3>Optimaalinen koko pienille jaloille<\/h3>\n<p>Kun tavallisesta aikuisten rullalautasta tulee nopeasti liian iso ja raskas lapsille, Little Boards <strong>&#8221;Balloon&#8221;<\/strong> 6.5\u2033 tarjoaa juuri oikeat mittasuhteet turvalliseen oppimiseen ja ensimm\u00e4isiin temppuihin.<\/p>\n<h2>Tekniset tiedot<\/h2>\n<ul>\n<li style=\"list-style-type: none;\">\n<ul>\n<li><strong>Kansi<\/strong>: 7-kerroksinen vaahtera<\/li>\n<li><strong>Kannen koko<\/strong>: 6.5\u2033 x 26\u2033 (16.5 x 66 cm)<\/li>\n<li><strong>Akselit<\/strong>: iskukuormatrukit, joissa on pehme\u00e4t ohjauskumit (85a).<\/li>\n<li><strong>Py\u00f6r\u00e4t<\/strong>: 85a -50mm.<\/li>\n<li><strong>Kuulalaakeri<\/strong>: Impact Skategear ABEC 7<\/li>\n<li><strong>EU-standardi:<\/strong> t\u00e4ytt\u00e4\u00e4 EN71-1,2,3 | CE<\/li>\n<\/ul>\n<\/li>\n<\/ul>\n<h3>Kenelle t\u00e4m\u00e4 taulu sopii?<\/h3>\n<p>T\u00e4m\u00e4 lauta sopii alle 5-vuotiaille lapsille, joiden pituus on enint\u00e4\u00e4n noin 100 cm ja keng\u00e4nkoko enint\u00e4\u00e4n noin 30 cm.<\/p>\n<h3>Turvallinen ja harkittu oppiminen<\/h3>\n<p>Pehme\u00e4n ohjausk\u00e4ytt\u00e4ytymisen ansiosta akselit reagoivat pieniinkin painonsiirtoihin. Pehme\u00e4t py\u00f6r\u00e4t takaavat tasaisen ja turvallisen vierimisen my\u00f6s ep\u00e4tasaisilla pinnoilla. T\u00e4m\u00e4 tarkoittaa, ett\u00e4 lapset ovat aina hallinnassa ja kehitt\u00e4v\u00e4t nopeasti luottamusta kykyihins\u00e4.  <\/p>\n<h3>Little Boards: Oikeat Skateboards oikeille lapsille.<\/h3>\n<p>Toisin kuin lelukauppojen lelurullalaudat, Little Boards tarjoaa aitoa rullalautalaatua &#8211; pienemm\u00e4ss\u00e4 mittakaavassa mutta ammattimaisesti valmistettuna. T\u00e4ydellinen ensimm\u00e4isiin rullausyrityksiin, turvalliseen oppimiseen ja pitk\u00e4aikaiseen rullaluisteluharrastukseen. <\/p>\n<h4>L\u00f6yd\u00e4t lis\u00e4tietoja oikeasta rullalaudan koosta lasten rullalaudan koko-oppaasta.<\/h4>\n[\/vc_column_text][nectar_cta btn_style=&#8221;arrow-animation&#8221; heading_tag=&#8221;p&#8221; button_color=&#8221;default&#8221; text_color_hover=&#8221;#4ca7ed&#8221; button_border_color=&#8221;#000000&#8243; button_border_color_hover=&#8221;#4ca7ed&#8221; button_border_thickness=&#8221;1px&#8221; link_type=&#8221;regular&#8221; alignment=&#8221;left&#8221; alignment_tablet=&#8221;default&#8221; alignment_phone=&#8221;default&#8221; constrain_group_3=&#8221;yes&#8221; constrain_group_4=&#8221;yes&#8221; display=&#8221;block&#8221; display_tablet=&#8221;inherit&#8221; display_phone=&#8221;inherit&#8221; link_text=&#8221;Koko-oppaaseen&#8221; url=&#8221;https:\/\/little-boards.com\/fi\/neuvonantaja\/die-richtige-skateboard-groesse-fuer-kinder-finden-little-boards\/&#8221; padding_top=&#8221;10&#8243; padding_bottom=&#8221;10&#8243; padding_left=&#8221;20&#8243; padding_right=&#8221;20&#8243; font_size_desktop=&#8221;16&#8243; font_size_tablet=&#8221;16&#8243; font_size_phone=&#8221;16&#8243; aria_label_text=&#8221;Gr\u00f6\u00dfen Guide&#8221;][\/vc_column][\/vc_row][vc_row type=&#8221;in_container&#8221; full_screen_row_position=&#8221;middle&#8221; column_margin=&#8221;default&#8221; column_direction=&#8221;default&#8221; column_direction_tablet=&#8221;default&#8221; column_direction_phone=&#8221;default&#8221; scene_position=&#8221;center&#8221; text_color=&#8221;dark&#8221; text_align=&#8221;left&#8221; row_border_radius=&#8221;none&#8221; row_border_radius_applies=&#8221;bg&#8221; overflow=&#8221;visible&#8221; overlay_strength=&#8221;0.3&#8243; gradient_direction=&#8221;left_to_right&#8221; shape_divider_position=&#8221;bottom&#8221; bg_image_animation=&#8221;none&#8221;][vc_column column_padding=&#8221;no-extra-padding&#8221; column_padding_tablet=&#8221;inherit&#8221; column_padding_phone=&#8221;inherit&#8221; column_padding_position=&#8221;all&#8221; column_element_direction_desktop=&#8221;default&#8221; column_element_spacing=&#8221;default&#8221; desktop_text_alignment=&#8221;default&#8221; tablet_text_alignment=&#8221;default&#8221; phone_text_alignment=&#8221;default&#8221; background_color_opacity=&#8221;1&#8243; background_hover_color_opacity=&#8221;1&#8243; column_backdrop_filter=&#8221;none&#8221; column_shadow=&#8221;none&#8221; column_border_radius=&#8221;none&#8221; column_link_target=&#8221;_self&#8221; column_position=&#8221;default&#8221; gradient_direction=&#8221;left_to_right&#8221; overlay_strength=&#8221;0.3&#8243; width=&#8221;1\/1&#8243; tablet_width_inherit=&#8221;default&#8221; animation_type=&#8221;default&#8221; bg_image_animation=&#8221;none&#8221; border_type=&#8221;simple&#8221; column_border_width=&#8221;none&#8221; column_border_style=&#8221;solid&#8221;][divider line_type=&#8221;No Line&#8221; custom_height=&#8221;10&#8243; custom_height_tablet=&#8221;10&#8243; custom_height_phone=&#8221;10&#8243;][toggles style=&#8221;default&#8221; border_radius=&#8221;none&#8221;][toggle color=&#8221;Default&#8221; heading_tag=&#8221;default&#8221; heading_tag_functionality=&#8221;default&#8221; title=&#8221;Valmistajan tiedot&#8221;][vc_column_text css=&#8221;&#8221; text_direction=&#8221;default&#8221;]\n\t\n\t<div class=\"manufacturer wc-gzd-additional-info\">\n\t\t<p class=\"wc-gzd-manufacturer-address\">Little Boards<\/p>\t<\/div>\n[\/vc_column_text][vc_column_text][\/vc_column_text][\/toggle][toggle color=&#8221;Default&#8221; heading_tag=&#8221;default&#8221; heading_tag_functionality=&#8221;default&#8221; title=&#8221;Turvallisuusm\u00e4\u00e4r\u00e4ykset&#8221;][vc_column_text css=&#8221;&#8221; text_direction=&#8221;default&#8221;]\n\t\n\t<div class=\"safety-instructions wc-gzd-additional-info\">\n\t\t<p><strong>Varoitus:<\/strong> ei sovellu alle 3-vuotiaille lapsille.<\/p>\n\t<\/div>\n\n\n[\/vc_column_text][\/toggle][\/toggles][\/vc_column][\/vc_row]\n","protected":false},"excerpt":{"rendered":"<p>[vc_row type=&#8221;in_container&#8221; full_screen_row_position=&#8221;middle&#8221; column_margin=&#8221;default&#8221; column_direction=&#8221;default&#8221; column_direction_tablet=&#8221;default&#8221; column_direction_phone=&#8221;default&#8221; scene_position=&#8221;center&#8221; text_color=&#8221;dark&#8221; text_align=&#8221;left&#8221; row_border_radius=&#8221;none&#8221; row_border_radius_applies=&#8221;bg&#8221; overflow=&#8221;visible&#8221; overlay_strength=&#8221;0.3&#8243; gradient_direction=&#8221;left_to_right&#8221; shape_divider_position=&#8221;bottom&#8221; bg_image_animation=&#8221;none&#8221; gradient_type=&#8221;default&#8221; shape_type=&#8221;&#8221;][vc_column column_padding=&#8221;no-extra-padding&#8221; column_padding_tablet=&#8221;inherit&#8221; column_padding_phone=&#8221;inherit&#8221; column_padding_position=&#8221;all&#8221; column_element_direction_desktop=&#8221;default&#8221; column_element_spacing=&#8221;default&#8221; desktop_text_alignment=&#8221;default&#8221; tablet_text_alignment=&#8221;default&#8221; phone_text_alignment=&#8221;default&#8221; background_color_opacity=&#8221;1&#8243; background_hover_color_opacity=&#8221;1&#8243;&#8230;<\/p>\n","protected":false},"featured_media":8382,"template":"","meta":{"inline_featured_image":false},"product_brand":[],"product_cat":[120],"product_tag":[216],"class_list":{"0":"post-2655","1":"product","2":"type-product","3":"status-publish","4":"has-post-thumbnail","6":"product_cat-rullalauta-3-5-vuotta","7":"product_tag-skateboard-fi","9":"first","10":"instock","11":"taxable","12":"shipping-taxable","13":"purchasable","14":"product-type-simple"},"yoast_head":"<!-- This site is optimized with the Yoast SEO plugin v27.4 - https:\/\/yoast.com\/product\/yoast-seo-wordpress\/ -->\n<title>Skateboard lapsille - Little Boards &quot;Balloons&quot;, 6.5 tuumaa, 3-5 vuotta<\/title>\n<meta name=\"description\" content=\"Little Boards &quot;Balloons&quot; - lasten rullalauta 6,5 tuumaa, ihanteellinen 3-5-vuotiaille lapsille. Turvallinen, kevyt ja t\u00e4ydellinen ensimm\u00e4isiin ajoyrityksiin.\" \/>\n<meta name=\"robots\" content=\"index, follow, max-snippet:-1, max-image-preview:large, max-video-preview:-1\" \/>\n<link rel=\"canonical\" href=\"https:\/\/little-boards.com\/fi\/shop\/skateboard-fuer-kinder-little-boards-balloons-6-5-zoll-mini-anfaenger-3-5-jahre\/\" \/>\n<meta property=\"og:locale\" content=\"fi_FI\" \/>\n<meta property=\"og:type\" content=\"article\" \/>\n<meta property=\"og:title\" content=\"Skateboard lapsille - Little Boards &quot;Balloons&quot;, 6.5 tuumaa, 3-5 vuotta\" \/>\n<meta property=\"og:description\" content=\"Little Boards &quot;Balloons&quot; - lasten rullalauta 6,5 tuumaa, ihanteellinen 3-5-vuotiaille lapsille. Turvallinen, kevyt ja t\u00e4ydellinen ensimm\u00e4isiin ajoyrityksiin.\" \/>\n<meta property=\"og:url\" content=\"https:\/\/little-boards.com\/fi\/shop\/skateboard-fuer-kinder-little-boards-balloons-6-5-zoll-mini-anfaenger-3-5-jahre\/\" \/>\n<meta property=\"og:site_name\" content=\"Little Boards Skateboards\" \/>\n<meta property=\"article:modified_time\" content=\"2025-09-18T20:05:54+00:00\" \/>\n<meta property=\"og:image\" content=\"https:\/\/little-boards.com\/wp-content\/uploads\/2025\/07\/1209760_Product.jpg\" \/>\n\t<meta property=\"og:image:width\" content=\"1000\" \/>\n\t<meta property=\"og:image:height\" content=\"1300\" \/>\n\t<meta property=\"og:image:type\" content=\"image\/jpeg\" \/>\n<meta name=\"twitter:card\" content=\"summary_large_image\" \/>\n<meta name=\"twitter:label1\" content=\"Arvioitu lukuaika\" \/>\n\t<meta name=\"twitter:data1\" content=\"6 minuuttia\" \/>\n<script type=\"application\/ld+json\" class=\"yoast-schema-graph\">{\"@context\":\"https:\\\/\\\/schema.org\",\"@graph\":[{\"@type\":\"WebPage\",\"@id\":\"https:\\\/\\\/little-boards.com\\\/fi\\\/shop\\\/skateboard-fuer-kinder-little-boards-balloons-6-5-zoll-mini-anfaenger-3-5-jahre\\\/\",\"url\":\"https:\\\/\\\/little-boards.com\\\/fi\\\/shop\\\/skateboard-fuer-kinder-little-boards-balloons-6-5-zoll-mini-anfaenger-3-5-jahre\\\/\",\"name\":\"Skateboard lapsille - Little Boards \\\"Balloons\\\", 6.5 tuumaa, 3-5 vuotta\",\"isPartOf\":{\"@id\":\"https:\\\/\\\/little-boards.com\\\/fi\\\/#website\"},\"primaryImageOfPage\":{\"@id\":\"https:\\\/\\\/little-boards.com\\\/fi\\\/shop\\\/skateboard-fuer-kinder-little-boards-balloons-6-5-zoll-mini-anfaenger-3-5-jahre\\\/#primaryimage\"},\"image\":{\"@id\":\"https:\\\/\\\/little-boards.com\\\/fi\\\/shop\\\/skateboard-fuer-kinder-little-boards-balloons-6-5-zoll-mini-anfaenger-3-5-jahre\\\/#primaryimage\"},\"thumbnailUrl\":\"https:\\\/\\\/little-boards.com\\\/wp-content\\\/uploads\\\/2026\\\/03\\\/6082632_Product.png\",\"datePublished\":\"2025-05-30T12:42:51+00:00\",\"dateModified\":\"2025-09-18T20:05:54+00:00\",\"description\":\"Little Boards \\\"Balloons\\\" - lasten rullalauta 6,5 tuumaa, ihanteellinen 3-5-vuotiaille lapsille. Turvallinen, kevyt ja t\u00e4ydellinen ensimm\u00e4isiin ajoyrityksiin.\",\"breadcrumb\":{\"@id\":\"https:\\\/\\\/little-boards.com\\\/fi\\\/shop\\\/skateboard-fuer-kinder-little-boards-balloons-6-5-zoll-mini-anfaenger-3-5-jahre\\\/#breadcrumb\"},\"inLanguage\":\"fi\",\"potentialAction\":[{\"@type\":\"ReadAction\",\"target\":[\"https:\\\/\\\/little-boards.com\\\/fi\\\/shop\\\/skateboard-fuer-kinder-little-boards-balloons-6-5-zoll-mini-anfaenger-3-5-jahre\\\/\"]}]},{\"@type\":\"ImageObject\",\"inLanguage\":\"fi\",\"@id\":\"https:\\\/\\\/little-boards.com\\\/fi\\\/shop\\\/skateboard-fuer-kinder-little-boards-balloons-6-5-zoll-mini-anfaenger-3-5-jahre\\\/#primaryimage\",\"url\":\"https:\\\/\\\/little-boards.com\\\/wp-content\\\/uploads\\\/2026\\\/03\\\/6082632_Product.png\",\"contentUrl\":\"https:\\\/\\\/little-boards.com\\\/wp-content\\\/uploads\\\/2026\\\/03\\\/6082632_Product.png\",\"width\":1500,\"height\":2000,\"caption\":\"Kinder-Skateboard-Little-Boards-Ballon-65-01.png\"},{\"@type\":\"BreadcrumbList\",\"@id\":\"https:\\\/\\\/little-boards.com\\\/fi\\\/shop\\\/skateboard-fuer-kinder-little-boards-balloons-6-5-zoll-mini-anfaenger-3-5-jahre\\\/#breadcrumb\",\"itemListElement\":[{\"@type\":\"ListItem\",\"position\":1,\"name\":\"Etusivu\",\"item\":\"https:\\\/\\\/little-boards.com\\\/fi\\\/skateboard-fuer-kinder-little-boards-anfaenger-3-11-jahre\\\/\"},{\"@type\":\"ListItem\",\"position\":2,\"name\":\"Kauppa\",\"item\":\"https:\\\/\\\/little-boards.com\\\/fi\\\/kauppa\\\/\"},{\"@type\":\"ListItem\",\"position\":3,\"name\":\"Ilmapallot &#8211; Lasten rullalauta 6.5&#8243;\"}]},{\"@type\":\"WebSite\",\"@id\":\"https:\\\/\\\/little-boards.com\\\/fi\\\/#website\",\"url\":\"https:\\\/\\\/little-boards.com\\\/fi\\\/\",\"name\":\"Little Boards Skateboards\",\"description\":\"real boards for real kids\",\"publisher\":{\"@id\":\"https:\\\/\\\/little-boards.com\\\/fi\\\/#organization\"},\"alternateName\":\"Kinder-Skateboards\",\"potentialAction\":[{\"@type\":\"SearchAction\",\"target\":{\"@type\":\"EntryPoint\",\"urlTemplate\":\"https:\\\/\\\/little-boards.com\\\/fi\\\/?s={search_term_string}\"},\"query-input\":{\"@type\":\"PropertyValueSpecification\",\"valueRequired\":true,\"valueName\":\"search_term_string\"}}],\"inLanguage\":\"fi\"},{\"@type\":\"Organization\",\"@id\":\"https:\\\/\\\/little-boards.com\\\/fi\\\/#organization\",\"name\":\"Little Boards Skateboards\",\"url\":\"https:\\\/\\\/little-boards.com\\\/fi\\\/\",\"logo\":{\"@type\":\"ImageObject\",\"inLanguage\":\"fi\",\"@id\":\"https:\\\/\\\/little-boards.com\\\/fi\\\/#\\\/schema\\\/logo\\\/image\\\/\",\"url\":\"https:\\\/\\\/little-boards.com\\\/wp-content\\\/uploads\\\/2025\\\/05\\\/LB-Bubble-Logo-003.svg\",\"contentUrl\":\"https:\\\/\\\/little-boards.com\\\/wp-content\\\/uploads\\\/2025\\\/05\\\/LB-Bubble-Logo-003.svg\",\"width\":\"1024\",\"height\":\"1024\",\"caption\":\"Little Boards Skateboards\"},\"image\":{\"@id\":\"https:\\\/\\\/little-boards.com\\\/fi\\\/#\\\/schema\\\/logo\\\/image\\\/\"}}]}<\/script>\n<!-- \/ Yoast SEO plugin. -->","yoast_head_json":{"title":"Skateboard lapsille - Little Boards \"Balloons\", 6.5 tuumaa, 3-5 vuotta","description":"Little Boards \"Balloons\" - lasten rullalauta 6,5 tuumaa, ihanteellinen 3-5-vuotiaille lapsille. Turvallinen, kevyt ja t\u00e4ydellinen ensimm\u00e4isiin ajoyrityksiin.","robots":{"index":"index","follow":"follow","max-snippet":"max-snippet:-1","max-image-preview":"max-image-preview:large","max-video-preview":"max-video-preview:-1"},"canonical":"https:\/\/little-boards.com\/fi\/shop\/skateboard-fuer-kinder-little-boards-balloons-6-5-zoll-mini-anfaenger-3-5-jahre\/","og_locale":"fi_FI","og_type":"article","og_title":"Skateboard lapsille - Little Boards \"Balloons\", 6.5 tuumaa, 3-5 vuotta","og_description":"Little Boards \"Balloons\" - lasten rullalauta 6,5 tuumaa, ihanteellinen 3-5-vuotiaille lapsille. Turvallinen, kevyt ja t\u00e4ydellinen ensimm\u00e4isiin ajoyrityksiin.","og_url":"https:\/\/little-boards.com\/fi\/shop\/skateboard-fuer-kinder-little-boards-balloons-6-5-zoll-mini-anfaenger-3-5-jahre\/","og_site_name":"Little Boards Skateboards","article_modified_time":"2025-09-18T20:05:54+00:00","og_image":[{"width":1000,"height":1300,"url":"https:\/\/little-boards.com\/wp-content\/uploads\/2025\/07\/1209760_Product.jpg","type":"image\/jpeg"}],"twitter_card":"summary_large_image","twitter_misc":{"Arvioitu lukuaika":"6 minuuttia"},"schema":{"@context":"https:\/\/schema.org","@graph":[{"@type":"WebPage","@id":"https:\/\/little-boards.com\/fi\/shop\/skateboard-fuer-kinder-little-boards-balloons-6-5-zoll-mini-anfaenger-3-5-jahre\/","url":"https:\/\/little-boards.com\/fi\/shop\/skateboard-fuer-kinder-little-boards-balloons-6-5-zoll-mini-anfaenger-3-5-jahre\/","name":"Skateboard lapsille - Little Boards \"Balloons\", 6.5 tuumaa, 3-5 vuotta","isPartOf":{"@id":"https:\/\/little-boards.com\/fi\/#website"},"primaryImageOfPage":{"@id":"https:\/\/little-boards.com\/fi\/shop\/skateboard-fuer-kinder-little-boards-balloons-6-5-zoll-mini-anfaenger-3-5-jahre\/#primaryimage"},"image":{"@id":"https:\/\/little-boards.com\/fi\/shop\/skateboard-fuer-kinder-little-boards-balloons-6-5-zoll-mini-anfaenger-3-5-jahre\/#primaryimage"},"thumbnailUrl":"https:\/\/little-boards.com\/wp-content\/uploads\/2026\/03\/6082632_Product.png","datePublished":"2025-05-30T12:42:51+00:00","dateModified":"2025-09-18T20:05:54+00:00","description":"Little Boards \"Balloons\" - lasten rullalauta 6,5 tuumaa, ihanteellinen 3-5-vuotiaille lapsille. Turvallinen, kevyt ja t\u00e4ydellinen ensimm\u00e4isiin ajoyrityksiin.","breadcrumb":{"@id":"https:\/\/little-boards.com\/fi\/shop\/skateboard-fuer-kinder-little-boards-balloons-6-5-zoll-mini-anfaenger-3-5-jahre\/#breadcrumb"},"inLanguage":"fi","potentialAction":[{"@type":"ReadAction","target":["https:\/\/little-boards.com\/fi\/shop\/skateboard-fuer-kinder-little-boards-balloons-6-5-zoll-mini-anfaenger-3-5-jahre\/"]}]},{"@type":"ImageObject","inLanguage":"fi","@id":"https:\/\/little-boards.com\/fi\/shop\/skateboard-fuer-kinder-little-boards-balloons-6-5-zoll-mini-anfaenger-3-5-jahre\/#primaryimage","url":"https:\/\/little-boards.com\/wp-content\/uploads\/2026\/03\/6082632_Product.png","contentUrl":"https:\/\/little-boards.com\/wp-content\/uploads\/2026\/03\/6082632_Product.png","width":1500,"height":2000,"caption":"Kinder-Skateboard-Little-Boards-Ballon-65-01.png"},{"@type":"BreadcrumbList","@id":"https:\/\/little-boards.com\/fi\/shop\/skateboard-fuer-kinder-little-boards-balloons-6-5-zoll-mini-anfaenger-3-5-jahre\/#breadcrumb","itemListElement":[{"@type":"ListItem","position":1,"name":"Etusivu","item":"https:\/\/little-boards.com\/fi\/skateboard-fuer-kinder-little-boards-anfaenger-3-11-jahre\/"},{"@type":"ListItem","position":2,"name":"Kauppa","item":"https:\/\/little-boards.com\/fi\/kauppa\/"},{"@type":"ListItem","position":3,"name":"Ilmapallot &#8211; Lasten rullalauta 6.5&#8243;"}]},{"@type":"WebSite","@id":"https:\/\/little-boards.com\/fi\/#website","url":"https:\/\/little-boards.com\/fi\/","name":"Little Boards Skateboards","description":"real boards for real kids","publisher":{"@id":"https:\/\/little-boards.com\/fi\/#organization"},"alternateName":"Kinder-Skateboards","potentialAction":[{"@type":"SearchAction","target":{"@type":"EntryPoint","urlTemplate":"https:\/\/little-boards.com\/fi\/?s={search_term_string}"},"query-input":{"@type":"PropertyValueSpecification","valueRequired":true,"valueName":"search_term_string"}}],"inLanguage":"fi"},{"@type":"Organization","@id":"https:\/\/little-boards.com\/fi\/#organization","name":"Little Boards Skateboards","url":"https:\/\/little-boards.com\/fi\/","logo":{"@type":"ImageObject","inLanguage":"fi","@id":"https:\/\/little-boards.com\/fi\/#\/schema\/logo\/image\/","url":"https:\/\/little-boards.com\/wp-content\/uploads\/2025\/05\/LB-Bubble-Logo-003.svg","contentUrl":"https:\/\/little-boards.com\/wp-content\/uploads\/2025\/05\/LB-Bubble-Logo-003.svg","width":"1024","height":"1024","caption":"Little Boards Skateboards"},"image":{"@id":"https:\/\/little-boards.com\/fi\/#\/schema\/logo\/image\/"}}]}},"_links":{"self":[{"href":"https:\/\/little-boards.com\/fi\/wp-json\/wp\/v2\/product\/2655","targetHints":{"allow":["GET"]}}],"collection":[{"href":"https:\/\/little-boards.com\/fi\/wp-json\/wp\/v2\/product"}],"about":[{"href":"https:\/\/little-boards.com\/fi\/wp-json\/wp\/v2\/types\/product"}],"wp:featuredmedia":[{"embeddable":true,"href":"https:\/\/little-boards.com\/fi\/wp-json\/wp\/v2\/media\/8382"}],"wp:attachment":[{"href":"https:\/\/little-boards.com\/fi\/wp-json\/wp\/v2\/media?parent=2655"}],"wp:term":[{"taxonomy":"product_brand","embeddable":true,"href":"https:\/\/little-boards.com\/fi\/wp-json\/wp\/v2\/product_brand?post=2655"},{"taxonomy":"product_cat","embeddable":true,"href":"https:\/\/little-boards.com\/fi\/wp-json\/wp\/v2\/product_cat?post=2655"},{"taxonomy":"product_tag","embeddable":true,"href":"https:\/\/little-boards.com\/fi\/wp-json\/wp\/v2\/product_tag?post=2655"}],"curies":[{"name":"wp","href":"https:\/\/api.w.org\/{rel}","templated":true}]}}