

{"id":2551,"date":"2024-03-13T17:09:48","date_gmt":"2024-03-13T16:09:48","guid":{"rendered":"https:\/\/little-boards.com\/peruutusehdot\/"},"modified":"2025-10-08T20:47:32","modified_gmt":"2025-10-08T18:47:32","slug":"widerrufsbelehrung","status":"publish","type":"page","link":"https:\/\/little-boards.com\/fi\/widerrufsbelehrung\/","title":{"rendered":"Peruutusehdot"},"content":{"rendered":"[vc_row type=&#8221;full_width_background&#8221; full_screen_row_position=&#8221;middle&#8221; column_margin=&#8221;default&#8221; column_direction=&#8221;default&#8221; column_direction_tablet=&#8221;default&#8221; column_direction_phone=&#8221;default&#8221; scene_position=&#8221;center&#8221; top_padding=&#8221;12%&#8221; bottom_padding=&#8221;5%&#8221; text_color=&#8221;dark&#8221; text_align=&#8221;left&#8221; row_border_radius=&#8221;none&#8221; row_border_radius_applies=&#8221;bg&#8221; overflow=&#8221;visible&#8221; class=&#8221;oe-legalpage&#8221; overlay_strength=&#8221;0.3&#8243; gradient_direction=&#8221;left_to_right&#8221; shape_divider_position=&#8221;bottom&#8221; bg_image_animation=&#8221;none&#8221; gradient_type=&#8221;default&#8221; shape_type=&#8221;&#8221;][vc_column column_padding=&#8221;no-extra-padding&#8221; column_padding_tablet=&#8221;inherit&#8221; column_padding_phone=&#8221;inherit&#8221; column_padding_position=&#8221;all&#8221; column_element_direction_desktop=&#8221;default&#8221; column_element_spacing=&#8221;default&#8221; desktop_text_alignment=&#8221;default&#8221; tablet_text_alignment=&#8221;default&#8221; phone_text_alignment=&#8221;default&#8221; background_color_opacity=&#8221;1&#8243; background_hover_color_opacity=&#8221;1&#8243; column_backdrop_filter=&#8221;none&#8221; column_shadow=&#8221;none&#8221; column_border_radius=&#8221;none&#8221; column_link_target=&#8221;_self&#8221; column_position=&#8221;default&#8221; gradient_direction=&#8221;left_to_right&#8221; overlay_strength=&#8221;0.3&#8243; width=&#8221;1\/1&#8243; tablet_width_inherit=&#8221;default&#8221; animation_type=&#8221;default&#8221; bg_image_animation=&#8221;none&#8221; border_type=&#8221;simple&#8221; column_border_width=&#8221;none&#8221; column_border_style=&#8221;solid&#8221;][nectar_responsive_text inherited_font_style=&#8221;default&#8221; text_direction=&#8221;default&#8221;]\n<h1><strong>Kuluttajan peruuttamisoikeus<\/strong><\/h1>\n[\/nectar_responsive_text][vc_column_text css=&#8221;&#8221; text_direction=&#8221;default&#8221;](Kuluttajalla tarkoitetaan luonnollista henkil\u00f6\u00e4, joka tekee oikeustoimen p\u00e4\u00e4asiassa elinkeinon-, liikkeen- tai ammatinharjoittamisen ulkopuolisia tarkoituksia varten).<\/p>\n<h2><strong>Peruutusehdot<\/strong><\/h2>\n<p><strong>Peruuttamisoikeus<\/strong><br \/>Sinulla on oikeus peruuttaa t\u00e4m\u00e4 sopimus kuukauden kuluessa syyt\u00e4 ilmoittamatta.<br \/>Peruuttamisaika on yksi kuukausi alkaen siit\u00e4 p\u00e4iv\u00e4st\u00e4,<\/p>\n<p>&#8211; jolloin sin\u00e4 tai nime\u00e4m\u00e4si kolmas osapuoli, joka ei ole rahdinkuljettaja, on ottanut tai on ottanut tavarat haltuunsa, edellytt\u00e4en, ett\u00e4 olet tilannut yhden tai useamman tavaran osana yht\u00e4 tilausta ja ett\u00e4 ne toimitetaan tai tullaan toimittamaan yhten\u00e4isesti;<\/p>\n<p>&#8211; jolloin sin\u00e4 tai nime\u00e4m\u00e4si kolmas osapuoli, joka ei ole rahdinkuljettaja, on ottanut haltuunsa viimeiset tavarat, edellytt\u00e4en, ett\u00e4 olet tilannut useita tavaroita osana yht\u00e4 tilausta ja ett\u00e4 ne toimitetaan erikseen;<\/p>\n<p>&#8211; jolloin sin\u00e4 tai sinun nime\u00e4m\u00e4si kolmas osapuoli, joka ei ole rahdinkuljettaja, on ottanut haltuunsa viimeisen osittaisl\u00e4hetyksen tai viimeisen kappaleen, jos olet tilannut tavaroita, jotka toimitetaan useina osittaisl\u00e4hetyksin\u00e4 tai kappaleina;<\/p>\n<p>K\u00e4ytt\u00e4\u00e4ksesi peruuttamisoikeuttasi sinun on ilmoitettava meille <strong>(Little Boards, Havoc Distribution GmbH, Bl\u00fccherstra\u00dfe 36, 10961 Berlin, Puhelinnro: +49 3043201799, S\u00e4hk\u00f6postiosoite: hello@little-boards.com)<\/strong> yksiselitteisell\u00e4 ilmoituksella (esim. postitse l\u00e4hetetty kirje tai s\u00e4hk\u00f6posti) p\u00e4\u00e4t\u00f6ksest\u00e4si peruuttaa t\u00e4m\u00e4 sopimus. Voit k\u00e4ytt\u00e4\u00e4 liitteen\u00e4 olevaa peruuttamislomaketta, mutta se ei ole pakollinen. <\/p>\n<p>Peruutusajan noudattamiseksi riitt\u00e4\u00e4, ett\u00e4 l\u00e4het\u00e4t ilmoituksen peruutusoikeuden k\u00e4ytt\u00e4misest\u00e4 ennen peruutusajan p\u00e4\u00e4ttymist\u00e4.<\/p>\n<p><strong>Peruuttamisen seuraukset<\/strong><\/p>\n<p>Jos peruutat t\u00e4m\u00e4n sopimuksen, palautamme sinulle kaikki sinulta saamasi maksut, mukaan lukien toimituskustannukset (lukuun ottamatta lis\u00e4kustannuksia, jotka johtuvat siit\u00e4, ett\u00e4 olet valinnut muun toimitustyypin kuin edullisimman tarjoamamme vakiotoimitustyypin), ilman aiheetonta viivytyst\u00e4 ja joka tapauksessa viimeist\u00e4\u00e4n 14 p\u00e4iv\u00e4n kuluessa siit\u00e4 p\u00e4iv\u00e4st\u00e4, jona saamme tiedon p\u00e4\u00e4t\u00f6ksest\u00e4si peruuttaa t\u00e4m\u00e4 sopimus. T\u00e4ss\u00e4 takaisinmaksussa k\u00e4yt\u00e4mme samaa maksuv\u00e4linett\u00e4, jota k\u00e4ytit alkuper\u00e4isess\u00e4 kaupassa, ellei kanssasi ole nimenomaisesti toisin sovittu; sinulta ei miss\u00e4\u00e4n tapauksessa perit\u00e4 mit\u00e4\u00e4n maksuja t\u00e4st\u00e4 takaisinmaksusta. <\/p>\n<p>Voimme kielt\u00e4yty\u00e4 maksamasta sinulle hyvityst\u00e4 ennen kuin olemme vastaanottaneet tavarat takaisin tai ennen kuin olet toimittanut todisteen siit\u00e4, ett\u00e4 olet palauttanut tavarat, riippuen siit\u00e4, kumpi on aikaisempi ajankohta.<\/p>\n<p>Sinun on palautettava tai luovutettava tavarat meille v\u00e4litt\u00f6m\u00e4sti ja joka tapauksessa viimeist\u00e4\u00e4n 14 p\u00e4iv\u00e4n kuluessa siit\u00e4 p\u00e4iv\u00e4st\u00e4, jona ilmoitat meille t\u00e4m\u00e4n sopimuksen peruuttamisesta. M\u00e4\u00e4r\u00e4aikaa noudatetaan, jos l\u00e4het\u00e4t tavarat ennen 14 p\u00e4iv\u00e4n m\u00e4\u00e4r\u00e4ajan p\u00e4\u00e4ttymist\u00e4. <\/p>\n<p>Sin\u00e4 vastaat pakettipostina l\u00e4hetett\u00e4vien tavaroiden palauttamisesta aiheutuvista v\u00e4litt\u00f6mist\u00e4 kustannuksista ja sellaisten tavaroiden palauttamisesta aiheutuvista v\u00e4litt\u00f6mist\u00e4 kustannuksista, joita ei voida l\u00e4hett\u00e4\u00e4 pakettipostina. Kustannukset tavaroista, joita ei voi l\u00e4hett\u00e4\u00e4 pakettipostina, ovat arviolta enint\u00e4\u00e4n noin 25 euroa. <\/p>\n<p>Sinun on maksettava tavaran arvon alenemisesta vain, jos arvon aleneminen johtuu tavaran k\u00e4sittelyst\u00e4, joka ei ole v\u00e4ltt\u00e4m\u00e4t\u00f6nt\u00e4 tavaran kunnon, ominaisuuksien ja toimivuuden tarkistamiseksi.<\/p>\n<p><strong>Poissulkemisen tai peruuttamisen syyt<\/strong><\/p>\n<p>Peruuttamisoikeutta ei sovelleta sopimuksiin, jotka koskevat<\/p>\n<p>&#8211; sellaisten tavaroiden toimitukseen, joita ei ole valmistettu etuk\u00e4teen ja joiden valmistuksessa kuluttajan yksil\u00f6llinen valinta tai m\u00e4\u00e4ritys on ratkaiseva tai jotka on selv\u00e4sti r\u00e4\u00e4t\u00e4l\u00f6ity kuluttajan henkil\u00f6kohtaisiin tarpeisiin;<br \/>&#8211; sellaisten tavaroiden toimitukseen, jotka voivat pilaantua nopeasti tai joiden viimeinen k\u00e4ytt\u00f6p\u00e4iv\u00e4 ylittyisi nopeasti;<br \/>&#8211; sellaisten alkoholijuomien toimitukseen, joiden hinta on sovittu sopimuksen tekohetkell\u00e4, mutta jotka voidaan toimittaa aikaisintaan 30 p\u00e4iv\u00e4n kuluttua sopimuksen teosta ja joiden nykyinen arvo riippuu markkinoiden vaihteluista, joihin yritt\u00e4j\u00e4ll\u00e4 ei ole vaikutusvaltaa;<br \/>&#8211; sanoma-, aikakaus- tai kuvajulkaisujen toimitukseen lukuun ottamatta tilaussopimuksia.<\/p>\n<p>Peruuttamisoikeus p\u00e4\u00e4ttyy ennenaikaisesti sopimusten osalta.<\/p>\n<p>&#8211; sinet\u00f6ityjen tavaroiden toimitukseen, jotka eiv\u00e4t sovellu palautettaviksi terveyssuojelu- tai hygieniasyist\u00e4, jos niiden sinetti on poistettu toimituksen j\u00e4lkeen;<br \/>&#8211; tavaroiden toimitukseen, jos ne on toimituksen j\u00e4lkeen sekoitettu luonteensa vuoksi erottamattomasti muihin tavaroihin;<br \/>&#8211; \u00e4\u00e4ni- tai kuvatallenteiden tai tietokoneohjelmistojen toimitukseen sinet\u00f6idyss\u00e4 pakkauksessa, jos sinetti on poistettu toimituksen j\u00e4lkeen.<\/p>\n<hr>\n<h3><strong>N\u00e4yte peruutuslomakkeesta<\/strong><\/h3>\n<p>(Jos haluat peruuttaa sopimuksen, t\u00e4yt\u00e4 ja palauta t\u00e4m\u00e4 lomake).<\/p>\n<p>&#8211; Little Boards, Havoc Distribution GmbH, Bl\u00fccherstra\u00dfe 36, 10961 Berliini, s\u00e4hk\u00f6postiosoite: mail@little-boards.com :<\/p>\n<p>&#8211; Peruutan\/peruutamme (*) t\u00e4ten minun\/meid\u00e4n (*) tekem\u00e4n sopimuksen seuraavien tavaroiden ostosta (*)\/<br \/>seuraavan palvelun suorittamisesta (*)<\/p>\n<p>&#8211; Tilattu (*)\/ vastaanotettu (*)<\/p>\n<p>&#8211; Kuluttajan\/kuluttajien nimi<br \/>&#8211; Kuluttajan\/kuluttajien osoite<br \/>&#8211; Kuluttajan\/kuluttajien allekirjoitus (vain paperilla teht\u00e4v\u00e4ss\u00e4 ilmoituksessa)<br \/>&#8211; P\u00e4iv\u00e4m\u00e4\u00e4r\u00e4<\/p>\n<p>(*) Tarpeeton yliviivataan.[\/vc_column_text][\/vc_column][\/vc_row]\n","protected":false},"excerpt":{"rendered":"<p>[vc_row type=&#8221;full_width_background&#8221; full_screen_row_position=&#8221;middle&#8221; column_margin=&#8221;default&#8221; column_direction=&#8221;default&#8221; column_direction_tablet=&#8221;default&#8221; column_direction_phone=&#8221;default&#8221; scene_position=&#8221;center&#8221; top_padding=&#8221;12%&#8221; bottom_padding=&#8221;5%&#8221; text_color=&#8221;dark&#8221; text_align=&#8221;left&#8221; row_border_radius=&#8221;none&#8221; row_border_radius_applies=&#8221;bg&#8221; overflow=&#8221;visible&#8221; class=&#8221;oe-legalpage&#8221; overlay_strength=&#8221;0.3&#8243; gradient_direction=&#8221;left_to_right&#8221; shape_divider_position=&#8221;bottom&#8221; bg_image_animation=&#8221;none&#8221; gradient_type=&#8221;default&#8221; shape_type=&#8221;&#8221;][vc_column column_padding=&#8221;no-extra-padding&#8221; column_padding_tablet=&#8221;inherit&#8221; column_padding_phone=&#8221;inherit&#8221; column_padding_position=&#8221;all&#8221; column_element_direction_desktop=&#8221;default&#8221; column_element_spacing=&#8221;default&#8221; desktop_text_alignment=&#8221;default&#8221; tablet_text_alignment=&#8221;default&#8221;&#8230;<\/p>\n","protected":false},"author":1,"featured_media":0,"parent":0,"menu_order":0,"comment_status":"closed","ping_status":"closed","template":"","meta":{"inline_featured_image":false,"footnotes":""},"class_list":["post-2551","page","type-page","status-publish"],"yoast_head":"<!-- This site is optimized with the Yoast SEO plugin v27.4 - https:\/\/yoast.com\/product\/yoast-seo-wordpress\/ -->\n<title>Peruutusehdot - Little Boards Skateboards<\/title>\n<meta name=\"robots\" content=\"index, follow, max-snippet:-1, max-image-preview:large, max-video-preview:-1\" \/>\n<link rel=\"canonical\" href=\"https:\/\/little-boards.com\/fi\/widerrufsbelehrung\/\" \/>\n<meta property=\"og:locale\" content=\"fi_FI\" \/>\n<meta property=\"og:type\" content=\"article\" \/>\n<meta property=\"og:title\" content=\"Peruutusehdot - Little Boards Skateboards\" \/>\n<meta property=\"og:description\" content=\"[vc_row type=&#8221;full_width_background&#8221; full_screen_row_position=&#8221;middle&#8221; column_margin=&#8221;default&#8221; column_direction=&#8221;default&#8221; column_direction_tablet=&#8221;default&#8221; column_direction_phone=&#8221;default&#8221; scene_position=&#8221;center&#8221; top_padding=&#8221;12%&#8221; bottom_padding=&#8221;5%&#8221; text_color=&#8221;dark&#8221; text_align=&#8221;left&#8221; row_border_radius=&#8221;none&#8221; row_border_radius_applies=&#8221;bg&#8221; overflow=&#8221;visible&#8221; class=&#8221;oe-legalpage&#8221; overlay_strength=&#8221;0.3&#8243; gradient_direction=&#8221;left_to_right&#8221; shape_divider_position=&#8221;bottom&#8221; bg_image_animation=&#8221;none&#8221; gradient_type=&#8221;default&#8221; shape_type=&#8221;&#8221;][vc_column column_padding=&#8221;no-extra-padding&#8221; column_padding_tablet=&#8221;inherit&#8221; column_padding_phone=&#8221;inherit&#8221; column_padding_position=&#8221;all&#8221; column_element_direction_desktop=&#8221;default&#8221; column_element_spacing=&#8221;default&#8221; desktop_text_alignment=&#8221;default&#8221; tablet_text_alignment=&#8221;default&#8221;...\" \/>\n<meta property=\"og:url\" content=\"https:\/\/little-boards.com\/fi\/widerrufsbelehrung\/\" \/>\n<meta property=\"og:site_name\" content=\"Little Boards Skateboards\" \/>\n<meta property=\"article:modified_time\" content=\"2025-10-08T18:47:32+00:00\" \/>\n<meta name=\"twitter:card\" content=\"summary_large_image\" \/>\n<meta name=\"twitter:label1\" content=\"Arvioitu lukuaika\" \/>\n\t<meta name=\"twitter:data1\" content=\"4 minuuttia\" \/>\n<script type=\"application\/ld+json\" class=\"yoast-schema-graph\">{\"@context\":\"https:\\\/\\\/schema.org\",\"@graph\":[{\"@type\":\"WebPage\",\"@id\":\"https:\\\/\\\/little-boards.com\\\/fi\\\/widerrufsbelehrung\\\/\",\"url\":\"https:\\\/\\\/little-boards.com\\\/fi\\\/widerrufsbelehrung\\\/\",\"name\":\"Peruutusehdot - Little Boards Skateboards\",\"isPartOf\":{\"@id\":\"https:\\\/\\\/little-boards.com\\\/fi\\\/#website\"},\"datePublished\":\"2024-03-13T16:09:48+00:00\",\"dateModified\":\"2025-10-08T18:47:32+00:00\",\"breadcrumb\":{\"@id\":\"https:\\\/\\\/little-boards.com\\\/fi\\\/widerrufsbelehrung\\\/#breadcrumb\"},\"inLanguage\":\"fi\",\"potentialAction\":[{\"@type\":\"ReadAction\",\"target\":[\"https:\\\/\\\/little-boards.com\\\/fi\\\/widerrufsbelehrung\\\/\"]}]},{\"@type\":\"BreadcrumbList\",\"@id\":\"https:\\\/\\\/little-boards.com\\\/fi\\\/widerrufsbelehrung\\\/#breadcrumb\",\"itemListElement\":[{\"@type\":\"ListItem\",\"position\":1,\"name\":\"Etusivu\",\"item\":\"https:\\\/\\\/little-boards.com\\\/fi\\\/skateboard-fuer-kinder-little-boards-anfaenger-3-11-jahre\\\/\"},{\"@type\":\"ListItem\",\"position\":2,\"name\":\"Peruutusehdot\"}]},{\"@type\":\"WebSite\",\"@id\":\"https:\\\/\\\/little-boards.com\\\/fi\\\/#website\",\"url\":\"https:\\\/\\\/little-boards.com\\\/fi\\\/\",\"name\":\"Little Boards Skateboards\",\"description\":\"real boards for real kids\",\"publisher\":{\"@id\":\"https:\\\/\\\/little-boards.com\\\/fi\\\/#organization\"},\"alternateName\":\"Kinder-Skateboards\",\"potentialAction\":[{\"@type\":\"SearchAction\",\"target\":{\"@type\":\"EntryPoint\",\"urlTemplate\":\"https:\\\/\\\/little-boards.com\\\/fi\\\/?s={search_term_string}\"},\"query-input\":{\"@type\":\"PropertyValueSpecification\",\"valueRequired\":true,\"valueName\":\"search_term_string\"}}],\"inLanguage\":\"fi\"},{\"@type\":\"Organization\",\"@id\":\"https:\\\/\\\/little-boards.com\\\/fi\\\/#organization\",\"name\":\"Little Boards Skateboards\",\"url\":\"https:\\\/\\\/little-boards.com\\\/fi\\\/\",\"logo\":{\"@type\":\"ImageObject\",\"inLanguage\":\"fi\",\"@id\":\"https:\\\/\\\/little-boards.com\\\/fi\\\/#\\\/schema\\\/logo\\\/image\\\/\",\"url\":\"https:\\\/\\\/little-boards.com\\\/wp-content\\\/uploads\\\/2025\\\/05\\\/LB-Bubble-Logo-003.svg\",\"contentUrl\":\"https:\\\/\\\/little-boards.com\\\/wp-content\\\/uploads\\\/2025\\\/05\\\/LB-Bubble-Logo-003.svg\",\"width\":\"1024\",\"height\":\"1024\",\"caption\":\"Little Boards Skateboards\"},\"image\":{\"@id\":\"https:\\\/\\\/little-boards.com\\\/fi\\\/#\\\/schema\\\/logo\\\/image\\\/\"}}]}<\/script>\n<!-- \/ Yoast SEO plugin. -->","yoast_head_json":{"title":"Peruutusehdot - Little Boards Skateboards","robots":{"index":"index","follow":"follow","max-snippet":"max-snippet:-1","max-image-preview":"max-image-preview:large","max-video-preview":"max-video-preview:-1"},"canonical":"https:\/\/little-boards.com\/fi\/widerrufsbelehrung\/","og_locale":"fi_FI","og_type":"article","og_title":"Peruutusehdot - Little Boards Skateboards","og_description":"[vc_row type=&#8221;full_width_background&#8221; full_screen_row_position=&#8221;middle&#8221; column_margin=&#8221;default&#8221; column_direction=&#8221;default&#8221; column_direction_tablet=&#8221;default&#8221; column_direction_phone=&#8221;default&#8221; scene_position=&#8221;center&#8221; top_padding=&#8221;12%&#8221; bottom_padding=&#8221;5%&#8221; text_color=&#8221;dark&#8221; text_align=&#8221;left&#8221; row_border_radius=&#8221;none&#8221; row_border_radius_applies=&#8221;bg&#8221; overflow=&#8221;visible&#8221; class=&#8221;oe-legalpage&#8221; overlay_strength=&#8221;0.3&#8243; gradient_direction=&#8221;left_to_right&#8221; shape_divider_position=&#8221;bottom&#8221; bg_image_animation=&#8221;none&#8221; gradient_type=&#8221;default&#8221; shape_type=&#8221;&#8221;][vc_column column_padding=&#8221;no-extra-padding&#8221; column_padding_tablet=&#8221;inherit&#8221; column_padding_phone=&#8221;inherit&#8221; column_padding_position=&#8221;all&#8221; column_element_direction_desktop=&#8221;default&#8221; column_element_spacing=&#8221;default&#8221; desktop_text_alignment=&#8221;default&#8221; tablet_text_alignment=&#8221;default&#8221;...","og_url":"https:\/\/little-boards.com\/fi\/widerrufsbelehrung\/","og_site_name":"Little Boards Skateboards","article_modified_time":"2025-10-08T18:47:32+00:00","twitter_card":"summary_large_image","twitter_misc":{"Arvioitu lukuaika":"4 minuuttia"},"schema":{"@context":"https:\/\/schema.org","@graph":[{"@type":"WebPage","@id":"https:\/\/little-boards.com\/fi\/widerrufsbelehrung\/","url":"https:\/\/little-boards.com\/fi\/widerrufsbelehrung\/","name":"Peruutusehdot - Little Boards Skateboards","isPartOf":{"@id":"https:\/\/little-boards.com\/fi\/#website"},"datePublished":"2024-03-13T16:09:48+00:00","dateModified":"2025-10-08T18:47:32+00:00","breadcrumb":{"@id":"https:\/\/little-boards.com\/fi\/widerrufsbelehrung\/#breadcrumb"},"inLanguage":"fi","potentialAction":[{"@type":"ReadAction","target":["https:\/\/little-boards.com\/fi\/widerrufsbelehrung\/"]}]},{"@type":"BreadcrumbList","@id":"https:\/\/little-boards.com\/fi\/widerrufsbelehrung\/#breadcrumb","itemListElement":[{"@type":"ListItem","position":1,"name":"Etusivu","item":"https:\/\/little-boards.com\/fi\/skateboard-fuer-kinder-little-boards-anfaenger-3-11-jahre\/"},{"@type":"ListItem","position":2,"name":"Peruutusehdot"}]},{"@type":"WebSite","@id":"https:\/\/little-boards.com\/fi\/#website","url":"https:\/\/little-boards.com\/fi\/","name":"Little Boards Skateboards","description":"real boards for real kids","publisher":{"@id":"https:\/\/little-boards.com\/fi\/#organization"},"alternateName":"Kinder-Skateboards","potentialAction":[{"@type":"SearchAction","target":{"@type":"EntryPoint","urlTemplate":"https:\/\/little-boards.com\/fi\/?s={search_term_string}"},"query-input":{"@type":"PropertyValueSpecification","valueRequired":true,"valueName":"search_term_string"}}],"inLanguage":"fi"},{"@type":"Organization","@id":"https:\/\/little-boards.com\/fi\/#organization","name":"Little Boards Skateboards","url":"https:\/\/little-boards.com\/fi\/","logo":{"@type":"ImageObject","inLanguage":"fi","@id":"https:\/\/little-boards.com\/fi\/#\/schema\/logo\/image\/","url":"https:\/\/little-boards.com\/wp-content\/uploads\/2025\/05\/LB-Bubble-Logo-003.svg","contentUrl":"https:\/\/little-boards.com\/wp-content\/uploads\/2025\/05\/LB-Bubble-Logo-003.svg","width":"1024","height":"1024","caption":"Little Boards Skateboards"},"image":{"@id":"https:\/\/little-boards.com\/fi\/#\/schema\/logo\/image\/"}}]}},"_links":{"self":[{"href":"https:\/\/little-boards.com\/fi\/wp-json\/wp\/v2\/pages\/2551","targetHints":{"allow":["GET"]}}],"collection":[{"href":"https:\/\/little-boards.com\/fi\/wp-json\/wp\/v2\/pages"}],"about":[{"href":"https:\/\/little-boards.com\/fi\/wp-json\/wp\/v2\/types\/page"}],"author":[{"embeddable":true,"href":"https:\/\/little-boards.com\/fi\/wp-json\/wp\/v2\/users\/1"}],"replies":[{"embeddable":true,"href":"https:\/\/little-boards.com\/fi\/wp-json\/wp\/v2\/comments?post=2551"}],"version-history":[{"count":20,"href":"https:\/\/little-boards.com\/fi\/wp-json\/wp\/v2\/pages\/2551\/revisions"}],"predecessor-version":[{"id":6275,"href":"https:\/\/little-boards.com\/fi\/wp-json\/wp\/v2\/pages\/2551\/revisions\/6275"}],"wp:attachment":[{"href":"https:\/\/little-boards.com\/fi\/wp-json\/wp\/v2\/media?parent=2551"}],"curies":[{"name":"wp","href":"https:\/\/api.w.org\/{rel}","templated":true}]}}