

{"id":6022,"date":"2025-09-17T15:36:54","date_gmt":"2025-09-17T13:36:54","guid":{"rendered":"https:\/\/little-boards.com\/shop\/tsg-protection-set-junior-vintage\/"},"modified":"2025-10-12T23:54:32","modified_gmt":"2025-10-12T21:54:32","slug":"tsg-protection-set-junior-vintage","status":"publish","type":"product","link":"https:\/\/little-boards.com\/es\/shop\/tsg-protection-set-junior-vintage\/","title":{"rendered":"TSG Protection Set Junior vintage"},"content":{"rendered":"<p>El TSG Basic Protection Set Junior para principiantes consta de un par de mu\u00f1equeras, coderas y rodilleras. Las coderas y rodilleras est\u00e1n acolchadas con espuma EVA y provistas de resistentes tapas de pl\u00e1stico PE. Las mu\u00f1equeras protegen las palmas de las manos y la mu\u00f1eca mediante una f\u00e9rula de pl\u00e1stico con dise\u00f1o envolvente.  <\/p>\n<p>&#8211; Dise\u00f1o delgado y anat\u00f3micamente preformado<br \/>\n&#8211; Acolchado de EVA que absorbe los golpes<br \/>\n&#8211; Tapa fija para rodillas y codos<br \/>\n&#8211; Cierres de velcro para un ajuste de tama\u00f1o individual<br \/>\n&#8211; Mu\u00f1equeras con f\u00e9rulas de pl\u00e1stico reemplazables<br \/>\n&#8211; Palmas de cuero sint\u00e9tico<br \/>\n&#8211; 3 cierres de velcro ajustables individualmente<\/p>\n","protected":false},"excerpt":{"rendered":"<p>El TSG Basic Protection Set Junior para principiantes consta de un par de mu\u00f1equeras, coderas y rodilleras. Las coderas y rodilleras est\u00e1n acolchadas con espuma EVA y provistas de resistentes&#8230;<\/p>\n","protected":false},"featured_media":9888,"template":"","meta":{"inline_featured_image":false},"product_brand":[],"product_cat":[208],"product_tag":[],"class_list":{"0":"post-6022","1":"product","2":"type-product","3":"status-publish","4":"has-post-thumbnail","6":"product_cat-accesorios-es","8":"first","9":"instock","10":"taxable","11":"shipping-taxable","12":"purchasable","13":"product-type-simple"},"yoast_head":"<!-- This site is optimized with the Yoast SEO plugin v27.4 - https:\/\/yoast.com\/product\/yoast-seo-wordpress\/ -->\n<title>Set de protecciones TSG para ni\u00f1os: las protecciones profesionales<\/title>\n<meta name=\"description\" content=\"Set de protecciones TSG para ni\u00f1os con rodilleras, coderas y mu\u00f1equeras. Protecci\u00f3n de alta calidad para peque\u00f1os skaters. \u00a1Desc\u00fabrelo ahora!\" \/>\n<meta name=\"robots\" content=\"index, follow, max-snippet:-1, max-image-preview:large, max-video-preview:-1\" \/>\n<link rel=\"canonical\" href=\"https:\/\/little-boards.com\/es\/shop\/tsg-protection-set-junior-vintage\/\" \/>\n<meta property=\"og:locale\" content=\"es_ES\" \/>\n<meta property=\"og:type\" content=\"article\" \/>\n<meta property=\"og:title\" content=\"Set de protecciones TSG para ni\u00f1os: las protecciones profesionales\" \/>\n<meta property=\"og:description\" content=\"Set de protecciones TSG para ni\u00f1os con rodilleras, coderas y mu\u00f1equeras. Protecci\u00f3n de alta calidad para peque\u00f1os skaters. \u00a1Desc\u00fabrelo ahora!\" \/>\n<meta property=\"og:url\" content=\"https:\/\/little-boards.com\/es\/shop\/tsg-protection-set-junior-vintage\/\" \/>\n<meta property=\"og:site_name\" content=\"Little Boards Skateboards\" \/>\n<meta property=\"article:modified_time\" content=\"2025-10-12T21:54:32+00:00\" \/>\n<meta property=\"og:image\" content=\"https:\/\/little-boards.com\/wp-content\/uploads\/2025\/09\/tsg-protection-set-junior-orange.jpg\" \/>\n\t<meta property=\"og:image:width\" content=\"1000\" \/>\n\t<meta property=\"og:image:height\" content=\"1300\" \/>\n\t<meta property=\"og:image:type\" content=\"image\/jpeg\" \/>\n<meta name=\"twitter:card\" content=\"summary_large_image\" \/>\n<meta name=\"twitter:label1\" content=\"Tiempo de lectura\" \/>\n\t<meta name=\"twitter:data1\" content=\"1 minuto\" \/>\n<script type=\"application\/ld+json\" class=\"yoast-schema-graph\">{\"@context\":\"https:\\\/\\\/schema.org\",\"@graph\":[{\"@type\":\"WebPage\",\"@id\":\"https:\\\/\\\/little-boards.com\\\/es\\\/shop\\\/tsg-protection-set-junior-vintage\\\/\",\"url\":\"https:\\\/\\\/little-boards.com\\\/es\\\/shop\\\/tsg-protection-set-junior-vintage\\\/\",\"name\":\"Set de protecciones TSG para ni\u00f1os: las protecciones profesionales\",\"isPartOf\":{\"@id\":\"https:\\\/\\\/little-boards.com\\\/es\\\/#website\"},\"primaryImageOfPage\":{\"@id\":\"https:\\\/\\\/little-boards.com\\\/es\\\/shop\\\/tsg-protection-set-junior-vintage\\\/#primaryimage\"},\"image\":{\"@id\":\"https:\\\/\\\/little-boards.com\\\/es\\\/shop\\\/tsg-protection-set-junior-vintage\\\/#primaryimage\"},\"thumbnailUrl\":\"https:\\\/\\\/little-boards.com\\\/wp-content\\\/uploads\\\/2026\\\/03\\\/1214634_Product.png\",\"datePublished\":\"2025-09-17T13:36:54+00:00\",\"dateModified\":\"2025-10-12T21:54:32+00:00\",\"description\":\"Set de protecciones TSG para ni\u00f1os con rodilleras, coderas y mu\u00f1equeras. Protecci\u00f3n de alta calidad para peque\u00f1os skaters. \u00a1Desc\u00fabrelo ahora!\",\"breadcrumb\":{\"@id\":\"https:\\\/\\\/little-boards.com\\\/es\\\/shop\\\/tsg-protection-set-junior-vintage\\\/#breadcrumb\"},\"inLanguage\":\"es\",\"potentialAction\":[{\"@type\":\"ReadAction\",\"target\":[\"https:\\\/\\\/little-boards.com\\\/es\\\/shop\\\/tsg-protection-set-junior-vintage\\\/\"]}]},{\"@type\":\"ImageObject\",\"inLanguage\":\"es\",\"@id\":\"https:\\\/\\\/little-boards.com\\\/es\\\/shop\\\/tsg-protection-set-junior-vintage\\\/#primaryimage\",\"url\":\"https:\\\/\\\/little-boards.com\\\/wp-content\\\/uploads\\\/2026\\\/03\\\/1214634_Product.png\",\"contentUrl\":\"https:\\\/\\\/little-boards.com\\\/wp-content\\\/uploads\\\/2026\\\/03\\\/1214634_Product.png\",\"width\":1200,\"height\":1200},{\"@type\":\"BreadcrumbList\",\"@id\":\"https:\\\/\\\/little-boards.com\\\/es\\\/shop\\\/tsg-protection-set-junior-vintage\\\/#breadcrumb\",\"itemListElement\":[{\"@type\":\"ListItem\",\"position\":1,\"name\":\"Inicio\",\"item\":\"https:\\\/\\\/little-boards.com\\\/es\\\/skateboard-fuer-kinder-little-boards-anfaenger-3-11-jahre\\\/\"},{\"@type\":\"ListItem\",\"position\":2,\"name\":\"Tienda\",\"item\":\"https:\\\/\\\/little-boards.com\\\/es\\\/tienda\\\/\"},{\"@type\":\"ListItem\",\"position\":3,\"name\":\"TSG Protection Set Junior vintage\"}]},{\"@type\":\"WebSite\",\"@id\":\"https:\\\/\\\/little-boards.com\\\/es\\\/#website\",\"url\":\"https:\\\/\\\/little-boards.com\\\/es\\\/\",\"name\":\"Little Boards Skateboards\",\"description\":\"real boards for real kids\",\"publisher\":{\"@id\":\"https:\\\/\\\/little-boards.com\\\/es\\\/#organization\"},\"alternateName\":\"Kinder-Skateboards\",\"potentialAction\":[{\"@type\":\"SearchAction\",\"target\":{\"@type\":\"EntryPoint\",\"urlTemplate\":\"https:\\\/\\\/little-boards.com\\\/es\\\/?s={search_term_string}\"},\"query-input\":{\"@type\":\"PropertyValueSpecification\",\"valueRequired\":true,\"valueName\":\"search_term_string\"}}],\"inLanguage\":\"es\"},{\"@type\":\"Organization\",\"@id\":\"https:\\\/\\\/little-boards.com\\\/es\\\/#organization\",\"name\":\"Little Boards Skateboards\",\"url\":\"https:\\\/\\\/little-boards.com\\\/es\\\/\",\"logo\":{\"@type\":\"ImageObject\",\"inLanguage\":\"es\",\"@id\":\"https:\\\/\\\/little-boards.com\\\/es\\\/#\\\/schema\\\/logo\\\/image\\\/\",\"url\":\"https:\\\/\\\/little-boards.com\\\/wp-content\\\/uploads\\\/2025\\\/05\\\/LB-Bubble-Logo-003.svg\",\"contentUrl\":\"https:\\\/\\\/little-boards.com\\\/wp-content\\\/uploads\\\/2025\\\/05\\\/LB-Bubble-Logo-003.svg\",\"width\":\"1024\",\"height\":\"1024\",\"caption\":\"Little Boards Skateboards\"},\"image\":{\"@id\":\"https:\\\/\\\/little-boards.com\\\/es\\\/#\\\/schema\\\/logo\\\/image\\\/\"}}]}<\/script>\n<!-- \/ Yoast SEO plugin. -->","yoast_head_json":{"title":"Set de protecciones TSG para ni\u00f1os: las protecciones profesionales","description":"Set de protecciones TSG para ni\u00f1os con rodilleras, coderas y mu\u00f1equeras. Protecci\u00f3n de alta calidad para peque\u00f1os skaters. \u00a1Desc\u00fabrelo ahora!","robots":{"index":"index","follow":"follow","max-snippet":"max-snippet:-1","max-image-preview":"max-image-preview:large","max-video-preview":"max-video-preview:-1"},"canonical":"https:\/\/little-boards.com\/es\/shop\/tsg-protection-set-junior-vintage\/","og_locale":"es_ES","og_type":"article","og_title":"Set de protecciones TSG para ni\u00f1os: las protecciones profesionales","og_description":"Set de protecciones TSG para ni\u00f1os con rodilleras, coderas y mu\u00f1equeras. Protecci\u00f3n de alta calidad para peque\u00f1os skaters. \u00a1Desc\u00fabrelo ahora!","og_url":"https:\/\/little-boards.com\/es\/shop\/tsg-protection-set-junior-vintage\/","og_site_name":"Little Boards Skateboards","article_modified_time":"2025-10-12T21:54:32+00:00","og_image":[{"width":1000,"height":1300,"url":"https:\/\/little-boards.com\/wp-content\/uploads\/2025\/09\/tsg-protection-set-junior-orange.jpg","type":"image\/jpeg"}],"twitter_card":"summary_large_image","twitter_misc":{"Tiempo de lectura":"1 minuto"},"schema":{"@context":"https:\/\/schema.org","@graph":[{"@type":"WebPage","@id":"https:\/\/little-boards.com\/es\/shop\/tsg-protection-set-junior-vintage\/","url":"https:\/\/little-boards.com\/es\/shop\/tsg-protection-set-junior-vintage\/","name":"Set de protecciones TSG para ni\u00f1os: las protecciones profesionales","isPartOf":{"@id":"https:\/\/little-boards.com\/es\/#website"},"primaryImageOfPage":{"@id":"https:\/\/little-boards.com\/es\/shop\/tsg-protection-set-junior-vintage\/#primaryimage"},"image":{"@id":"https:\/\/little-boards.com\/es\/shop\/tsg-protection-set-junior-vintage\/#primaryimage"},"thumbnailUrl":"https:\/\/little-boards.com\/wp-content\/uploads\/2026\/03\/1214634_Product.png","datePublished":"2025-09-17T13:36:54+00:00","dateModified":"2025-10-12T21:54:32+00:00","description":"Set de protecciones TSG para ni\u00f1os con rodilleras, coderas y mu\u00f1equeras. Protecci\u00f3n de alta calidad para peque\u00f1os skaters. \u00a1Desc\u00fabrelo ahora!","breadcrumb":{"@id":"https:\/\/little-boards.com\/es\/shop\/tsg-protection-set-junior-vintage\/#breadcrumb"},"inLanguage":"es","potentialAction":[{"@type":"ReadAction","target":["https:\/\/little-boards.com\/es\/shop\/tsg-protection-set-junior-vintage\/"]}]},{"@type":"ImageObject","inLanguage":"es","@id":"https:\/\/little-boards.com\/es\/shop\/tsg-protection-set-junior-vintage\/#primaryimage","url":"https:\/\/little-boards.com\/wp-content\/uploads\/2026\/03\/1214634_Product.png","contentUrl":"https:\/\/little-boards.com\/wp-content\/uploads\/2026\/03\/1214634_Product.png","width":1200,"height":1200},{"@type":"BreadcrumbList","@id":"https:\/\/little-boards.com\/es\/shop\/tsg-protection-set-junior-vintage\/#breadcrumb","itemListElement":[{"@type":"ListItem","position":1,"name":"Inicio","item":"https:\/\/little-boards.com\/es\/skateboard-fuer-kinder-little-boards-anfaenger-3-11-jahre\/"},{"@type":"ListItem","position":2,"name":"Tienda","item":"https:\/\/little-boards.com\/es\/tienda\/"},{"@type":"ListItem","position":3,"name":"TSG Protection Set Junior vintage"}]},{"@type":"WebSite","@id":"https:\/\/little-boards.com\/es\/#website","url":"https:\/\/little-boards.com\/es\/","name":"Little Boards Skateboards","description":"real boards for real kids","publisher":{"@id":"https:\/\/little-boards.com\/es\/#organization"},"alternateName":"Kinder-Skateboards","potentialAction":[{"@type":"SearchAction","target":{"@type":"EntryPoint","urlTemplate":"https:\/\/little-boards.com\/es\/?s={search_term_string}"},"query-input":{"@type":"PropertyValueSpecification","valueRequired":true,"valueName":"search_term_string"}}],"inLanguage":"es"},{"@type":"Organization","@id":"https:\/\/little-boards.com\/es\/#organization","name":"Little Boards Skateboards","url":"https:\/\/little-boards.com\/es\/","logo":{"@type":"ImageObject","inLanguage":"es","@id":"https:\/\/little-boards.com\/es\/#\/schema\/logo\/image\/","url":"https:\/\/little-boards.com\/wp-content\/uploads\/2025\/05\/LB-Bubble-Logo-003.svg","contentUrl":"https:\/\/little-boards.com\/wp-content\/uploads\/2025\/05\/LB-Bubble-Logo-003.svg","width":"1024","height":"1024","caption":"Little Boards Skateboards"},"image":{"@id":"https:\/\/little-boards.com\/es\/#\/schema\/logo\/image\/"}}]}},"_links":{"self":[{"href":"https:\/\/little-boards.com\/es\/wp-json\/wp\/v2\/product\/6022","targetHints":{"allow":["GET"]}}],"collection":[{"href":"https:\/\/little-boards.com\/es\/wp-json\/wp\/v2\/product"}],"about":[{"href":"https:\/\/little-boards.com\/es\/wp-json\/wp\/v2\/types\/product"}],"wp:featuredmedia":[{"embeddable":true,"href":"https:\/\/little-boards.com\/es\/wp-json\/wp\/v2\/media\/9888"}],"wp:attachment":[{"href":"https:\/\/little-boards.com\/es\/wp-json\/wp\/v2\/media?parent=6022"}],"wp:term":[{"taxonomy":"product_brand","embeddable":true,"href":"https:\/\/little-boards.com\/es\/wp-json\/wp\/v2\/product_brand?post=6022"},{"taxonomy":"product_cat","embeddable":true,"href":"https:\/\/little-boards.com\/es\/wp-json\/wp\/v2\/product_cat?post=6022"},{"taxonomy":"product_tag","embeddable":true,"href":"https:\/\/little-boards.com\/es\/wp-json\/wp\/v2\/product_tag?post=6022"}],"curies":[{"name":"wp","href":"https:\/\/api.w.org\/{rel}","templated":true}]}}