

{"id":3056,"date":"2025-05-30T15:14:39","date_gmt":"2025-05-30T13:14:39","guid":{"rendered":"https:\/\/little-boards.com\/shop\/birdy-cruiser-infantil-8-0\/"},"modified":"2025-10-12T23:36:49","modified_gmt":"2025-10-12T21:36:49","slug":"skateboard-fuer-kinder-little-boards-birdy-8-0-zoll-cruiser-kork-griptape-ab-3-jahren-auch-im-sitzen","status":"publish","type":"product","link":"https:\/\/little-boards.com\/es\/shop\/skateboard-fuer-kinder-little-boards-birdy-8-0-zoll-cruiser-kork-griptape-ab-3-jahren-auch-im-sitzen\/","title":{"rendered":"Birdy \u2013 Cruiser infantil 8.0&#8243;"},"content":{"rendered":"<p>El Little Boards Kids Cruiser es un skateboard Cruiser especialmente dise\u00f1ado para ni\u00f1os de hasta 10 a\u00f1os.<br \/>\nTodos los componentes son productos de marca de alta calidad, por lo que incluso pap\u00e1 puede usarlo sin dudarlo.<br \/>\nLa superficie de apoyo ancha de 8 pulgadas (20,23 cm) con corcho suave en la superficie permite un acercamiento seguro y agradable al deporte de las ruedas, incluso sentado y de rodillas.<br \/>\nLas ruedas son m\u00e1s blandas que las de un skateboard de calle (83a) y, con sus 55 mm, tambi\u00e9n ruedan suavemente sobre superficies irregulares.<\/p>\n<ul>\n<li><strong>Tabla:<\/strong> Little Boards Birdy Cruiser 8&#215;26 pulgadas (20,23 x 66 cm)<br \/>\n100% arce canadiense, 7 capas prensadas en fr\u00edo.<\/li>\n<li><strong>Ejes:<\/strong> Core Trucks 5.25 con SHR 88a Bushings<\/li>\n<li><strong>Ruedas:<\/strong> Impact Cruiser Wheels 83a 55mm<\/li>\n<li><strong>Rodamientos:<\/strong> Amp Bearings ABEC 7<\/li>\n<li><strong>Agarre:<\/strong> Corcho<\/li>\n<\/ul>\n","protected":false},"excerpt":{"rendered":"<p>El Little Boards Kids Cruiser es un skateboard Cruiser especialmente dise\u00f1ado para ni\u00f1os de hasta 10 a\u00f1os. Todos los componentes son productos de marca de alta calidad, por lo que&#8230;<\/p>\n","protected":false},"featured_media":9890,"template":"","meta":{"inline_featured_image":false},"product_brand":[],"product_cat":[151],"product_tag":[218],"class_list":{"0":"post-3056","1":"product","2":"type-product","3":"status-publish","4":"has-post-thumbnail","6":"product_cat-monopatines-3-5-anos","7":"product_tag-skateboard-es","9":"first","10":"outofstock","11":"taxable","12":"shipping-taxable","13":"purchasable","14":"product-type-simple"},"yoast_head":"<!-- This site is optimized with the Yoast SEO plugin v27.4 - https:\/\/yoast.com\/product\/yoast-seo-wordpress\/ -->\n<title>Birdy \u2013 Cruiser infantil 8.0&quot; - Little Boards Skateboards<\/title>\n<meta name=\"description\" content=\"Little Boards \u201cBirdy\u201d \u2013 Monopat\u00edn infantil de 8.0 pulgadas, ideal para ni\u00f1os peque\u00f1os \u2013 tambi\u00e9n apto para sentarse. Seguro, ligero y perfecto para los primeros intentos de conducci\u00f3n.\" \/>\n<meta name=\"robots\" content=\"index, follow, max-snippet:-1, max-image-preview:large, max-video-preview:-1\" \/>\n<link rel=\"canonical\" href=\"https:\/\/little-boards.com\/es\/shop\/skateboard-fuer-kinder-little-boards-birdy-8-0-zoll-cruiser-kork-griptape-ab-3-jahren-auch-im-sitzen\/\" \/>\n<meta property=\"og:locale\" content=\"es_ES\" \/>\n<meta property=\"og:type\" content=\"article\" \/>\n<meta property=\"og:title\" content=\"Birdy \u2013 Cruiser infantil 8.0&quot; - Little Boards Skateboards\" \/>\n<meta property=\"og:description\" content=\"Little Boards \u201cBirdy\u201d \u2013 Monopat\u00edn infantil de 8.0 pulgadas, ideal para ni\u00f1os peque\u00f1os \u2013 tambi\u00e9n apto para sentarse. Seguro, ligero y perfecto para los primeros intentos de conducci\u00f3n.\" \/>\n<meta property=\"og:url\" content=\"https:\/\/little-boards.com\/es\/shop\/skateboard-fuer-kinder-little-boards-birdy-8-0-zoll-cruiser-kork-griptape-ab-3-jahren-auch-im-sitzen\/\" \/>\n<meta property=\"og:site_name\" content=\"Little Boards Skateboards\" \/>\n<meta property=\"article:modified_time\" content=\"2025-10-12T21:36:49+00:00\" \/>\n<meta property=\"og:image\" content=\"https:\/\/little-boards.com\/wp-content\/uploads\/2025\/08\/1217005_Product.jpg\" \/>\n\t<meta property=\"og:image:width\" content=\"1000\" \/>\n\t<meta property=\"og:image:height\" content=\"1300\" \/>\n\t<meta property=\"og:image:type\" content=\"image\/jpeg\" \/>\n<meta name=\"twitter:card\" content=\"summary_large_image\" \/>\n<meta name=\"twitter:label1\" content=\"Tiempo de lectura\" \/>\n\t<meta name=\"twitter:data1\" content=\"1 minuto\" \/>\n<script type=\"application\/ld+json\" class=\"yoast-schema-graph\">{\"@context\":\"https:\\\/\\\/schema.org\",\"@graph\":[{\"@type\":\"WebPage\",\"@id\":\"https:\\\/\\\/little-boards.com\\\/es\\\/shop\\\/skateboard-fuer-kinder-little-boards-birdy-8-0-zoll-cruiser-kork-griptape-ab-3-jahren-auch-im-sitzen\\\/\",\"url\":\"https:\\\/\\\/little-boards.com\\\/es\\\/shop\\\/skateboard-fuer-kinder-little-boards-birdy-8-0-zoll-cruiser-kork-griptape-ab-3-jahren-auch-im-sitzen\\\/\",\"name\":\"Birdy \u2013 Cruiser infantil 8.0\\\" - Little Boards Skateboards\",\"isPartOf\":{\"@id\":\"https:\\\/\\\/little-boards.com\\\/es\\\/#website\"},\"primaryImageOfPage\":{\"@id\":\"https:\\\/\\\/little-boards.com\\\/es\\\/shop\\\/skateboard-fuer-kinder-little-boards-birdy-8-0-zoll-cruiser-kork-griptape-ab-3-jahren-auch-im-sitzen\\\/#primaryimage\"},\"image\":{\"@id\":\"https:\\\/\\\/little-boards.com\\\/es\\\/shop\\\/skateboard-fuer-kinder-little-boards-birdy-8-0-zoll-cruiser-kork-griptape-ab-3-jahren-auch-im-sitzen\\\/#primaryimage\"},\"thumbnailUrl\":\"https:\\\/\\\/little-boards.com\\\/wp-content\\\/uploads\\\/2026\\\/03\\\/1217005_Product.jpg\",\"datePublished\":\"2025-05-30T13:14:39+00:00\",\"dateModified\":\"2025-10-12T21:36:49+00:00\",\"description\":\"Little Boards \u201cBirdy\u201d \u2013 Monopat\u00edn infantil de 8.0 pulgadas, ideal para ni\u00f1os peque\u00f1os \u2013 tambi\u00e9n apto para sentarse. Seguro, ligero y perfecto para los primeros intentos de conducci\u00f3n.\",\"breadcrumb\":{\"@id\":\"https:\\\/\\\/little-boards.com\\\/es\\\/shop\\\/skateboard-fuer-kinder-little-boards-birdy-8-0-zoll-cruiser-kork-griptape-ab-3-jahren-auch-im-sitzen\\\/#breadcrumb\"},\"inLanguage\":\"es\",\"potentialAction\":[{\"@type\":\"ReadAction\",\"target\":[\"https:\\\/\\\/little-boards.com\\\/es\\\/shop\\\/skateboard-fuer-kinder-little-boards-birdy-8-0-zoll-cruiser-kork-griptape-ab-3-jahren-auch-im-sitzen\\\/\"]}]},{\"@type\":\"ImageObject\",\"inLanguage\":\"es\",\"@id\":\"https:\\\/\\\/little-boards.com\\\/es\\\/shop\\\/skateboard-fuer-kinder-little-boards-birdy-8-0-zoll-cruiser-kork-griptape-ab-3-jahren-auch-im-sitzen\\\/#primaryimage\",\"url\":\"https:\\\/\\\/little-boards.com\\\/wp-content\\\/uploads\\\/2026\\\/03\\\/1217005_Product.jpg\",\"contentUrl\":\"https:\\\/\\\/little-boards.com\\\/wp-content\\\/uploads\\\/2026\\\/03\\\/1217005_Product.jpg\",\"width\":1000,\"height\":1300,\"caption\":\"birdy-kinder-cruiser-8-0_\"},{\"@type\":\"BreadcrumbList\",\"@id\":\"https:\\\/\\\/little-boards.com\\\/es\\\/shop\\\/skateboard-fuer-kinder-little-boards-birdy-8-0-zoll-cruiser-kork-griptape-ab-3-jahren-auch-im-sitzen\\\/#breadcrumb\",\"itemListElement\":[{\"@type\":\"ListItem\",\"position\":1,\"name\":\"Inicio\",\"item\":\"https:\\\/\\\/little-boards.com\\\/es\\\/skateboard-fuer-kinder-little-boards-anfaenger-3-11-jahre\\\/\"},{\"@type\":\"ListItem\",\"position\":2,\"name\":\"Tienda\",\"item\":\"https:\\\/\\\/little-boards.com\\\/es\\\/tienda\\\/\"},{\"@type\":\"ListItem\",\"position\":3,\"name\":\"Birdy \u2013 Cruiser infantil 8.0&#8243;\"}]},{\"@type\":\"WebSite\",\"@id\":\"https:\\\/\\\/little-boards.com\\\/es\\\/#website\",\"url\":\"https:\\\/\\\/little-boards.com\\\/es\\\/\",\"name\":\"Little Boards Skateboards\",\"description\":\"real boards for real kids\",\"publisher\":{\"@id\":\"https:\\\/\\\/little-boards.com\\\/es\\\/#organization\"},\"alternateName\":\"Kinder-Skateboards\",\"potentialAction\":[{\"@type\":\"SearchAction\",\"target\":{\"@type\":\"EntryPoint\",\"urlTemplate\":\"https:\\\/\\\/little-boards.com\\\/es\\\/?s={search_term_string}\"},\"query-input\":{\"@type\":\"PropertyValueSpecification\",\"valueRequired\":true,\"valueName\":\"search_term_string\"}}],\"inLanguage\":\"es\"},{\"@type\":\"Organization\",\"@id\":\"https:\\\/\\\/little-boards.com\\\/es\\\/#organization\",\"name\":\"Little Boards Skateboards\",\"url\":\"https:\\\/\\\/little-boards.com\\\/es\\\/\",\"logo\":{\"@type\":\"ImageObject\",\"inLanguage\":\"es\",\"@id\":\"https:\\\/\\\/little-boards.com\\\/es\\\/#\\\/schema\\\/logo\\\/image\\\/\",\"url\":\"https:\\\/\\\/little-boards.com\\\/wp-content\\\/uploads\\\/2025\\\/05\\\/LB-Bubble-Logo-003.svg\",\"contentUrl\":\"https:\\\/\\\/little-boards.com\\\/wp-content\\\/uploads\\\/2025\\\/05\\\/LB-Bubble-Logo-003.svg\",\"width\":\"1024\",\"height\":\"1024\",\"caption\":\"Little Boards Skateboards\"},\"image\":{\"@id\":\"https:\\\/\\\/little-boards.com\\\/es\\\/#\\\/schema\\\/logo\\\/image\\\/\"}}]}<\/script>\n<!-- \/ Yoast SEO plugin. -->","yoast_head_json":{"title":"Birdy \u2013 Cruiser infantil 8.0\" - Little Boards Skateboards","description":"Little Boards \u201cBirdy\u201d \u2013 Monopat\u00edn infantil de 8.0 pulgadas, ideal para ni\u00f1os peque\u00f1os \u2013 tambi\u00e9n apto para sentarse. Seguro, ligero y perfecto para los primeros intentos de conducci\u00f3n.","robots":{"index":"index","follow":"follow","max-snippet":"max-snippet:-1","max-image-preview":"max-image-preview:large","max-video-preview":"max-video-preview:-1"},"canonical":"https:\/\/little-boards.com\/es\/shop\/skateboard-fuer-kinder-little-boards-birdy-8-0-zoll-cruiser-kork-griptape-ab-3-jahren-auch-im-sitzen\/","og_locale":"es_ES","og_type":"article","og_title":"Birdy \u2013 Cruiser infantil 8.0\" - Little Boards Skateboards","og_description":"Little Boards \u201cBirdy\u201d \u2013 Monopat\u00edn infantil de 8.0 pulgadas, ideal para ni\u00f1os peque\u00f1os \u2013 tambi\u00e9n apto para sentarse. Seguro, ligero y perfecto para los primeros intentos de conducci\u00f3n.","og_url":"https:\/\/little-boards.com\/es\/shop\/skateboard-fuer-kinder-little-boards-birdy-8-0-zoll-cruiser-kork-griptape-ab-3-jahren-auch-im-sitzen\/","og_site_name":"Little Boards Skateboards","article_modified_time":"2025-10-12T21:36:49+00:00","og_image":[{"width":1000,"height":1300,"url":"https:\/\/little-boards.com\/wp-content\/uploads\/2025\/08\/1217005_Product.jpg","type":"image\/jpeg"}],"twitter_card":"summary_large_image","twitter_misc":{"Tiempo de lectura":"1 minuto"},"schema":{"@context":"https:\/\/schema.org","@graph":[{"@type":"WebPage","@id":"https:\/\/little-boards.com\/es\/shop\/skateboard-fuer-kinder-little-boards-birdy-8-0-zoll-cruiser-kork-griptape-ab-3-jahren-auch-im-sitzen\/","url":"https:\/\/little-boards.com\/es\/shop\/skateboard-fuer-kinder-little-boards-birdy-8-0-zoll-cruiser-kork-griptape-ab-3-jahren-auch-im-sitzen\/","name":"Birdy \u2013 Cruiser infantil 8.0\" - Little Boards Skateboards","isPartOf":{"@id":"https:\/\/little-boards.com\/es\/#website"},"primaryImageOfPage":{"@id":"https:\/\/little-boards.com\/es\/shop\/skateboard-fuer-kinder-little-boards-birdy-8-0-zoll-cruiser-kork-griptape-ab-3-jahren-auch-im-sitzen\/#primaryimage"},"image":{"@id":"https:\/\/little-boards.com\/es\/shop\/skateboard-fuer-kinder-little-boards-birdy-8-0-zoll-cruiser-kork-griptape-ab-3-jahren-auch-im-sitzen\/#primaryimage"},"thumbnailUrl":"https:\/\/little-boards.com\/wp-content\/uploads\/2026\/03\/1217005_Product.jpg","datePublished":"2025-05-30T13:14:39+00:00","dateModified":"2025-10-12T21:36:49+00:00","description":"Little Boards \u201cBirdy\u201d \u2013 Monopat\u00edn infantil de 8.0 pulgadas, ideal para ni\u00f1os peque\u00f1os \u2013 tambi\u00e9n apto para sentarse. Seguro, ligero y perfecto para los primeros intentos de conducci\u00f3n.","breadcrumb":{"@id":"https:\/\/little-boards.com\/es\/shop\/skateboard-fuer-kinder-little-boards-birdy-8-0-zoll-cruiser-kork-griptape-ab-3-jahren-auch-im-sitzen\/#breadcrumb"},"inLanguage":"es","potentialAction":[{"@type":"ReadAction","target":["https:\/\/little-boards.com\/es\/shop\/skateboard-fuer-kinder-little-boards-birdy-8-0-zoll-cruiser-kork-griptape-ab-3-jahren-auch-im-sitzen\/"]}]},{"@type":"ImageObject","inLanguage":"es","@id":"https:\/\/little-boards.com\/es\/shop\/skateboard-fuer-kinder-little-boards-birdy-8-0-zoll-cruiser-kork-griptape-ab-3-jahren-auch-im-sitzen\/#primaryimage","url":"https:\/\/little-boards.com\/wp-content\/uploads\/2026\/03\/1217005_Product.jpg","contentUrl":"https:\/\/little-boards.com\/wp-content\/uploads\/2026\/03\/1217005_Product.jpg","width":1000,"height":1300,"caption":"birdy-kinder-cruiser-8-0_"},{"@type":"BreadcrumbList","@id":"https:\/\/little-boards.com\/es\/shop\/skateboard-fuer-kinder-little-boards-birdy-8-0-zoll-cruiser-kork-griptape-ab-3-jahren-auch-im-sitzen\/#breadcrumb","itemListElement":[{"@type":"ListItem","position":1,"name":"Inicio","item":"https:\/\/little-boards.com\/es\/skateboard-fuer-kinder-little-boards-anfaenger-3-11-jahre\/"},{"@type":"ListItem","position":2,"name":"Tienda","item":"https:\/\/little-boards.com\/es\/tienda\/"},{"@type":"ListItem","position":3,"name":"Birdy \u2013 Cruiser infantil 8.0&#8243;"}]},{"@type":"WebSite","@id":"https:\/\/little-boards.com\/es\/#website","url":"https:\/\/little-boards.com\/es\/","name":"Little Boards Skateboards","description":"real boards for real kids","publisher":{"@id":"https:\/\/little-boards.com\/es\/#organization"},"alternateName":"Kinder-Skateboards","potentialAction":[{"@type":"SearchAction","target":{"@type":"EntryPoint","urlTemplate":"https:\/\/little-boards.com\/es\/?s={search_term_string}"},"query-input":{"@type":"PropertyValueSpecification","valueRequired":true,"valueName":"search_term_string"}}],"inLanguage":"es"},{"@type":"Organization","@id":"https:\/\/little-boards.com\/es\/#organization","name":"Little Boards Skateboards","url":"https:\/\/little-boards.com\/es\/","logo":{"@type":"ImageObject","inLanguage":"es","@id":"https:\/\/little-boards.com\/es\/#\/schema\/logo\/image\/","url":"https:\/\/little-boards.com\/wp-content\/uploads\/2025\/05\/LB-Bubble-Logo-003.svg","contentUrl":"https:\/\/little-boards.com\/wp-content\/uploads\/2025\/05\/LB-Bubble-Logo-003.svg","width":"1024","height":"1024","caption":"Little Boards Skateboards"},"image":{"@id":"https:\/\/little-boards.com\/es\/#\/schema\/logo\/image\/"}}]}},"_links":{"self":[{"href":"https:\/\/little-boards.com\/es\/wp-json\/wp\/v2\/product\/3056","targetHints":{"allow":["GET"]}}],"collection":[{"href":"https:\/\/little-boards.com\/es\/wp-json\/wp\/v2\/product"}],"about":[{"href":"https:\/\/little-boards.com\/es\/wp-json\/wp\/v2\/types\/product"}],"wp:featuredmedia":[{"embeddable":true,"href":"https:\/\/little-boards.com\/es\/wp-json\/wp\/v2\/media\/9890"}],"wp:attachment":[{"href":"https:\/\/little-boards.com\/es\/wp-json\/wp\/v2\/media?parent=3056"}],"wp:term":[{"taxonomy":"product_brand","embeddable":true,"href":"https:\/\/little-boards.com\/es\/wp-json\/wp\/v2\/product_brand?post=3056"},{"taxonomy":"product_cat","embeddable":true,"href":"https:\/\/little-boards.com\/es\/wp-json\/wp\/v2\/product_cat?post=3056"},{"taxonomy":"product_tag","embeddable":true,"href":"https:\/\/little-boards.com\/es\/wp-json\/wp\/v2\/product_tag?post=3056"}],"curies":[{"name":"wp","href":"https:\/\/api.w.org\/{rel}","templated":true}]}}