

{"id":2905,"date":"2025-05-30T14:39:37","date_gmt":"2025-05-30T12:39:37","guid":{"rendered":"https:\/\/little-boards.com\/shop\/airplane-monopatin-infantil-7-0\/"},"modified":"2025-09-18T22:04:36","modified_gmt":"2025-09-18T20:04:36","slug":"skateboard-fuer-kinder-little-boards-airplane-7-0-zoll-anfaenger-5-8-jahre","status":"publish","type":"product","link":"https:\/\/little-boards.com\/es\/shop\/skateboard-fuer-kinder-little-boards-airplane-7-0-zoll-anfaenger-5-8-jahre\/","title":{"rendered":"Airplane \u2013 Monopat\u00edn infantil 7.0&#8243;"},"content":{"rendered":"[vc_row type=\u00bbin_container\u00bb full_screen_row_position=\u00bbmiddle\u00bb column_margin=\u00bbdefault\u00bb column_direction=\u00bbdefault\u00bb column_direction_tablet=\u00bbdefault\u00bb column_direction_phone=\u00bbdefault\u00bb scene_position=\u00bbcenter\u00bb text_color=\u00bbdark\u00bb text_align=\u00bbleft\u00bb row_border_radius=\u00bbnone\u00bb row_border_radius_applies=\u00bbbg\u00bb overflow=\u00bbvisible\u00bb overlay_strength=\u00bb0.3&#8243; gradient_direction=\u00bbleft_to_right\u00bb shape_divider_position=\u00bbbottom\u00bb bg_image_animation=\u00bbnone\u00bb gradient_type=\u00bbdefault\u00bb shape_type=\u00bb\u00bb][vc_column column_padding=\u00bbno-extra-padding\u00bb column_padding_tablet=\u00bbinherit\u00bb column_padding_phone=\u00bbinherit\u00bb column_padding_position=\u00bball\u00bb column_element_direction_desktop=\u00bbdefault\u00bb column_element_spacing=\u00bbdefault\u00bb desktop_text_alignment=\u00bbdefault\u00bb tablet_text_alignment=\u00bbdefault\u00bb phone_text_alignment=\u00bbdefault\u00bb background_color_opacity=\u00bb1&#8243; background_hover_color_opacity=\u00bb1&#8243; column_backdrop_filter=\u00bbnone\u00bb column_shadow=\u00bbnone\u00bb column_border_radius=\u00bbnone\u00bb column_link_target=\u00bb_self\u00bb column_position=\u00bbdefault\u00bb gradient_direction=\u00bbleft_to_right\u00bb overlay_strength=\u00bb0.3&#8243; width=\u00bb1\/1&#8243; tablet_width_inherit=\u00bbdefault\u00bb animation_type=\u00bbdefault\u00bb bg_image_animation=\u00bbnone\u00bb border_type=\u00bbsimple\u00bb column_border_width=\u00bbnone\u00bb column_border_style=\u00bbsolid\u00bb column_padding_type=\u00bbdefault\u00bb gradient_type=\u00bbdefault\u00bb][nectar_responsive_text inherited_font_style=\u00bbp\u00bb text_direction=\u00bbdefault\u00bb]<strong>Tama\u00f1o<\/strong>[\/nectar_responsive_text][divider line_type=\u00bbNo Line\u00bb custom_height=\u00bb1&#8243; custom_height_tablet=\u00bb10&#8243; custom_height_phone=\u00bb10&#8243;][nectar_cta btn_style=\u00bbbasic\u00bb heading_tag=\u00bbp\u00bb button_color=\u00bbdefault\u00bb button_border_thickness=\u00bb1px\u00bb link_type=\u00bbregular\u00bb alignment=\u00bbleft\u00bb alignment_tablet=\u00bbdefault\u00bb alignment_phone=\u00bbdefault\u00bb constrain_group_3=\u00bbyes\u00bb constrain_group_4=\u00bbyes\u00bb display=\u00bbinline\u00bb display_tablet=\u00bbinherit\u00bb display_phone=\u00bbblock\u00bb icon_family=\u00bbnone\u00bb font_size_desktop=\u00bb16&#8243; font_size_tablet=\u00bb16&#8243; font_size_phone=\u00bb16&#8243; link_text=\u00bb3 &#8211; 5 a\u00f1os\u00bb padding_top=\u00bb10&#8243; padding_bottom=\u00bb10&#8243; padding_left=\u00bb20&#8243; padding_right=\u00bb20&#8243; url=\u00bbhttps:\/\/little-boards.com\/es\/shop\/skateboard-fuer-kinder-little-boards-airplane-6-5-zoll-mini-anfaenger-3-5-jahre\/\u00bb margin_right=\u00bb10&#8243; margin_bottom=\u00bb30&#8243; class=\u00bboe-cat-inactive\u00bb][nectar_cta btn_style=\u00bbbasic\u00bb heading_tag=\u00bbp\u00bb button_color=\u00bbdefault\u00bb button_border_thickness=\u00bb1px\u00bb link_type=\u00bbregular\u00bb alignment=\u00bbleft\u00bb alignment_tablet=\u00bbdefault\u00bb alignment_phone=\u00bbdefault\u00bb constrain_group_3=\u00bbyes\u00bb constrain_group_4=\u00bbyes\u00bb display=\u00bbinline\u00bb display_tablet=\u00bbinherit\u00bb display_phone=\u00bbblock\u00bb icon_family=\u00bbnone\u00bb font_size_desktop=\u00bb16&#8243; font_size_tablet=\u00bb16&#8243; font_size_phone=\u00bb16&#8243; link_text=\u00bb5 &#8211; 8 a\u00f1os\u00bb padding_top=\u00bb10&#8243; padding_bottom=\u00bb10&#8243; padding_left=\u00bb20&#8243; padding_right=\u00bb20&#8243; url=\u00bb#\u00bb margin_right=\u00bb10&#8243; margin_bottom=\u00bb30&#8243; class=\u00bboe-cat-active\u00bb][divider line_type=\u00bbNo Line\u00bb custom_height=\u00bb10&#8243; custom_height_tablet=\u00bb10&#8243; custom_height_phone=\u00bb10&#8243;][\/vc_column][\/vc_row][vc_row type=\u00bbin_container\u00bb full_screen_row_position=\u00bbmiddle\u00bb column_margin=\u00bbdefault\u00bb column_direction=\u00bbdefault\u00bb column_direction_tablet=\u00bbdefault\u00bb column_direction_phone=\u00bbdefault\u00bb scene_position=\u00bbcenter\u00bb text_color=\u00bbdark\u00bb text_align=\u00bbleft\u00bb row_border_radius=\u00bbnone\u00bb row_border_radius_applies=\u00bbbg\u00bb overflow=\u00bbvisible\u00bb overlay_strength=\u00bb0.3&#8243; gradient_direction=\u00bbleft_to_right\u00bb shape_divider_position=\u00bbbottom\u00bb bg_image_animation=\u00bbnone\u00bb][vc_column column_padding=\u00bbno-extra-padding\u00bb column_padding_tablet=\u00bbinherit\u00bb column_padding_phone=\u00bbinherit\u00bb column_padding_position=\u00bball\u00bb column_element_direction_desktop=\u00bbdefault\u00bb column_element_spacing=\u00bbdefault\u00bb desktop_text_alignment=\u00bbdefault\u00bb tablet_text_alignment=\u00bbdefault\u00bb phone_text_alignment=\u00bbdefault\u00bb background_color_opacity=\u00bb1&#8243; background_hover_color_opacity=\u00bb1&#8243; column_backdrop_filter=\u00bbnone\u00bb column_shadow=\u00bbnone\u00bb column_border_radius=\u00bbnone\u00bb column_link_target=\u00bb_self\u00bb column_position=\u00bbdefault\u00bb gradient_direction=\u00bbleft_to_right\u00bb overlay_strength=\u00bb0.3&#8243; width=\u00bb1\/1&#8243; tablet_width_inherit=\u00bbdefault\u00bb animation_type=\u00bbdefault\u00bb bg_image_animation=\u00bbnone\u00bb border_type=\u00bbsimple\u00bb column_border_width=\u00bbnone\u00bb column_border_style=\u00bbsolid\u00bb][vc_column_text css=\u00bb\u00bb el_class=\u00bboe-prod-text\u00bb text_direction=\u00bbdefault\u00bb]\n<h2>El Skateboard perfecto para peque\u00f1os skaters.<\/h2>\n<p>El Little Boards <strong>\u201cAirplane\u201d<\/strong> de 7,0\u2033 ha sido especialmente dise\u00f1ado como Skateboard para ni\u00f1os que quieren aprender a montar en Skateboard de forma segura, r\u00e1pida y divertida. Con proporciones adaptadas a los ni\u00f1os, fabricaci\u00f3n de alta calidad y una configuraci\u00f3n bien pensada, facilita el inicio de los peque\u00f1os skaters desde el principio. <\/p>\n<h3>\u00bfPor qu\u00e9 esta tabla es ideal para ni\u00f1os?<\/h3>\n<ul>\n<li>\u2705 Tama\u00f1o adecuado para la edad para un m\u00e1ximo control<\/li>\n<li>\u2705 Manejo f\u00e1cil gracias a ejes y ruedas blandas<\/li>\n<li>\u2705 Posici\u00f3n segura gracias al ancho de tabla adaptado a los ni\u00f1os<\/li>\n<li>\u2705 Calidad real de monopat\u00edn \u2014 como los de los mayores<\/li>\n<li>\u2705 Reduce la frustraci\u00f3n y fomenta experiencias de \u00e9xito r\u00e1pidas<\/li>\n<\/ul>\n<h3>Tama\u00f1o \u00f3ptimo para pies peque\u00f1os<\/h3>\n<p>Mientras que un monopat\u00edn normal para adultos puede resultar demasiado grande y pesado para los ni\u00f1os, el Little Boards <strong>\u201cAirplane\u201d<\/strong> 7.0\u2033 ofrece las proporciones adecuadas para un aprendizaje seguro y los primeros trucos.<\/p>\n<h2>Detalles t\u00e9cnicos<\/h2>\n<ul>\n<li style=\"list-style-type: none;\">\n<ul>\n<li><strong>Tabla:<\/strong> 7 capas de arce<\/li>\n<li><strong>Tama\u00f1o de la tabla<\/strong>: 7\u2033 x 28.25\u2033 (17,8 x 71,75 cm)<\/li>\n<li><strong>Ejes:<\/strong> Ejes Impact con gomas de direcci\u00f3n blandas (85a)<\/li>\n<li><strong>Ruedas:<\/strong> Ruedas blandas Little Boards 85a &#8211; 50mm<\/li>\n<li><strong>Rodamientos:<\/strong> Impact Skategear ABEC 7<\/li>\n<li><strong>Norma UE:<\/strong> cumple con EN71-1,2,3 | CE<\/li>\n<\/ul>\n<\/li>\n<\/ul>\n<h3>\u00bfPara qui\u00e9n es adecuada esta tabla?<\/h3>\n<p>Este monopat\u00edn es ideal para ni\u00f1os de 5 a 8 a\u00f1os o con una altura de hasta 130 cm aproximadamente y tallas de calzado de hasta 34.<\/p>\n<h3>Aprender de forma segura y bien pensada<\/h3>\n<p>Con su suave manejo de direcci\u00f3n, los ejes reaccionan incluso a peque\u00f1os cambios de peso. Las ruedas blandas garantizan un rodaje suave y seguro incluso en superficies irregulares. De este modo, los ni\u00f1os mantienen siempre el control y desarrollan r\u00e1pidamente confianza en sus habilidades.  <\/p>\n<h3>Little Boards: Skateboards aut\u00e9nticos para ni\u00f1os aut\u00e9nticos<\/h3>\n<p>A diferencia de los monopatines de juguete de las tiendas de juguetes, Little Boards ofrece una calidad real de monopat\u00edn \u2014 a escala m\u00e1s peque\u00f1a, pero fabricado profesionalmente. Perfecto para los primeros intentos de rodar, para aprender de forma segura y para disfrutar del patinaje a largo plazo. <\/p>\n<h4>Puedes encontrar m\u00e1s informaci\u00f3n sobre el tama\u00f1o correcto de monopat\u00edn en nuestra gu\u00eda de tallas de monopatines para ni\u00f1os.<\/h4>\n[\/vc_column_text][nectar_cta btn_style=\u00bbarrow-animation\u00bb heading_tag=\u00bbp\u00bb button_color=\u00bbdefault\u00bb text_color_hover=\u00bb#4ca7ed\u00bb button_border_color=\u00bb#000000&#8243; button_border_color_hover=\u00bb#4ca7ed\u00bb button_border_thickness=\u00bb1px\u00bb link_type=\u00bbregular\u00bb alignment=\u00bbleft\u00bb alignment_tablet=\u00bbdefault\u00bb alignment_phone=\u00bbdefault\u00bb constrain_group_3=\u00bbyes\u00bb constrain_group_4=\u00bbyes\u00bb display=\u00bbblock\u00bb display_tablet=\u00bbinherit\u00bb display_phone=\u00bbinherit\u00bb link_text=\u00bbIr a la gu\u00eda de tallas\u00bb url=\u00bbhttps:\/\/little-boards.com\/es\/guia\/die-richtige-skateboard-groesse-fuer-kinder-finden-little-boards\/\u00bb padding_top=\u00bb10&#8243; padding_bottom=\u00bb10&#8243; padding_left=\u00bb20&#8243; padding_right=\u00bb20&#8243; font_size_desktop=\u00bb16&#8243; font_size_tablet=\u00bb16&#8243; font_size_phone=\u00bb16&#8243; aria_label_text=\u00bbGr\u00f6\u00dfen Guide\u00bb][\/vc_column][\/vc_row][vc_row type=\u00bbin_container\u00bb full_screen_row_position=\u00bbmiddle\u00bb column_margin=\u00bbdefault\u00bb column_direction=\u00bbdefault\u00bb column_direction_tablet=\u00bbdefault\u00bb column_direction_phone=\u00bbdefault\u00bb scene_position=\u00bbcenter\u00bb text_color=\u00bbdark\u00bb text_align=\u00bbleft\u00bb row_border_radius=\u00bbnone\u00bb row_border_radius_applies=\u00bbbg\u00bb overflow=\u00bbvisible\u00bb overlay_strength=\u00bb0.3&#8243; gradient_direction=\u00bbleft_to_right\u00bb shape_divider_position=\u00bbbottom\u00bb bg_image_animation=\u00bbnone\u00bb][vc_column column_padding=\u00bbno-extra-padding\u00bb column_padding_tablet=\u00bbinherit\u00bb column_padding_phone=\u00bbinherit\u00bb column_padding_position=\u00bball\u00bb column_element_direction_desktop=\u00bbdefault\u00bb column_element_spacing=\u00bbdefault\u00bb desktop_text_alignment=\u00bbdefault\u00bb tablet_text_alignment=\u00bbdefault\u00bb phone_text_alignment=\u00bbdefault\u00bb background_color_opacity=\u00bb1&#8243; background_hover_color_opacity=\u00bb1&#8243; column_backdrop_filter=\u00bbnone\u00bb column_shadow=\u00bbnone\u00bb column_border_radius=\u00bbnone\u00bb column_link_target=\u00bb_self\u00bb column_position=\u00bbdefault\u00bb gradient_direction=\u00bbleft_to_right\u00bb overlay_strength=\u00bb0.3&#8243; width=\u00bb1\/1&#8243; tablet_width_inherit=\u00bbdefault\u00bb animation_type=\u00bbdefault\u00bb bg_image_animation=\u00bbnone\u00bb border_type=\u00bbsimple\u00bb column_border_width=\u00bbnone\u00bb column_border_style=\u00bbsolid\u00bb][divider line_type=\u00bbNo Line\u00bb custom_height=\u00bb10&#8243; custom_height_tablet=\u00bb10&#8243; custom_height_phone=\u00bb10&#8243;][toggles style=\u00bbdefault\u00bb border_radius=\u00bbnone\u00bb][toggle color=\u00bbDefault\u00bb heading_tag=\u00bbdefault\u00bb heading_tag_functionality=\u00bbdefault\u00bb title=\u00bbDetalles del fabricante\u00bb][vc_column_text css=\u00bb\u00bb text_direction=\u00bbdefault\u00bb]\n\t\n\t<div class=\"manufacturer wc-gzd-additional-info\">\n\t\t<p class=\"wc-gzd-manufacturer-address\">Little Boards<\/p>\t<\/div>\n[\/vc_column_text][vc_column_text][\/vc_column_text][\/toggle][toggle color=\u00bbDefault\u00bb heading_tag=\u00bbdefault\u00bb heading_tag_functionality=\u00bbdefault\u00bb title=\u00bbNormas de seguridad\u00bb][vc_column_text css=\u00bb\u00bb text_direction=\u00bbdefault\u00bb]\n\t\n\t<div class=\"safety-instructions wc-gzd-additional-info\">\n\t\t<div class=\"safety-instructions wc-gzd-additional-info\">\n<p><strong>Atenci\u00f3n:<\/strong> no apto para ni\u00f1os menores de 3 a\u00f1os<\/p>\n<\/div>\n\t<\/div>\n\n\n[\/vc_column_text][\/toggle][\/toggles][\/vc_column][\/vc_row]\n","protected":false},"excerpt":{"rendered":"<p>[vc_row type=\u00bbin_container\u00bb full_screen_row_position=\u00bbmiddle\u00bb column_margin=\u00bbdefault\u00bb column_direction=\u00bbdefault\u00bb column_direction_tablet=\u00bbdefault\u00bb column_direction_phone=\u00bbdefault\u00bb scene_position=\u00bbcenter\u00bb text_color=\u00bbdark\u00bb text_align=\u00bbleft\u00bb row_border_radius=\u00bbnone\u00bb row_border_radius_applies=\u00bbbg\u00bb overflow=\u00bbvisible\u00bb overlay_strength=\u00bb0.3&#8243; gradient_direction=\u00bbleft_to_right\u00bb shape_divider_position=\u00bbbottom\u00bb bg_image_animation=\u00bbnone\u00bb gradient_type=\u00bbdefault\u00bb shape_type=\u00bb\u00bb][vc_column column_padding=\u00bbno-extra-padding\u00bb column_padding_tablet=\u00bbinherit\u00bb column_padding_phone=\u00bbinherit\u00bb column_padding_position=\u00bball\u00bb column_element_direction_desktop=\u00bbdefault\u00bb column_element_spacing=\u00bbdefault\u00bb desktop_text_alignment=\u00bbdefault\u00bb tablet_text_alignment=\u00bbdefault\u00bb phone_text_alignment=\u00bbdefault\u00bb background_color_opacity=\u00bb1&#8243; background_hover_color_opacity=\u00bb1&#8243;&#8230;<\/p>\n","protected":false},"featured_media":16443,"template":"","meta":{"inline_featured_image":false},"product_brand":[],"product_cat":[143],"product_tag":[218],"class_list":{"0":"post-2905","1":"product","2":"type-product","3":"status-publish","4":"has-post-thumbnail","6":"product_cat-monopatines-5-8-anos","7":"product_tag-skateboard-es","9":"first","10":"instock","11":"taxable","12":"shipping-taxable","13":"purchasable","14":"product-type-simple"},"yoast_head":"<!-- This site is optimized with the Yoast SEO plugin v27.4 - https:\/\/yoast.com\/product\/yoast-seo-wordpress\/ -->\n<title>Skateboard para ni\u00f1os \u2013 Little Boards \u201cAirplane\u201d, 7,0 pulgadas, 5-8 a\u00f1os<\/title>\n<meta name=\"description\" content=\"Little Boards \u201cAirplane\u201d \u2013 Monopat\u00edn infantil de 7.0 pulgadas, ideal para ni\u00f1os de 5 a 8 a\u00f1os. Seguro, ligero y perfecto para los primeros intentos de patinaje.\" \/>\n<meta name=\"robots\" content=\"index, follow, max-snippet:-1, max-image-preview:large, max-video-preview:-1\" \/>\n<link rel=\"canonical\" href=\"https:\/\/little-boards.com\/es\/shop\/skateboard-fuer-kinder-little-boards-airplane-7-0-zoll-anfaenger-5-8-jahre\/\" \/>\n<meta property=\"og:locale\" content=\"es_ES\" \/>\n<meta property=\"og:type\" content=\"article\" \/>\n<meta property=\"og:title\" content=\"Skateboard para ni\u00f1os \u2013 Little Boards \u201cAirplane\u201d, 7,0 pulgadas, 5-8 a\u00f1os\" \/>\n<meta property=\"og:description\" content=\"Little Boards \u201cAirplane\u201d \u2013 Monopat\u00edn infantil de 7.0 pulgadas, ideal para ni\u00f1os de 5 a 8 a\u00f1os. Seguro, ligero y perfecto para los primeros intentos de patinaje.\" \/>\n<meta property=\"og:url\" content=\"https:\/\/little-boards.com\/es\/shop\/skateboard-fuer-kinder-little-boards-airplane-7-0-zoll-anfaenger-5-8-jahre\/\" \/>\n<meta property=\"og:site_name\" content=\"Little Boards Skateboards\" \/>\n<meta property=\"article:modified_time\" content=\"2025-09-18T20:04:36+00:00\" \/>\n<meta property=\"og:image\" content=\"https:\/\/little-boards.com\/wp-content\/uploads\/2025\/07\/1209758_Product.jpg\" \/>\n\t<meta property=\"og:image:width\" content=\"1000\" \/>\n\t<meta property=\"og:image:height\" content=\"1300\" \/>\n\t<meta property=\"og:image:type\" content=\"image\/jpeg\" \/>\n<meta name=\"twitter:card\" content=\"summary_large_image\" \/>\n<meta name=\"twitter:label1\" content=\"Tiempo de lectura\" \/>\n\t<meta name=\"twitter:data1\" content=\"6 minutos\" \/>\n<script type=\"application\/ld+json\" class=\"yoast-schema-graph\">{\"@context\":\"https:\\\/\\\/schema.org\",\"@graph\":[{\"@type\":\"WebPage\",\"@id\":\"https:\\\/\\\/little-boards.com\\\/es\\\/shop\\\/skateboard-fuer-kinder-little-boards-airplane-7-0-zoll-anfaenger-5-8-jahre\\\/\",\"url\":\"https:\\\/\\\/little-boards.com\\\/es\\\/shop\\\/skateboard-fuer-kinder-little-boards-airplane-7-0-zoll-anfaenger-5-8-jahre\\\/\",\"name\":\"Skateboard para ni\u00f1os \u2013 Little Boards \u201cAirplane\u201d, 7,0 pulgadas, 5-8 a\u00f1os\",\"isPartOf\":{\"@id\":\"https:\\\/\\\/little-boards.com\\\/es\\\/#website\"},\"primaryImageOfPage\":{\"@id\":\"https:\\\/\\\/little-boards.com\\\/es\\\/shop\\\/skateboard-fuer-kinder-little-boards-airplane-7-0-zoll-anfaenger-5-8-jahre\\\/#primaryimage\"},\"image\":{\"@id\":\"https:\\\/\\\/little-boards.com\\\/es\\\/shop\\\/skateboard-fuer-kinder-little-boards-airplane-7-0-zoll-anfaenger-5-8-jahre\\\/#primaryimage\"},\"thumbnailUrl\":\"https:\\\/\\\/little-boards.com\\\/wp-content\\\/uploads\\\/2026\\\/03\\\/6413352_Product.png\",\"datePublished\":\"2025-05-30T12:39:37+00:00\",\"dateModified\":\"2025-09-18T20:04:36+00:00\",\"description\":\"Little Boards \u201cAirplane\u201d \u2013 Monopat\u00edn infantil de 7.0 pulgadas, ideal para ni\u00f1os de 5 a 8 a\u00f1os. Seguro, ligero y perfecto para los primeros intentos de patinaje.\",\"breadcrumb\":{\"@id\":\"https:\\\/\\\/little-boards.com\\\/es\\\/shop\\\/skateboard-fuer-kinder-little-boards-airplane-7-0-zoll-anfaenger-5-8-jahre\\\/#breadcrumb\"},\"inLanguage\":\"es\",\"potentialAction\":[{\"@type\":\"ReadAction\",\"target\":[\"https:\\\/\\\/little-boards.com\\\/es\\\/shop\\\/skateboard-fuer-kinder-little-boards-airplane-7-0-zoll-anfaenger-5-8-jahre\\\/\"]}]},{\"@type\":\"ImageObject\",\"inLanguage\":\"es\",\"@id\":\"https:\\\/\\\/little-boards.com\\\/es\\\/shop\\\/skateboard-fuer-kinder-little-boards-airplane-7-0-zoll-anfaenger-5-8-jahre\\\/#primaryimage\",\"url\":\"https:\\\/\\\/little-boards.com\\\/wp-content\\\/uploads\\\/2026\\\/03\\\/6413352_Product.png\",\"contentUrl\":\"https:\\\/\\\/little-boards.com\\\/wp-content\\\/uploads\\\/2026\\\/03\\\/6413352_Product.png\",\"width\":1500,\"height\":2000,\"caption\":\"Kinder-Skateboard-Little-Boards-Plane-65-01.png\"},{\"@type\":\"BreadcrumbList\",\"@id\":\"https:\\\/\\\/little-boards.com\\\/es\\\/shop\\\/skateboard-fuer-kinder-little-boards-airplane-7-0-zoll-anfaenger-5-8-jahre\\\/#breadcrumb\",\"itemListElement\":[{\"@type\":\"ListItem\",\"position\":1,\"name\":\"Inicio\",\"item\":\"https:\\\/\\\/little-boards.com\\\/es\\\/skateboard-fuer-kinder-little-boards-anfaenger-3-11-jahre\\\/\"},{\"@type\":\"ListItem\",\"position\":2,\"name\":\"Tienda\",\"item\":\"https:\\\/\\\/little-boards.com\\\/es\\\/tienda\\\/\"},{\"@type\":\"ListItem\",\"position\":3,\"name\":\"Airplane \u2013 Monopat\u00edn infantil 7.0&#8243;\"}]},{\"@type\":\"WebSite\",\"@id\":\"https:\\\/\\\/little-boards.com\\\/es\\\/#website\",\"url\":\"https:\\\/\\\/little-boards.com\\\/es\\\/\",\"name\":\"Little Boards Skateboards\",\"description\":\"real boards for real kids\",\"publisher\":{\"@id\":\"https:\\\/\\\/little-boards.com\\\/es\\\/#organization\"},\"alternateName\":\"Kinder-Skateboards\",\"potentialAction\":[{\"@type\":\"SearchAction\",\"target\":{\"@type\":\"EntryPoint\",\"urlTemplate\":\"https:\\\/\\\/little-boards.com\\\/es\\\/?s={search_term_string}\"},\"query-input\":{\"@type\":\"PropertyValueSpecification\",\"valueRequired\":true,\"valueName\":\"search_term_string\"}}],\"inLanguage\":\"es\"},{\"@type\":\"Organization\",\"@id\":\"https:\\\/\\\/little-boards.com\\\/es\\\/#organization\",\"name\":\"Little Boards Skateboards\",\"url\":\"https:\\\/\\\/little-boards.com\\\/es\\\/\",\"logo\":{\"@type\":\"ImageObject\",\"inLanguage\":\"es\",\"@id\":\"https:\\\/\\\/little-boards.com\\\/es\\\/#\\\/schema\\\/logo\\\/image\\\/\",\"url\":\"https:\\\/\\\/little-boards.com\\\/wp-content\\\/uploads\\\/2025\\\/05\\\/LB-Bubble-Logo-003.svg\",\"contentUrl\":\"https:\\\/\\\/little-boards.com\\\/wp-content\\\/uploads\\\/2025\\\/05\\\/LB-Bubble-Logo-003.svg\",\"width\":\"1024\",\"height\":\"1024\",\"caption\":\"Little Boards Skateboards\"},\"image\":{\"@id\":\"https:\\\/\\\/little-boards.com\\\/es\\\/#\\\/schema\\\/logo\\\/image\\\/\"}}]}<\/script>\n<!-- \/ Yoast SEO plugin. -->","yoast_head_json":{"title":"Skateboard para ni\u00f1os \u2013 Little Boards \u201cAirplane\u201d, 7,0 pulgadas, 5-8 a\u00f1os","description":"Little Boards \u201cAirplane\u201d \u2013 Monopat\u00edn infantil de 7.0 pulgadas, ideal para ni\u00f1os de 5 a 8 a\u00f1os. Seguro, ligero y perfecto para los primeros intentos de patinaje.","robots":{"index":"index","follow":"follow","max-snippet":"max-snippet:-1","max-image-preview":"max-image-preview:large","max-video-preview":"max-video-preview:-1"},"canonical":"https:\/\/little-boards.com\/es\/shop\/skateboard-fuer-kinder-little-boards-airplane-7-0-zoll-anfaenger-5-8-jahre\/","og_locale":"es_ES","og_type":"article","og_title":"Skateboard para ni\u00f1os \u2013 Little Boards \u201cAirplane\u201d, 7,0 pulgadas, 5-8 a\u00f1os","og_description":"Little Boards \u201cAirplane\u201d \u2013 Monopat\u00edn infantil de 7.0 pulgadas, ideal para ni\u00f1os de 5 a 8 a\u00f1os. Seguro, ligero y perfecto para los primeros intentos de patinaje.","og_url":"https:\/\/little-boards.com\/es\/shop\/skateboard-fuer-kinder-little-boards-airplane-7-0-zoll-anfaenger-5-8-jahre\/","og_site_name":"Little Boards Skateboards","article_modified_time":"2025-09-18T20:04:36+00:00","og_image":[{"width":1000,"height":1300,"url":"https:\/\/little-boards.com\/wp-content\/uploads\/2025\/07\/1209758_Product.jpg","type":"image\/jpeg"}],"twitter_card":"summary_large_image","twitter_misc":{"Tiempo de lectura":"6 minutos"},"schema":{"@context":"https:\/\/schema.org","@graph":[{"@type":"WebPage","@id":"https:\/\/little-boards.com\/es\/shop\/skateboard-fuer-kinder-little-boards-airplane-7-0-zoll-anfaenger-5-8-jahre\/","url":"https:\/\/little-boards.com\/es\/shop\/skateboard-fuer-kinder-little-boards-airplane-7-0-zoll-anfaenger-5-8-jahre\/","name":"Skateboard para ni\u00f1os \u2013 Little Boards \u201cAirplane\u201d, 7,0 pulgadas, 5-8 a\u00f1os","isPartOf":{"@id":"https:\/\/little-boards.com\/es\/#website"},"primaryImageOfPage":{"@id":"https:\/\/little-boards.com\/es\/shop\/skateboard-fuer-kinder-little-boards-airplane-7-0-zoll-anfaenger-5-8-jahre\/#primaryimage"},"image":{"@id":"https:\/\/little-boards.com\/es\/shop\/skateboard-fuer-kinder-little-boards-airplane-7-0-zoll-anfaenger-5-8-jahre\/#primaryimage"},"thumbnailUrl":"https:\/\/little-boards.com\/wp-content\/uploads\/2026\/03\/6413352_Product.png","datePublished":"2025-05-30T12:39:37+00:00","dateModified":"2025-09-18T20:04:36+00:00","description":"Little Boards \u201cAirplane\u201d \u2013 Monopat\u00edn infantil de 7.0 pulgadas, ideal para ni\u00f1os de 5 a 8 a\u00f1os. Seguro, ligero y perfecto para los primeros intentos de patinaje.","breadcrumb":{"@id":"https:\/\/little-boards.com\/es\/shop\/skateboard-fuer-kinder-little-boards-airplane-7-0-zoll-anfaenger-5-8-jahre\/#breadcrumb"},"inLanguage":"es","potentialAction":[{"@type":"ReadAction","target":["https:\/\/little-boards.com\/es\/shop\/skateboard-fuer-kinder-little-boards-airplane-7-0-zoll-anfaenger-5-8-jahre\/"]}]},{"@type":"ImageObject","inLanguage":"es","@id":"https:\/\/little-boards.com\/es\/shop\/skateboard-fuer-kinder-little-boards-airplane-7-0-zoll-anfaenger-5-8-jahre\/#primaryimage","url":"https:\/\/little-boards.com\/wp-content\/uploads\/2026\/03\/6413352_Product.png","contentUrl":"https:\/\/little-boards.com\/wp-content\/uploads\/2026\/03\/6413352_Product.png","width":1500,"height":2000,"caption":"Kinder-Skateboard-Little-Boards-Plane-65-01.png"},{"@type":"BreadcrumbList","@id":"https:\/\/little-boards.com\/es\/shop\/skateboard-fuer-kinder-little-boards-airplane-7-0-zoll-anfaenger-5-8-jahre\/#breadcrumb","itemListElement":[{"@type":"ListItem","position":1,"name":"Inicio","item":"https:\/\/little-boards.com\/es\/skateboard-fuer-kinder-little-boards-anfaenger-3-11-jahre\/"},{"@type":"ListItem","position":2,"name":"Tienda","item":"https:\/\/little-boards.com\/es\/tienda\/"},{"@type":"ListItem","position":3,"name":"Airplane \u2013 Monopat\u00edn infantil 7.0&#8243;"}]},{"@type":"WebSite","@id":"https:\/\/little-boards.com\/es\/#website","url":"https:\/\/little-boards.com\/es\/","name":"Little Boards Skateboards","description":"real boards for real kids","publisher":{"@id":"https:\/\/little-boards.com\/es\/#organization"},"alternateName":"Kinder-Skateboards","potentialAction":[{"@type":"SearchAction","target":{"@type":"EntryPoint","urlTemplate":"https:\/\/little-boards.com\/es\/?s={search_term_string}"},"query-input":{"@type":"PropertyValueSpecification","valueRequired":true,"valueName":"search_term_string"}}],"inLanguage":"es"},{"@type":"Organization","@id":"https:\/\/little-boards.com\/es\/#organization","name":"Little Boards Skateboards","url":"https:\/\/little-boards.com\/es\/","logo":{"@type":"ImageObject","inLanguage":"es","@id":"https:\/\/little-boards.com\/es\/#\/schema\/logo\/image\/","url":"https:\/\/little-boards.com\/wp-content\/uploads\/2025\/05\/LB-Bubble-Logo-003.svg","contentUrl":"https:\/\/little-boards.com\/wp-content\/uploads\/2025\/05\/LB-Bubble-Logo-003.svg","width":"1024","height":"1024","caption":"Little Boards Skateboards"},"image":{"@id":"https:\/\/little-boards.com\/es\/#\/schema\/logo\/image\/"}}]}},"_links":{"self":[{"href":"https:\/\/little-boards.com\/es\/wp-json\/wp\/v2\/product\/2905","targetHints":{"allow":["GET"]}}],"collection":[{"href":"https:\/\/little-boards.com\/es\/wp-json\/wp\/v2\/product"}],"about":[{"href":"https:\/\/little-boards.com\/es\/wp-json\/wp\/v2\/types\/product"}],"wp:featuredmedia":[{"embeddable":true,"href":"https:\/\/little-boards.com\/es\/wp-json\/wp\/v2\/media\/16443"}],"wp:attachment":[{"href":"https:\/\/little-boards.com\/es\/wp-json\/wp\/v2\/media?parent=2905"}],"wp:term":[{"taxonomy":"product_brand","embeddable":true,"href":"https:\/\/little-boards.com\/es\/wp-json\/wp\/v2\/product_brand?post=2905"},{"taxonomy":"product_cat","embeddable":true,"href":"https:\/\/little-boards.com\/es\/wp-json\/wp\/v2\/product_cat?post=2905"},{"taxonomy":"product_tag","embeddable":true,"href":"https:\/\/little-boards.com\/es\/wp-json\/wp\/v2\/product_tag?post=2905"}],"curies":[{"name":"wp","href":"https:\/\/api.w.org\/{rel}","templated":true}]}}