

{"id":2382,"date":"2024-03-13T17:09:48","date_gmt":"2024-03-13T16:09:48","guid":{"rendered":"https:\/\/little-boards.com\/instruccion-sobre-el-derecho-de-desistimiento\/"},"modified":"2025-10-08T20:47:32","modified_gmt":"2025-10-08T18:47:32","slug":"widerrufsbelehrung","status":"publish","type":"page","link":"https:\/\/little-boards.com\/es\/widerrufsbelehrung\/","title":{"rendered":"Instrucci\u00f3n sobre el derecho de desistimiento"},"content":{"rendered":"[vc_row type=\u00bbfull_width_background\u00bb full_screen_row_position=\u00bbmiddle\u00bb column_margin=\u00bbdefault\u00bb column_direction=\u00bbdefault\u00bb column_direction_tablet=\u00bbdefault\u00bb column_direction_phone=\u00bbdefault\u00bb scene_position=\u00bbcenter\u00bb top_padding=\u00bb12%\u00bb bottom_padding=\u00bb5%\u00bb text_color=\u00bbdark\u00bb text_align=\u00bbleft\u00bb row_border_radius=\u00bbnone\u00bb row_border_radius_applies=\u00bbbg\u00bb overflow=\u00bbvisible\u00bb class=\u00bboe-legalpage\u00bb overlay_strength=\u00bb0.3&#8243; gradient_direction=\u00bbleft_to_right\u00bb shape_divider_position=\u00bbbottom\u00bb bg_image_animation=\u00bbnone\u00bb gradient_type=\u00bbdefault\u00bb shape_type=\u00bb\u00bb][vc_column column_padding=\u00bbno-extra-padding\u00bb column_padding_tablet=\u00bbinherit\u00bb column_padding_phone=\u00bbinherit\u00bb column_padding_position=\u00bball\u00bb column_element_direction_desktop=\u00bbdefault\u00bb column_element_spacing=\u00bbdefault\u00bb desktop_text_alignment=\u00bbdefault\u00bb tablet_text_alignment=\u00bbdefault\u00bb phone_text_alignment=\u00bbdefault\u00bb background_color_opacity=\u00bb1&#8243; background_hover_color_opacity=\u00bb1&#8243; column_backdrop_filter=\u00bbnone\u00bb column_shadow=\u00bbnone\u00bb column_border_radius=\u00bbnone\u00bb column_link_target=\u00bb_self\u00bb column_position=\u00bbdefault\u00bb gradient_direction=\u00bbleft_to_right\u00bb overlay_strength=\u00bb0.3&#8243; width=\u00bb1\/1&#8243; tablet_width_inherit=\u00bbdefault\u00bb animation_type=\u00bbdefault\u00bb bg_image_animation=\u00bbnone\u00bb border_type=\u00bbsimple\u00bb column_border_width=\u00bbnone\u00bb column_border_style=\u00bbsolid\u00bb][nectar_responsive_text inherited_font_style=\u00bbdefault\u00bb text_direction=\u00bbdefault\u00bb]\n<h1><strong>Derecho de desistimiento para consumidores<\/strong><\/h1>\n[\/nectar_responsive_text][vc_column_text css=\u00bb\u00bb text_direction=\u00bbdefault\u00bb](Se considera consumidor a toda persona f\u00edsica que celebra un negocio jur\u00eddico con fines que, en su mayor parte, no pueden atribuirse ni a su actividad comercial ni a su actividad profesional independiente.)<\/p>\n<h2><strong>Instrucci\u00f3n sobre el derecho de desistimiento<\/strong><\/h2>\n<p><strong>Derecho de desistimiento<\/strong><br \/>Tiene derecho a desistir de este contrato en el plazo de un mes sin necesidad de justificaci\u00f3n.<br \/>El plazo de desistimiento es de un mes a partir del d\u00eda<\/p>\n<p>&#8211; en que usted o un tercero designado por usted, que no sea el transportista, haya tomado posesi\u00f3n de la mercanc\u00eda, en caso de que haya pedido una o varias mercanc\u00edas en un solo pedido y estas se entreguen de forma conjunta;<\/p>\n<p>&#8211; en que usted o un tercero designado por usted, que no sea el transportista, haya tomado posesi\u00f3n de la \u00faltima mercanc\u00eda, en caso de que haya pedido varias mercanc\u00edas en un solo pedido y estas se entreguen por separado;<\/p>\n<p>&#8211; en que usted o un tercero designado por usted, que no sea el transportista, haya tomado posesi\u00f3n del \u00faltimo env\u00edo parcial o de la \u00faltima pieza, en caso de que haya pedido una mercanc\u00eda que se entregue en varios env\u00edos parciales o piezas;<\/p>\n<p>Para ejercer su derecho de desistimiento, deber\u00e1 informarnos a nosotros <strong>(Little Boards, Havoc Distribution GmbH, Bl\u00fccherstra\u00dfe 36, 10961 Berl\u00edn, N\u00famero de tel\u00e9fono: +49 3043201799, Direcci\u00f3n de correo electr\u00f3nico: hello@little-boards.com)<\/strong> de su decisi\u00f3n de desistir del presente contrato a trav\u00e9s de una declaraci\u00f3n inequ\u00edvoca (por ejemplo, una carta enviada por correo postal o un correo electr\u00f3nico). Podr\u00e1 utilizar el modelo de formulario de desistimiento adjunto, aunque su uso no es obligatorio. <\/p>\n<p>Para cumplir el plazo de desistimiento, basta con que env\u00ede la comunicaci\u00f3n relativa al ejercicio del derecho de desistimiento antes de que expire el plazo de desistimiento.<\/p>\n<p><strong>Consecuencias del desistimiento<\/strong><\/p>\n<p>Si desiste de este contrato, le devolveremos todos los pagos que hayamos recibido de usted, incluidos los gastos de env\u00edo (con excepci\u00f3n de los gastos adicionales resultantes de su elecci\u00f3n de una modalidad de entrega diferente a la modalidad menos costosa de entrega ordinaria que ofrezcamos), sin ninguna demora indebida y, en todo caso, a m\u00e1s tardar en 14 d\u00edas a partir de la fecha en que se nos informe de su decisi\u00f3n de desistir del presente contrato. Procederemos a efectuar dicho reembolso utilizando el mismo medio de pago empleado por usted para la transacci\u00f3n inicial, a no ser que haya usted dispuesto expresamente lo contrario; en todo caso, no incurrir\u00e1 en ning\u00fan gasto como consecuencia del reembolso. <\/p>\n<p>Podremos retener el reembolso hasta haber recibido los bienes, o hasta que usted haya presentado una prueba de la devoluci\u00f3n de los mismos, seg\u00fan qu\u00e9 condici\u00f3n se cumpla primero.<\/p>\n<p>Deber\u00e1 usted devolvernos o entregarnos los bienes sin ninguna demora indebida y, en cualquier caso, a m\u00e1s tardar en el plazo de 14 d\u00edas a partir de la fecha en que nos comunique su decisi\u00f3n de desistimiento del contrato. Se considerar\u00e1 cumplido el plazo si efect\u00faa la devoluci\u00f3n de los bienes antes de que haya concluido el plazo de 14 d\u00edas. <\/p>\n<p>Deber\u00e1 usted asumir el coste directo de devoluci\u00f3n de los bienes aptos para el env\u00edo por paqueter\u00eda, as\u00ed como el coste directo de devoluci\u00f3n de los bienes no aptos para el env\u00edo por paqueter\u00eda. Los costes de devoluci\u00f3n de los bienes no aptos para el env\u00edo por paqueter\u00eda se estiman en un m\u00e1ximo de aproximadamente 25 EUR. <\/p>\n<p>Solo ser\u00e1 usted responsable de la disminuci\u00f3n de valor de los bienes resultante de una manipulaci\u00f3n distinta a la necesaria para establecer la naturaleza, las caracter\u00edsticas y el funcionamiento de los bienes.<\/p>\n<p><strong>Motivos de exclusi\u00f3n o extinci\u00f3n<\/strong><\/p>\n<p>El derecho de desistimiento no se aplica a los contratos<\/p>\n<p>&#8211; para el suministro de bienes confeccionados conforme a las especificaciones del consumidor o claramente personalizados;<br \/>&#8211; para el suministro de bienes que puedan deteriorarse o caducar r\u00e1pidamente;<br \/>&#8211; para el suministro de bebidas alcoh\u00f3licas cuyo precio haya sido acordado en el momento de celebrar el contrato de venta y que no puedan ser entregadas antes de 30 d\u00edas, y cuyo valor real dependa de fluctuaciones del mercado que el empresario no pueda controlar;<br \/>&#8211; para el suministro de diarios, revistas o publicaciones peri\u00f3dicas, a excepci\u00f3n de los contratos de suscripci\u00f3n.<\/p>\n<p>El derecho de desistimiento se extingue anticipadamente en los contratos<\/p>\n<p>&#8211; para el suministro de bienes precintados que no sean aptos para ser devueltos por razones de protecci\u00f3n de la salud o de higiene y que hayan sido desprecintados tras la entrega;<br \/>&#8211; para el suministro de bienes que despu\u00e9s de su entrega y teniendo en cuenta su naturaleza, se hayan mezclado de forma inseparable con otros bienes;<br \/>&#8211; para el suministro de grabaciones sonoras o de v\u00eddeo precintadas o de programas inform\u00e1ticos precintados, que hayan sido desprecintados tras la entrega.<\/p>\n<hr>\n<h3><strong>Modelo de formulario de desistimiento<\/strong><\/h3>\n<p>(Si desea desistir del contrato, por favor, rellene este formulario y env\u00edenoslo.)<\/p>\n<p>&#8211; A Little Boards, Havoc Distribution GmbH, Bl\u00fccherstra\u00dfe 36, 10961 Berl\u00edn, Direcci\u00f3n de correo electr\u00f3nico: mail@little-boards.com :<\/p>\n<p>&#8211; Por la presente, desisto\/desistimos (*) del contrato celebrado por m\u00ed\/nosotros (*) para la compra de los siguientes bienes (*)\/<br \/>la prestaci\u00f3n del siguiente servicio (*)<\/p>\n<p>&#8211; Pedido el (*)\/ recibido el (*)<\/p>\n<p>&#8211; Nombre del\/de los consumidor(es)<br \/>&#8211; Direcci\u00f3n del\/de los consumidor(es)<br \/>&#8211; Firma del\/de los consumidor(es) (solo si se notifica en papel)<br \/>&#8211; Fecha<\/p>\n<p>(*) T\u00e1chese lo que no proceda.[\/vc_column_text][\/vc_column][\/vc_row]\n","protected":false},"excerpt":{"rendered":"<p>[vc_row type=\u00bbfull_width_background\u00bb full_screen_row_position=\u00bbmiddle\u00bb column_margin=\u00bbdefault\u00bb column_direction=\u00bbdefault\u00bb column_direction_tablet=\u00bbdefault\u00bb column_direction_phone=\u00bbdefault\u00bb scene_position=\u00bbcenter\u00bb top_padding=\u00bb12%\u00bb bottom_padding=\u00bb5%\u00bb text_color=\u00bbdark\u00bb text_align=\u00bbleft\u00bb row_border_radius=\u00bbnone\u00bb row_border_radius_applies=\u00bbbg\u00bb overflow=\u00bbvisible\u00bb class=\u00bboe-legalpage\u00bb overlay_strength=\u00bb0.3&#8243; gradient_direction=\u00bbleft_to_right\u00bb shape_divider_position=\u00bbbottom\u00bb bg_image_animation=\u00bbnone\u00bb gradient_type=\u00bbdefault\u00bb shape_type=\u00bb\u00bb][vc_column column_padding=\u00bbno-extra-padding\u00bb column_padding_tablet=\u00bbinherit\u00bb column_padding_phone=\u00bbinherit\u00bb column_padding_position=\u00bball\u00bb column_element_direction_desktop=\u00bbdefault\u00bb column_element_spacing=\u00bbdefault\u00bb desktop_text_alignment=\u00bbdefault\u00bb tablet_text_alignment=\u00bbdefault\u00bb&#8230;<\/p>\n","protected":false},"author":1,"featured_media":0,"parent":0,"menu_order":0,"comment_status":"closed","ping_status":"closed","template":"","meta":{"inline_featured_image":false,"footnotes":""},"class_list":["post-2382","page","type-page","status-publish"],"yoast_head":"<!-- This site is optimized with the Yoast SEO plugin v27.4 - https:\/\/yoast.com\/product\/yoast-seo-wordpress\/ -->\n<title>Instrucci\u00f3n sobre el derecho de desistimiento - Little Boards Skateboards<\/title>\n<meta name=\"robots\" content=\"index, follow, max-snippet:-1, max-image-preview:large, max-video-preview:-1\" \/>\n<link rel=\"canonical\" href=\"https:\/\/little-boards.com\/es\/widerrufsbelehrung\/\" \/>\n<meta property=\"og:locale\" content=\"es_ES\" \/>\n<meta property=\"og:type\" content=\"article\" \/>\n<meta property=\"og:title\" content=\"Instrucci\u00f3n sobre el derecho de desistimiento - Little Boards Skateboards\" \/>\n<meta property=\"og:description\" content=\"[vc_row type=\u00bbfull_width_background\u00bb full_screen_row_position=\u00bbmiddle\u00bb column_margin=\u00bbdefault\u00bb column_direction=\u00bbdefault\u00bb column_direction_tablet=\u00bbdefault\u00bb column_direction_phone=\u00bbdefault\u00bb scene_position=\u00bbcenter\u00bb top_padding=\u00bb12%\u00bb bottom_padding=\u00bb5%\u00bb text_color=\u00bbdark\u00bb text_align=\u00bbleft\u00bb row_border_radius=\u00bbnone\u00bb row_border_radius_applies=\u00bbbg\u00bb overflow=\u00bbvisible\u00bb class=\u00bboe-legalpage\u00bb overlay_strength=\u00bb0.3&#8243; gradient_direction=\u00bbleft_to_right\u00bb shape_divider_position=\u00bbbottom\u00bb bg_image_animation=\u00bbnone\u00bb gradient_type=\u00bbdefault\u00bb shape_type=\u00bb\u00bb][vc_column column_padding=\u00bbno-extra-padding\u00bb column_padding_tablet=\u00bbinherit\u00bb column_padding_phone=\u00bbinherit\u00bb column_padding_position=\u00bball\u00bb column_element_direction_desktop=\u00bbdefault\u00bb column_element_spacing=\u00bbdefault\u00bb desktop_text_alignment=\u00bbdefault\u00bb tablet_text_alignment=\u00bbdefault\u00bb...\" \/>\n<meta property=\"og:url\" content=\"https:\/\/little-boards.com\/es\/widerrufsbelehrung\/\" \/>\n<meta property=\"og:site_name\" content=\"Little Boards Skateboards\" \/>\n<meta property=\"article:modified_time\" content=\"2025-10-08T18:47:32+00:00\" \/>\n<meta name=\"twitter:card\" content=\"summary_large_image\" \/>\n<meta name=\"twitter:label1\" content=\"Tiempo de lectura\" \/>\n\t<meta name=\"twitter:data1\" content=\"6 minutos\" \/>\n<script type=\"application\/ld+json\" class=\"yoast-schema-graph\">{\"@context\":\"https:\\\/\\\/schema.org\",\"@graph\":[{\"@type\":\"WebPage\",\"@id\":\"https:\\\/\\\/little-boards.com\\\/es\\\/widerrufsbelehrung\\\/\",\"url\":\"https:\\\/\\\/little-boards.com\\\/es\\\/widerrufsbelehrung\\\/\",\"name\":\"Instrucci\u00f3n sobre el derecho de desistimiento - Little Boards Skateboards\",\"isPartOf\":{\"@id\":\"https:\\\/\\\/little-boards.com\\\/es\\\/#website\"},\"datePublished\":\"2024-03-13T16:09:48+00:00\",\"dateModified\":\"2025-10-08T18:47:32+00:00\",\"breadcrumb\":{\"@id\":\"https:\\\/\\\/little-boards.com\\\/es\\\/widerrufsbelehrung\\\/#breadcrumb\"},\"inLanguage\":\"es\",\"potentialAction\":[{\"@type\":\"ReadAction\",\"target\":[\"https:\\\/\\\/little-boards.com\\\/es\\\/widerrufsbelehrung\\\/\"]}]},{\"@type\":\"BreadcrumbList\",\"@id\":\"https:\\\/\\\/little-boards.com\\\/es\\\/widerrufsbelehrung\\\/#breadcrumb\",\"itemListElement\":[{\"@type\":\"ListItem\",\"position\":1,\"name\":\"Inicio\",\"item\":\"https:\\\/\\\/little-boards.com\\\/es\\\/skateboard-fuer-kinder-little-boards-anfaenger-3-11-jahre\\\/\"},{\"@type\":\"ListItem\",\"position\":2,\"name\":\"Instrucci\u00f3n sobre el derecho de desistimiento\"}]},{\"@type\":\"WebSite\",\"@id\":\"https:\\\/\\\/little-boards.com\\\/es\\\/#website\",\"url\":\"https:\\\/\\\/little-boards.com\\\/es\\\/\",\"name\":\"Little Boards Skateboards\",\"description\":\"real boards for real kids\",\"publisher\":{\"@id\":\"https:\\\/\\\/little-boards.com\\\/es\\\/#organization\"},\"alternateName\":\"Kinder-Skateboards\",\"potentialAction\":[{\"@type\":\"SearchAction\",\"target\":{\"@type\":\"EntryPoint\",\"urlTemplate\":\"https:\\\/\\\/little-boards.com\\\/es\\\/?s={search_term_string}\"},\"query-input\":{\"@type\":\"PropertyValueSpecification\",\"valueRequired\":true,\"valueName\":\"search_term_string\"}}],\"inLanguage\":\"es\"},{\"@type\":\"Organization\",\"@id\":\"https:\\\/\\\/little-boards.com\\\/es\\\/#organization\",\"name\":\"Little Boards Skateboards\",\"url\":\"https:\\\/\\\/little-boards.com\\\/es\\\/\",\"logo\":{\"@type\":\"ImageObject\",\"inLanguage\":\"es\",\"@id\":\"https:\\\/\\\/little-boards.com\\\/es\\\/#\\\/schema\\\/logo\\\/image\\\/\",\"url\":\"https:\\\/\\\/little-boards.com\\\/wp-content\\\/uploads\\\/2025\\\/05\\\/LB-Bubble-Logo-003.svg\",\"contentUrl\":\"https:\\\/\\\/little-boards.com\\\/wp-content\\\/uploads\\\/2025\\\/05\\\/LB-Bubble-Logo-003.svg\",\"width\":\"1024\",\"height\":\"1024\",\"caption\":\"Little Boards Skateboards\"},\"image\":{\"@id\":\"https:\\\/\\\/little-boards.com\\\/es\\\/#\\\/schema\\\/logo\\\/image\\\/\"}}]}<\/script>\n<!-- \/ Yoast SEO plugin. -->","yoast_head_json":{"title":"Instrucci\u00f3n sobre el derecho de desistimiento - Little Boards Skateboards","robots":{"index":"index","follow":"follow","max-snippet":"max-snippet:-1","max-image-preview":"max-image-preview:large","max-video-preview":"max-video-preview:-1"},"canonical":"https:\/\/little-boards.com\/es\/widerrufsbelehrung\/","og_locale":"es_ES","og_type":"article","og_title":"Instrucci\u00f3n sobre el derecho de desistimiento - Little Boards Skateboards","og_description":"[vc_row type=\u00bbfull_width_background\u00bb full_screen_row_position=\u00bbmiddle\u00bb column_margin=\u00bbdefault\u00bb column_direction=\u00bbdefault\u00bb column_direction_tablet=\u00bbdefault\u00bb column_direction_phone=\u00bbdefault\u00bb scene_position=\u00bbcenter\u00bb top_padding=\u00bb12%\u00bb bottom_padding=\u00bb5%\u00bb text_color=\u00bbdark\u00bb text_align=\u00bbleft\u00bb row_border_radius=\u00bbnone\u00bb row_border_radius_applies=\u00bbbg\u00bb overflow=\u00bbvisible\u00bb class=\u00bboe-legalpage\u00bb overlay_strength=\u00bb0.3&#8243; gradient_direction=\u00bbleft_to_right\u00bb shape_divider_position=\u00bbbottom\u00bb bg_image_animation=\u00bbnone\u00bb gradient_type=\u00bbdefault\u00bb shape_type=\u00bb\u00bb][vc_column column_padding=\u00bbno-extra-padding\u00bb column_padding_tablet=\u00bbinherit\u00bb column_padding_phone=\u00bbinherit\u00bb column_padding_position=\u00bball\u00bb column_element_direction_desktop=\u00bbdefault\u00bb column_element_spacing=\u00bbdefault\u00bb desktop_text_alignment=\u00bbdefault\u00bb tablet_text_alignment=\u00bbdefault\u00bb...","og_url":"https:\/\/little-boards.com\/es\/widerrufsbelehrung\/","og_site_name":"Little Boards Skateboards","article_modified_time":"2025-10-08T18:47:32+00:00","twitter_card":"summary_large_image","twitter_misc":{"Tiempo de lectura":"6 minutos"},"schema":{"@context":"https:\/\/schema.org","@graph":[{"@type":"WebPage","@id":"https:\/\/little-boards.com\/es\/widerrufsbelehrung\/","url":"https:\/\/little-boards.com\/es\/widerrufsbelehrung\/","name":"Instrucci\u00f3n sobre el derecho de desistimiento - Little Boards Skateboards","isPartOf":{"@id":"https:\/\/little-boards.com\/es\/#website"},"datePublished":"2024-03-13T16:09:48+00:00","dateModified":"2025-10-08T18:47:32+00:00","breadcrumb":{"@id":"https:\/\/little-boards.com\/es\/widerrufsbelehrung\/#breadcrumb"},"inLanguage":"es","potentialAction":[{"@type":"ReadAction","target":["https:\/\/little-boards.com\/es\/widerrufsbelehrung\/"]}]},{"@type":"BreadcrumbList","@id":"https:\/\/little-boards.com\/es\/widerrufsbelehrung\/#breadcrumb","itemListElement":[{"@type":"ListItem","position":1,"name":"Inicio","item":"https:\/\/little-boards.com\/es\/skateboard-fuer-kinder-little-boards-anfaenger-3-11-jahre\/"},{"@type":"ListItem","position":2,"name":"Instrucci\u00f3n sobre el derecho de desistimiento"}]},{"@type":"WebSite","@id":"https:\/\/little-boards.com\/es\/#website","url":"https:\/\/little-boards.com\/es\/","name":"Little Boards Skateboards","description":"real boards for real kids","publisher":{"@id":"https:\/\/little-boards.com\/es\/#organization"},"alternateName":"Kinder-Skateboards","potentialAction":[{"@type":"SearchAction","target":{"@type":"EntryPoint","urlTemplate":"https:\/\/little-boards.com\/es\/?s={search_term_string}"},"query-input":{"@type":"PropertyValueSpecification","valueRequired":true,"valueName":"search_term_string"}}],"inLanguage":"es"},{"@type":"Organization","@id":"https:\/\/little-boards.com\/es\/#organization","name":"Little Boards Skateboards","url":"https:\/\/little-boards.com\/es\/","logo":{"@type":"ImageObject","inLanguage":"es","@id":"https:\/\/little-boards.com\/es\/#\/schema\/logo\/image\/","url":"https:\/\/little-boards.com\/wp-content\/uploads\/2025\/05\/LB-Bubble-Logo-003.svg","contentUrl":"https:\/\/little-boards.com\/wp-content\/uploads\/2025\/05\/LB-Bubble-Logo-003.svg","width":"1024","height":"1024","caption":"Little Boards Skateboards"},"image":{"@id":"https:\/\/little-boards.com\/es\/#\/schema\/logo\/image\/"}}]}},"_links":{"self":[{"href":"https:\/\/little-boards.com\/es\/wp-json\/wp\/v2\/pages\/2382","targetHints":{"allow":["GET"]}}],"collection":[{"href":"https:\/\/little-boards.com\/es\/wp-json\/wp\/v2\/pages"}],"about":[{"href":"https:\/\/little-boards.com\/es\/wp-json\/wp\/v2\/types\/page"}],"author":[{"embeddable":true,"href":"https:\/\/little-boards.com\/es\/wp-json\/wp\/v2\/users\/1"}],"replies":[{"embeddable":true,"href":"https:\/\/little-boards.com\/es\/wp-json\/wp\/v2\/comments?post=2382"}],"version-history":[{"count":28,"href":"https:\/\/little-boards.com\/es\/wp-json\/wp\/v2\/pages\/2382\/revisions"}],"predecessor-version":[{"id":6274,"href":"https:\/\/little-boards.com\/es\/wp-json\/wp\/v2\/pages\/2382\/revisions\/6274"}],"wp:attachment":[{"href":"https:\/\/little-boards.com\/es\/wp-json\/wp\/v2\/media?parent=2382"}],"curies":[{"name":"wp","href":"https:\/\/api.w.org\/{rel}","templated":true}]}}