

{"id":6334,"date":"2025-10-09T12:12:50","date_gmt":"2025-10-09T10:12:50","guid":{"rendered":"https:\/\/little-boards.com\/?post_type=product&#038;p=6334"},"modified":"2025-10-12T23:17:37","modified_gmt":"2025-10-12T21:17:37","slug":"robots-kinder-skateboard-7-25-zoll","status":"publish","type":"product","link":"https:\/\/little-boards.com\/da\/shop\/robots-kinder-skateboard-7-25-zoll\/","title":{"rendered":"Robots \u2013 B\u00f8rne-Skateboard 7.25 tommer"},"content":{"rendered":"[vc_row type=&#8221;in_container&#8221; full_screen_row_position=&#8221;middle&#8221; column_margin=&#8221;default&#8221; column_direction=&#8221;default&#8221; column_direction_tablet=&#8221;default&#8221; column_direction_phone=&#8221;default&#8221; scene_position=&#8221;center&#8221; text_color=&#8221;dark&#8221; text_align=&#8221;left&#8221; row_border_radius=&#8221;none&#8221; row_border_radius_applies=&#8221;bg&#8221; overflow=&#8221;visible&#8221; overlay_strength=&#8221;0.3&#8243; gradient_direction=&#8221;left_to_right&#8221; shape_divider_position=&#8221;bottom&#8221; bg_image_animation=&#8221;none&#8221; gradient_type=&#8221;default&#8221; shape_type=&#8221;&#8221;][vc_column column_padding=&#8221;no-extra-padding&#8221; column_padding_tablet=&#8221;inherit&#8221; column_padding_phone=&#8221;inherit&#8221; column_padding_position=&#8221;all&#8221; column_element_direction_desktop=&#8221;default&#8221; column_element_spacing=&#8221;default&#8221; desktop_text_alignment=&#8221;default&#8221; tablet_text_alignment=&#8221;default&#8221; phone_text_alignment=&#8221;default&#8221; background_color_opacity=&#8221;1&#8243; background_hover_color_opacity=&#8221;1&#8243; column_backdrop_filter=&#8221;none&#8221; column_shadow=&#8221;none&#8221; column_border_radius=&#8221;none&#8221; column_link_target=&#8221;_self&#8221; column_position=&#8221;default&#8221; gradient_direction=&#8221;left_to_right&#8221; overlay_strength=&#8221;0.3&#8243; width=&#8221;1\/1&#8243; tablet_width_inherit=&#8221;default&#8221; animation_type=&#8221;default&#8221; bg_image_animation=&#8221;none&#8221; border_type=&#8221;simple&#8221; column_border_width=&#8221;none&#8221; column_border_style=&#8221;solid&#8221; column_padding_type=&#8221;default&#8221; gradient_type=&#8221;default&#8221;][nectar_responsive_text inherited_font_style=&#8221;p&#8221; text_direction=&#8221;default&#8221;]<strong>St\u00f8rrelse<\/strong>[\/nectar_responsive_text][divider line_type=&#8221;No Line&#8221; custom_height=&#8221;1&#8243; custom_height_tablet=&#8221;10&#8243; custom_height_phone=&#8221;10&#8243;][nectar_cta btn_style=&#8221;basic&#8221; heading_tag=&#8221;p&#8221; button_color=&#8221;default&#8221; button_border_thickness=&#8221;1px&#8221; link_type=&#8221;regular&#8221; alignment=&#8221;left&#8221; alignment_tablet=&#8221;default&#8221; alignment_phone=&#8221;default&#8221; constrain_group_2=&#8221;yes&#8221; constrain_group_3=&#8221;yes&#8221; constrain_group_4=&#8221;yes&#8221; display=&#8221;inline&#8221; display_tablet=&#8221;inherit&#8221; display_phone=&#8221;block&#8221; icon_family=&#8221;none&#8221; font_size_desktop=&#8221;16&#8243; font_size_tablet=&#8221;16&#8243; font_size_phone=&#8221;16&#8243; link_text=&#8221;8 &#8211; 11 \u00e5r&#8221; padding_top=&#8221;10&#8243; padding_bottom=&#8221;10&#8243; padding_left=&#8221;20&#8243; padding_right=&#8221;20&#8243; url=&#8221;#&#8221; margin_bottom=&#8221;15&#8243; class=&#8221;oe-cat-active&#8221;][divider line_type=&#8221;No Line&#8221; custom_height=&#8221;10&#8243; custom_height_tablet=&#8221;10&#8243; custom_height_phone=&#8221;10&#8243;][\/vc_column][\/vc_row][vc_row type=&#8221;in_container&#8221; full_screen_row_position=&#8221;middle&#8221; column_margin=&#8221;default&#8221; column_direction=&#8221;default&#8221; column_direction_tablet=&#8221;default&#8221; column_direction_phone=&#8221;default&#8221; scene_position=&#8221;center&#8221; text_color=&#8221;dark&#8221; text_align=&#8221;left&#8221; row_border_radius=&#8221;none&#8221; row_border_radius_applies=&#8221;bg&#8221; overflow=&#8221;visible&#8221; overlay_strength=&#8221;0.3&#8243; gradient_direction=&#8221;left_to_right&#8221; shape_divider_position=&#8221;bottom&#8221; bg_image_animation=&#8221;none&#8221;][vc_column column_padding=&#8221;no-extra-padding&#8221; column_padding_tablet=&#8221;inherit&#8221; column_padding_phone=&#8221;inherit&#8221; column_padding_position=&#8221;all&#8221; column_element_direction_desktop=&#8221;default&#8221; column_element_spacing=&#8221;default&#8221; desktop_text_alignment=&#8221;default&#8221; tablet_text_alignment=&#8221;default&#8221; phone_text_alignment=&#8221;default&#8221; background_color_opacity=&#8221;1&#8243; background_hover_color_opacity=&#8221;1&#8243; column_backdrop_filter=&#8221;none&#8221; column_shadow=&#8221;none&#8221; column_border_radius=&#8221;none&#8221; column_link_target=&#8221;_self&#8221; column_position=&#8221;default&#8221; gradient_direction=&#8221;left_to_right&#8221; overlay_strength=&#8221;0.3&#8243; width=&#8221;1\/1&#8243; tablet_width_inherit=&#8221;default&#8221; animation_type=&#8221;default&#8221; bg_image_animation=&#8221;none&#8221; border_type=&#8221;simple&#8221; column_border_width=&#8221;none&#8221; column_border_style=&#8221;solid&#8221;][vc_column_text css=&#8221;&#8221; el_class=&#8221;oe-prod-text&#8221; text_direction=&#8221;default&#8221;]\n<h2>Det perfekte Skateboard til sm\u00e5 skatere.<\/h2>\n<p>Little Boards &#8220;Robots&#8221; 7.25\u2033 er specielt udviklet som et Skateboard til b\u00f8rn, der sikkert, hurtigt og med sjov vil l\u00e6re at k\u00f8re p\u00e5 Skateboard. Med b\u00f8rnevenlige proportioner, h\u00f8j kvalitet og gennemt\u00e6nkt ops\u00e6tning letter det starten for sm\u00e5 skatere fra begyndelsen. <\/p>\n<h3>Hvorfor er dette board ideelt til b\u00f8rn?<\/h3>\n<ul>\n<li>\u2705 Alderssvarende st\u00f8rrelse for maksimal kontrol<\/li>\n<li>\u2705 Let h\u00e5ndtering takket v\u00e6re bl\u00f8de trucks og hjul<\/li>\n<li>\u2705 Sikker stand takket v\u00e6re b\u00f8rnevenlig d\u00e6kbredde<\/li>\n<li>\u2705 \u00c6gte skateboard-kvalitet \u2014 ligesom de stores<\/li>\n<li>\u2705 Reducerer frustration og fremmer hurtige succesoplevelser<\/li>\n<\/ul>\n<h3>Optimal st\u00f8rrelse til sm\u00e5 f\u00f8dder<\/h3>\n<p>Mens et normalt voksen-Skateboard hurtigt bliver for stort og tungt for b\u00f8rn, tilbyder Little Boards &#8220;Robots&#8221; 7.25\u2033 pr\u00e6cis de rigtige proportioner for sikker l\u00e6ring og de f\u00f8rste tricks.<\/p>\n<h2>Tekniske detaljer<\/h2>\n<ul>\n<li style=\"list-style-type: none;\">\n<ul>\n<li><strong>Deck<\/strong>: 7-lags ahorn<\/li>\n<li><strong>D\u00e6kst\u00f8rrelse<\/strong>: 7.25\u2033 x 29\u2033 (18,41 x 73,66 cm)<\/li>\n<li><strong>Aksler<\/strong>: Loco Trzucks 5.0&#8243;<\/li>\n<li><strong>Hjul<\/strong>: Loco Wheels \u201352mm<\/li>\n<li><strong>Kuglelejer<\/strong>: ABEC 5<\/li>\n<li><strong>EU-norm:<\/strong> overholder EN71-1,2,3 | CE<\/li>\n<\/ul>\n<\/li>\n<\/ul>\n<h3>Hvem er dette board egnet til?<\/h3>\n<p>Dette board er ideelt til b\u00f8rn fra 8 &#8211; 11 \u00e5r eller en h\u00f8jde op til ca. 150 cm og skost\u00f8rrelser fra omkring 35+<\/p>\n<h3>L\u00e6r sikkert og gennemt\u00e6nkt<\/h3>\n<p>Med sin bl\u00f8de styring reagerer trucksene allerede p\u00e5 sm\u00e5 v\u00e6gtforskydninger. De bl\u00f8de hjul s\u00f8rger for rolig og sikker k\u00f8rsel selv p\u00e5 uj\u00e6vne overflader. P\u00e5 denne m\u00e5de bevarer b\u00f8rn altid kontrollen og udvikler hurtigt tillid til deres evner.  <\/p>\n<h3>Little Boards: \u00c6gte Skateboards til \u00e6gte b\u00f8rn<\/h3>\n<p>I mods\u00e6tning til leget\u00f8jsskateboards fra leget\u00f8jsbutikker tilbyder Little Boards \u00e6gte skateboard-kvalitet \u2014 skaleret mindre, men professionelt fremstillet. Perfekt til de f\u00f8rste rullefors\u00f8g, til sikker l\u00e6ring og for langvarig skategl\u00e6de. <\/p>\n<h4>Du kan finde flere oplysninger om den rigtige skateboardst\u00f8rrelse i vores skateboard-st\u00f8rrelsesguide til b\u00f8rn.<\/h4>\n[\/vc_column_text][nectar_cta btn_style=&#8221;arrow-animation&#8221; heading_tag=&#8221;p&#8221; button_color=&#8221;default&#8221; text_color_hover=&#8221;#4ca7ed&#8221; button_border_color=&#8221;#000000&#8243; button_border_color_hover=&#8221;#4ca7ed&#8221; button_border_thickness=&#8221;1px&#8221; link_type=&#8221;regular&#8221; alignment=&#8221;left&#8221; alignment_tablet=&#8221;default&#8221; alignment_phone=&#8221;default&#8221; constrain_group_3=&#8221;yes&#8221; constrain_group_4=&#8221;yes&#8221; display=&#8221;block&#8221; display_tablet=&#8221;inherit&#8221; display_phone=&#8221;inherit&#8221; link_text=&#8221;Til st\u00f8rrelsesguiden&#8221; url=&#8221;https:\/\/little-boards.com\/da\/raadgiver\/die-richtige-skateboard-groesse-fuer-kinder-finden-little-boards\/&#8221; padding_top=&#8221;10&#8243; padding_bottom=&#8221;10&#8243; padding_left=&#8221;20&#8243; padding_right=&#8221;20&#8243; font_size_desktop=&#8221;16&#8243; font_size_tablet=&#8221;16&#8243; font_size_phone=&#8221;16&#8243; aria_label_text=&#8221;Gr\u00f6\u00dfen Guide&#8221;][\/vc_column][\/vc_row][vc_row type=&#8221;in_container&#8221; full_screen_row_position=&#8221;middle&#8221; column_margin=&#8221;default&#8221; column_direction=&#8221;default&#8221; column_direction_tablet=&#8221;default&#8221; column_direction_phone=&#8221;default&#8221; scene_position=&#8221;center&#8221; text_color=&#8221;dark&#8221; text_align=&#8221;left&#8221; row_border_radius=&#8221;none&#8221; row_border_radius_applies=&#8221;bg&#8221; overflow=&#8221;visible&#8221; overlay_strength=&#8221;0.3&#8243; gradient_direction=&#8221;left_to_right&#8221; shape_divider_position=&#8221;bottom&#8221; bg_image_animation=&#8221;none&#8221;][vc_column column_padding=&#8221;no-extra-padding&#8221; column_padding_tablet=&#8221;inherit&#8221; column_padding_phone=&#8221;inherit&#8221; column_padding_position=&#8221;all&#8221; column_element_direction_desktop=&#8221;default&#8221; column_element_spacing=&#8221;default&#8221; desktop_text_alignment=&#8221;default&#8221; tablet_text_alignment=&#8221;default&#8221; phone_text_alignment=&#8221;default&#8221; background_color_opacity=&#8221;1&#8243; background_hover_color_opacity=&#8221;1&#8243; column_backdrop_filter=&#8221;none&#8221; column_shadow=&#8221;none&#8221; column_border_radius=&#8221;none&#8221; column_link_target=&#8221;_self&#8221; column_position=&#8221;default&#8221; gradient_direction=&#8221;left_to_right&#8221; overlay_strength=&#8221;0.3&#8243; width=&#8221;1\/1&#8243; tablet_width_inherit=&#8221;default&#8221; animation_type=&#8221;default&#8221; bg_image_animation=&#8221;none&#8221; border_type=&#8221;simple&#8221; column_border_width=&#8221;none&#8221; column_border_style=&#8221;solid&#8221;][divider line_type=&#8221;No Line&#8221; custom_height=&#8221;10&#8243; custom_height_tablet=&#8221;10&#8243; custom_height_phone=&#8221;10&#8243;][toggles style=&#8221;default&#8221; border_radius=&#8221;none&#8221;][toggle color=&#8221;Default&#8221; heading_tag=&#8221;default&#8221; heading_tag_functionality=&#8221;default&#8221; title=&#8221;Producentdetaljer&#8221;][vc_column_text css=&#8221;&#8221; text_direction=&#8221;default&#8221;]\n[\/vc_column_text][vc_column_text][\/vc_column_text][\/toggle][toggle color=&#8221;Default&#8221; heading_tag=&#8221;default&#8221; heading_tag_functionality=&#8221;default&#8221; title=&#8221;Sikkerhedsbestemmelser&#8221;][vc_column_text css=&#8221;&#8221; text_direction=&#8221;default&#8221;]\n\n\n[\/vc_column_text][\/toggle][\/toggles][\/vc_column][\/vc_row]\n","protected":false},"excerpt":{"rendered":"<p>[vc_row type=&#8221;in_container&#8221; full_screen_row_position=&#8221;middle&#8221; column_margin=&#8221;default&#8221; column_direction=&#8221;default&#8221; column_direction_tablet=&#8221;default&#8221; column_direction_phone=&#8221;default&#8221; scene_position=&#8221;center&#8221; text_color=&#8221;dark&#8221; text_align=&#8221;left&#8221; row_border_radius=&#8221;none&#8221; row_border_radius_applies=&#8221;bg&#8221; overflow=&#8221;visible&#8221; overlay_strength=&#8221;0.3&#8243; gradient_direction=&#8221;left_to_right&#8221; shape_divider_position=&#8221;bottom&#8221; bg_image_animation=&#8221;none&#8221; gradient_type=&#8221;default&#8221; shape_type=&#8221;&#8221;][vc_column column_padding=&#8221;no-extra-padding&#8221; column_padding_tablet=&#8221;inherit&#8221; column_padding_phone=&#8221;inherit&#8221; column_padding_position=&#8221;all&#8221; column_element_direction_desktop=&#8221;default&#8221; column_element_spacing=&#8221;default&#8221; desktop_text_alignment=&#8221;default&#8221; tablet_text_alignment=&#8221;default&#8221; phone_text_alignment=&#8221;default&#8221; background_color_opacity=&#8221;1&#8243; background_hover_color_opacity=&#8221;1&#8243;&#8230;<\/p>\n","protected":false},"featured_media":0,"template":"","meta":{"inline_featured_image":false},"product_brand":[],"product_cat":[],"product_tag":[],"class_list":{"0":"post-6334","1":"product","2":"type-product","3":"status-publish","5":"first","6":"instock","7":"taxable","8":"shipping-taxable","9":"purchasable","10":"product-type-simple"},"yoast_head":"<!-- This site is optimized with the Yoast SEO plugin v27.4 - https:\/\/yoast.com\/product\/yoast-seo-wordpress\/ -->\n<title>Skateboard til b\u00f8rn \u2013 Little Boards &quot;Robots&quot; fra 8 \u00e5r<\/title>\n<meta name=\"description\" content=\"Little Boards &quot;Robots&quot; \u2013 B\u00f8rne-Skateboard i 7.25 tommer, ideel til b\u00f8rn fra 8 \u00e5r. Sikkert, let og perfekt til de f\u00f8rste fors\u00f8g.\" \/>\n<meta name=\"robots\" content=\"index, follow, max-snippet:-1, max-image-preview:large, max-video-preview:-1\" \/>\n<link rel=\"canonical\" href=\"https:\/\/little-boards.com\/da\/shop\/robots-kinder-skateboard-7-25-zoll\/\" \/>\n<meta property=\"og:locale\" content=\"da_DK\" \/>\n<meta property=\"og:type\" content=\"article\" \/>\n<meta property=\"og:title\" content=\"Skateboard til b\u00f8rn \u2013 Little Boards &quot;Robots&quot; fra 8 \u00e5r\" \/>\n<meta property=\"og:description\" content=\"Little Boards &quot;Robots&quot; \u2013 B\u00f8rne-Skateboard i 7.25 tommer, ideel til b\u00f8rn fra 8 \u00e5r. Sikkert, let og perfekt til de f\u00f8rste fors\u00f8g.\" \/>\n<meta property=\"og:url\" content=\"https:\/\/little-boards.com\/da\/shop\/robots-kinder-skateboard-7-25-zoll\/\" \/>\n<meta property=\"og:site_name\" content=\"Little Boards Skateboards\" \/>\n<meta property=\"article:modified_time\" content=\"2025-10-12T21:17:37+00:00\" \/>\n<meta property=\"og:image\" content=\"https:\/\/little-boards.com\/wp-content\/uploads\/2025\/10\/Little-Boards-Kinder-Skateboard-Robots-01-sq.jpg\" \/>\n\t<meta property=\"og:image:width\" content=\"1000\" \/>\n\t<meta property=\"og:image:height\" content=\"1300\" \/>\n\t<meta property=\"og:image:type\" content=\"image\/jpeg\" \/>\n<meta name=\"twitter:card\" content=\"summary_large_image\" \/>\n<meta name=\"twitter:label1\" content=\"Estimeret l\u00e6setid\" \/>\n\t<meta name=\"twitter:data1\" content=\"5 minutter\" \/>\n<script type=\"application\/ld+json\" class=\"yoast-schema-graph\">{\"@context\":\"https:\\\/\\\/schema.org\",\"@graph\":[{\"@type\":\"WebPage\",\"@id\":\"https:\\\/\\\/little-boards.com\\\/da\\\/shop\\\/robots-kinder-skateboard-7-25-zoll\\\/\",\"url\":\"https:\\\/\\\/little-boards.com\\\/da\\\/shop\\\/robots-kinder-skateboard-7-25-zoll\\\/\",\"name\":\"Skateboard til b\u00f8rn \u2013 Little Boards \\\"Robots\\\" fra 8 \u00e5r\",\"isPartOf\":{\"@id\":\"https:\\\/\\\/little-boards.com\\\/da\\\/#website\"},\"datePublished\":\"2025-10-09T10:12:50+00:00\",\"dateModified\":\"2025-10-12T21:17:37+00:00\",\"description\":\"Little Boards \\\"Robots\\\" \u2013 B\u00f8rne-Skateboard i 7.25 tommer, ideel til b\u00f8rn fra 8 \u00e5r. Sikkert, let og perfekt til de f\u00f8rste fors\u00f8g.\",\"breadcrumb\":{\"@id\":\"https:\\\/\\\/little-boards.com\\\/da\\\/shop\\\/robots-kinder-skateboard-7-25-zoll\\\/#breadcrumb\"},\"inLanguage\":\"da-DK\",\"potentialAction\":[{\"@type\":\"ReadAction\",\"target\":[\"https:\\\/\\\/little-boards.com\\\/da\\\/shop\\\/robots-kinder-skateboard-7-25-zoll\\\/\"]}]},{\"@type\":\"BreadcrumbList\",\"@id\":\"https:\\\/\\\/little-boards.com\\\/da\\\/shop\\\/robots-kinder-skateboard-7-25-zoll\\\/#breadcrumb\",\"itemListElement\":[{\"@type\":\"ListItem\",\"position\":1,\"name\":\"Forside\",\"item\":\"https:\\\/\\\/little-boards.com\\\/da\\\/skateboard-fuer-kinder-little-boards-anfaenger-3-11-jahre\\\/\"},{\"@type\":\"ListItem\",\"position\":2,\"name\":\"Shop\",\"item\":\"https:\\\/\\\/little-boards.com\\\/da\\\/shop\\\/\"},{\"@type\":\"ListItem\",\"position\":3,\"name\":\"Robots \u2013 B\u00f8rne-Skateboard 7.25 tommer\"}]},{\"@type\":\"WebSite\",\"@id\":\"https:\\\/\\\/little-boards.com\\\/da\\\/#website\",\"url\":\"https:\\\/\\\/little-boards.com\\\/da\\\/\",\"name\":\"Little Boards Skateboards\",\"description\":\"real boards for real kids\",\"publisher\":{\"@id\":\"https:\\\/\\\/little-boards.com\\\/da\\\/#organization\"},\"alternateName\":\"Kinder-Skateboards\",\"potentialAction\":[{\"@type\":\"SearchAction\",\"target\":{\"@type\":\"EntryPoint\",\"urlTemplate\":\"https:\\\/\\\/little-boards.com\\\/da\\\/?s={search_term_string}\"},\"query-input\":{\"@type\":\"PropertyValueSpecification\",\"valueRequired\":true,\"valueName\":\"search_term_string\"}}],\"inLanguage\":\"da-DK\"},{\"@type\":\"Organization\",\"@id\":\"https:\\\/\\\/little-boards.com\\\/da\\\/#organization\",\"name\":\"Little Boards Skateboards\",\"url\":\"https:\\\/\\\/little-boards.com\\\/da\\\/\",\"logo\":{\"@type\":\"ImageObject\",\"inLanguage\":\"da-DK\",\"@id\":\"https:\\\/\\\/little-boards.com\\\/da\\\/#\\\/schema\\\/logo\\\/image\\\/\",\"url\":\"https:\\\/\\\/little-boards.com\\\/wp-content\\\/uploads\\\/2025\\\/05\\\/LB-Bubble-Logo-003.svg\",\"contentUrl\":\"https:\\\/\\\/little-boards.com\\\/wp-content\\\/uploads\\\/2025\\\/05\\\/LB-Bubble-Logo-003.svg\",\"width\":\"1024\",\"height\":\"1024\",\"caption\":\"Little Boards Skateboards\"},\"image\":{\"@id\":\"https:\\\/\\\/little-boards.com\\\/da\\\/#\\\/schema\\\/logo\\\/image\\\/\"}}]}<\/script>\n<!-- \/ Yoast SEO plugin. -->","yoast_head_json":{"title":"Skateboard til b\u00f8rn \u2013 Little Boards \"Robots\" fra 8 \u00e5r","description":"Little Boards \"Robots\" \u2013 B\u00f8rne-Skateboard i 7.25 tommer, ideel til b\u00f8rn fra 8 \u00e5r. Sikkert, let og perfekt til de f\u00f8rste fors\u00f8g.","robots":{"index":"index","follow":"follow","max-snippet":"max-snippet:-1","max-image-preview":"max-image-preview:large","max-video-preview":"max-video-preview:-1"},"canonical":"https:\/\/little-boards.com\/da\/shop\/robots-kinder-skateboard-7-25-zoll\/","og_locale":"da_DK","og_type":"article","og_title":"Skateboard til b\u00f8rn \u2013 Little Boards \"Robots\" fra 8 \u00e5r","og_description":"Little Boards \"Robots\" \u2013 B\u00f8rne-Skateboard i 7.25 tommer, ideel til b\u00f8rn fra 8 \u00e5r. Sikkert, let og perfekt til de f\u00f8rste fors\u00f8g.","og_url":"https:\/\/little-boards.com\/da\/shop\/robots-kinder-skateboard-7-25-zoll\/","og_site_name":"Little Boards Skateboards","article_modified_time":"2025-10-12T21:17:37+00:00","og_image":[{"width":1000,"height":1300,"url":"https:\/\/little-boards.com\/wp-content\/uploads\/2025\/10\/Little-Boards-Kinder-Skateboard-Robots-01-sq.jpg","type":"image\/jpeg"}],"twitter_card":"summary_large_image","twitter_misc":{"Estimeret l\u00e6setid":"5 minutter"},"schema":{"@context":"https:\/\/schema.org","@graph":[{"@type":"WebPage","@id":"https:\/\/little-boards.com\/da\/shop\/robots-kinder-skateboard-7-25-zoll\/","url":"https:\/\/little-boards.com\/da\/shop\/robots-kinder-skateboard-7-25-zoll\/","name":"Skateboard til b\u00f8rn \u2013 Little Boards \"Robots\" fra 8 \u00e5r","isPartOf":{"@id":"https:\/\/little-boards.com\/da\/#website"},"datePublished":"2025-10-09T10:12:50+00:00","dateModified":"2025-10-12T21:17:37+00:00","description":"Little Boards \"Robots\" \u2013 B\u00f8rne-Skateboard i 7.25 tommer, ideel til b\u00f8rn fra 8 \u00e5r. Sikkert, let og perfekt til de f\u00f8rste fors\u00f8g.","breadcrumb":{"@id":"https:\/\/little-boards.com\/da\/shop\/robots-kinder-skateboard-7-25-zoll\/#breadcrumb"},"inLanguage":"da-DK","potentialAction":[{"@type":"ReadAction","target":["https:\/\/little-boards.com\/da\/shop\/robots-kinder-skateboard-7-25-zoll\/"]}]},{"@type":"BreadcrumbList","@id":"https:\/\/little-boards.com\/da\/shop\/robots-kinder-skateboard-7-25-zoll\/#breadcrumb","itemListElement":[{"@type":"ListItem","position":1,"name":"Forside","item":"https:\/\/little-boards.com\/da\/skateboard-fuer-kinder-little-boards-anfaenger-3-11-jahre\/"},{"@type":"ListItem","position":2,"name":"Shop","item":"https:\/\/little-boards.com\/da\/shop\/"},{"@type":"ListItem","position":3,"name":"Robots \u2013 B\u00f8rne-Skateboard 7.25 tommer"}]},{"@type":"WebSite","@id":"https:\/\/little-boards.com\/da\/#website","url":"https:\/\/little-boards.com\/da\/","name":"Little Boards Skateboards","description":"real boards for real kids","publisher":{"@id":"https:\/\/little-boards.com\/da\/#organization"},"alternateName":"Kinder-Skateboards","potentialAction":[{"@type":"SearchAction","target":{"@type":"EntryPoint","urlTemplate":"https:\/\/little-boards.com\/da\/?s={search_term_string}"},"query-input":{"@type":"PropertyValueSpecification","valueRequired":true,"valueName":"search_term_string"}}],"inLanguage":"da-DK"},{"@type":"Organization","@id":"https:\/\/little-boards.com\/da\/#organization","name":"Little Boards Skateboards","url":"https:\/\/little-boards.com\/da\/","logo":{"@type":"ImageObject","inLanguage":"da-DK","@id":"https:\/\/little-boards.com\/da\/#\/schema\/logo\/image\/","url":"https:\/\/little-boards.com\/wp-content\/uploads\/2025\/05\/LB-Bubble-Logo-003.svg","contentUrl":"https:\/\/little-boards.com\/wp-content\/uploads\/2025\/05\/LB-Bubble-Logo-003.svg","width":"1024","height":"1024","caption":"Little Boards Skateboards"},"image":{"@id":"https:\/\/little-boards.com\/da\/#\/schema\/logo\/image\/"}}]}},"_links":{"self":[{"href":"https:\/\/little-boards.com\/da\/wp-json\/wp\/v2\/product\/6334","targetHints":{"allow":["GET"]}}],"collection":[{"href":"https:\/\/little-boards.com\/da\/wp-json\/wp\/v2\/product"}],"about":[{"href":"https:\/\/little-boards.com\/da\/wp-json\/wp\/v2\/types\/product"}],"wp:attachment":[{"href":"https:\/\/little-boards.com\/da\/wp-json\/wp\/v2\/media?parent=6334"}],"wp:term":[{"taxonomy":"product_brand","embeddable":true,"href":"https:\/\/little-boards.com\/da\/wp-json\/wp\/v2\/product_brand?post=6334"},{"taxonomy":"product_cat","embeddable":true,"href":"https:\/\/little-boards.com\/da\/wp-json\/wp\/v2\/product_cat?post=6334"},{"taxonomy":"product_tag","embeddable":true,"href":"https:\/\/little-boards.com\/da\/wp-json\/wp\/v2\/product_tag?post=6334"}],"curies":[{"name":"wp","href":"https:\/\/api.w.org\/{rel}","templated":true}]}}