

{"id":3044,"date":"2025-05-30T15:21:59","date_gmt":"2025-05-30T13:21:59","guid":{"rendered":"https:\/\/little-boards.com\/shop\/urban-boerne-cruiser-80\/"},"modified":"2025-10-12T23:33:39","modified_gmt":"2025-10-12T21:33:39","slug":"skateboard-fuer-kinder-little-boards-urban-8-0-zoll-cruiser-kork-griptape-ab-3-jahren-auch-im-sitzen","status":"publish","type":"product","link":"https:\/\/little-boards.com\/da\/shop\/skateboard-fuer-kinder-little-boards-urban-8-0-zoll-cruiser-kork-griptape-ab-3-jahren-auch-im-sitzen\/","title":{"rendered":"Urban \u2013 B\u00f8rne-cruiser 8,0&#8243;"},"content":{"rendered":"<p>Little Boards Kids Cruiser er et skateboard, der er specielt designet til b\u00f8rn op til 10 \u00e5r.<br \/>\nAlle komponenter er m\u00e6rkevarer af h\u00f8j kvalitet, s\u00e5 selv far kan sagtens tage en tur p\u00e5 det.<br \/>\nDen brede st\u00e5flade p\u00e5 8 tommer (20,23 cm) med bl\u00f8d kork p\u00e5 overfladen giver mulighed for en sikker og behagelig introduktion til rullesport \u2013 ogs\u00e5 siddende og p\u00e5 kn\u00e6.<br \/>\nHjulene er bl\u00f8dere end p\u00e5 et street-skateboard (83a) og kommer med deres 55 mm let hen over uj\u00e6vne overflader.<\/p>\n<ul>\n<li><strong>Board:<\/strong> Little Boards Urban Cruiser 8&#215;26 tommer (20,23 x 66 cm)<br \/>\n100% canadisk ahorn, 7-lags koldpresset.<\/li>\n<li><strong>Aksler:<\/strong> Core Trucks 5.25 med SHR 88a b\u00f8sninger<\/li>\n<li><strong>Hjul:<\/strong> Impact Cruiser Wheels 83a 55mm<\/li>\n<li><strong>Kuglelejer:<\/strong> Amp Bearings ABEC 7<\/li>\n<li><strong>Greb:<\/strong> Kork<\/li>\n<\/ul>\n","protected":false},"excerpt":{"rendered":"<p>Little Boards Kids Cruiser er et skateboard, der er specielt designet til b\u00f8rn op til 10 \u00e5r. Alle komponenter er m\u00e6rkevarer af h\u00f8j kvalitet, s\u00e5 selv far kan sagtens tage&#8230;<\/p>\n","protected":false},"featured_media":9903,"template":"","meta":{"inline_featured_image":false},"product_brand":[],"product_cat":[155],"product_tag":[213],"class_list":{"0":"post-3044","1":"product","2":"type-product","3":"status-publish","4":"has-post-thumbnail","6":"product_cat-skateboards-3-5-aar-da","7":"product_tag-skateboard-da","9":"first","10":"instock","11":"taxable","12":"shipping-taxable","13":"purchasable","14":"product-type-simple"},"yoast_head":"<!-- This site is optimized with the Yoast SEO plugin v27.4 - https:\/\/yoast.com\/product\/yoast-seo-wordpress\/ -->\n<title>Urban \u2013 B\u00f8rne-cruiser 8,0&quot; - Little Boards Skateboards<\/title>\n<meta name=\"description\" content=\"Little Boards &quot;Urban&quot; \u2013 B\u00f8rne-cruiseren til de f\u00f8rste skateboard-oplevelser med korkoverflade - ogs\u00e5 egnet til at skate siddende\" \/>\n<meta name=\"robots\" content=\"index, follow, max-snippet:-1, max-image-preview:large, max-video-preview:-1\" \/>\n<link rel=\"canonical\" href=\"https:\/\/little-boards.com\/da\/shop\/skateboard-fuer-kinder-little-boards-urban-8-0-zoll-cruiser-kork-griptape-ab-3-jahren-auch-im-sitzen\/\" \/>\n<meta property=\"og:locale\" content=\"da_DK\" \/>\n<meta property=\"og:type\" content=\"article\" \/>\n<meta property=\"og:title\" content=\"Urban \u2013 B\u00f8rne-cruiser 8,0&quot; - Little Boards Skateboards\" \/>\n<meta property=\"og:description\" content=\"Little Boards &quot;Urban&quot; \u2013 B\u00f8rne-cruiseren til de f\u00f8rste skateboard-oplevelser med korkoverflade - ogs\u00e5 egnet til at skate siddende\" \/>\n<meta property=\"og:url\" content=\"https:\/\/little-boards.com\/da\/shop\/skateboard-fuer-kinder-little-boards-urban-8-0-zoll-cruiser-kork-griptape-ab-3-jahren-auch-im-sitzen\/\" \/>\n<meta property=\"og:site_name\" content=\"Little Boards Skateboards\" \/>\n<meta property=\"article:modified_time\" content=\"2025-10-12T21:33:39+00:00\" \/>\n<meta property=\"og:image\" content=\"https:\/\/little-boards.com\/wp-content\/uploads\/2025\/08\/1217007_Product.jpg\" \/>\n\t<meta property=\"og:image:width\" content=\"1000\" \/>\n\t<meta property=\"og:image:height\" content=\"1300\" \/>\n\t<meta property=\"og:image:type\" content=\"image\/jpeg\" \/>\n<meta name=\"twitter:card\" content=\"summary_large_image\" \/>\n<meta name=\"twitter:label1\" content=\"Estimeret l\u00e6setid\" \/>\n\t<meta name=\"twitter:data1\" content=\"1 minut\" \/>\n<script type=\"application\/ld+json\" class=\"yoast-schema-graph\">{\"@context\":\"https:\\\/\\\/schema.org\",\"@graph\":[{\"@type\":\"WebPage\",\"@id\":\"https:\\\/\\\/little-boards.com\\\/da\\\/shop\\\/skateboard-fuer-kinder-little-boards-urban-8-0-zoll-cruiser-kork-griptape-ab-3-jahren-auch-im-sitzen\\\/\",\"url\":\"https:\\\/\\\/little-boards.com\\\/da\\\/shop\\\/skateboard-fuer-kinder-little-boards-urban-8-0-zoll-cruiser-kork-griptape-ab-3-jahren-auch-im-sitzen\\\/\",\"name\":\"Urban \u2013 B\u00f8rne-cruiser 8,0\\\" - Little Boards Skateboards\",\"isPartOf\":{\"@id\":\"https:\\\/\\\/little-boards.com\\\/da\\\/#website\"},\"primaryImageOfPage\":{\"@id\":\"https:\\\/\\\/little-boards.com\\\/da\\\/shop\\\/skateboard-fuer-kinder-little-boards-urban-8-0-zoll-cruiser-kork-griptape-ab-3-jahren-auch-im-sitzen\\\/#primaryimage\"},\"image\":{\"@id\":\"https:\\\/\\\/little-boards.com\\\/da\\\/shop\\\/skateboard-fuer-kinder-little-boards-urban-8-0-zoll-cruiser-kork-griptape-ab-3-jahren-auch-im-sitzen\\\/#primaryimage\"},\"thumbnailUrl\":\"https:\\\/\\\/little-boards.com\\\/wp-content\\\/uploads\\\/2026\\\/03\\\/1217007_Product.jpg\",\"datePublished\":\"2025-05-30T13:21:59+00:00\",\"dateModified\":\"2025-10-12T21:33:39+00:00\",\"description\":\"Little Boards \\\"Urban\\\" \u2013 B\u00f8rne-cruiseren til de f\u00f8rste skateboard-oplevelser med korkoverflade - ogs\u00e5 egnet til at skate siddende\",\"breadcrumb\":{\"@id\":\"https:\\\/\\\/little-boards.com\\\/da\\\/shop\\\/skateboard-fuer-kinder-little-boards-urban-8-0-zoll-cruiser-kork-griptape-ab-3-jahren-auch-im-sitzen\\\/#breadcrumb\"},\"inLanguage\":\"da-DK\",\"potentialAction\":[{\"@type\":\"ReadAction\",\"target\":[\"https:\\\/\\\/little-boards.com\\\/da\\\/shop\\\/skateboard-fuer-kinder-little-boards-urban-8-0-zoll-cruiser-kork-griptape-ab-3-jahren-auch-im-sitzen\\\/\"]}]},{\"@type\":\"ImageObject\",\"inLanguage\":\"da-DK\",\"@id\":\"https:\\\/\\\/little-boards.com\\\/da\\\/shop\\\/skateboard-fuer-kinder-little-boards-urban-8-0-zoll-cruiser-kork-griptape-ab-3-jahren-auch-im-sitzen\\\/#primaryimage\",\"url\":\"https:\\\/\\\/little-boards.com\\\/wp-content\\\/uploads\\\/2026\\\/03\\\/1217007_Product.jpg\",\"contentUrl\":\"https:\\\/\\\/little-boards.com\\\/wp-content\\\/uploads\\\/2026\\\/03\\\/1217007_Product.jpg\",\"width\":1000,\"height\":1300,\"caption\":\"urban-kinder-cruiser-8-0\"},{\"@type\":\"BreadcrumbList\",\"@id\":\"https:\\\/\\\/little-boards.com\\\/da\\\/shop\\\/skateboard-fuer-kinder-little-boards-urban-8-0-zoll-cruiser-kork-griptape-ab-3-jahren-auch-im-sitzen\\\/#breadcrumb\",\"itemListElement\":[{\"@type\":\"ListItem\",\"position\":1,\"name\":\"Forside\",\"item\":\"https:\\\/\\\/little-boards.com\\\/da\\\/skateboard-fuer-kinder-little-boards-anfaenger-3-11-jahre\\\/\"},{\"@type\":\"ListItem\",\"position\":2,\"name\":\"Shop\",\"item\":\"https:\\\/\\\/little-boards.com\\\/da\\\/shop\\\/\"},{\"@type\":\"ListItem\",\"position\":3,\"name\":\"Urban \u2013 B\u00f8rne-cruiser 8,0&#8243;\"}]},{\"@type\":\"WebSite\",\"@id\":\"https:\\\/\\\/little-boards.com\\\/da\\\/#website\",\"url\":\"https:\\\/\\\/little-boards.com\\\/da\\\/\",\"name\":\"Little Boards Skateboards\",\"description\":\"real boards for real kids\",\"publisher\":{\"@id\":\"https:\\\/\\\/little-boards.com\\\/da\\\/#organization\"},\"alternateName\":\"Kinder-Skateboards\",\"potentialAction\":[{\"@type\":\"SearchAction\",\"target\":{\"@type\":\"EntryPoint\",\"urlTemplate\":\"https:\\\/\\\/little-boards.com\\\/da\\\/?s={search_term_string}\"},\"query-input\":{\"@type\":\"PropertyValueSpecification\",\"valueRequired\":true,\"valueName\":\"search_term_string\"}}],\"inLanguage\":\"da-DK\"},{\"@type\":\"Organization\",\"@id\":\"https:\\\/\\\/little-boards.com\\\/da\\\/#organization\",\"name\":\"Little Boards Skateboards\",\"url\":\"https:\\\/\\\/little-boards.com\\\/da\\\/\",\"logo\":{\"@type\":\"ImageObject\",\"inLanguage\":\"da-DK\",\"@id\":\"https:\\\/\\\/little-boards.com\\\/da\\\/#\\\/schema\\\/logo\\\/image\\\/\",\"url\":\"https:\\\/\\\/little-boards.com\\\/wp-content\\\/uploads\\\/2025\\\/05\\\/LB-Bubble-Logo-003.svg\",\"contentUrl\":\"https:\\\/\\\/little-boards.com\\\/wp-content\\\/uploads\\\/2025\\\/05\\\/LB-Bubble-Logo-003.svg\",\"width\":\"1024\",\"height\":\"1024\",\"caption\":\"Little Boards Skateboards\"},\"image\":{\"@id\":\"https:\\\/\\\/little-boards.com\\\/da\\\/#\\\/schema\\\/logo\\\/image\\\/\"}}]}<\/script>\n<!-- \/ Yoast SEO plugin. -->","yoast_head_json":{"title":"Urban \u2013 B\u00f8rne-cruiser 8,0\" - Little Boards Skateboards","description":"Little Boards \"Urban\" \u2013 B\u00f8rne-cruiseren til de f\u00f8rste skateboard-oplevelser med korkoverflade - ogs\u00e5 egnet til at skate siddende","robots":{"index":"index","follow":"follow","max-snippet":"max-snippet:-1","max-image-preview":"max-image-preview:large","max-video-preview":"max-video-preview:-1"},"canonical":"https:\/\/little-boards.com\/da\/shop\/skateboard-fuer-kinder-little-boards-urban-8-0-zoll-cruiser-kork-griptape-ab-3-jahren-auch-im-sitzen\/","og_locale":"da_DK","og_type":"article","og_title":"Urban \u2013 B\u00f8rne-cruiser 8,0\" - Little Boards Skateboards","og_description":"Little Boards \"Urban\" \u2013 B\u00f8rne-cruiseren til de f\u00f8rste skateboard-oplevelser med korkoverflade - ogs\u00e5 egnet til at skate siddende","og_url":"https:\/\/little-boards.com\/da\/shop\/skateboard-fuer-kinder-little-boards-urban-8-0-zoll-cruiser-kork-griptape-ab-3-jahren-auch-im-sitzen\/","og_site_name":"Little Boards Skateboards","article_modified_time":"2025-10-12T21:33:39+00:00","og_image":[{"width":1000,"height":1300,"url":"https:\/\/little-boards.com\/wp-content\/uploads\/2025\/08\/1217007_Product.jpg","type":"image\/jpeg"}],"twitter_card":"summary_large_image","twitter_misc":{"Estimeret l\u00e6setid":"1 minut"},"schema":{"@context":"https:\/\/schema.org","@graph":[{"@type":"WebPage","@id":"https:\/\/little-boards.com\/da\/shop\/skateboard-fuer-kinder-little-boards-urban-8-0-zoll-cruiser-kork-griptape-ab-3-jahren-auch-im-sitzen\/","url":"https:\/\/little-boards.com\/da\/shop\/skateboard-fuer-kinder-little-boards-urban-8-0-zoll-cruiser-kork-griptape-ab-3-jahren-auch-im-sitzen\/","name":"Urban \u2013 B\u00f8rne-cruiser 8,0\" - Little Boards Skateboards","isPartOf":{"@id":"https:\/\/little-boards.com\/da\/#website"},"primaryImageOfPage":{"@id":"https:\/\/little-boards.com\/da\/shop\/skateboard-fuer-kinder-little-boards-urban-8-0-zoll-cruiser-kork-griptape-ab-3-jahren-auch-im-sitzen\/#primaryimage"},"image":{"@id":"https:\/\/little-boards.com\/da\/shop\/skateboard-fuer-kinder-little-boards-urban-8-0-zoll-cruiser-kork-griptape-ab-3-jahren-auch-im-sitzen\/#primaryimage"},"thumbnailUrl":"https:\/\/little-boards.com\/wp-content\/uploads\/2026\/03\/1217007_Product.jpg","datePublished":"2025-05-30T13:21:59+00:00","dateModified":"2025-10-12T21:33:39+00:00","description":"Little Boards \"Urban\" \u2013 B\u00f8rne-cruiseren til de f\u00f8rste skateboard-oplevelser med korkoverflade - ogs\u00e5 egnet til at skate siddende","breadcrumb":{"@id":"https:\/\/little-boards.com\/da\/shop\/skateboard-fuer-kinder-little-boards-urban-8-0-zoll-cruiser-kork-griptape-ab-3-jahren-auch-im-sitzen\/#breadcrumb"},"inLanguage":"da-DK","potentialAction":[{"@type":"ReadAction","target":["https:\/\/little-boards.com\/da\/shop\/skateboard-fuer-kinder-little-boards-urban-8-0-zoll-cruiser-kork-griptape-ab-3-jahren-auch-im-sitzen\/"]}]},{"@type":"ImageObject","inLanguage":"da-DK","@id":"https:\/\/little-boards.com\/da\/shop\/skateboard-fuer-kinder-little-boards-urban-8-0-zoll-cruiser-kork-griptape-ab-3-jahren-auch-im-sitzen\/#primaryimage","url":"https:\/\/little-boards.com\/wp-content\/uploads\/2026\/03\/1217007_Product.jpg","contentUrl":"https:\/\/little-boards.com\/wp-content\/uploads\/2026\/03\/1217007_Product.jpg","width":1000,"height":1300,"caption":"urban-kinder-cruiser-8-0"},{"@type":"BreadcrumbList","@id":"https:\/\/little-boards.com\/da\/shop\/skateboard-fuer-kinder-little-boards-urban-8-0-zoll-cruiser-kork-griptape-ab-3-jahren-auch-im-sitzen\/#breadcrumb","itemListElement":[{"@type":"ListItem","position":1,"name":"Forside","item":"https:\/\/little-boards.com\/da\/skateboard-fuer-kinder-little-boards-anfaenger-3-11-jahre\/"},{"@type":"ListItem","position":2,"name":"Shop","item":"https:\/\/little-boards.com\/da\/shop\/"},{"@type":"ListItem","position":3,"name":"Urban \u2013 B\u00f8rne-cruiser 8,0&#8243;"}]},{"@type":"WebSite","@id":"https:\/\/little-boards.com\/da\/#website","url":"https:\/\/little-boards.com\/da\/","name":"Little Boards Skateboards","description":"real boards for real kids","publisher":{"@id":"https:\/\/little-boards.com\/da\/#organization"},"alternateName":"Kinder-Skateboards","potentialAction":[{"@type":"SearchAction","target":{"@type":"EntryPoint","urlTemplate":"https:\/\/little-boards.com\/da\/?s={search_term_string}"},"query-input":{"@type":"PropertyValueSpecification","valueRequired":true,"valueName":"search_term_string"}}],"inLanguage":"da-DK"},{"@type":"Organization","@id":"https:\/\/little-boards.com\/da\/#organization","name":"Little Boards Skateboards","url":"https:\/\/little-boards.com\/da\/","logo":{"@type":"ImageObject","inLanguage":"da-DK","@id":"https:\/\/little-boards.com\/da\/#\/schema\/logo\/image\/","url":"https:\/\/little-boards.com\/wp-content\/uploads\/2025\/05\/LB-Bubble-Logo-003.svg","contentUrl":"https:\/\/little-boards.com\/wp-content\/uploads\/2025\/05\/LB-Bubble-Logo-003.svg","width":"1024","height":"1024","caption":"Little Boards Skateboards"},"image":{"@id":"https:\/\/little-boards.com\/da\/#\/schema\/logo\/image\/"}}]}},"_links":{"self":[{"href":"https:\/\/little-boards.com\/da\/wp-json\/wp\/v2\/product\/3044","targetHints":{"allow":["GET"]}}],"collection":[{"href":"https:\/\/little-boards.com\/da\/wp-json\/wp\/v2\/product"}],"about":[{"href":"https:\/\/little-boards.com\/da\/wp-json\/wp\/v2\/types\/product"}],"wp:featuredmedia":[{"embeddable":true,"href":"https:\/\/little-boards.com\/da\/wp-json\/wp\/v2\/media\/9903"}],"wp:attachment":[{"href":"https:\/\/little-boards.com\/da\/wp-json\/wp\/v2\/media?parent=3044"}],"wp:term":[{"taxonomy":"product_brand","embeddable":true,"href":"https:\/\/little-boards.com\/da\/wp-json\/wp\/v2\/product_brand?post=3044"},{"taxonomy":"product_cat","embeddable":true,"href":"https:\/\/little-boards.com\/da\/wp-json\/wp\/v2\/product_cat?post=3044"},{"taxonomy":"product_tag","embeddable":true,"href":"https:\/\/little-boards.com\/da\/wp-json\/wp\/v2\/product_tag?post=3044"}],"curies":[{"name":"wp","href":"https:\/\/api.w.org\/{rel}","templated":true}]}}