

{"id":2832,"date":"2024-03-13T17:09:48","date_gmt":"2024-03-13T16:09:48","guid":{"rendered":"https:\/\/little-boards.com\/fortrydelsesret\/"},"modified":"2025-10-08T20:47:33","modified_gmt":"2025-10-08T18:47:33","slug":"widerrufsbelehrung","status":"publish","type":"page","link":"https:\/\/little-boards.com\/da\/widerrufsbelehrung\/","title":{"rendered":"Fortrydelsesret"},"content":{"rendered":"[vc_row type=&#8221;full_width_background&#8221; full_screen_row_position=&#8221;middle&#8221; column_margin=&#8221;default&#8221; column_direction=&#8221;default&#8221; column_direction_tablet=&#8221;default&#8221; column_direction_phone=&#8221;default&#8221; scene_position=&#8221;center&#8221; top_padding=&#8221;12%&#8221; bottom_padding=&#8221;5%&#8221; text_color=&#8221;dark&#8221; text_align=&#8221;left&#8221; row_border_radius=&#8221;none&#8221; row_border_radius_applies=&#8221;bg&#8221; overflow=&#8221;visible&#8221; class=&#8221;oe-legalpage&#8221; overlay_strength=&#8221;0.3&#8243; gradient_direction=&#8221;left_to_right&#8221; shape_divider_position=&#8221;bottom&#8221; bg_image_animation=&#8221;none&#8221; gradient_type=&#8221;default&#8221; shape_type=&#8221;&#8221;][vc_column column_padding=&#8221;no-extra-padding&#8221; column_padding_tablet=&#8221;inherit&#8221; column_padding_phone=&#8221;inherit&#8221; column_padding_position=&#8221;all&#8221; column_element_direction_desktop=&#8221;default&#8221; column_element_spacing=&#8221;default&#8221; desktop_text_alignment=&#8221;default&#8221; tablet_text_alignment=&#8221;default&#8221; phone_text_alignment=&#8221;default&#8221; background_color_opacity=&#8221;1&#8243; background_hover_color_opacity=&#8221;1&#8243; column_backdrop_filter=&#8221;none&#8221; column_shadow=&#8221;none&#8221; column_border_radius=&#8221;none&#8221; column_link_target=&#8221;_self&#8221; column_position=&#8221;default&#8221; gradient_direction=&#8221;left_to_right&#8221; overlay_strength=&#8221;0.3&#8243; width=&#8221;1\/1&#8243; tablet_width_inherit=&#8221;default&#8221; animation_type=&#8221;default&#8221; bg_image_animation=&#8221;none&#8221; border_type=&#8221;simple&#8221; column_border_width=&#8221;none&#8221; column_border_style=&#8221;solid&#8221;][nectar_responsive_text inherited_font_style=&#8221;default&#8221; text_direction=&#8221;default&#8221;]\n<h1><strong>Fortrydelsesret for forbrugere<\/strong><\/h1>\n[\/nectar_responsive_text][vc_column_text css=&#8221;&#8221; text_direction=&#8221;default&#8221;](En forbruger er enhver fysisk person, der indg\u00e5r en juridisk transaktion med form\u00e5l, der overvejende hverken kan tilskrives deres erhvervsm\u00e6ssige eller selvst\u00e6ndige erhvervsaktivitet.)<\/p>\n<h2><strong>Fortrydelsesret<\/strong><\/h2>\n<p><strong>Fortrydelsesret<\/strong><br \/>Du har ret til at fortryde denne aftale uden begrundelse inden for en m\u00e5ned.<br \/>Fortrydelsesfristen er en m\u00e5ned fra den dag,<\/p>\n<p>&#8211; hvor du eller en tredjepart, som du har udpeget, og som ikke er transport\u00f8ren, har taget varerne i besiddelse, hvis du har bestilt en eller flere varer som en del af en samlet ordre, og disse leveres samlet;<\/p>\n<p>&#8211; hvor du eller en tredjepart, som du har udpeget, og som ikke er transport\u00f8ren, har taget den sidste vare i besiddelse, hvis du har bestilt flere varer som en del af en samlet ordre, og disse leveres separat;<\/p>\n<p>&#8211; hvor du eller en tredjepart, som du har udpeget, og som ikke er transport\u00f8ren, har taget den sidste delleverance eller det sidste stykke i besiddelse, hvis du har bestilt en vare, der leveres i flere delleverancer eller stykker;<\/p>\n<p>For at ud\u00f8ve din fortrydelsesret skal du informere os <strong>(Little Boards, Havoc Distribution GmbH, Bl\u00fccherstra\u00dfe 36, 10961 Berlin, Tlf.: +49 3043201799, e-mailadresse: hello@little-boards.com)<\/strong> om din beslutning om at fortryde denne aftale ved hj\u00e6lp af en utvetydig erkl\u00e6ring (f.eks. et brev sendt med posten eller en e-mail). Du kan bruge den vedlagte standardfortrydelsesformular, men det er ikke obligatorisk. <\/p>\n<p>For at overholde fortrydelsesfristen er det tilstr\u00e6kkeligt, at du sender meddelelsen om ud\u00f8velse af fortrydelsesretten, f\u00f8r fortrydelsesfristen udl\u00f8ber.<\/p>\n<p><strong>Konsekvenser af fortrydelse<\/strong><\/p>\n<p>Hvis du fortryder denne aftale, skal vi tilbagebetale alle betalinger, vi har modtaget fra dig, herunder leveringsomkostninger (med undtagelse af ekstraomkostninger som f\u00f8lge af dit valg af en anden leveringstype end den billigste standardlevering, vi tilbyder), uden un\u00f8dig forsinkelse og senest inden for 14 dage fra den dag, hvor vi modtager meddelelse om din fortrydelse af denne aftale. Til denne tilbagebetaling bruger vi samme betalingsmiddel, som du brugte ved den oprindelige transaktion, medmindre andet udtrykkeligt er aftalt med dig; under ingen omst\u00e6ndigheder vil du blive opkr\u00e6vet gebyrer for denne tilbagebetaling. <\/p>\n<p>Vi kan n\u00e6gte at foretage tilbagebetalingen, indtil vi har modtaget varerne retur, eller indtil du har fremlagt dokumentation for, at du har returneret varerne, alt efter hvad der indtr\u00e6ffer f\u00f8rst.<\/p>\n<p>Du skal returnere eller overdrage varerne til os uden un\u00f8dig forsinkelse og under alle omst\u00e6ndigheder senest 14 dage fra den dag, hvor du informerer os om fortrydelsen af denne aftale. Fristen er overholdt, hvis du sender varerne tilbage inden udl\u00f8bet af perioden p\u00e5 14 dage. <\/p>\n<p>Du b\u00e6rer de direkte omkostninger ved returnering af varer, der kan sendes som pakke, samt de direkte omkostninger ved returnering af varer, der ikke kan sendes som pakke. Omkostningerne for varer, der ikke kan sendes som pakke, ansl\u00e5s til h\u00f8jst ca. 25 EUR. <\/p>\n<p>Du h\u00e6fter kun for eventuel forringelse af varernes v\u00e6rdi, hvis denne forringelse skyldes en h\u00e5ndtering, der g\u00e5r ud over, hvad der er n\u00f8dvendigt for at fastsl\u00e5 varernes art, egenskaber og funktionsm\u00e5de.<\/p>\n<p><strong>Udelukkelses- eller oph\u00f8rsgrunde<\/strong><\/p>\n<p>Fortrydelsesretten g\u00e6lder ikke for aftaler<\/p>\n<p>&#8211; vedr\u00f8rende levering af varer, der ikke er pr\u00e6fabrikerede, og hvis fremstilling er baseret p\u00e5 et individuelt valg eller en bestemmelse foretaget af forbrugeren, eller som er klart skr\u00e6ddersyet til forbrugerens personlige behov;<br \/>&#8211; vedr\u00f8rende levering af varer, der hurtigt kan forringes, eller hvis udl\u00f8bsdato hurtigt ville blive overskredet;<br \/>&#8211; vedr\u00f8rende levering af alkoholholdige drikkevarer, hvis pris blev aftalt ved aftalens indg\u00e5else, men som tidligst kan leveres 30 dage efter aftalens indg\u00e5else, og hvis aktuelle v\u00e6rdi afh\u00e6nger af udsving p\u00e5 markedet, som den erhvervsdrivende ikke har indflydelse p\u00e5;<br \/>&#8211; vedr\u00f8rende levering af aviser, tidsskrifter eller blade med undtagelse af abonnementsaftaler.<\/p>\n<p>Fortrydelsesretten bortfalder f\u00f8r tid ved aftaler<\/p>\n<p>&#8211; vedr\u00f8rende levering af forseglede varer, som af hensyn til sundhedsbeskyttelse eller hygiejne ikke er egnet til returnering, hvis forseglingen er blevet fjernet efter levering;<br \/>&#8211; vedr\u00f8rende levering af varer, hvis disse efter levering p\u00e5 grund af deres art er blevet uadskilleligt blandet med andre varer;<br \/>&#8211; vedr\u00f8rende levering af lyd- eller videooptagelser eller computersoftware i en forseglet pakke, hvis forseglingen er blevet fjernet efter levering.<\/p>\n<hr>\n<h3><strong>Standardfortrydelsesformular<\/strong><\/h3>\n<p>(Hvis du \u00f8nsker at fortryde aftalen, bedes du udfylde denne formular og sende den tilbage.)<\/p>\n<p>&#8211; Til Little Boards, Havoc Distribution GmbH, Bl\u00fccherstra\u00dfe 36, 10961 Berlin, E-mail-adresse: mail@little-boards.com :<\/p>\n<p>&#8211; Jeg\/vi (*) fortryder hermed den aftale, som jeg\/vi (*) har indg\u00e5et om k\u00f8b af f\u00f8lgende varer (*)\/<br \/>levering af f\u00f8lgende tjenesteydelse (*)<\/p>\n<p>&#8211; Bestilt den (*)\/ modtaget den (*)<\/p>\n<p>&#8211; Navn p\u00e5 forbruger(e)<br \/>&#8211; Adresse p\u00e5 forbruger(e)<br \/>&#8211; Underskrift fra forbruger(e) (kun ved meddelelse p\u00e5 papir)<br \/>&#8211; Dato<\/p>\n<p>(*) Det ikke relevante overstreges.[\/vc_column_text][\/vc_column][\/vc_row]\n","protected":false},"excerpt":{"rendered":"<p>[vc_row type=&#8221;full_width_background&#8221; full_screen_row_position=&#8221;middle&#8221; column_margin=&#8221;default&#8221; column_direction=&#8221;default&#8221; column_direction_tablet=&#8221;default&#8221; column_direction_phone=&#8221;default&#8221; scene_position=&#8221;center&#8221; top_padding=&#8221;12%&#8221; bottom_padding=&#8221;5%&#8221; text_color=&#8221;dark&#8221; text_align=&#8221;left&#8221; row_border_radius=&#8221;none&#8221; row_border_radius_applies=&#8221;bg&#8221; overflow=&#8221;visible&#8221; class=&#8221;oe-legalpage&#8221; overlay_strength=&#8221;0.3&#8243; gradient_direction=&#8221;left_to_right&#8221; shape_divider_position=&#8221;bottom&#8221; bg_image_animation=&#8221;none&#8221; gradient_type=&#8221;default&#8221; shape_type=&#8221;&#8221;][vc_column column_padding=&#8221;no-extra-padding&#8221; column_padding_tablet=&#8221;inherit&#8221; column_padding_phone=&#8221;inherit&#8221; column_padding_position=&#8221;all&#8221; column_element_direction_desktop=&#8221;default&#8221; column_element_spacing=&#8221;default&#8221; desktop_text_alignment=&#8221;default&#8221; tablet_text_alignment=&#8221;default&#8221;&#8230;<\/p>\n","protected":false},"author":1,"featured_media":0,"parent":0,"menu_order":0,"comment_status":"closed","ping_status":"closed","template":"","meta":{"inline_featured_image":false,"footnotes":""},"class_list":["post-2832","page","type-page","status-publish"],"yoast_head":"<!-- This site is optimized with the Yoast SEO plugin v27.4 - https:\/\/yoast.com\/product\/yoast-seo-wordpress\/ -->\n<title>Fortrydelsesret - Little Boards Skateboards<\/title>\n<meta name=\"robots\" content=\"index, follow, max-snippet:-1, max-image-preview:large, max-video-preview:-1\" \/>\n<link rel=\"canonical\" href=\"https:\/\/little-boards.com\/da\/widerrufsbelehrung\/\" \/>\n<meta property=\"og:locale\" content=\"da_DK\" \/>\n<meta property=\"og:type\" content=\"article\" \/>\n<meta property=\"og:title\" content=\"Fortrydelsesret - Little Boards Skateboards\" \/>\n<meta property=\"og:description\" content=\"[vc_row type=&#8221;full_width_background&#8221; full_screen_row_position=&#8221;middle&#8221; column_margin=&#8221;default&#8221; column_direction=&#8221;default&#8221; column_direction_tablet=&#8221;default&#8221; column_direction_phone=&#8221;default&#8221; scene_position=&#8221;center&#8221; top_padding=&#8221;12%&#8221; bottom_padding=&#8221;5%&#8221; text_color=&#8221;dark&#8221; text_align=&#8221;left&#8221; row_border_radius=&#8221;none&#8221; row_border_radius_applies=&#8221;bg&#8221; overflow=&#8221;visible&#8221; class=&#8221;oe-legalpage&#8221; overlay_strength=&#8221;0.3&#8243; gradient_direction=&#8221;left_to_right&#8221; shape_divider_position=&#8221;bottom&#8221; bg_image_animation=&#8221;none&#8221; gradient_type=&#8221;default&#8221; shape_type=&#8221;&#8221;][vc_column column_padding=&#8221;no-extra-padding&#8221; column_padding_tablet=&#8221;inherit&#8221; column_padding_phone=&#8221;inherit&#8221; column_padding_position=&#8221;all&#8221; column_element_direction_desktop=&#8221;default&#8221; column_element_spacing=&#8221;default&#8221; desktop_text_alignment=&#8221;default&#8221; tablet_text_alignment=&#8221;default&#8221;...\" \/>\n<meta property=\"og:url\" content=\"https:\/\/little-boards.com\/da\/widerrufsbelehrung\/\" \/>\n<meta property=\"og:site_name\" content=\"Little Boards Skateboards\" \/>\n<meta property=\"article:modified_time\" content=\"2025-10-08T18:47:33+00:00\" \/>\n<meta name=\"twitter:card\" content=\"summary_large_image\" \/>\n<meta name=\"twitter:label1\" content=\"Estimeret l\u00e6setid\" \/>\n\t<meta name=\"twitter:data1\" content=\"5 minutter\" \/>\n<script type=\"application\/ld+json\" class=\"yoast-schema-graph\">{\"@context\":\"https:\\\/\\\/schema.org\",\"@graph\":[{\"@type\":\"WebPage\",\"@id\":\"https:\\\/\\\/little-boards.com\\\/da\\\/widerrufsbelehrung\\\/\",\"url\":\"https:\\\/\\\/little-boards.com\\\/da\\\/widerrufsbelehrung\\\/\",\"name\":\"Fortrydelsesret - Little Boards Skateboards\",\"isPartOf\":{\"@id\":\"https:\\\/\\\/little-boards.com\\\/da\\\/#website\"},\"datePublished\":\"2024-03-13T16:09:48+00:00\",\"dateModified\":\"2025-10-08T18:47:33+00:00\",\"breadcrumb\":{\"@id\":\"https:\\\/\\\/little-boards.com\\\/da\\\/widerrufsbelehrung\\\/#breadcrumb\"},\"inLanguage\":\"da-DK\",\"potentialAction\":[{\"@type\":\"ReadAction\",\"target\":[\"https:\\\/\\\/little-boards.com\\\/da\\\/widerrufsbelehrung\\\/\"]}]},{\"@type\":\"BreadcrumbList\",\"@id\":\"https:\\\/\\\/little-boards.com\\\/da\\\/widerrufsbelehrung\\\/#breadcrumb\",\"itemListElement\":[{\"@type\":\"ListItem\",\"position\":1,\"name\":\"Forside\",\"item\":\"https:\\\/\\\/little-boards.com\\\/da\\\/skateboard-fuer-kinder-little-boards-anfaenger-3-11-jahre\\\/\"},{\"@type\":\"ListItem\",\"position\":2,\"name\":\"Fortrydelsesret\"}]},{\"@type\":\"WebSite\",\"@id\":\"https:\\\/\\\/little-boards.com\\\/da\\\/#website\",\"url\":\"https:\\\/\\\/little-boards.com\\\/da\\\/\",\"name\":\"Little Boards Skateboards\",\"description\":\"real boards for real kids\",\"publisher\":{\"@id\":\"https:\\\/\\\/little-boards.com\\\/da\\\/#organization\"},\"alternateName\":\"Kinder-Skateboards\",\"potentialAction\":[{\"@type\":\"SearchAction\",\"target\":{\"@type\":\"EntryPoint\",\"urlTemplate\":\"https:\\\/\\\/little-boards.com\\\/da\\\/?s={search_term_string}\"},\"query-input\":{\"@type\":\"PropertyValueSpecification\",\"valueRequired\":true,\"valueName\":\"search_term_string\"}}],\"inLanguage\":\"da-DK\"},{\"@type\":\"Organization\",\"@id\":\"https:\\\/\\\/little-boards.com\\\/da\\\/#organization\",\"name\":\"Little Boards Skateboards\",\"url\":\"https:\\\/\\\/little-boards.com\\\/da\\\/\",\"logo\":{\"@type\":\"ImageObject\",\"inLanguage\":\"da-DK\",\"@id\":\"https:\\\/\\\/little-boards.com\\\/da\\\/#\\\/schema\\\/logo\\\/image\\\/\",\"url\":\"https:\\\/\\\/little-boards.com\\\/wp-content\\\/uploads\\\/2025\\\/05\\\/LB-Bubble-Logo-003.svg\",\"contentUrl\":\"https:\\\/\\\/little-boards.com\\\/wp-content\\\/uploads\\\/2025\\\/05\\\/LB-Bubble-Logo-003.svg\",\"width\":\"1024\",\"height\":\"1024\",\"caption\":\"Little Boards Skateboards\"},\"image\":{\"@id\":\"https:\\\/\\\/little-boards.com\\\/da\\\/#\\\/schema\\\/logo\\\/image\\\/\"}}]}<\/script>\n<!-- \/ Yoast SEO plugin. -->","yoast_head_json":{"title":"Fortrydelsesret - Little Boards Skateboards","robots":{"index":"index","follow":"follow","max-snippet":"max-snippet:-1","max-image-preview":"max-image-preview:large","max-video-preview":"max-video-preview:-1"},"canonical":"https:\/\/little-boards.com\/da\/widerrufsbelehrung\/","og_locale":"da_DK","og_type":"article","og_title":"Fortrydelsesret - Little Boards Skateboards","og_description":"[vc_row type=&#8221;full_width_background&#8221; full_screen_row_position=&#8221;middle&#8221; column_margin=&#8221;default&#8221; column_direction=&#8221;default&#8221; column_direction_tablet=&#8221;default&#8221; column_direction_phone=&#8221;default&#8221; scene_position=&#8221;center&#8221; top_padding=&#8221;12%&#8221; bottom_padding=&#8221;5%&#8221; text_color=&#8221;dark&#8221; text_align=&#8221;left&#8221; row_border_radius=&#8221;none&#8221; row_border_radius_applies=&#8221;bg&#8221; overflow=&#8221;visible&#8221; class=&#8221;oe-legalpage&#8221; overlay_strength=&#8221;0.3&#8243; gradient_direction=&#8221;left_to_right&#8221; shape_divider_position=&#8221;bottom&#8221; bg_image_animation=&#8221;none&#8221; gradient_type=&#8221;default&#8221; shape_type=&#8221;&#8221;][vc_column column_padding=&#8221;no-extra-padding&#8221; column_padding_tablet=&#8221;inherit&#8221; column_padding_phone=&#8221;inherit&#8221; column_padding_position=&#8221;all&#8221; column_element_direction_desktop=&#8221;default&#8221; column_element_spacing=&#8221;default&#8221; desktop_text_alignment=&#8221;default&#8221; tablet_text_alignment=&#8221;default&#8221;...","og_url":"https:\/\/little-boards.com\/da\/widerrufsbelehrung\/","og_site_name":"Little Boards Skateboards","article_modified_time":"2025-10-08T18:47:33+00:00","twitter_card":"summary_large_image","twitter_misc":{"Estimeret l\u00e6setid":"5 minutter"},"schema":{"@context":"https:\/\/schema.org","@graph":[{"@type":"WebPage","@id":"https:\/\/little-boards.com\/da\/widerrufsbelehrung\/","url":"https:\/\/little-boards.com\/da\/widerrufsbelehrung\/","name":"Fortrydelsesret - Little Boards Skateboards","isPartOf":{"@id":"https:\/\/little-boards.com\/da\/#website"},"datePublished":"2024-03-13T16:09:48+00:00","dateModified":"2025-10-08T18:47:33+00:00","breadcrumb":{"@id":"https:\/\/little-boards.com\/da\/widerrufsbelehrung\/#breadcrumb"},"inLanguage":"da-DK","potentialAction":[{"@type":"ReadAction","target":["https:\/\/little-boards.com\/da\/widerrufsbelehrung\/"]}]},{"@type":"BreadcrumbList","@id":"https:\/\/little-boards.com\/da\/widerrufsbelehrung\/#breadcrumb","itemListElement":[{"@type":"ListItem","position":1,"name":"Forside","item":"https:\/\/little-boards.com\/da\/skateboard-fuer-kinder-little-boards-anfaenger-3-11-jahre\/"},{"@type":"ListItem","position":2,"name":"Fortrydelsesret"}]},{"@type":"WebSite","@id":"https:\/\/little-boards.com\/da\/#website","url":"https:\/\/little-boards.com\/da\/","name":"Little Boards Skateboards","description":"real boards for real kids","publisher":{"@id":"https:\/\/little-boards.com\/da\/#organization"},"alternateName":"Kinder-Skateboards","potentialAction":[{"@type":"SearchAction","target":{"@type":"EntryPoint","urlTemplate":"https:\/\/little-boards.com\/da\/?s={search_term_string}"},"query-input":{"@type":"PropertyValueSpecification","valueRequired":true,"valueName":"search_term_string"}}],"inLanguage":"da-DK"},{"@type":"Organization","@id":"https:\/\/little-boards.com\/da\/#organization","name":"Little Boards Skateboards","url":"https:\/\/little-boards.com\/da\/","logo":{"@type":"ImageObject","inLanguage":"da-DK","@id":"https:\/\/little-boards.com\/da\/#\/schema\/logo\/image\/","url":"https:\/\/little-boards.com\/wp-content\/uploads\/2025\/05\/LB-Bubble-Logo-003.svg","contentUrl":"https:\/\/little-boards.com\/wp-content\/uploads\/2025\/05\/LB-Bubble-Logo-003.svg","width":"1024","height":"1024","caption":"Little Boards Skateboards"},"image":{"@id":"https:\/\/little-boards.com\/da\/#\/schema\/logo\/image\/"}}]}},"_links":{"self":[{"href":"https:\/\/little-boards.com\/da\/wp-json\/wp\/v2\/pages\/2832","targetHints":{"allow":["GET"]}}],"collection":[{"href":"https:\/\/little-boards.com\/da\/wp-json\/wp\/v2\/pages"}],"about":[{"href":"https:\/\/little-boards.com\/da\/wp-json\/wp\/v2\/types\/page"}],"author":[{"embeddable":true,"href":"https:\/\/little-boards.com\/da\/wp-json\/wp\/v2\/users\/1"}],"replies":[{"embeddable":true,"href":"https:\/\/little-boards.com\/da\/wp-json\/wp\/v2\/comments?post=2832"}],"version-history":[{"count":14,"href":"https:\/\/little-boards.com\/da\/wp-json\/wp\/v2\/pages\/2832\/revisions"}],"predecessor-version":[{"id":6281,"href":"https:\/\/little-boards.com\/da\/wp-json\/wp\/v2\/pages\/2832\/revisions\/6281"}],"wp:attachment":[{"href":"https:\/\/little-boards.com\/da\/wp-json\/wp\/v2\/media?parent=2832"}],"curies":[{"name":"wp","href":"https:\/\/api.w.org\/{rel}","templated":true}]}}