

{"id":5793,"date":"2019-02-25T15:33:50","date_gmt":"2019-02-25T14:33:50","guid":{"rendered":"https:\/\/little-boards.com\/shop\/t-tool-black\/"},"modified":"2026-04-18T15:03:00","modified_gmt":"2026-04-18T13:03:00","slug":"t-tool-black","status":"publish","type":"product","link":"https:\/\/little-boards.com\/cs\/shop\/t-tool-black\/","title":{"rendered":"T-Tool Black"},"content":{"rendered":"<p>T-Tool Black Das T-Tool ist der pefekte Begleiter f\u00fcr unterwegs. Das Multitool kann f\u00fcr alle Schrauben und Muttern auf deinem Board verwendet werden. Ob f\u00fcr eine Achsenmontage oder auch eine Komplett Montage, das Tool ist ein st\u00e4ndiger Wegbegleiter. 3 \/ 8 Inch Sechskantschl\u00fcssel 1 \/ 2 Inch Sechskantschl\u00fcssel 9 \/ 16 Inch Sechskantschl\u00fcssel Inbuschl\u00fcssel Kreuzschraubenzieher<\/p>\n","protected":false},"excerpt":{"rendered":"<p>T-Tool Black Das T-Tool ist der pefekte Begleiter f\u00fcr unterwegs. Das Multitool kann f\u00fcr alle Schrauben und Muttern auf deinem Board verwendet werden. Ob f\u00fcr eine Achsenmontage oder auch eine&#8230;<\/p>\n","protected":false},"featured_media":7836,"template":"","meta":{"inline_featured_image":false},"product_brand":[],"product_cat":[177],"product_tag":[180,179],"class_list":{"0":"post-5793","1":"product","2":"type-product","3":"status-publish","4":"has-post-thumbnail","6":"product_cat-zubehoer","7":"product_tag-black","8":"product_tag-t-tool","10":"first","11":"instock","12":"taxable","13":"shipping-taxable","14":"purchasable","15":"product-type-simple"},"yoast_head":"<!-- This site is optimized with the Yoast SEO plugin v27.4 - https:\/\/yoast.com\/product\/yoast-seo-wordpress\/ -->\n<title>T-Tool Black - Little Boards Skateboards<\/title>\n<meta name=\"robots\" content=\"index, follow, max-snippet:-1, max-image-preview:large, max-video-preview:-1\" \/>\n<link rel=\"canonical\" href=\"https:\/\/little-boards.com\/cs\/shop\/t-tool-black\/\" \/>\n<meta property=\"og:locale\" content=\"cs_CZ\" \/>\n<meta property=\"og:type\" content=\"article\" \/>\n<meta property=\"og:title\" content=\"T-Tool Black - Little Boards Skateboards\" \/>\n<meta property=\"og:description\" content=\"T-Tool Black Das T-Tool ist der pefekte Begleiter f\u00fcr unterwegs. Das Multitool kann f\u00fcr alle Schrauben und Muttern auf deinem Board verwendet werden. Ob f\u00fcr eine Achsenmontage oder auch eine...\" \/>\n<meta property=\"og:url\" content=\"https:\/\/little-boards.com\/cs\/shop\/t-tool-black\/\" \/>\n<meta property=\"og:site_name\" content=\"Little Boards Skateboards\" \/>\n<meta property=\"article:modified_time\" content=\"2026-04-18T13:03:00+00:00\" \/>\n<meta property=\"og:image\" content=\"https:\/\/little-boards.com\/wp-content\/uploads\/2019\/02\/mutitool-t-tool-all-in-one.jpg\" \/>\n\t<meta property=\"og:image:width\" content=\"1000\" \/>\n\t<meta property=\"og:image:height\" content=\"1300\" \/>\n\t<meta property=\"og:image:type\" content=\"image\/jpeg\" \/>\n<meta name=\"twitter:card\" content=\"summary_large_image\" \/>\n<meta name=\"twitter:label1\" content=\"Odhadovan\u00e1 doba \u010dten\u00ed\" \/>\n\t<meta name=\"twitter:data1\" content=\"1 minuta\" \/>\n<script type=\"application\/ld+json\" class=\"yoast-schema-graph\">{\"@context\":\"https:\\\/\\\/schema.org\",\"@graph\":[{\"@type\":\"WebPage\",\"@id\":\"https:\\\/\\\/little-boards.com\\\/cs\\\/shop\\\/t-tool-black\\\/\",\"url\":\"https:\\\/\\\/little-boards.com\\\/cs\\\/shop\\\/t-tool-black\\\/\",\"name\":\"T-Tool Black - Little Boards Skateboards\",\"isPartOf\":{\"@id\":\"https:\\\/\\\/little-boards.com\\\/cs\\\/#website\"},\"primaryImageOfPage\":{\"@id\":\"https:\\\/\\\/little-boards.com\\\/cs\\\/shop\\\/t-tool-black\\\/#primaryimage\"},\"image\":{\"@id\":\"https:\\\/\\\/little-boards.com\\\/cs\\\/shop\\\/t-tool-black\\\/#primaryimage\"},\"thumbnailUrl\":\"https:\\\/\\\/little-boards.com\\\/wp-content\\\/uploads\\\/2026\\\/03\\\/1209641_Product.jpg\",\"datePublished\":\"2019-02-25T14:33:50+00:00\",\"dateModified\":\"2026-04-18T13:03:00+00:00\",\"breadcrumb\":{\"@id\":\"https:\\\/\\\/little-boards.com\\\/cs\\\/shop\\\/t-tool-black\\\/#breadcrumb\"},\"inLanguage\":\"cs\",\"potentialAction\":[{\"@type\":\"ReadAction\",\"target\":[\"https:\\\/\\\/little-boards.com\\\/cs\\\/shop\\\/t-tool-black\\\/\"]}]},{\"@type\":\"ImageObject\",\"inLanguage\":\"cs\",\"@id\":\"https:\\\/\\\/little-boards.com\\\/cs\\\/shop\\\/t-tool-black\\\/#primaryimage\",\"url\":\"https:\\\/\\\/little-boards.com\\\/wp-content\\\/uploads\\\/2026\\\/03\\\/1209641_Product.jpg\",\"contentUrl\":\"https:\\\/\\\/little-boards.com\\\/wp-content\\\/uploads\\\/2026\\\/03\\\/1209641_Product.jpg\",\"width\":383,\"height\":306,\"caption\":\"t_tool.jpg\"},{\"@type\":\"BreadcrumbList\",\"@id\":\"https:\\\/\\\/little-boards.com\\\/cs\\\/shop\\\/t-tool-black\\\/#breadcrumb\",\"itemListElement\":[{\"@type\":\"ListItem\",\"position\":1,\"name\":\"Domovsk\u00e1 str\u00e1nka\",\"item\":\"https:\\\/\\\/little-boards.com\\\/cs\\\/skateboard-fuer-kinder-little-boards-anfaenger-3-11-jahre\\\/\"},{\"@type\":\"ListItem\",\"position\":2,\"name\":\"Obchod\",\"item\":\"https:\\\/\\\/little-boards.com\\\/cs\\\/obchod\\\/\"},{\"@type\":\"ListItem\",\"position\":3,\"name\":\"T-Tool Black\"}]},{\"@type\":\"WebSite\",\"@id\":\"https:\\\/\\\/little-boards.com\\\/cs\\\/#website\",\"url\":\"https:\\\/\\\/little-boards.com\\\/cs\\\/\",\"name\":\"Little Boards Skateboards\",\"description\":\"real boards for real kids\",\"publisher\":{\"@id\":\"https:\\\/\\\/little-boards.com\\\/cs\\\/#organization\"},\"alternateName\":\"Kinder-Skateboards\",\"potentialAction\":[{\"@type\":\"SearchAction\",\"target\":{\"@type\":\"EntryPoint\",\"urlTemplate\":\"https:\\\/\\\/little-boards.com\\\/cs\\\/?s={search_term_string}\"},\"query-input\":{\"@type\":\"PropertyValueSpecification\",\"valueRequired\":true,\"valueName\":\"search_term_string\"}}],\"inLanguage\":\"cs\"},{\"@type\":\"Organization\",\"@id\":\"https:\\\/\\\/little-boards.com\\\/cs\\\/#organization\",\"name\":\"Little Boards Skateboards\",\"url\":\"https:\\\/\\\/little-boards.com\\\/cs\\\/\",\"logo\":{\"@type\":\"ImageObject\",\"inLanguage\":\"cs\",\"@id\":\"https:\\\/\\\/little-boards.com\\\/cs\\\/#\\\/schema\\\/logo\\\/image\\\/\",\"url\":\"https:\\\/\\\/little-boards.com\\\/wp-content\\\/uploads\\\/2025\\\/05\\\/LB-Bubble-Logo-003.svg\",\"contentUrl\":\"https:\\\/\\\/little-boards.com\\\/wp-content\\\/uploads\\\/2025\\\/05\\\/LB-Bubble-Logo-003.svg\",\"width\":\"1024\",\"height\":\"1024\",\"caption\":\"Little Boards Skateboards\"},\"image\":{\"@id\":\"https:\\\/\\\/little-boards.com\\\/cs\\\/#\\\/schema\\\/logo\\\/image\\\/\"}}]}<\/script>\n<!-- \/ Yoast SEO plugin. -->","yoast_head_json":{"title":"T-Tool Black - Little Boards Skateboards","robots":{"index":"index","follow":"follow","max-snippet":"max-snippet:-1","max-image-preview":"max-image-preview:large","max-video-preview":"max-video-preview:-1"},"canonical":"https:\/\/little-boards.com\/cs\/shop\/t-tool-black\/","og_locale":"cs_CZ","og_type":"article","og_title":"T-Tool Black - Little Boards Skateboards","og_description":"T-Tool Black Das T-Tool ist der pefekte Begleiter f\u00fcr unterwegs. Das Multitool kann f\u00fcr alle Schrauben und Muttern auf deinem Board verwendet werden. Ob f\u00fcr eine Achsenmontage oder auch eine...","og_url":"https:\/\/little-boards.com\/cs\/shop\/t-tool-black\/","og_site_name":"Little Boards Skateboards","article_modified_time":"2026-04-18T13:03:00+00:00","og_image":[{"width":1000,"height":1300,"url":"https:\/\/little-boards.com\/wp-content\/uploads\/2019\/02\/mutitool-t-tool-all-in-one.jpg","type":"image\/jpeg"}],"twitter_card":"summary_large_image","twitter_misc":{"Odhadovan\u00e1 doba \u010dten\u00ed":"1 minuta"},"schema":{"@context":"https:\/\/schema.org","@graph":[{"@type":"WebPage","@id":"https:\/\/little-boards.com\/cs\/shop\/t-tool-black\/","url":"https:\/\/little-boards.com\/cs\/shop\/t-tool-black\/","name":"T-Tool Black - Little Boards Skateboards","isPartOf":{"@id":"https:\/\/little-boards.com\/cs\/#website"},"primaryImageOfPage":{"@id":"https:\/\/little-boards.com\/cs\/shop\/t-tool-black\/#primaryimage"},"image":{"@id":"https:\/\/little-boards.com\/cs\/shop\/t-tool-black\/#primaryimage"},"thumbnailUrl":"https:\/\/little-boards.com\/wp-content\/uploads\/2026\/03\/1209641_Product.jpg","datePublished":"2019-02-25T14:33:50+00:00","dateModified":"2026-04-18T13:03:00+00:00","breadcrumb":{"@id":"https:\/\/little-boards.com\/cs\/shop\/t-tool-black\/#breadcrumb"},"inLanguage":"cs","potentialAction":[{"@type":"ReadAction","target":["https:\/\/little-boards.com\/cs\/shop\/t-tool-black\/"]}]},{"@type":"ImageObject","inLanguage":"cs","@id":"https:\/\/little-boards.com\/cs\/shop\/t-tool-black\/#primaryimage","url":"https:\/\/little-boards.com\/wp-content\/uploads\/2026\/03\/1209641_Product.jpg","contentUrl":"https:\/\/little-boards.com\/wp-content\/uploads\/2026\/03\/1209641_Product.jpg","width":383,"height":306,"caption":"t_tool.jpg"},{"@type":"BreadcrumbList","@id":"https:\/\/little-boards.com\/cs\/shop\/t-tool-black\/#breadcrumb","itemListElement":[{"@type":"ListItem","position":1,"name":"Domovsk\u00e1 str\u00e1nka","item":"https:\/\/little-boards.com\/cs\/skateboard-fuer-kinder-little-boards-anfaenger-3-11-jahre\/"},{"@type":"ListItem","position":2,"name":"Obchod","item":"https:\/\/little-boards.com\/cs\/obchod\/"},{"@type":"ListItem","position":3,"name":"T-Tool Black"}]},{"@type":"WebSite","@id":"https:\/\/little-boards.com\/cs\/#website","url":"https:\/\/little-boards.com\/cs\/","name":"Little Boards Skateboards","description":"real boards for real kids","publisher":{"@id":"https:\/\/little-boards.com\/cs\/#organization"},"alternateName":"Kinder-Skateboards","potentialAction":[{"@type":"SearchAction","target":{"@type":"EntryPoint","urlTemplate":"https:\/\/little-boards.com\/cs\/?s={search_term_string}"},"query-input":{"@type":"PropertyValueSpecification","valueRequired":true,"valueName":"search_term_string"}}],"inLanguage":"cs"},{"@type":"Organization","@id":"https:\/\/little-boards.com\/cs\/#organization","name":"Little Boards Skateboards","url":"https:\/\/little-boards.com\/cs\/","logo":{"@type":"ImageObject","inLanguage":"cs","@id":"https:\/\/little-boards.com\/cs\/#\/schema\/logo\/image\/","url":"https:\/\/little-boards.com\/wp-content\/uploads\/2025\/05\/LB-Bubble-Logo-003.svg","contentUrl":"https:\/\/little-boards.com\/wp-content\/uploads\/2025\/05\/LB-Bubble-Logo-003.svg","width":"1024","height":"1024","caption":"Little Boards Skateboards"},"image":{"@id":"https:\/\/little-boards.com\/cs\/#\/schema\/logo\/image\/"}}]}},"_links":{"self":[{"href":"https:\/\/little-boards.com\/cs\/wp-json\/wp\/v2\/product\/5793","targetHints":{"allow":["GET"]}}],"collection":[{"href":"https:\/\/little-boards.com\/cs\/wp-json\/wp\/v2\/product"}],"about":[{"href":"https:\/\/little-boards.com\/cs\/wp-json\/wp\/v2\/types\/product"}],"wp:featuredmedia":[{"embeddable":true,"href":"https:\/\/little-boards.com\/cs\/wp-json\/wp\/v2\/media\/7836"}],"wp:attachment":[{"href":"https:\/\/little-boards.com\/cs\/wp-json\/wp\/v2\/media?parent=5793"}],"wp:term":[{"taxonomy":"product_brand","embeddable":true,"href":"https:\/\/little-boards.com\/cs\/wp-json\/wp\/v2\/product_brand?post=5793"},{"taxonomy":"product_cat","embeddable":true,"href":"https:\/\/little-boards.com\/cs\/wp-json\/wp\/v2\/product_cat?post=5793"},{"taxonomy":"product_tag","embeddable":true,"href":"https:\/\/little-boards.com\/cs\/wp-json\/wp\/v2\/product_tag?post=5793"}],"curies":[{"name":"wp","href":"https:\/\/api.w.org\/{rel}","templated":true}]}}