

{"id":2632,"date":"2025-03-13T13:44:12","date_gmt":"2025-03-13T12:44:12","guid":{"rendered":"https:\/\/little-boards.com\/shop\/marv-detsky-skateboard-725\/"},"modified":"2025-09-18T09:29:35","modified_gmt":"2025-09-18T07:29:35","slug":"little-boards-kinder-skateboard-marv-7-3","status":"publish","type":"product","link":"https:\/\/little-boards.com\/cs\/shop\/little-boards-kinder-skateboard-marv-7-3\/","title":{"rendered":"Marv &#8211; D\u011btsk\u00fd skateboard 7,25&#8243;"},"content":{"rendered":"[vc_row type=&#8220;in_container&#8220; full_screen_row_position=&#8220;middle&#8220; column_margin=&#8220;default&#8220; column_direction=&#8220;default&#8220; column_direction_tablet=&#8220;default&#8220; column_direction_phone=&#8220;default&#8220; scene_position=&#8220;center&#8220; text_color=&#8220;dark&#8220; text_align=&#8220;left&#8220; row_border_radius=&#8220;none&#8220; row_border_radius_applies=&#8220;bg&#8220; overflow=&#8220;visible&#8220; overlay_strength=&#8220;0.3&#8243; gradient_direction=&#8220;left_to_right&#8220; shape_divider_position=&#8220;bottom&#8220; bg_image_animation=&#8220;none&#8220; gradient_type=&#8220;default&#8220; shape_type=&#8220;&#8220;][vc_column column_padding=&#8220;no-extra-padding&#8220; column_padding_tablet=&#8220;inherit&#8220; column_padding_phone=&#8220;inherit&#8220; column_padding_position=&#8220;all&#8220; column_element_direction_desktop=&#8220;default&#8220; column_element_spacing=&#8220;default&#8220; desktop_text_alignment=&#8220;default&#8220; tablet_text_alignment=&#8220;default&#8220; phone_text_alignment=&#8220;default&#8220; background_color_opacity=&#8220;1&#8243; background_hover_color_opacity=&#8220;1&#8243; column_backdrop_filter=&#8220;none&#8220; column_shadow=&#8220;none&#8220; column_border_radius=&#8220;none&#8220; column_link_target=&#8220;_self&#8220; column_position=&#8220;default&#8220; gradient_direction=&#8220;left_to_right&#8220; overlay_strength=&#8220;0.3&#8243; width=&#8220;1\/1&#8243; tablet_width_inherit=&#8220;default&#8220; animation_type=&#8220;default&#8220; bg_image_animation=&#8220;none&#8220; border_type=&#8220;simple&#8220; column_border_width=&#8220;none&#8220; column_border_style=&#8220;solid&#8220; column_padding_type=&#8220;default&#8220; gradient_type=&#8220;default&#8220;][nectar_responsive_text inherited_font_style=&#8220;p&#8220; text_direction=&#8220;default&#8220;]<strong>Velikost<\/strong>[\/nectar_responsive_text][divider line_type=&#8220;No Line&#8220; custom_height=&#8220;1&#8243; custom_height_tablet=&#8220;10&#8243; custom_height_phone=&#8220;10&#8243;][nectar_cta btn_style=&#8220;basic&#8220; heading_tag=&#8220;p&#8220; button_color=&#8220;default&#8220; button_border_thickness=&#8220;1px&#8220; link_type=&#8220;regular&#8220; alignment=&#8220;left&#8220; alignment_tablet=&#8220;default&#8220; alignment_phone=&#8220;default&#8220; constrain_group_2=&#8220;yes&#8220; constrain_group_3=&#8220;yes&#8220; constrain_group_4=&#8220;yes&#8220; display=&#8220;inline&#8220; display_tablet=&#8220;inherit&#8220; display_phone=&#8220;block&#8220; icon_family=&#8220;none&#8220; font_size_desktop=&#8220;16&#8243; font_size_tablet=&#8220;16&#8243; font_size_phone=&#8220;16&#8243; link_text=&#8220;8 &#8211; 11 let&#8220; padding_top=&#8220;10&#8243; padding_bottom=&#8220;10&#8243; padding_left=&#8220;20&#8243; padding_right=&#8220;20&#8243; url=&#8220;#&#8220; margin_bottom=&#8220;15&#8243; class=&#8220;oe-cat-active&#8220;][divider line_type=&#8220;No Line&#8220; custom_height=&#8220;10&#8243; custom_height_tablet=&#8220;10&#8243; custom_height_phone=&#8220;10&#8243;][\/vc_column][\/vc_row][vc_row type=&#8220;in_container&#8220; full_screen_row_position=&#8220;middle&#8220; column_margin=&#8220;default&#8220; column_direction=&#8220;default&#8220; column_direction_tablet=&#8220;default&#8220; column_direction_phone=&#8220;default&#8220; scene_position=&#8220;center&#8220; text_color=&#8220;dark&#8220; text_align=&#8220;left&#8220; row_border_radius=&#8220;none&#8220; row_border_radius_applies=&#8220;bg&#8220; overflow=&#8220;visible&#8220; overlay_strength=&#8220;0.3&#8243; gradient_direction=&#8220;left_to_right&#8220; shape_divider_position=&#8220;bottom&#8220; bg_image_animation=&#8220;none&#8220;][vc_column column_padding=&#8220;no-extra-padding&#8220; column_padding_tablet=&#8220;inherit&#8220; column_padding_phone=&#8220;inherit&#8220; column_padding_position=&#8220;all&#8220; column_element_direction_desktop=&#8220;default&#8220; column_element_spacing=&#8220;default&#8220; desktop_text_alignment=&#8220;default&#8220; tablet_text_alignment=&#8220;default&#8220; phone_text_alignment=&#8220;default&#8220; background_color_opacity=&#8220;1&#8243; background_hover_color_opacity=&#8220;1&#8243; column_backdrop_filter=&#8220;none&#8220; column_shadow=&#8220;none&#8220; column_border_radius=&#8220;none&#8220; column_link_target=&#8220;_self&#8220; column_position=&#8220;default&#8220; gradient_direction=&#8220;left_to_right&#8220; overlay_strength=&#8220;0.3&#8243; width=&#8220;1\/1&#8243; tablet_width_inherit=&#8220;default&#8220; animation_type=&#8220;default&#8220; bg_image_animation=&#8220;none&#8220; border_type=&#8220;simple&#8220; column_border_width=&#8220;none&#8220; column_border_style=&#8220;solid&#8220;][vc_column_text css=&#8220;&#8220; el_class=&#8220;oe-prod-text&#8220; text_direction=&#8220;default&#8220;]\n<h2>Perfektn\u00ed Skateboard pro mal\u00e9 brusla\u0159e.<\/h2>\n<p>Little Boards <strong>&#8222;Marv&#8220;<\/strong> 7,25\u2033 byl speci\u00e1ln\u011b vyvinut jako Skateboard pro d\u011bti, kter\u00e9 se cht\u011bj\u00ed nau\u010dit jezdit Skateboard bezpe\u010dn\u011b, rychle a z\u00e1bavn\u011b. D\u00edky d\u011btsk\u00fdm proporc\u00edm, kvalitn\u00edmu zpracov\u00e1n\u00ed a promy\u0161len\u00e9mu nastaven\u00ed usnad\u0148uje mal\u00fdm brusla\u0159\u016fm za\u010d\u00e1tky hned od za\u010d\u00e1tku. <\/p>\n<h3>Pro\u010d je tato deska ide\u00e1ln\u00ed pro d\u011bti?<\/h3>\n<ul>\n<li>\u2705 Velikost odpov\u00eddaj\u00edc\u00ed v\u011bku pro maxim\u00e1ln\u00ed kontrolu<\/li>\n<li>\u2705 Snadn\u00e1 manipulace d\u00edky m\u011bkk\u00fdm n\u00e1prav\u00e1m a kole\u010dk\u016fm<\/li>\n<li>\u2705 Bezpe\u010dn\u00e1 opora d\u00edky \u0161\u00ed\u0159ce paluby vhodn\u00e9 pro d\u011bti<\/li>\n<li>\u2705 Skute\u010dn\u00e1 kvalita skateboardu &#8211; jako u velk\u00fdch kluk\u016f<\/li>\n<li>\u2705 Sni\u017euje frustraci a podporuje rychl\u00fd pocit \u00fasp\u011bchu.<\/li>\n<\/ul>\n<h3>Optim\u00e1ln\u00ed velikost pro mal\u00e1 chodidla<\/h3>\n<p>Zat\u00edmco b\u011b\u017en\u00fd skateboard pro dosp\u011bl\u00e9 se pro d\u011bti rychle stane p\u0159\u00edli\u0161 velk\u00fdm a t\u011b\u017ek\u00fdm, Little Boards <strong>&#8222;Marv&#8220;<\/strong> 7,25\u2033 nab\u00edz\u00ed p\u0159esn\u011b ty spr\u00e1vn\u00e9 proporce pro bezpe\u010dn\u00e9 u\u010den\u00ed a prvn\u00ed triky.<\/p>\n<h2>Technick\u00e9 detaily<\/h2>\n<ul>\n<li style=\"list-style-type: none;\">\n<ul>\n<li><strong>Paluba<\/strong>: 7vrstv\u00fd javor<\/li>\n<li><strong>Velikost paluby<\/strong>: 7,25\u2033 x 29\u2033 (18,41 x 73,66 cm)<\/li>\n<li><strong>N\u00e1pravy<\/strong>: N\u00e1razov\u00e9 vozy s m\u011bkk\u00fdmi gumami \u0159\u00edzen\u00ed (85a)<\/li>\n<li><strong>Kola<\/strong>: kole\u010dka: Soft Little Boards 96a -52mm<\/li>\n<li><strong>Kuli\u010dkov\u00e9 lo\u017eisko<\/strong>: Impact Skategear ABEC 7<\/li>\n<li><strong>Norma EU:<\/strong> v souladu s EN71-1,2,3 | CE<\/li>\n<\/ul>\n<\/li>\n<\/ul>\n<h3>Pro koho je tato deska vhodn\u00e1?<\/h3>\n<p>Toto prkno je ide\u00e1ln\u00ed pro d\u011bti ve v\u011bku 8 &#8211; 11 let nebo s v\u00fd\u0161kou do cca 150 cm a velikost\u00ed obuvi cca 35+.<\/p>\n<h3>Bezpe\u010dn\u00e9 a promy\u0161len\u00e9 u\u010den\u00ed<\/h3>\n<p>D\u00edky m\u011bkk\u00e9mu \u0159\u00edzen\u00ed n\u00e1pravy reaguj\u00ed i na mal\u00e9 zm\u011bny hmotnosti. M\u011bkk\u00e1 kole\u010dka zaji\u0161\u0165uj\u00ed plynul\u00e9 a bezpe\u010dn\u00e9 odvalov\u00e1n\u00ed i na nerovn\u00e9m povrchu. D\u011bti tak maj\u00ed v\u017edy v\u0161e pod kontrolou a rychle si vybuduj\u00ed d\u016fv\u011bru ve sv\u00e9 schopnosti.  <\/p>\n<h3>Little Boards: Skute\u010dn\u00e9 Skateboards pro skute\u010dn\u00e9 d\u011bti<\/h3>\n<p>Na rozd\u00edl od skateboard\u016f z hra\u010dk\u00e1\u0159stv\u00ed nab\u00edz\u00ed Little Boards skute\u010dnou kvalitu skateboardu &#8211; men\u0161\u00edho m\u011b\u0159\u00edtka, ale profesion\u00e1ln\u011b vyroben\u00e9ho. Ide\u00e1ln\u00ed pro prvn\u00ed pokusy o j\u00edzdu, bezpe\u010dn\u00e9 u\u010den\u00ed a dlouhodobou z\u00e1bavu na brusl\u00edch. <\/p>\n<h4>V\u00edce informac\u00ed o spr\u00e1vn\u00e9 velikosti skateboardu najdete v na\u0161em pr\u016fvodci velikost\u00ed skateboardu pro d\u011bti.<\/h4>\n[\/vc_column_text][nectar_cta btn_style=&#8220;arrow-animation&#8220; heading_tag=&#8220;p&#8220; button_color=&#8220;default&#8220; text_color_hover=&#8220;#4ca7ed&#8220; button_border_color=&#8220;#000000&#8243; button_border_color_hover=&#8220;#4ca7ed&#8220; button_border_thickness=&#8220;1px&#8220; link_type=&#8220;regular&#8220; alignment=&#8220;left&#8220; alignment_tablet=&#8220;default&#8220; alignment_phone=&#8220;default&#8220; constrain_group_3=&#8220;yes&#8220; constrain_group_4=&#8220;yes&#8220; display=&#8220;block&#8220; display_tablet=&#8220;inherit&#8220; display_phone=&#8220;inherit&#8220; link_text=&#8220;K pr\u016fvodci velikost\u00ed&#8220; url=&#8220;https:\/\/little-boards.com\/cs\/poradce\/die-richtige-skateboard-groesse-fuer-kinder-finden-little-boards\/&#8220; padding_top=&#8220;10&#8243; padding_bottom=&#8220;10&#8243; padding_left=&#8220;20&#8243; padding_right=&#8220;20&#8243; font_size_desktop=&#8220;16&#8243; font_size_tablet=&#8220;16&#8243; font_size_phone=&#8220;16&#8243; aria_label_text=&#8220;Gr\u00f6\u00dfen Guide&#8220;][\/vc_column][\/vc_row][vc_row type=&#8220;in_container&#8220; full_screen_row_position=&#8220;middle&#8220; column_margin=&#8220;default&#8220; column_direction=&#8220;default&#8220; column_direction_tablet=&#8220;default&#8220; column_direction_phone=&#8220;default&#8220; scene_position=&#8220;center&#8220; text_color=&#8220;dark&#8220; text_align=&#8220;left&#8220; row_border_radius=&#8220;none&#8220; row_border_radius_applies=&#8220;bg&#8220; overflow=&#8220;visible&#8220; overlay_strength=&#8220;0.3&#8243; gradient_direction=&#8220;left_to_right&#8220; shape_divider_position=&#8220;bottom&#8220; bg_image_animation=&#8220;none&#8220;][vc_column column_padding=&#8220;no-extra-padding&#8220; column_padding_tablet=&#8220;inherit&#8220; column_padding_phone=&#8220;inherit&#8220; column_padding_position=&#8220;all&#8220; column_element_direction_desktop=&#8220;default&#8220; column_element_spacing=&#8220;default&#8220; desktop_text_alignment=&#8220;default&#8220; tablet_text_alignment=&#8220;default&#8220; phone_text_alignment=&#8220;default&#8220; background_color_opacity=&#8220;1&#8243; background_hover_color_opacity=&#8220;1&#8243; column_backdrop_filter=&#8220;none&#8220; column_shadow=&#8220;none&#8220; column_border_radius=&#8220;none&#8220; column_link_target=&#8220;_self&#8220; column_position=&#8220;default&#8220; gradient_direction=&#8220;left_to_right&#8220; overlay_strength=&#8220;0.3&#8243; width=&#8220;1\/1&#8243; tablet_width_inherit=&#8220;default&#8220; animation_type=&#8220;default&#8220; bg_image_animation=&#8220;none&#8220; border_type=&#8220;simple&#8220; column_border_width=&#8220;none&#8220; column_border_style=&#8220;solid&#8220;][divider line_type=&#8220;No Line&#8220; custom_height=&#8220;10&#8243; custom_height_tablet=&#8220;10&#8243; custom_height_phone=&#8220;10&#8243;][toggles style=&#8220;default&#8220; border_radius=&#8220;none&#8220;][toggle color=&#8220;Default&#8220; heading_tag=&#8220;default&#8220; heading_tag_functionality=&#8220;default&#8220; title=&#8220;Podrobnosti o v\u00fdrobci&#8220;][vc_column_text css=&#8220;&#8220; text_direction=&#8220;default&#8220;]\n\t\n\t<div class=\"manufacturer wc-gzd-additional-info\">\n\t\t<p class=\"wc-gzd-manufacturer-address\">Little Boards<\/p>\t<\/div>\n[\/vc_column_text][vc_column_text][\/vc_column_text][\/toggle][\/toggles][\/vc_column][\/vc_row]\n","protected":false},"excerpt":{"rendered":"<p>[vc_row type=&#8220;in_container&#8220; full_screen_row_position=&#8220;middle&#8220; column_margin=&#8220;default&#8220; column_direction=&#8220;default&#8220; column_direction_tablet=&#8220;default&#8220; column_direction_phone=&#8220;default&#8220; scene_position=&#8220;center&#8220; text_color=&#8220;dark&#8220; text_align=&#8220;left&#8220; row_border_radius=&#8220;none&#8220; row_border_radius_applies=&#8220;bg&#8220; overflow=&#8220;visible&#8220; overlay_strength=&#8220;0.3&#8243; gradient_direction=&#8220;left_to_right&#8220; shape_divider_position=&#8220;bottom&#8220; bg_image_animation=&#8220;none&#8220; gradient_type=&#8220;default&#8220; shape_type=&#8220;&#8220;][vc_column column_padding=&#8220;no-extra-padding&#8220; column_padding_tablet=&#8220;inherit&#8220; column_padding_phone=&#8220;inherit&#8220; column_padding_position=&#8220;all&#8220; column_element_direction_desktop=&#8220;default&#8220; column_element_spacing=&#8220;default&#8220; desktop_text_alignment=&#8220;default&#8220; tablet_text_alignment=&#8220;default&#8220; phone_text_alignment=&#8220;default&#8220; background_color_opacity=&#8220;1&#8243; background_hover_color_opacity=&#8220;1&#8243;&#8230;<\/p>\n","protected":false},"featured_media":9344,"template":"","meta":{"inline_featured_image":false},"product_brand":[],"product_cat":[124],"product_tag":[],"class_list":{"0":"post-2632","1":"product","2":"type-product","3":"status-publish","4":"has-post-thumbnail","6":"product_cat-skateboardy-8-11-let","8":"first","9":"outofstock","10":"taxable","11":"shipping-taxable","12":"purchasable","13":"product-type-simple"},"yoast_head":"<!-- This site is optimized with the Yoast SEO plugin v27.4 - https:\/\/yoast.com\/product\/yoast-seo-wordpress\/ -->\n<title>Skateboard pro d\u011bti - Little Boards &quot;Marv&quot;, 7,25 palce, od 8 let<\/title>\n<meta name=\"description\" content=\"Little Boards &quot;Marv&quot; - d\u011btsk\u00fd skateboard o velikosti 7,25 palce, ide\u00e1ln\u00ed pro d\u011bti od 8 let. Bezpe\u010dn\u00fd, lehk\u00fd a ide\u00e1ln\u00ed pro prvn\u00ed pokusy o j\u00edzdu.\" \/>\n<meta name=\"robots\" content=\"index, follow, max-snippet:-1, max-image-preview:large, max-video-preview:-1\" \/>\n<link rel=\"canonical\" href=\"https:\/\/little-boards.com\/cs\/shop\/little-boards-kinder-skateboard-marv-7-3\/\" \/>\n<meta property=\"og:locale\" content=\"cs_CZ\" \/>\n<meta property=\"og:type\" content=\"article\" \/>\n<meta property=\"og:title\" content=\"Skateboard pro d\u011bti - Little Boards &quot;Marv&quot;, 7,25 palce, od 8 let\" \/>\n<meta property=\"og:description\" content=\"Little Boards &quot;Marv&quot; - d\u011btsk\u00fd skateboard o velikosti 7,25 palce, ide\u00e1ln\u00ed pro d\u011bti od 8 let. Bezpe\u010dn\u00fd, lehk\u00fd a ide\u00e1ln\u00ed pro prvn\u00ed pokusy o j\u00edzdu.\" \/>\n<meta property=\"og:url\" content=\"https:\/\/little-boards.com\/cs\/shop\/little-boards-kinder-skateboard-marv-7-3\/\" \/>\n<meta property=\"og:site_name\" content=\"Little Boards Skateboards\" \/>\n<meta property=\"article:modified_time\" content=\"2025-09-18T07:29:35+00:00\" \/>\n<meta property=\"og:image\" content=\"https:\/\/little-boards.com\/wp-content\/uploads\/2025\/07\/1209784_Product.jpg\" \/>\n\t<meta property=\"og:image:width\" content=\"1000\" \/>\n\t<meta property=\"og:image:height\" content=\"1300\" \/>\n\t<meta property=\"og:image:type\" content=\"image\/jpeg\" \/>\n<meta name=\"twitter:card\" content=\"summary_large_image\" \/>\n<meta name=\"twitter:label1\" content=\"Odhadovan\u00e1 doba \u010dten\u00ed\" \/>\n\t<meta name=\"twitter:data1\" content=\"6 minut\" \/>\n<script type=\"application\/ld+json\" class=\"yoast-schema-graph\">{\"@context\":\"https:\\\/\\\/schema.org\",\"@graph\":[{\"@type\":\"WebPage\",\"@id\":\"https:\\\/\\\/little-boards.com\\\/cs\\\/shop\\\/little-boards-kinder-skateboard-marv-7-3\\\/\",\"url\":\"https:\\\/\\\/little-boards.com\\\/cs\\\/shop\\\/little-boards-kinder-skateboard-marv-7-3\\\/\",\"name\":\"Skateboard pro d\u011bti - Little Boards \\\"Marv\\\", 7,25 palce, od 8 let\",\"isPartOf\":{\"@id\":\"https:\\\/\\\/little-boards.com\\\/cs\\\/#website\"},\"primaryImageOfPage\":{\"@id\":\"https:\\\/\\\/little-boards.com\\\/cs\\\/shop\\\/little-boards-kinder-skateboard-marv-7-3\\\/#primaryimage\"},\"image\":{\"@id\":\"https:\\\/\\\/little-boards.com\\\/cs\\\/shop\\\/little-boards-kinder-skateboard-marv-7-3\\\/#primaryimage\"},\"thumbnailUrl\":\"https:\\\/\\\/little-boards.com\\\/wp-content\\\/uploads\\\/2026\\\/03\\\/6084362_Product.png\",\"datePublished\":\"2025-03-13T12:44:12+00:00\",\"dateModified\":\"2025-09-18T07:29:35+00:00\",\"description\":\"Little Boards \\\"Marv\\\" - d\u011btsk\u00fd skateboard o velikosti 7,25 palce, ide\u00e1ln\u00ed pro d\u011bti od 8 let. Bezpe\u010dn\u00fd, lehk\u00fd a ide\u00e1ln\u00ed pro prvn\u00ed pokusy o j\u00edzdu.\",\"breadcrumb\":{\"@id\":\"https:\\\/\\\/little-boards.com\\\/cs\\\/shop\\\/little-boards-kinder-skateboard-marv-7-3\\\/#breadcrumb\"},\"inLanguage\":\"cs\",\"potentialAction\":[{\"@type\":\"ReadAction\",\"target\":[\"https:\\\/\\\/little-boards.com\\\/cs\\\/shop\\\/little-boards-kinder-skateboard-marv-7-3\\\/\"]}]},{\"@type\":\"ImageObject\",\"inLanguage\":\"cs\",\"@id\":\"https:\\\/\\\/little-boards.com\\\/cs\\\/shop\\\/little-boards-kinder-skateboard-marv-7-3\\\/#primaryimage\",\"url\":\"https:\\\/\\\/little-boards.com\\\/wp-content\\\/uploads\\\/2026\\\/03\\\/6084362_Product.png\",\"contentUrl\":\"https:\\\/\\\/little-boards.com\\\/wp-content\\\/uploads\\\/2026\\\/03\\\/6084362_Product.png\",\"width\":1500,\"height\":2000,\"caption\":\"Kinder-Skateboard-Little-Boards-Marv-73-01.png\"},{\"@type\":\"BreadcrumbList\",\"@id\":\"https:\\\/\\\/little-boards.com\\\/cs\\\/shop\\\/little-boards-kinder-skateboard-marv-7-3\\\/#breadcrumb\",\"itemListElement\":[{\"@type\":\"ListItem\",\"position\":1,\"name\":\"Domovsk\u00e1 str\u00e1nka\",\"item\":\"https:\\\/\\\/little-boards.com\\\/cs\\\/skateboard-fuer-kinder-little-boards-anfaenger-3-11-jahre\\\/\"},{\"@type\":\"ListItem\",\"position\":2,\"name\":\"Obchod\",\"item\":\"https:\\\/\\\/little-boards.com\\\/cs\\\/obchod\\\/\"},{\"@type\":\"ListItem\",\"position\":3,\"name\":\"Marv &#8211; D\u011btsk\u00fd skateboard 7,25&#8243;\"}]},{\"@type\":\"WebSite\",\"@id\":\"https:\\\/\\\/little-boards.com\\\/cs\\\/#website\",\"url\":\"https:\\\/\\\/little-boards.com\\\/cs\\\/\",\"name\":\"Little Boards Skateboards\",\"description\":\"real boards for real kids\",\"publisher\":{\"@id\":\"https:\\\/\\\/little-boards.com\\\/cs\\\/#organization\"},\"alternateName\":\"Kinder-Skateboards\",\"potentialAction\":[{\"@type\":\"SearchAction\",\"target\":{\"@type\":\"EntryPoint\",\"urlTemplate\":\"https:\\\/\\\/little-boards.com\\\/cs\\\/?s={search_term_string}\"},\"query-input\":{\"@type\":\"PropertyValueSpecification\",\"valueRequired\":true,\"valueName\":\"search_term_string\"}}],\"inLanguage\":\"cs\"},{\"@type\":\"Organization\",\"@id\":\"https:\\\/\\\/little-boards.com\\\/cs\\\/#organization\",\"name\":\"Little Boards Skateboards\",\"url\":\"https:\\\/\\\/little-boards.com\\\/cs\\\/\",\"logo\":{\"@type\":\"ImageObject\",\"inLanguage\":\"cs\",\"@id\":\"https:\\\/\\\/little-boards.com\\\/cs\\\/#\\\/schema\\\/logo\\\/image\\\/\",\"url\":\"https:\\\/\\\/little-boards.com\\\/wp-content\\\/uploads\\\/2025\\\/05\\\/LB-Bubble-Logo-003.svg\",\"contentUrl\":\"https:\\\/\\\/little-boards.com\\\/wp-content\\\/uploads\\\/2025\\\/05\\\/LB-Bubble-Logo-003.svg\",\"width\":\"1024\",\"height\":\"1024\",\"caption\":\"Little Boards Skateboards\"},\"image\":{\"@id\":\"https:\\\/\\\/little-boards.com\\\/cs\\\/#\\\/schema\\\/logo\\\/image\\\/\"}}]}<\/script>\n<!-- \/ Yoast SEO plugin. -->","yoast_head_json":{"title":"Skateboard pro d\u011bti - Little Boards \"Marv\", 7,25 palce, od 8 let","description":"Little Boards \"Marv\" - d\u011btsk\u00fd skateboard o velikosti 7,25 palce, ide\u00e1ln\u00ed pro d\u011bti od 8 let. Bezpe\u010dn\u00fd, lehk\u00fd a ide\u00e1ln\u00ed pro prvn\u00ed pokusy o j\u00edzdu.","robots":{"index":"index","follow":"follow","max-snippet":"max-snippet:-1","max-image-preview":"max-image-preview:large","max-video-preview":"max-video-preview:-1"},"canonical":"https:\/\/little-boards.com\/cs\/shop\/little-boards-kinder-skateboard-marv-7-3\/","og_locale":"cs_CZ","og_type":"article","og_title":"Skateboard pro d\u011bti - Little Boards \"Marv\", 7,25 palce, od 8 let","og_description":"Little Boards \"Marv\" - d\u011btsk\u00fd skateboard o velikosti 7,25 palce, ide\u00e1ln\u00ed pro d\u011bti od 8 let. Bezpe\u010dn\u00fd, lehk\u00fd a ide\u00e1ln\u00ed pro prvn\u00ed pokusy o j\u00edzdu.","og_url":"https:\/\/little-boards.com\/cs\/shop\/little-boards-kinder-skateboard-marv-7-3\/","og_site_name":"Little Boards Skateboards","article_modified_time":"2025-09-18T07:29:35+00:00","og_image":[{"width":1000,"height":1300,"url":"https:\/\/little-boards.com\/wp-content\/uploads\/2025\/07\/1209784_Product.jpg","type":"image\/jpeg"}],"twitter_card":"summary_large_image","twitter_misc":{"Odhadovan\u00e1 doba \u010dten\u00ed":"6 minut"},"schema":{"@context":"https:\/\/schema.org","@graph":[{"@type":"WebPage","@id":"https:\/\/little-boards.com\/cs\/shop\/little-boards-kinder-skateboard-marv-7-3\/","url":"https:\/\/little-boards.com\/cs\/shop\/little-boards-kinder-skateboard-marv-7-3\/","name":"Skateboard pro d\u011bti - Little Boards \"Marv\", 7,25 palce, od 8 let","isPartOf":{"@id":"https:\/\/little-boards.com\/cs\/#website"},"primaryImageOfPage":{"@id":"https:\/\/little-boards.com\/cs\/shop\/little-boards-kinder-skateboard-marv-7-3\/#primaryimage"},"image":{"@id":"https:\/\/little-boards.com\/cs\/shop\/little-boards-kinder-skateboard-marv-7-3\/#primaryimage"},"thumbnailUrl":"https:\/\/little-boards.com\/wp-content\/uploads\/2026\/03\/6084362_Product.png","datePublished":"2025-03-13T12:44:12+00:00","dateModified":"2025-09-18T07:29:35+00:00","description":"Little Boards \"Marv\" - d\u011btsk\u00fd skateboard o velikosti 7,25 palce, ide\u00e1ln\u00ed pro d\u011bti od 8 let. Bezpe\u010dn\u00fd, lehk\u00fd a ide\u00e1ln\u00ed pro prvn\u00ed pokusy o j\u00edzdu.","breadcrumb":{"@id":"https:\/\/little-boards.com\/cs\/shop\/little-boards-kinder-skateboard-marv-7-3\/#breadcrumb"},"inLanguage":"cs","potentialAction":[{"@type":"ReadAction","target":["https:\/\/little-boards.com\/cs\/shop\/little-boards-kinder-skateboard-marv-7-3\/"]}]},{"@type":"ImageObject","inLanguage":"cs","@id":"https:\/\/little-boards.com\/cs\/shop\/little-boards-kinder-skateboard-marv-7-3\/#primaryimage","url":"https:\/\/little-boards.com\/wp-content\/uploads\/2026\/03\/6084362_Product.png","contentUrl":"https:\/\/little-boards.com\/wp-content\/uploads\/2026\/03\/6084362_Product.png","width":1500,"height":2000,"caption":"Kinder-Skateboard-Little-Boards-Marv-73-01.png"},{"@type":"BreadcrumbList","@id":"https:\/\/little-boards.com\/cs\/shop\/little-boards-kinder-skateboard-marv-7-3\/#breadcrumb","itemListElement":[{"@type":"ListItem","position":1,"name":"Domovsk\u00e1 str\u00e1nka","item":"https:\/\/little-boards.com\/cs\/skateboard-fuer-kinder-little-boards-anfaenger-3-11-jahre\/"},{"@type":"ListItem","position":2,"name":"Obchod","item":"https:\/\/little-boards.com\/cs\/obchod\/"},{"@type":"ListItem","position":3,"name":"Marv &#8211; D\u011btsk\u00fd skateboard 7,25&#8243;"}]},{"@type":"WebSite","@id":"https:\/\/little-boards.com\/cs\/#website","url":"https:\/\/little-boards.com\/cs\/","name":"Little Boards Skateboards","description":"real boards for real kids","publisher":{"@id":"https:\/\/little-boards.com\/cs\/#organization"},"alternateName":"Kinder-Skateboards","potentialAction":[{"@type":"SearchAction","target":{"@type":"EntryPoint","urlTemplate":"https:\/\/little-boards.com\/cs\/?s={search_term_string}"},"query-input":{"@type":"PropertyValueSpecification","valueRequired":true,"valueName":"search_term_string"}}],"inLanguage":"cs"},{"@type":"Organization","@id":"https:\/\/little-boards.com\/cs\/#organization","name":"Little Boards Skateboards","url":"https:\/\/little-boards.com\/cs\/","logo":{"@type":"ImageObject","inLanguage":"cs","@id":"https:\/\/little-boards.com\/cs\/#\/schema\/logo\/image\/","url":"https:\/\/little-boards.com\/wp-content\/uploads\/2025\/05\/LB-Bubble-Logo-003.svg","contentUrl":"https:\/\/little-boards.com\/wp-content\/uploads\/2025\/05\/LB-Bubble-Logo-003.svg","width":"1024","height":"1024","caption":"Little Boards Skateboards"},"image":{"@id":"https:\/\/little-boards.com\/cs\/#\/schema\/logo\/image\/"}}]}},"_links":{"self":[{"href":"https:\/\/little-boards.com\/cs\/wp-json\/wp\/v2\/product\/2632","targetHints":{"allow":["GET"]}}],"collection":[{"href":"https:\/\/little-boards.com\/cs\/wp-json\/wp\/v2\/product"}],"about":[{"href":"https:\/\/little-boards.com\/cs\/wp-json\/wp\/v2\/types\/product"}],"wp:featuredmedia":[{"embeddable":true,"href":"https:\/\/little-boards.com\/cs\/wp-json\/wp\/v2\/media\/9344"}],"wp:attachment":[{"href":"https:\/\/little-boards.com\/cs\/wp-json\/wp\/v2\/media?parent=2632"}],"wp:term":[{"taxonomy":"product_brand","embeddable":true,"href":"https:\/\/little-boards.com\/cs\/wp-json\/wp\/v2\/product_brand?post=2632"},{"taxonomy":"product_cat","embeddable":true,"href":"https:\/\/little-boards.com\/cs\/wp-json\/wp\/v2\/product_cat?post=2632"},{"taxonomy":"product_tag","embeddable":true,"href":"https:\/\/little-boards.com\/cs\/wp-json\/wp\/v2\/product_tag?post=2632"}],"curies":[{"name":"wp","href":"https:\/\/api.w.org\/{rel}","templated":true}]}}