

{"id":2542,"date":"2024-03-13T17:09:48","date_gmt":"2024-03-13T16:09:48","guid":{"rendered":"https:\/\/little-boards.com\/storno-podminky\/"},"modified":"2025-10-08T20:48:15","modified_gmt":"2025-10-08T18:48:15","slug":"widerrufsbelehrung","status":"publish","type":"page","link":"https:\/\/little-boards.com\/cs\/widerrufsbelehrung\/","title":{"rendered":"Storno podm\u00ednky"},"content":{"rendered":"[vc_row type=&#8220;full_width_background&#8220; full_screen_row_position=&#8220;middle&#8220; column_margin=&#8220;default&#8220; column_direction=&#8220;default&#8220; column_direction_tablet=&#8220;default&#8220; column_direction_phone=&#8220;default&#8220; scene_position=&#8220;center&#8220; top_padding=&#8220;12%&#8220; bottom_padding=&#8220;5%&#8220; text_color=&#8220;dark&#8220; text_align=&#8220;left&#8220; row_border_radius=&#8220;none&#8220; row_border_radius_applies=&#8220;bg&#8220; overflow=&#8220;visible&#8220; class=&#8220;oe-legalpage&#8220; overlay_strength=&#8220;0.3&#8243; gradient_direction=&#8220;left_to_right&#8220; shape_divider_position=&#8220;bottom&#8220; bg_image_animation=&#8220;none&#8220; gradient_type=&#8220;default&#8220; shape_type=&#8220;&#8220;][vc_column column_padding=&#8220;no-extra-padding&#8220; column_padding_tablet=&#8220;inherit&#8220; column_padding_phone=&#8220;inherit&#8220; column_padding_position=&#8220;all&#8220; column_element_direction_desktop=&#8220;default&#8220; column_element_spacing=&#8220;default&#8220; desktop_text_alignment=&#8220;default&#8220; tablet_text_alignment=&#8220;default&#8220; phone_text_alignment=&#8220;default&#8220; background_color_opacity=&#8220;1&#8243; background_hover_color_opacity=&#8220;1&#8243; column_backdrop_filter=&#8220;none&#8220; column_shadow=&#8220;none&#8220; column_border_radius=&#8220;none&#8220; column_link_target=&#8220;_self&#8220; column_position=&#8220;default&#8220; gradient_direction=&#8220;left_to_right&#8220; overlay_strength=&#8220;0.3&#8243; width=&#8220;1\/1&#8243; tablet_width_inherit=&#8220;default&#8220; animation_type=&#8220;default&#8220; bg_image_animation=&#8220;none&#8220; border_type=&#8220;simple&#8220; column_border_width=&#8220;none&#8220; column_border_style=&#8220;solid&#8220;][nectar_responsive_text inherited_font_style=&#8220;default&#8220; text_direction=&#8220;default&#8220;]\n<h1><strong>Pr\u00e1vo na odstoupen\u00ed od smlouvy pro spot\u0159ebitele<\/strong><\/h1>\n[\/nectar_responsive_text][vc_column_text css=&#8220;&#8220; text_direction=&#8220;default&#8220;](Spot\u0159ebitelem se rozum\u00ed ka\u017ed\u00e1 fyzick\u00e1 osoba, kter\u00e1 uzav\u00edr\u00e1 pr\u00e1vn\u00ed \u00fakon za \u00fa\u010delem, kter\u00fd se p\u0159ev\u00e1\u017en\u011b net\u00fdk\u00e1 jej\u00ed obchodn\u00ed, podnikatelsk\u00e9 nebo profesn\u00ed \u010dinnosti).<\/p>\n<h2><strong>Storno podm\u00ednky<\/strong><\/h2>\n<p><strong>Pr\u00e1vo na odstoupen\u00ed od smlouvy<\/strong><br \/>M\u00e1te pr\u00e1vo odstoupit od t\u00e9to smlouvy do jednoho m\u011bs\u00edce bez ud\u00e1n\u00ed d\u016fvod\u016f.<br \/>Lh\u016fta pro odstoupen\u00ed od smlouvy \u010din\u00ed jeden m\u011bs\u00edc ode dne,<\/p>\n<p>&#8211; kdy jste vy nebo v\u00e1mi ur\u010den\u00e1 t\u0159et\u00ed strana, kter\u00e1 nen\u00ed dopravcem, p\u0159evzali nebo p\u0159evezmete zbo\u017e\u00ed, pokud jste si objednali jedno nebo v\u00edce zbo\u017e\u00ed v r\u00e1mci jedn\u00e9 objedn\u00e1vky a toto zbo\u017e\u00ed je nebo bude dod\u00e1no jednotn\u011b;<\/p>\n<p>&#8211; kdy jste vy nebo v\u00e1mi ur\u010den\u00e1 t\u0159et\u00ed osoba, kter\u00e1 nen\u00ed dopravcem, p\u0159evzali posledn\u00ed zbo\u017e\u00ed, pokud jste si v r\u00e1mci jedn\u00e9 objedn\u00e1vky objednali v\u00edce druh\u016f zbo\u017e\u00ed a tyto byly dod\u00e1ny samostatn\u011b;<\/p>\n<p>&#8211; kdy jste vy nebo v\u00e1mi ur\u010den\u00e1 t\u0159et\u00ed osoba, kter\u00e1 nen\u00ed dopravcem, p\u0159evzali posledn\u00ed d\u00edl\u010d\u00ed z\u00e1silku nebo posledn\u00ed kus, pokud jste si objednali zbo\u017e\u00ed, kter\u00e9 je dod\u00e1v\u00e1no v n\u011bkolika d\u00edl\u010d\u00edch z\u00e1silk\u00e1ch nebo kusech;<\/p>\n<p>Pro uplatn\u011bn\u00ed pr\u00e1va na odstoupen\u00ed od smlouvy n\u00e1s mus\u00edte <strong>(Little Boards, Havoc Distribution GmbH, Bl\u00fccherstra\u00dfe 36, 10961 Berlin, Telefonn\u00ed \u010d\u00edslo: +49 3043201799, E-mailov\u00e1 adresa: hello@little-boards.com)<\/strong> informovat o sv\u00e9m rozhodnut\u00ed odstoupit od t\u00e9to smlouvy jednozna\u010dn\u00fdm prohl\u00e1\u0161en\u00edm (nap\u0159. dopisem zaslan\u00fdm po\u0161tou nebo e-mailem). M\u016f\u017eete k tomu pou\u017e\u00edt p\u0159ilo\u017een\u00fd vzorov\u00fd formul\u00e1\u0159 pro odstoupen\u00ed od smlouvy, kter\u00fd v\u0161ak nen\u00ed povinn\u00fd. <\/p>\n<p>Pro dodr\u017een\u00ed lh\u016fty pro odstoupen\u00ed od smlouvy sta\u010d\u00ed, kdy\u017e ozn\u00e1men\u00ed o uplatn\u011bn\u00ed pr\u00e1va na odstoupen\u00ed od smlouvy ode\u0161lete p\u0159ed uplynut\u00edm lh\u016fty pro odstoupen\u00ed od smlouvy.<\/p>\n<p><strong>D\u016fsledky zru\u0161en\u00ed<\/strong><\/p>\n<p>Odstoup\u00edte-li od t\u00e9to smlouvy, vr\u00e1t\u00edme v\u00e1m v\u0161echny platby, kter\u00e9 jsme od v\u00e1s obdr\u017eeli, v\u010detn\u011b n\u00e1klad\u016f na doru\u010den\u00ed (s v\u00fdjimkou dodate\u010dn\u00fdch n\u00e1klad\u016f vypl\u00fdvaj\u00edc\u00edch z va\u0161\u00ed volby jin\u00e9ho typu doru\u010den\u00ed, ne\u017e je nejlevn\u011bj\u0161\u00ed typ standardn\u00edho doru\u010den\u00ed, kter\u00fd nab\u00edz\u00edme), a to bez zbyte\u010dn\u00e9ho odkladu a v ka\u017ed\u00e9m p\u0159\u00edpad\u011b nejpozd\u011bji do 14 dn\u016f ode dne, kdy jsme byli informov\u00e1ni o va\u0161em rozhodnut\u00ed odstoupit od t\u00e9to smlouvy. Pro toto vr\u00e1cen\u00ed pou\u017eijeme stejn\u00fd platebn\u00ed prost\u0159edek, kter\u00fd jste pou\u017eili pro p\u016fvodn\u00ed transakci, pokud se s v\u00e1mi v\u00fdslovn\u011b nedohodneme jinak; v \u017e\u00e1dn\u00e9m p\u0159\u00edpad\u011b v\u00e1m za toto vr\u00e1cen\u00ed nebudou \u00fa\u010dtov\u00e1ny \u017e\u00e1dn\u00e9 poplatky. <\/p>\n<p>M\u016f\u017eeme v\u00e1m odm\u00edtnout vr\u00e1tit pen\u00edze, dokud neobdr\u017e\u00edme zbo\u017e\u00ed zp\u011bt nebo dokud nep\u0159edlo\u017e\u00edte d\u016fkaz, \u017ee jste zbo\u017e\u00ed vr\u00e1tili, podle toho, co nastane d\u0159\u00edve.<\/p>\n<p>Zbo\u017e\u00ed n\u00e1m mus\u00edte vr\u00e1tit nebo p\u0159edat neprodlen\u011b, nejpozd\u011bji v\u0161ak do 14 dn\u016f ode dne, kdy jste n\u00e1s informovali o odstoupen\u00ed od t\u00e9to smlouvy. Lh\u016fta je dodr\u017eena, pokud zbo\u017e\u00ed ode\u0161lete p\u0159ed uplynut\u00edm 14denn\u00ed lh\u016fty. <\/p>\n<p>P\u0159\u00edm\u00e9 n\u00e1klady na vr\u00e1cen\u00ed zbo\u017e\u00ed, kter\u00e9 lze zaslat po\u0161tovn\u00edm bal\u00edkem, a p\u0159\u00edm\u00e9 n\u00e1klady na vr\u00e1cen\u00ed zbo\u017e\u00ed, kter\u00e9 nelze zaslat po\u0161tovn\u00edm bal\u00edkem, nesete vy. N\u00e1klady na zbo\u017e\u00ed, kter\u00e9 nelze zaslat bal\u00edkovou po\u0161tou, se odhaduj\u00ed na maxim\u00e1ln\u011b p\u0159ibli\u017en\u011b 25 EUR. <\/p>\n<p>Ztr\u00e1tu hodnoty zbo\u017e\u00ed mus\u00edte uhradit pouze v p\u0159\u00edpad\u011b, \u017ee ke ztr\u00e1t\u011b hodnoty do\u0161lo v d\u016fsledku manipulace se zbo\u017e\u00edm, kter\u00e1 nen\u00ed nezbytn\u00e1 pro kontrolu jeho stavu, vlastnost\u00ed a funk\u010dnosti.<\/p>\n<p><strong>D\u016fvody vylou\u010den\u00ed nebo zru\u0161en\u00ed<\/strong><\/p>\n<p>Pr\u00e1vo na odstoupen\u00ed od smlouvy se nevztahuje na smlouvy.<\/p>\n<p>&#8211; na dod\u00e1n\u00ed zbo\u017e\u00ed, kter\u00e9 nen\u00ed prefabrikovan\u00e9 a pro jeho\u017e v\u00fdrobu je rozhoduj\u00edc\u00ed individu\u00e1ln\u00ed v\u00fdb\u011br nebo ur\u010den\u00ed spot\u0159ebitelem nebo kter\u00e9 je jednozna\u010dn\u011b p\u0159izp\u016fsobeno osobn\u00edm pot\u0159eb\u00e1m spot\u0159ebitele;<br \/>&#8211; na dod\u00e1n\u00ed zbo\u017e\u00ed, kter\u00e9 se m\u016f\u017ee rychle zkazit nebo jeho\u017e datum spot\u0159eby by bylo rychle p\u0159ekro\u010deno;<br \/>&#8211; na dod\u00e1n\u00ed alkoholick\u00fdch n\u00e1poj\u016f, jejich\u017e cena byla dohodnuta p\u0159i uzav\u0159en\u00ed smlouvy, kter\u00e9 v\u0161ak mohou b\u00fdt dod\u00e1ny nejd\u0159\u00edve 30 dn\u016f po uzav\u0159en\u00ed smlouvy a jejich\u017e aktu\u00e1ln\u00ed hodnota z\u00e1vis\u00ed na v\u00fdkyvech na trhu, na kter\u00e9 nem\u00e1 podnikatel \u017e\u00e1dn\u00fd vliv;<br \/>&#8211; na dod\u00e1n\u00ed novin, \u010dasopis\u016f nebo ilustrovan\u00fdch \u010dasopis\u016f s v\u00fdjimkou smluv o p\u0159edplatn\u00e9m.<\/p>\n<p>Pr\u00e1vo na odstoupen\u00ed od smlouvy zanik\u00e1 p\u0159ed\u010dasn\u011b u smluv<\/p>\n<p>&#8211; na dod\u00e1n\u00ed zape\u010det\u011bn\u00e9ho zbo\u017e\u00ed, kter\u00e9 nen\u00ed vhodn\u00e9 k vr\u00e1cen\u00ed z d\u016fvod\u016f ochrany zdrav\u00ed nebo hygieny, pokud bylo po dod\u00e1n\u00ed poru\u0161eno jeho zape\u010det\u011bn\u00ed;<br \/>&#8211; na dod\u00e1n\u00ed zbo\u017e\u00ed, pokud bylo po dod\u00e1n\u00ed vzhledem ke sv\u00e9 povaze neodd\u011bliteln\u011b sm\u00edch\u00e1no s jin\u00fdm zbo\u017e\u00edm;<br \/>&#8211; na dod\u00e1n\u00ed zvukov\u00fdch nebo videoz\u00e1znam\u016f nebo po\u010d\u00edta\u010dov\u00e9ho softwaru v zape\u010det\u011bn\u00e9m obalu, pokud bylo zape\u010det\u011bn\u00ed po dod\u00e1n\u00ed odstran\u011bno.<\/p>\n<hr>\n<h3><strong>Vzorov\u00fd formul\u00e1\u0159 pro zru\u0161en\u00ed<\/strong><\/h3>\n<p>(Pokud si p\u0159ejete smlouvu zru\u0161it, vypl\u0148te a vra\u0165te tento formul\u00e1\u0159).<\/p>\n<p>&#8211; Pro Little Boards, Havoc Distribution GmbH, Bl\u00fccherstra\u00dfe 36, 10961 Berlin, e-mailov\u00e1 adresa: mail@little-boards.com :<\/p>\n<p>&#8211; T\u00edmto odstupuji\/odstupujeme (*) od smlouvy uzav\u0159en\u00e9 mnou\/n\u00e1mi (*) o koupi n\u00e1sleduj\u00edc\u00edho zbo\u017e\u00ed (*)\/<br \/>o poskytnut\u00ed n\u00e1sleduj\u00edc\u00ed slu\u017eby (*)<\/p>\n<p>&#8211; Objedn\u00e1no dne (*)\/p\u0159ijato dne (*)<\/p>\n<p>&#8211; Jm\u00e9no\/jm\u00e9na spot\u0159ebitele\/spot\u0159ebitel\u016f<br \/>&#8211; Adresa\/adresy spot\u0159ebitele\/spot\u0159ebitel\u016f<br \/>&#8211; Podpis spot\u0159ebitele\/spot\u0159ebitel\u016f (pouze v p\u0159\u00edpad\u011b ozn\u00e1men\u00ed na pap\u00ed\u0159e)<br \/>&#8211; Datum<\/p>\n<p>(*) Nehod\u00edc\u00ed se \u0161krtn\u011bte.[\/vc_column_text][\/vc_column][\/vc_row]\n","protected":false},"excerpt":{"rendered":"<p>[vc_row type=&#8220;full_width_background&#8220; full_screen_row_position=&#8220;middle&#8220; column_margin=&#8220;default&#8220; column_direction=&#8220;default&#8220; column_direction_tablet=&#8220;default&#8220; column_direction_phone=&#8220;default&#8220; scene_position=&#8220;center&#8220; top_padding=&#8220;12%&#8220; bottom_padding=&#8220;5%&#8220; text_color=&#8220;dark&#8220; text_align=&#8220;left&#8220; row_border_radius=&#8220;none&#8220; row_border_radius_applies=&#8220;bg&#8220; overflow=&#8220;visible&#8220; class=&#8220;oe-legalpage&#8220; overlay_strength=&#8220;0.3&#8243; gradient_direction=&#8220;left_to_right&#8220; shape_divider_position=&#8220;bottom&#8220; bg_image_animation=&#8220;none&#8220; gradient_type=&#8220;default&#8220; shape_type=&#8220;&#8220;][vc_column column_padding=&#8220;no-extra-padding&#8220; column_padding_tablet=&#8220;inherit&#8220; column_padding_phone=&#8220;inherit&#8220; column_padding_position=&#8220;all&#8220; column_element_direction_desktop=&#8220;default&#8220; column_element_spacing=&#8220;default&#8220; desktop_text_alignment=&#8220;default&#8220; tablet_text_alignment=&#8220;default&#8220;&#8230;<\/p>\n","protected":false},"author":1,"featured_media":0,"parent":0,"menu_order":0,"comment_status":"closed","ping_status":"closed","template":"","meta":{"inline_featured_image":false,"footnotes":""},"class_list":["post-2542","page","type-page","status-publish"],"yoast_head":"<!-- This site is optimized with the Yoast SEO plugin v27.4 - https:\/\/yoast.com\/product\/yoast-seo-wordpress\/ -->\n<title>Storno podm\u00ednky - Little Boards Skateboards<\/title>\n<meta name=\"robots\" content=\"index, follow, max-snippet:-1, max-image-preview:large, max-video-preview:-1\" \/>\n<link rel=\"canonical\" href=\"https:\/\/little-boards.com\/cs\/widerrufsbelehrung\/\" \/>\n<meta property=\"og:locale\" content=\"cs_CZ\" \/>\n<meta property=\"og:type\" content=\"article\" \/>\n<meta property=\"og:title\" content=\"Storno podm\u00ednky - Little Boards Skateboards\" \/>\n<meta property=\"og:description\" content=\"[vc_row type=&#8220;full_width_background&#8220; full_screen_row_position=&#8220;middle&#8220; column_margin=&#8220;default&#8220; column_direction=&#8220;default&#8220; column_direction_tablet=&#8220;default&#8220; column_direction_phone=&#8220;default&#8220; scene_position=&#8220;center&#8220; top_padding=&#8220;12%&#8220; bottom_padding=&#8220;5%&#8220; text_color=&#8220;dark&#8220; text_align=&#8220;left&#8220; row_border_radius=&#8220;none&#8220; row_border_radius_applies=&#8220;bg&#8220; overflow=&#8220;visible&#8220; class=&#8220;oe-legalpage&#8220; overlay_strength=&#8220;0.3&#8243; gradient_direction=&#8220;left_to_right&#8220; shape_divider_position=&#8220;bottom&#8220; bg_image_animation=&#8220;none&#8220; gradient_type=&#8220;default&#8220; shape_type=&#8220;&#8220;][vc_column column_padding=&#8220;no-extra-padding&#8220; column_padding_tablet=&#8220;inherit&#8220; column_padding_phone=&#8220;inherit&#8220; column_padding_position=&#8220;all&#8220; column_element_direction_desktop=&#8220;default&#8220; column_element_spacing=&#8220;default&#8220; desktop_text_alignment=&#8220;default&#8220; tablet_text_alignment=&#8220;default&#8220;...\" \/>\n<meta property=\"og:url\" content=\"https:\/\/little-boards.com\/cs\/widerrufsbelehrung\/\" \/>\n<meta property=\"og:site_name\" content=\"Little Boards Skateboards\" \/>\n<meta property=\"article:modified_time\" content=\"2025-10-08T18:48:15+00:00\" \/>\n<meta name=\"twitter:card\" content=\"summary_large_image\" \/>\n<meta name=\"twitter:label1\" content=\"Odhadovan\u00e1 doba \u010dten\u00ed\" \/>\n\t<meta name=\"twitter:data1\" content=\"6 minut\" \/>\n<script type=\"application\/ld+json\" class=\"yoast-schema-graph\">{\"@context\":\"https:\\\/\\\/schema.org\",\"@graph\":[{\"@type\":\"WebPage\",\"@id\":\"https:\\\/\\\/little-boards.com\\\/cs\\\/widerrufsbelehrung\\\/\",\"url\":\"https:\\\/\\\/little-boards.com\\\/cs\\\/widerrufsbelehrung\\\/\",\"name\":\"Storno podm\u00ednky - Little Boards Skateboards\",\"isPartOf\":{\"@id\":\"https:\\\/\\\/little-boards.com\\\/cs\\\/#website\"},\"datePublished\":\"2024-03-13T16:09:48+00:00\",\"dateModified\":\"2025-10-08T18:48:15+00:00\",\"breadcrumb\":{\"@id\":\"https:\\\/\\\/little-boards.com\\\/cs\\\/widerrufsbelehrung\\\/#breadcrumb\"},\"inLanguage\":\"cs\",\"potentialAction\":[{\"@type\":\"ReadAction\",\"target\":[\"https:\\\/\\\/little-boards.com\\\/cs\\\/widerrufsbelehrung\\\/\"]}]},{\"@type\":\"BreadcrumbList\",\"@id\":\"https:\\\/\\\/little-boards.com\\\/cs\\\/widerrufsbelehrung\\\/#breadcrumb\",\"itemListElement\":[{\"@type\":\"ListItem\",\"position\":1,\"name\":\"Domovsk\u00e1 str\u00e1nka\",\"item\":\"https:\\\/\\\/little-boards.com\\\/cs\\\/skateboard-fuer-kinder-little-boards-anfaenger-3-11-jahre\\\/\"},{\"@type\":\"ListItem\",\"position\":2,\"name\":\"Storno podm\u00ednky\"}]},{\"@type\":\"WebSite\",\"@id\":\"https:\\\/\\\/little-boards.com\\\/cs\\\/#website\",\"url\":\"https:\\\/\\\/little-boards.com\\\/cs\\\/\",\"name\":\"Little Boards Skateboards\",\"description\":\"real boards for real kids\",\"publisher\":{\"@id\":\"https:\\\/\\\/little-boards.com\\\/cs\\\/#organization\"},\"alternateName\":\"Kinder-Skateboards\",\"potentialAction\":[{\"@type\":\"SearchAction\",\"target\":{\"@type\":\"EntryPoint\",\"urlTemplate\":\"https:\\\/\\\/little-boards.com\\\/cs\\\/?s={search_term_string}\"},\"query-input\":{\"@type\":\"PropertyValueSpecification\",\"valueRequired\":true,\"valueName\":\"search_term_string\"}}],\"inLanguage\":\"cs\"},{\"@type\":\"Organization\",\"@id\":\"https:\\\/\\\/little-boards.com\\\/cs\\\/#organization\",\"name\":\"Little Boards Skateboards\",\"url\":\"https:\\\/\\\/little-boards.com\\\/cs\\\/\",\"logo\":{\"@type\":\"ImageObject\",\"inLanguage\":\"cs\",\"@id\":\"https:\\\/\\\/little-boards.com\\\/cs\\\/#\\\/schema\\\/logo\\\/image\\\/\",\"url\":\"https:\\\/\\\/little-boards.com\\\/wp-content\\\/uploads\\\/2025\\\/05\\\/LB-Bubble-Logo-003.svg\",\"contentUrl\":\"https:\\\/\\\/little-boards.com\\\/wp-content\\\/uploads\\\/2025\\\/05\\\/LB-Bubble-Logo-003.svg\",\"width\":\"1024\",\"height\":\"1024\",\"caption\":\"Little Boards Skateboards\"},\"image\":{\"@id\":\"https:\\\/\\\/little-boards.com\\\/cs\\\/#\\\/schema\\\/logo\\\/image\\\/\"}}]}<\/script>\n<!-- \/ Yoast SEO plugin. -->","yoast_head_json":{"title":"Storno podm\u00ednky - Little Boards Skateboards","robots":{"index":"index","follow":"follow","max-snippet":"max-snippet:-1","max-image-preview":"max-image-preview:large","max-video-preview":"max-video-preview:-1"},"canonical":"https:\/\/little-boards.com\/cs\/widerrufsbelehrung\/","og_locale":"cs_CZ","og_type":"article","og_title":"Storno podm\u00ednky - Little Boards Skateboards","og_description":"[vc_row type=&#8220;full_width_background&#8220; full_screen_row_position=&#8220;middle&#8220; column_margin=&#8220;default&#8220; column_direction=&#8220;default&#8220; column_direction_tablet=&#8220;default&#8220; column_direction_phone=&#8220;default&#8220; scene_position=&#8220;center&#8220; top_padding=&#8220;12%&#8220; bottom_padding=&#8220;5%&#8220; text_color=&#8220;dark&#8220; text_align=&#8220;left&#8220; row_border_radius=&#8220;none&#8220; row_border_radius_applies=&#8220;bg&#8220; overflow=&#8220;visible&#8220; class=&#8220;oe-legalpage&#8220; overlay_strength=&#8220;0.3&#8243; gradient_direction=&#8220;left_to_right&#8220; shape_divider_position=&#8220;bottom&#8220; bg_image_animation=&#8220;none&#8220; gradient_type=&#8220;default&#8220; shape_type=&#8220;&#8220;][vc_column column_padding=&#8220;no-extra-padding&#8220; column_padding_tablet=&#8220;inherit&#8220; column_padding_phone=&#8220;inherit&#8220; column_padding_position=&#8220;all&#8220; column_element_direction_desktop=&#8220;default&#8220; column_element_spacing=&#8220;default&#8220; desktop_text_alignment=&#8220;default&#8220; tablet_text_alignment=&#8220;default&#8220;...","og_url":"https:\/\/little-boards.com\/cs\/widerrufsbelehrung\/","og_site_name":"Little Boards Skateboards","article_modified_time":"2025-10-08T18:48:15+00:00","twitter_card":"summary_large_image","twitter_misc":{"Odhadovan\u00e1 doba \u010dten\u00ed":"6 minut"},"schema":{"@context":"https:\/\/schema.org","@graph":[{"@type":"WebPage","@id":"https:\/\/little-boards.com\/cs\/widerrufsbelehrung\/","url":"https:\/\/little-boards.com\/cs\/widerrufsbelehrung\/","name":"Storno podm\u00ednky - Little Boards Skateboards","isPartOf":{"@id":"https:\/\/little-boards.com\/cs\/#website"},"datePublished":"2024-03-13T16:09:48+00:00","dateModified":"2025-10-08T18:48:15+00:00","breadcrumb":{"@id":"https:\/\/little-boards.com\/cs\/widerrufsbelehrung\/#breadcrumb"},"inLanguage":"cs","potentialAction":[{"@type":"ReadAction","target":["https:\/\/little-boards.com\/cs\/widerrufsbelehrung\/"]}]},{"@type":"BreadcrumbList","@id":"https:\/\/little-boards.com\/cs\/widerrufsbelehrung\/#breadcrumb","itemListElement":[{"@type":"ListItem","position":1,"name":"Domovsk\u00e1 str\u00e1nka","item":"https:\/\/little-boards.com\/cs\/skateboard-fuer-kinder-little-boards-anfaenger-3-11-jahre\/"},{"@type":"ListItem","position":2,"name":"Storno podm\u00ednky"}]},{"@type":"WebSite","@id":"https:\/\/little-boards.com\/cs\/#website","url":"https:\/\/little-boards.com\/cs\/","name":"Little Boards Skateboards","description":"real boards for real kids","publisher":{"@id":"https:\/\/little-boards.com\/cs\/#organization"},"alternateName":"Kinder-Skateboards","potentialAction":[{"@type":"SearchAction","target":{"@type":"EntryPoint","urlTemplate":"https:\/\/little-boards.com\/cs\/?s={search_term_string}"},"query-input":{"@type":"PropertyValueSpecification","valueRequired":true,"valueName":"search_term_string"}}],"inLanguage":"cs"},{"@type":"Organization","@id":"https:\/\/little-boards.com\/cs\/#organization","name":"Little Boards Skateboards","url":"https:\/\/little-boards.com\/cs\/","logo":{"@type":"ImageObject","inLanguage":"cs","@id":"https:\/\/little-boards.com\/cs\/#\/schema\/logo\/image\/","url":"https:\/\/little-boards.com\/wp-content\/uploads\/2025\/05\/LB-Bubble-Logo-003.svg","contentUrl":"https:\/\/little-boards.com\/wp-content\/uploads\/2025\/05\/LB-Bubble-Logo-003.svg","width":"1024","height":"1024","caption":"Little Boards Skateboards"},"image":{"@id":"https:\/\/little-boards.com\/cs\/#\/schema\/logo\/image\/"}}]}},"_links":{"self":[{"href":"https:\/\/little-boards.com\/cs\/wp-json\/wp\/v2\/pages\/2542","targetHints":{"allow":["GET"]}}],"collection":[{"href":"https:\/\/little-boards.com\/cs\/wp-json\/wp\/v2\/pages"}],"about":[{"href":"https:\/\/little-boards.com\/cs\/wp-json\/wp\/v2\/types\/page"}],"author":[{"embeddable":true,"href":"https:\/\/little-boards.com\/cs\/wp-json\/wp\/v2\/users\/1"}],"replies":[{"embeddable":true,"href":"https:\/\/little-boards.com\/cs\/wp-json\/wp\/v2\/comments?post=2542"}],"version-history":[{"count":8,"href":"https:\/\/little-boards.com\/cs\/wp-json\/wp\/v2\/pages\/2542\/revisions"}],"predecessor-version":[{"id":6284,"href":"https:\/\/little-boards.com\/cs\/wp-json\/wp\/v2\/pages\/2542\/revisions\/6284"}],"wp:attachment":[{"href":"https:\/\/little-boards.com\/cs\/wp-json\/wp\/v2\/media?parent=2542"}],"curies":[{"name":"wp","href":"https:\/\/api.w.org\/{rel}","templated":true}]}}